{"id":60,"date":"2014-10-05T12:03:27","date_gmt":"2014-10-05T12:03:27","guid":{"rendered":"http:\/\/ishaturku.wordpress.com\/?page_id=60"},"modified":"2026-02-27T02:50:18","modified_gmt":"2026-02-27T00:50:18","slug":"board","status":"publish","type":"page","link":"https:\/\/tyyala.utu.fi\/isha\/board\/","title":{"rendered":"Board 2026"},"content":{"rendered":"\n<p><strong>Contact us via email:<\/strong><br><a href=\"mailto:ishaturku@gmail.com\">ishaturku@gmail.com<\/a><\/p>\n\n\n\n<div class=\"wp-block-group\"><div class=\"wp-block-group__inner-container is-layout-constrained wp-block-group-is-layout-constrained\">\n<div class=\"wp-block-group\"><div class=\"wp-block-group__inner-container is-layout-constrained wp-block-group-is-layout-constrained\">\n<p><strong>Edith Lehto<\/strong>, <em>Kritiikki ry<\/em><br>Puheenjohtaja \/ President<br>Kritiikki-vastaava \/ Kritiikki Representative<br>edith.s.lehto(at)gmail.com<\/p>\n\n\n\n<p><strong>Kalle Liukkonen<\/strong>, <em>Kritiikki ry<\/em><br>Varapuheenjohtaja \/ Vice President<br>Yhdenvertaisuusvastaava \/ Equality Representative<br>kalle.v.liukkonen(at)utu.fi<\/p>\n\n\n\n<p><strong>Vilma Helkearo<\/strong>, <em>Kritiikki ry<\/em><br>Sihteeri \/ Secretary<br>Kansainv\u00e4lisyysvastaava \/ International Representative<br>t10vhelk(at)utu.fi<\/p>\n\n\n\n<p><strong>Vilfred Waltering<\/strong>, <em>Kritiikki ry<\/em><br>Taloudenhoitaja \/ Treasurer<br>Ymp\u00e4rist\u00f6vastaava \/ Environment Representative<br>vilfred.waltering(at)gmail.com<\/p>\n\n\n\n<p><strong>V\u00e4in\u00f6 Tuovinen<\/strong>, <em>P-klubi ry<\/em><br>Viestint\u00e4vastaava \/ Communications Officer<br>P-klubi-vastaava \/ P-klubi Representative<br>vaino.j.tuovinen(at)utu.fi<br><br><strong>Emil Huovinen<\/strong>, <em>Kritiikki ry \/ Vare ry<\/em><br>Tapahtumavastaava \/ Event Coordinator<br>ISHA International -vastaava \/ ISHA International Representative<br>emil.i.huovinen(at)utu.fi<\/p>\n\n\n\n<p><strong>Leon Miller<\/strong>, <em>Kritiikki ry \/ Vare ry<\/em><br>Varaj\u00e4sen \/ Deputy Member<br>leon.o.miller(at)utu.fi<\/p>\n\n\n\n<p><strong>Pauliina Vuotikka<\/strong>, <em>Kritiikki ry<\/em><br>Varaj\u00e4sen \/ Deputy Member<br>pauliina.i.vuotikka(at)utu.fi<\/p>\n<\/div><\/div>\n<\/div><\/div>\n\n\n\n<hr class=\"wp-block-separator has-css-opacity\" \/>\n\n\n\n<div class=\"wp-block-columns is-layout-flex wp-container-core-columns-is-layout-9d6595d7 wp-block-columns-is-layout-flex\">\n<div class=\"wp-block-column is-layout-flow wp-block-column-is-layout-flow\" style=\"flex-basis:100%\">\n<div class=\"wp-block-columns is-layout-flex wp-container-core-columns-is-layout-9d6595d7 wp-block-columns-is-layout-flex\">\n<div class=\"wp-block-column is-layout-flow wp-block-column-is-layout-flow\"><div class=\"wp-block-image size-large\">\n<figure class=\"aligncenter is-resized\"><a href=\"https:\/\/tyyala.utu.fi\/isha\/wp-content\/uploads\/sites\/97\/2019\/08\/isha_turquoise_orange-1.png\"><img decoding=\"async\" width=\"490\" height=\"567\" data-src=\"https:\/\/tyyala.utu.fi\/isha\/wp-content\/uploads\/sites\/97\/2019\/08\/isha_turquoise_orange-1.png?w=490\" alt=\"\" class=\"wp-image-640 lazyload\" style=\"--smush-placeholder-width: 490px; --smush-placeholder-aspect-ratio: 490\/567;width:191px;height:220px\" data-srcset=\"https:\/\/tyyala.utu.fi\/isha\/wp-content\/uploads\/sites\/97\/2019\/08\/isha_turquoise_orange-1.png 490w, https:\/\/tyyala.utu.fi\/isha\/wp-content\/uploads\/sites\/97\/2019\/08\/isha_turquoise_orange-1-259x300.png 259w\" data-sizes=\"(max-width: 490px) 100vw, 490px\" src=\"data:image\/svg+xml;base64,PHN2ZyB3aWR0aD0iMSIgaGVpZ2h0PSIxIiB4bWxucz0iaHR0cDovL3d3dy53My5vcmcvMjAwMC9zdmciPjwvc3ZnPg==\" \/><\/a><\/figure><\/div><\/div>\n\n\n\n<div class=\"wp-block-column is-layout-flow wp-block-column-is-layout-flow\"><div class=\"wp-block-image size-large\">\n<figure class=\"aligncenter is-resized\"><a href=\"https:\/\/tyyala.utu.fi\/isha\/wp-content\/uploads\/sites\/97\/2019\/08\/isha_yellow_magenta.png\"><img decoding=\"async\" width=\"490\" height=\"567\" data-src=\"https:\/\/tyyala.utu.fi\/isha\/wp-content\/uploads\/sites\/97\/2019\/08\/isha_yellow_magenta.png?w=490\" alt=\"\" class=\"wp-image-638 lazyload\" style=\"--smush-placeholder-width: 490px; --smush-placeholder-aspect-ratio: 490\/567;width:191px;height:221px\" data-srcset=\"https:\/\/tyyala.utu.fi\/isha\/wp-content\/uploads\/sites\/97\/2019\/08\/isha_yellow_magenta.png 490w, https:\/\/tyyala.utu.fi\/isha\/wp-content\/uploads\/sites\/97\/2019\/08\/isha_yellow_magenta-259x300.png 259w\" data-sizes=\"(max-width: 490px) 100vw, 490px\" src=\"data:image\/svg+xml;base64,PHN2ZyB3aWR0aD0iMSIgaGVpZ2h0PSIxIiB4bWxucz0iaHR0cDovL3d3dy53My5vcmcvMjAwMC9zdmciPjwvc3ZnPg==\" \/><\/a><\/figure><\/div><\/div>\n\n\n\n<div class=\"wp-block-column is-layout-flow wp-block-column-is-layout-flow\"><div class=\"wp-block-image size-large\">\n<figure class=\"aligncenter is-resized\"><a href=\"https:\/\/tyyala.utu.fi\/isha\/wp-content\/uploads\/sites\/97\/2019\/08\/isha_magenta_lightblue.png\"><img decoding=\"async\" width=\"490\" height=\"567\" data-src=\"https:\/\/tyyala.utu.fi\/isha\/wp-content\/uploads\/sites\/97\/2019\/08\/isha_magenta_lightblue.png?w=490\" alt=\"\" class=\"wp-image-637 lazyload\" style=\"--smush-placeholder-width: 490px; --smush-placeholder-aspect-ratio: 490\/567;width:190px;height:220px\" data-srcset=\"https:\/\/tyyala.utu.fi\/isha\/wp-content\/uploads\/sites\/97\/2019\/08\/isha_magenta_lightblue.png 490w, https:\/\/tyyala.utu.fi\/isha\/wp-content\/uploads\/sites\/97\/2019\/08\/isha_magenta_lightblue-259x300.png 259w\" data-sizes=\"(max-width: 490px) 100vw, 490px\" src=\"data:image\/svg+xml;base64,PHN2ZyB3aWR0aD0iMSIgaGVpZ2h0PSIxIiB4bWxucz0iaHR0cDovL3d3dy53My5vcmcvMjAwMC9zdmciPjwvc3ZnPg==\" \/><\/a><\/figure><\/div><\/div>\n<\/div>\n<\/div>\n<\/div>\n\n\n\n<hr class=\"wp-block-separator has-css-opacity is-style-wide\" \/>\n\n\n\n<h3 class=\"wp-block-heading\">2025<\/h3>\n\n\n\n<p><strong>Emil Huovinen<\/strong>, <em>Kritiikki ry<\/em> \/ <em>Vare ry<\/em><br>Puheenjohtaja \/ President<br>ISHA International -vastaava \/ ISHA International Representative<br>Vare -vastaava \/ Vare Representative<\/p>\n\n\n\n<p><strong>Leon Miller<\/strong>, <em>Kritiikki ry<\/em> \/ <em>Vare ry<\/em><br>Varapuheenjohtaja \/ Vice President<br>Kritiikki -vastaava \/ Kritiikki Representative<\/p>\n\n\n\n<p><strong>Edith<\/strong> <strong>Lehto<\/strong>, <em>Kritiikki ry<\/em><br>Sihteeri \/ Secretary<\/p>\n\n\n\n<p><strong>Vilfred Waltering<\/strong>, <em>Kritiikki Ry<\/em><br>Taloudenhoitaja \/ Treasurer<\/p>\n\n\n\n<p><strong>Pauliina Vuotikka<\/strong>, <em>Kritiikki ry<\/em><br>Viestint\u00e4vastaava \/ Communications officer<br><br><strong>Vilma Helkearo<\/strong>, <em>Kritiikki ry<\/em><br>Tapahtumavastaava \/ Event Coordinator<br>Vaihtarivastaava \/ Exchange Student Representative<br><br><strong>Nino Tenhunen<\/strong>, <em>Kritiikki ry<\/em><br>Tapahtumavastaava \/ Event Coordinator<\/p>\n\n\n\n<p><strong>Kalle Liukkonen<\/strong>, <em>Kritiikki ry<\/em><br>Tapahtumavastaava \/ Event Coordinator<br><br><strong>Liisa Kugappi<\/strong>, <em>P-klubi ry<\/em><br>Tapahtumavastaava \/ Event Coordinator<\/p>\n\n\n\n<p><strong>Tiia\u00a0Salminen, <\/strong><em>P-klubi<\/em> <em>ry<\/em><br>Ymp\u00e4rist\u00f6vastaava \/ Environment Representative<br><strong><br>Konsta Leikas, <\/strong><em>P-klubi ry<\/em><br>Varaj\u00e4sen \/ Deputy Member<\/p>\n\n\n\n<h3 class=\"wp-block-heading\">2024<\/h3>\n\n\n\n<p><strong>Emil Huovinen<\/strong>, <em>Kritiikki ry<\/em> \/ <em>Vare ry<\/em><br>Puheenjohtaja \/ President<\/p>\n\n\n\n<p><strong>Leon Miller<\/strong>, <em>Kritiikki ry<\/em><br>Varapuheenjohtaja \/ Vice President<br>Kansainv\u00e4lisyysvastaava \/ Internationality Representative<\/p>\n\n\n\n<p><strong>Vilfred Waltering<\/strong>,\u00a0<em>Kritiikki ry<\/em><br>Taloudenhoitaja \/ Financial Accountant<br><br><strong>Edith Lehto<\/strong>, <em>Kritiikki ry<\/em><br>Sihteeri \/ Secretary<br><br><strong>Pauliina Vuotikka,<\/strong> <em>Kritiikki ry<\/em><br>Viestint\u00e4vastaava \/ Communications Representative<br>ISHA International -vastaava \/ ISHA International Representative<br><br><strong>Essi Riihilahti<\/strong>, <em>Kritiikki ry<\/em><br>Tapahtumavastaava \/ Event Coordinator<br>H\u00e4irint\u00e4yhdyshenkil\u00f6 \/ Harassment Contact Person<br><br><strong>Nino Tenhunen, <\/strong><em>Kritiikki ry<\/em><br>Tapahtumavastaava \/ Event Coordinator<\/p>\n\n\n\n<p><strong>Alexander Buhanist,<\/strong> <em>Kritiikki ry<\/em><br>Tapahtumavastaava \/ Event Coordinator<\/p>\n\n\n\n<p><strong>Tiia\u00a0Salminen, <\/strong><em>P-klubi<\/em> <em>ry<\/em><br>Tapahtumavastaava \/ Event Coordinator<\/p>\n\n\n\n<p><strong>Konsta Leikas<\/strong>, P-klubi ry<br>Ymp\u00e4rist\u00f6vastaava \/ Environment Officer<\/p>\n\n\n\n<p><\/p>\n","protected":false},"excerpt":{"rendered":"<p>Contact us via email:ishaturku@gmail.com Edith Lehto, Kritiikki ryPuheenjohtaja \/ PresidentKritiikki-vastaava \/ Kritiikki Representativeedith.s.lehto(at)gmail.com Kalle Liukkonen, Kritiikki ryVarapuheenjohtaja \/ Vice PresidentYhdenvertaisuusvastaava \/ Equality Representativekalle.v.liukkonen(at)utu.fi Vilma Helkearo, Kritiikki rySihteeri \/ SecretaryKansainv\u00e4lisyysvastaava \/&#8230;<\/p>\n","protected":false},"author":3434,"featured_media":0,"parent":0,"menu_order":0,"comment_status":"closed","ping_status":"closed","template":"","meta":{"_kad_blocks_custom_css":"","_kad_blocks_head_custom_js":"","_kad_blocks_body_custom_js":"","_kad_blocks_footer_custom_js":"","_kad_post_transparent":"","_kad_post_title":"","_kad_post_layout":"","_kad_post_sidebar_id":"","_kad_post_content_style":"","_kad_post_vertical_padding":"","_kad_post_feature":"","_kad_post_feature_position":"","_kad_post_header":false,"_kad_post_footer":false,"_kad_post_classname":"","footnotes":"[]"},"class_list":["post-60","page","type-page","status-publish","hentry"],"taxonomy_info":[],"featured_image_src_large":false,"author_info":{"display_name":"leoriss","author_link":"https:\/\/tyyala.utu.fi\/isha\/author\/leoriss\/"},"comment_info":0,"_links":{"self":[{"href":"https:\/\/tyyala.utu.fi\/isha\/wp-json\/wp\/v2\/pages\/60","targetHints":{"allow":["GET"]}}],"collection":[{"href":"https:\/\/tyyala.utu.fi\/isha\/wp-json\/wp\/v2\/pages"}],"about":[{"href":"https:\/\/tyyala.utu.fi\/isha\/wp-json\/wp\/v2\/types\/page"}],"author":[{"embeddable":true,"href":"https:\/\/tyyala.utu.fi\/isha\/wp-json\/wp\/v2\/users\/3434"}],"replies":[{"embeddable":true,"href":"https:\/\/tyyala.utu.fi\/isha\/wp-json\/wp\/v2\/comments?post=60"}],"version-history":[{"count":39,"href":"https:\/\/tyyala.utu.fi\/isha\/wp-json\/wp\/v2\/pages\/60\/revisions"}],"predecessor-version":[{"id":1479,"href":"https:\/\/tyyala.utu.fi\/isha\/wp-json\/wp\/v2\/pages\/60\/revisions\/1479"}],"wp:attachment":[{"href":"https:\/\/tyyala.utu.fi\/isha\/wp-json\/wp\/v2\/media?parent=60"}],"curies":[{"name":"wp","href":"https:\/\/api.w.org\/{rel}","templated":true}]}}