{"id":212,"date":"2023-09-02T20:42:34","date_gmt":"2023-09-02T20:42:34","guid":{"rendered":"https:\/\/tyyala.utu.fi\/isat\/?page_id=212"},"modified":"2023-09-04T15:46:42","modified_gmt":"2023-09-04T15:46:42","slug":"organization","status":"publish","type":"page","link":"https:\/\/tyyala.utu.fi\/isat\/organization\/","title":{"rendered":"Organization"},"content":{"rendered":"\n<h3 class=\"wp-block-heading\">Basic Information (<em>Yhdistyksen perustiedot<\/em>):<\/h3>\n\n\n\n<p><strong>Name (<em>Nimi<\/em>)<\/strong>: Indian Student Association of Turku (ISAT) ry<br><strong>Domicile (<em>Kotipaikka<\/em>)<\/strong>: Turku<br><strong>Business-ID<\/strong> <strong>(<em>Y-Tunnus<\/em>)<\/strong>: 3150914-1<\/p>\n\n\n\n<p><strong>Email (<em>s\u00e4hk\u00f6p\u00f6stiosoite<\/em>)<\/strong>: isat@utu.fi<\/p>\n\n\n\n<p><strong>Postal Address<\/strong> <strong>(<em>Postiosoite<\/em>)<\/strong>:<br>      c\/o Shruti Jain<br>      Frantsinkatu 5 A 4<br>      TURKU, FI-20540<\/p>\n","protected":false},"excerpt":{"rendered":"<p>Basic Information (Yhdistyksen perustiedot): Name (Nimi): Indian Student Association of Turku (ISAT) ryDomicile (Kotipaikka): TurkuBusiness-ID (Y-Tunnus): 3150914-1 Email (s\u00e4hk\u00f6p\u00f6stiosoite): isat@utu.fi Postal Address (Postiosoite): c\/o Shruti Jain Frantsinkatu 5 A 4 TURKU, FI-20540<\/p>\n","protected":false},"author":3349,"featured_media":0,"parent":0,"menu_order":1,"comment_status":"closed","ping_status":"closed","template":"","meta":{"footnotes":""},"class_list":["post-212","page","type-page","status-publish","hentry","post-preview"],"_links":{"self":[{"href":"https:\/\/tyyala.utu.fi\/isat\/wp-json\/wp\/v2\/pages\/212","targetHints":{"allow":["GET"]}}],"collection":[{"href":"https:\/\/tyyala.utu.fi\/isat\/wp-json\/wp\/v2\/pages"}],"about":[{"href":"https:\/\/tyyala.utu.fi\/isat\/wp-json\/wp\/v2\/types\/page"}],"author":[{"embeddable":true,"href":"https:\/\/tyyala.utu.fi\/isat\/wp-json\/wp\/v2\/users\/3349"}],"replies":[{"embeddable":true,"href":"https:\/\/tyyala.utu.fi\/isat\/wp-json\/wp\/v2\/comments?post=212"}],"version-history":[{"count":7,"href":"https:\/\/tyyala.utu.fi\/isat\/wp-json\/wp\/v2\/pages\/212\/revisions"}],"predecessor-version":[{"id":331,"href":"https:\/\/tyyala.utu.fi\/isat\/wp-json\/wp\/v2\/pages\/212\/revisions\/331"}],"wp:attachment":[{"href":"https:\/\/tyyala.utu.fi\/isat\/wp-json\/wp\/v2\/media?parent=212"}],"curies":[{"name":"wp","href":"https:\/\/api.w.org\/{rel}","templated":true}]}}