{"id":742,"date":"2017-01-13T13:43:48","date_gmt":"2017-01-13T11:43:48","guid":{"rendered":"http:\/\/tyyala.utu.fi\/germanica\/?page_id=742"},"modified":"2026-02-16T00:07:45","modified_gmt":"2026-02-15T22:07:45","slug":"hallitus","status":"publish","type":"page","link":"https:\/\/tyyala.utu.fi\/germanica\/hallitus\/","title":{"rendered":"Hallitus \/ Vorstand"},"content":{"rendered":"\n<h2 class=\"wp-block-heading has-larger-font-size\"><strong>Germanican hallitus kev\u00e4\u00e4lle 2026 \/ Fachschaftsvorstand f\u00fcr Fr\u00fchling 2026<\/strong><\/h2>\n\n\n\n<p>Puheenjohtaja: Hilla Heino<\/p>\n\n\n\n<p>Taloudenhoitaja: Aada Hakam\u00e4ki<\/p>\n\n\n\n<p>Sihteeri: Henri Kupula<\/p>\n\n\n\n<p>Varapuheenjohtaja: Henri Kupula<\/p>\n\n\n\n<p>Tapahtumavastaavat: Lara Engels, Elli Rantanen ja Eemeli Sir\u00e9n<\/p>\n\n\n\n<p>Sosiaalipoliittinen vastaava: Romeo Ampuja<\/p>\n\n\n\n<p>Koulutuspoliittinen vastaava: Anna Huuhka<\/p>\n\n\n\n<p>Tiedottaja: Lara Engels<\/p>\n\n\n\n<p>Postivastaava: Lara Engels<\/p>\n\n\n\n<p>Ymp\u00e4rist\u00f6vastaava: Elli Rantanen<\/p>\n\n\n\n<p>Kansainv\u00e4lisyysvastaava: Romeo Ampuja<\/p>\n\n\n\n<p>Yhteistilavastaava: Romeo Ampuja<\/p>\n\n\n\n<p>Kirja-, merkki- ja collegevastaava: Aada Hakam\u00e4ki<\/p>\n\n\n\n<p>Tuutorivastaava: Elli Rantanen<\/p>\n\n\n\n<p>Yhdenvertaisuusvastaava: Hilla Heino<\/p>\n\n\n\n<p>Liikuntavastaava: Romeo Ampuja<\/p>\n\n\n\n<p>Somevastaavat: Lara Engels ja Romeo Ampuja<\/p>\n\n\n\n<p>Varaj\u00e4sen: Alessandro Rizzetti<\/p>\n\n\n\n<figure class=\"wp-block-image size-large is-resized\"><a href=\"https:\/\/tyyala.utu.fi\/germanica\/wp-content\/uploads\/sites\/37\/2026\/01\/Nayttokuva-2026-01-13-kello-13.19.03-2.png\"><img loading=\"lazy\" decoding=\"async\" width=\"1024\" height=\"1024\" src=\"https:\/\/tyyala.utu.fi\/germanica\/wp-content\/uploads\/sites\/37\/2026\/01\/Nayttokuva-2026-01-13-kello-13.19.03-2-1024x1024.png\" alt=\"\" class=\"wp-image-1441\" style=\"width:479px;height:auto\" srcset=\"https:\/\/tyyala.utu.fi\/germanica\/wp-content\/uploads\/sites\/37\/2026\/01\/Nayttokuva-2026-01-13-kello-13.19.03-2-1024x1024.png 1024w, https:\/\/tyyala.utu.fi\/germanica\/wp-content\/uploads\/sites\/37\/2026\/01\/Nayttokuva-2026-01-13-kello-13.19.03-2-300x300.png 300w, https:\/\/tyyala.utu.fi\/germanica\/wp-content\/uploads\/sites\/37\/2026\/01\/Nayttokuva-2026-01-13-kello-13.19.03-2-150x150.png 150w, https:\/\/tyyala.utu.fi\/germanica\/wp-content\/uploads\/sites\/37\/2026\/01\/Nayttokuva-2026-01-13-kello-13.19.03-2-768x768.png 768w, https:\/\/tyyala.utu.fi\/germanica\/wp-content\/uploads\/sites\/37\/2026\/01\/Nayttokuva-2026-01-13-kello-13.19.03-2-1536x1536.png 1536w, https:\/\/tyyala.utu.fi\/germanica\/wp-content\/uploads\/sites\/37\/2026\/01\/Nayttokuva-2026-01-13-kello-13.19.03-2-676x676.png 676w, https:\/\/tyyala.utu.fi\/germanica\/wp-content\/uploads\/sites\/37\/2026\/01\/Nayttokuva-2026-01-13-kello-13.19.03-2.png 1588w\" sizes=\"auto, (max-width: 1024px) 100vw, 1024px\" \/><\/a><\/figure>\n\n\n\n<h1 class=\"wp-block-heading\">Germanican hallitus syksylle 2025 \/ Fachschaftsvorstand f\u00fcr Herbst 2025<\/h1>\n\n\n\n<p><\/p>\n\n\n\n<p>Puheenjohtaja: Leimu Laine<\/p>\n\n\n\n<p>Taloudenhoitaja: Niko N\u00e4veri<\/p>\n\n\n\n<p>Sihteeri: Linda Lintunen<\/p>\n\n\n\n<p>Varapuheenjohtaja: Maija V\u00e4lim\u00e4ki<\/p>\n\n\n\n<p>Tapahtumavastaava: Maija V\u00e4lim\u00e4ki<\/p>\n\n\n\n<p>Sosiaalipoliittinen vastaava: Romeo Ampuja<\/p>\n\n\n\n<p>Koulutuspoliittinen vastaava: Jasmina All\u00e9n<\/p>\n\n\n\n<p>Tiedottaja: Hilla Heino<\/p>\n\n\n\n<p>Postivastaava: Hilla Heino<\/p>\n\n\n\n<p>Ymp\u00e4rist\u00f6vastaava: Jasmina All\u00e9n<\/p>\n\n\n\n<p>Kansainv\u00e4lisyysvastaava: Matias Rantala<\/p>\n\n\n\n<p>Yhteistilavastaava: Romeo Ampuja<\/p>\n\n\n\n<p>Kirja-, merkki- ja collegevastaava: Niko N\u00e4veri<\/p>\n\n\n\n<p>Tuutorivastaava: Hilla Heino<\/p>\n\n\n\n<p>Yhdenvertaisuusvastaava: Linda Lintunen<\/p>\n\n\n\n<p>Liikuntavastaava: Romeo Ampuja<\/p>\n\n\n\n<p>Somevastaavat: Maija V\u00e4lim\u00e4ki, Jasmina All\u00e9n<\/p>\n\n\n\n<p>Varaj\u00e4sen: Elli Heikkil\u00e4<\/p>\n\n\n\n<p><\/p>\n\n\n\n<p class=\"has-larger-font-size\"><strong>Germanican hallitus kev\u00e4\u00e4lle 2025 \/ Fachschaftsvorstand f\u00fcr Fr\u00fchling 2025<\/strong><\/p>\n\n\n\n<p>Puheenjohtaja: Leimu Laine<\/p>\n\n\n\n<p>Taloudenhoitaja: Niko N\u00e4veri<\/p>\n\n\n\n<p>Sihteeri: Linda Lintunen<\/p>\n\n\n\n<p>Varapuheenjohtaja: Maija V\u00e4lim\u00e4ki<\/p>\n\n\n\n<p>Tapahtumavastaava: Maija V\u00e4lim\u00e4ki<\/p>\n\n\n\n<p>Sosiaalipoliittinen vastaava: Niilo Kinnunen<\/p>\n\n\n\n<p>Koulutuspoliittinen vastaava: Laura V\u00e4liaho<\/p>\n\n\n\n<p>Tiedottaja: Nuppu Kettunen<\/p>\n\n\n\n<p>Postivastaava: Nuppu Kettunen<\/p>\n\n\n\n<p>Ymp\u00e4rist\u00f6vastaava: Jasmina All\u00e9n<\/p>\n\n\n\n<p>Kansainv\u00e4lisyysvastaava: Matias Rantala<\/p>\n\n\n\n<p>Yhteistilavastaava: Niilo Kinnunen<\/p>\n\n\n\n<p>Kirja-, merkki- ja collegevastaava: Niko N\u00e4veri<\/p>\n\n\n\n<p>Tuutorivastaava: Anna Huuhka<\/p>\n\n\n\n<p>Yhdenvertaisuusvastaava: Linda Lintunen<\/p>\n\n\n\n<p>Liikuntavastaava: Niilo Kinnunen<\/p>\n\n\n\n<p>Somevastaavat: Maija V\u00e4lim\u00e4ki, Jasmina All\u00e9n, Selma Melkko<\/p>\n\n\n\n<p>Varaj\u00e4sen: Elli Heikkil\u00e4<\/p>\n\n\n\n<figure class=\"wp-block-image size-large\"><a href=\"https:\/\/tyyala.utu.fi\/germanica\/wp-content\/uploads\/sites\/37\/2025\/01\/image.png\"><img loading=\"lazy\" decoding=\"async\" width=\"1024\" height=\"633\" src=\"https:\/\/tyyala.utu.fi\/germanica\/wp-content\/uploads\/sites\/37\/2025\/01\/image-1024x633.png\" alt=\"\" class=\"wp-image-1412\" srcset=\"https:\/\/tyyala.utu.fi\/germanica\/wp-content\/uploads\/sites\/37\/2025\/01\/image-1024x633.png 1024w, https:\/\/tyyala.utu.fi\/germanica\/wp-content\/uploads\/sites\/37\/2025\/01\/image-300x185.png 300w, https:\/\/tyyala.utu.fi\/germanica\/wp-content\/uploads\/sites\/37\/2025\/01\/image-768x475.png 768w, https:\/\/tyyala.utu.fi\/germanica\/wp-content\/uploads\/sites\/37\/2025\/01\/image-676x418.png 676w, https:\/\/tyyala.utu.fi\/germanica\/wp-content\/uploads\/sites\/37\/2025\/01\/image.png 1485w\" sizes=\"auto, (max-width: 1024px) 100vw, 1024px\" \/><\/a><\/figure>\n\n\n\n<p class=\"has-larger-font-size\"><strong>Germanican hallitus syksylle 2024 \/ Fachschaftsvorstand f\u00fcr Herbst 2024<\/strong><\/p>\n\n\n\n<p>Puheenjohtaja: Anna Huuhka<\/p>\n\n\n\n<p>Taloudenhoitaja: Niko N\u00e4veri<\/p>\n\n\n\n<p>Sihteeri: Linda Lintunen<\/p>\n\n\n\n<p>Varapuheenjohtaja: Linda Lintunen<\/p>\n\n\n\n<p>Tapahtumavastaavat: Jasmina All\u00e9n, Maija V\u00e4lim\u00e4ki<\/p>\n\n\n\n<p>Sosiaalipoliittinen vastaava: Selma Melkko<\/p>\n\n\n\n<p>Koulutuspoliittinen vastaava: Leimu Laine<\/p>\n\n\n\n<p>Tiedottaja: Nuppu Kettunen<\/p>\n\n\n\n<p>Postivastaava: Nuppu Kettunen<\/p>\n\n\n\n<p>Ymp\u00e4rist\u00f6vastaava: Elli Heikkil\u00e4<\/p>\n\n\n\n<p>Kansainv\u00e4lisyysvastaava: Leimu Laine<\/p>\n\n\n\n<p>Yhteistilavastaava: Selma Melkko<\/p>\n\n\n\n<p>Kirja-, merkki- ja collegevastaava: Niko N\u00e4veri<\/p>\n\n\n\n<p>Tuutorivastaava: Maija V\u00e4lim\u00e4ki<\/p>\n\n\n\n<p>Yhdenvertaisuusvastaava: Jasmina All\u00e9n<\/p>\n\n\n\n<p>Liikuntavastaava: Selma Melkko<\/p>\n\n\n\n<p>Somevastaavat: Linda Lintunen, Maija V\u00e4lim\u00e4ki, Jasmina All\u00e9n<\/p>\n\n\n\n<p>Varaj\u00e4sen: Laura V\u00e4liaho<\/p>\n\n\n\n<p class=\"has-larger-font-size\"><strong>Germanican hallitus kev\u00e4\u00e4lle 2024 \/ Fachschaftsvorstand f\u00fcr Fr\u00fchling 2024<\/strong><\/p>\n\n\n\n<p>Puheenjohtaja: Anna Huuhka<\/p>\n\n\n\n<p>Taloudenhoitaja: Samuli Heinonen<\/p>\n\n\n\n<p>Sihteeri: Linda Lintunen<\/p>\n\n\n\n<p>Varapuheenjohtaja: Linda Lintunen<\/p>\n\n\n\n<p>Tapahtumavastaavat: Iina Rantala, Elli Heikkil\u00e4, Jasmina All\u00e9n, Maija V\u00e4lim\u00e4ki<\/p>\n\n\n\n<p>Sosiaalipoliittinen vastaava: Selma Melkko<\/p>\n\n\n\n<p>Koulutuspoliittinen vastaava: Leimu Laine<\/p>\n\n\n\n<p>Tiedottaja: Nuppu Kettunen<\/p>\n\n\n\n<p>Postivastaava: Nuppu Kettunen<\/p>\n\n\n\n<p>Ymp\u00e4rist\u00f6vastaava: Elli Heikkil\u00e4<\/p>\n\n\n\n<p>Kansainv\u00e4lisyysvastaava: Leimu Laine<\/p>\n\n\n\n<p>Yhteistilavastaava: Selma Melkko<\/p>\n\n\n\n<p>Kirja-, merkki- ja collegevastaava: Samuli Heinonen<\/p>\n\n\n\n<p>Tuutorivastaava: Maija V\u00e4lim\u00e4ki<\/p>\n\n\n\n<p>Yhdenvertaisuusvastaava: Jasmina All\u00e9n<\/p>\n\n\n\n<p>Liikuntavastaava: Selma Melkko<\/p>\n\n\n\n<p>Somevastaavat: Linda Lintunen, Maija V\u00e4lim\u00e4ki, Jasmina All\u00e9n<\/p>\n\n\n\n<p>Varaj\u00e4sen: Mira Lahti<\/p>\n\n\n\n<figure class=\"wp-block-image size-large\"><a href=\"https:\/\/tyyala.utu.fi\/germanica\/wp-content\/uploads\/sites\/37\/2024\/01\/Hallitus-2024.jpg\"><img loading=\"lazy\" decoding=\"async\" width=\"1024\" height=\"734\" src=\"https:\/\/tyyala.utu.fi\/germanica\/wp-content\/uploads\/sites\/37\/2024\/01\/Hallitus-2024-1024x734.jpg\" alt=\"\" class=\"wp-image-1365\" srcset=\"https:\/\/tyyala.utu.fi\/germanica\/wp-content\/uploads\/sites\/37\/2024\/01\/Hallitus-2024-1024x734.jpg 1024w, https:\/\/tyyala.utu.fi\/germanica\/wp-content\/uploads\/sites\/37\/2024\/01\/Hallitus-2024-300x215.jpg 300w, https:\/\/tyyala.utu.fi\/germanica\/wp-content\/uploads\/sites\/37\/2024\/01\/Hallitus-2024-768x551.jpg 768w, https:\/\/tyyala.utu.fi\/germanica\/wp-content\/uploads\/sites\/37\/2024\/01\/Hallitus-2024-1536x1101.jpg 1536w, https:\/\/tyyala.utu.fi\/germanica\/wp-content\/uploads\/sites\/37\/2024\/01\/Hallitus-2024-676x485.jpg 676w, https:\/\/tyyala.utu.fi\/germanica\/wp-content\/uploads\/sites\/37\/2024\/01\/Hallitus-2024.jpg 1891w\" sizes=\"auto, (max-width: 1024px) 100vw, 1024px\" \/><\/a><\/figure>\n\n\n\n<h2 class=\"wp-block-heading has-larger-font-size\">Germanican hallitus syksylle 2023 \/ Fachschaftsvorstand f\u00fcr Herbst 2023<\/h2>\n\n\n\n<p>Puheenjohtaja: Titta Sariola<\/p>\n\n\n\n<p>Taloudenhoitaja: Samuli Heinonen<\/p>\n\n\n\n<p>Sihteeri: Anna Huuhka<\/p>\n\n\n\n<p>Varapuheenjohtaja: Samuli Heinonen<\/p>\n\n\n\n<p>Tapahtumavastaavat: Linda Lintunen, Elli Heikkil\u00e4, Oona Leinonen<\/p>\n\n\n\n<p>Sosiaalipoliittinen vastaava: Selma Melkko<\/p>\n\n\n\n<p>Koulutuspoliittinen vastaava: Armas T\u00f6ykk\u00e4l\u00e4<\/p>\n\n\n\n<p>Tiedottaja: Nuppu Kettunen<\/p>\n\n\n\n<p>Postivastaava: Nuppu Kettunen<\/p>\n\n\n\n<p>Ymp\u00e4rist\u00f6vastaava: Elli Heikkil\u00e4<\/p>\n\n\n\n<p>Kansainv\u00e4lisyysvastaava: Armas T\u00f6ykk\u00e4l\u00e4<\/p>\n\n\n\n<p>Yhteistilavastaava: Selma Melkko<\/p>\n\n\n\n<p>Tuutorvastaava: Linda Lintunen<\/p>\n\n\n\n<p>Yhdenvertaisuusvastaava: Mira Lahti<\/p>\n\n\n\n<p>Liikuntavastaava: Nuppu Kettunen<\/p>\n\n\n\n<p>Somevastaavat: Linda Lintunen, Selma Melkko, Oona Leinonen<\/p>\n\n\n\n<p>Varaj\u00e4senet: Marian Kubanda, Iina Rantala<\/p>\n\n\n<div class=\"entry-content\">\n<h2>Germanican hallitus kev\u00e4\u00e4lle 2023 \/ Fachschaftsvorstand f\u00fcr Fr\u00fchling 2023<\/h2>\n<p>Puheenjohtaja: Titta Sariola<\/p>\n<p><span style=\"font-weight: 400\">Taloudenhoitaja: Saara \u00c4\u00e4ritalo<\/span><\/p>\n<p><span style=\"font-weight: 400\">Sihteeri: Oona Leinonen<\/span><\/p>\n<p><span style=\"font-weight: 400\">Varapuheenjohtaja: Maiju Nenonen<\/span><\/p>\n<p><span style=\"font-weight: 400\">Tapahtumavastaavat: Mira Lahti, Oona Leinonen, Linda Lintunen, Elli Heikkil\u00e4<\/span><\/p>\n<p><span style=\"font-weight: 400\">Sosiaalipoliittinen vastaava: Maiju Nenonen<\/span><\/p>\n<p><span style=\"font-weight: 400\">Koulutuspoliittinen vastaava: Oskari Mutikainen<\/span><\/p>\n<p><span style=\"font-weight: 400\">Tiedottaja: Nuppu Kettunen<\/span><\/p>\n<p><span style=\"font-weight: 400\">Postivastaava: Oskari Mutikainen<\/span><\/p>\n<p><span style=\"font-weight: 400\">Ymp\u00e4rist\u00f6vastaava: Mira Lahti<\/span><\/p>\n<p><span style=\"font-weight: 400\">Kansainv\u00e4lisyysvastaava: Oskari Mutikainen<\/span><\/p>\n<p><span style=\"font-weight: 400\">Yhteistilavastaava: Maiju Nenonen<\/span><\/p>\n<p><span style=\"font-weight: 400\">Kirja-, merkki- ja collegevastaava: Saara \u00c4\u00e4ritalo<\/span><\/p>\n<p><span style=\"font-weight: 400\">Tuutorvastaava: Linda Lintunen<\/span><\/p>\n<p><span style=\"font-weight: 400\">Yhdenvertaisuusvastaava: Oona Leinonen<\/span><\/p>\n<p><span style=\"font-weight: 400\">Liikuntavastaava: Nuppu Kettunen<\/span><\/p>\n<p><span style=\"font-weight: 400\">Somevastaavat: Mira Lahti, Oona Leinonen<\/span><\/p>\n<p><span style=\"font-weight: 400\">Varaj\u00e4senet: Marian Kubanda, Anssi Arola<\/span><\/p>\n<p><img loading=\"lazy\" decoding=\"async\" class=\"aligncenter wp-image-1320 size-full\" src=\"https:\/\/tyyala.utu.fi\/germanica\/wp-content\/uploads\/sites\/37\/2023\/01\/Hallitus-2023-e1674006457131.jpg\" alt=\"\" width=\"1454\" height=\"941\" srcset=\"https:\/\/tyyala.utu.fi\/germanica\/wp-content\/uploads\/sites\/37\/2023\/01\/Hallitus-2023-e1674006457131.jpg 1454w, https:\/\/tyyala.utu.fi\/germanica\/wp-content\/uploads\/sites\/37\/2023\/01\/Hallitus-2023-e1674006457131-300x194.jpg 300w, https:\/\/tyyala.utu.fi\/germanica\/wp-content\/uploads\/sites\/37\/2023\/01\/Hallitus-2023-e1674006457131-1024x663.jpg 1024w, https:\/\/tyyala.utu.fi\/germanica\/wp-content\/uploads\/sites\/37\/2023\/01\/Hallitus-2023-e1674006457131-768x497.jpg 768w, https:\/\/tyyala.utu.fi\/germanica\/wp-content\/uploads\/sites\/37\/2023\/01\/Hallitus-2023-e1674006457131-676x437.jpg 676w\" sizes=\"auto, (max-width: 1454px) 100vw, 1454px\" \/><\/p>\n<h2>Germanican hallitus kev\u00e4\u00e4lle 2022 \/ Fachschaftsvorstand f\u00fcr Fr\u00fchling 2022<\/h2>\n<p>Puheenjohtaja: Vili Iisalo<\/p>\n<p>Sihteeri: Henna Garrandt<\/p>\n<p>Taloudenhoitaja: Oona Leinonen<\/p>\n<p>Varapuheenjohtaja: Anssi Arola<\/p>\n<p>Tapahtumavastaavat: Mira Lahti, Maiju Nenonen, Rebekka Sauram\u00e4ki<\/p>\n<p>Koulutuspoliittinen vastaava: Rebekka Sauram\u00e4ki<\/p>\n<p>Sosiaalipoliittinen vastaava: Henna Garrandt<\/p>\n<p>Kansainv\u00e4lisyysvastaava: Anssi Arola<\/p>\n<p>Kirja-, merkki- ja collegevastaava: Oona Leinonen<\/p>\n<p>Tiedottaja: Nuppu Kettunen<\/p>\n<p>Postivastaava: Nuppu Kettunen<\/p>\n<p>Liikuntavastaava: Nuppu Kettunen<\/p>\n<p>Yhdenvertaisuusvastaava: Rebekka Sauram\u00e4ki<\/p>\n<p>Kahvihuone- ja yhteistilavastaava: Vili Iisalo<\/p>\n<p>Ymp\u00e4rist\u00f6vastaava: Anssi Arola<\/p>\n<p>Tuutorvastaava: Oona Turkki<\/p>\n<p>Varaj\u00e4sen: Marian Kubanda<\/p>\n<p>Varaj\u00e4sen: Jaantje M\u00fcller<\/p>\n<figure id=\"attachment_1286\" aria-describedby=\"caption-attachment-1286\" style=\"width: 1171px\" class=\"wp-caption aligncenter\"><img loading=\"lazy\" decoding=\"async\" class=\"wp-image-1286 size-full\" src=\"https:\/\/tyyala.utu.fi\/germanica\/wp-content\/uploads\/sites\/37\/2022\/01\/Vujut4.jpg\" alt=\"\" width=\"1171\" height=\"780\" srcset=\"https:\/\/tyyala.utu.fi\/germanica\/wp-content\/uploads\/sites\/37\/2022\/01\/Vujut4.jpg 1171w, https:\/\/tyyala.utu.fi\/germanica\/wp-content\/uploads\/sites\/37\/2022\/01\/Vujut4-300x200.jpg 300w, https:\/\/tyyala.utu.fi\/germanica\/wp-content\/uploads\/sites\/37\/2022\/01\/Vujut4-1024x682.jpg 1024w, https:\/\/tyyala.utu.fi\/germanica\/wp-content\/uploads\/sites\/37\/2022\/01\/Vujut4-768x512.jpg 768w, https:\/\/tyyala.utu.fi\/germanica\/wp-content\/uploads\/sites\/37\/2022\/01\/Vujut4-676x450.jpg 676w\" sizes=\"auto, (max-width: 1171px) 100vw, 1171px\" \/><figcaption id=\"caption-attachment-1286\" class=\"wp-caption-text\">Kuva: Reea Ruusuvuori<\/figcaption><\/figure>\n<h2><strong>Syksyn 2020 hallitus \/ Verwaltung des Herbsts 2020<\/strong><\/h2>\n<p>Puheenjohtaja \/Vorsitztende\/Chair : Aatu Hussa [alahus(at)utu.fi]<\/p>\n<p>Sihteeri \/Sekret\u00e4r\/Secretary : Oona Turkki [orturk(at)utu.fi]<\/p>\n<p>Taloudenhoitaja \/Kassenwartin\/Treasurer: Oona Leinonen [oelein(at)utu.fi]<\/p>\n<p>Tiedottaja \/Info: Oona Turkki<\/p>\n<p>Koulutuspoliittinen vastaava\/Bildungspolitik\/Educational affairs: Vili Iisalo [viveii(at)utu.fi]<\/p>\n<p>Sosiaalipoliittinen vastaava\/ Sozialpolitik \/Social Affairs: Henna Garrandt [heriga(at)utu.fi]<\/p>\n<p>Tapahtumavastaavat\/Veranstaltungen \/Events: Jaantje M\u00fcller [jsmull(at)utu.fi] ; Anssi Arola<\/p>\n<p>H\u00e4irint\u00e4yhdyshenkil\u00f6\/Kontaktperson in Beeintr\u00e4chtigungsf\u00e4llen \/Contact in case of harassment: Jaantje M\u00fcller [jsmull(at)utu.fi]<\/p>\n<\/div>\n<div class=\"entry-content\">\n<h2>Germanica ry:n hallitus 2018 \u2014 Die Verwaltung von Germanica 2018<\/h2>\n<p>germanica-hallitus[at]lists.utu.fi<\/p>\n<p>germanica-international[at]utu.fi<\/p>\n<p>Korvaa [at] @-merkill\u00e4!<br \/>Bitte [at] durch\u00a0@ ersetzen!<br \/>Please replace [at] with @!<\/p>\n<p>Haalarimerkki- ja kirjavastaava: Aino Malmi<br \/>Tuutori- ja yhteistilavastaava: Vili Iisalo<br \/>H\u00e4irint\u00e4yhdyshenkil\u00f6: Desir\u00e9 Mattsson<\/p>\n<figure id=\"attachment_721\" aria-describedby=\"caption-attachment-721\" style=\"width: 625px\" class=\"wp-caption aligncenter\"><img loading=\"lazy\" decoding=\"async\" class=\"wp-image-721 size-large\" src=\"https:\/\/tyyala.utu.fi\/germanica\/wp-content\/uploads\/sites\/37\/2013\/10\/Germanica-hallitus-2017-1024x609.jpg\" width=\"625\" height=\"372\" srcset=\"https:\/\/tyyala.utu.fi\/germanica\/wp-content\/uploads\/sites\/37\/2013\/10\/Germanica-hallitus-2017-1024x609.jpg 1024w, https:\/\/tyyala.utu.fi\/germanica\/wp-content\/uploads\/sites\/37\/2013\/10\/Germanica-hallitus-2017-300x178.jpg 300w, https:\/\/tyyala.utu.fi\/germanica\/wp-content\/uploads\/sites\/37\/2013\/10\/Germanica-hallitus-2017-768x457.jpg 768w, https:\/\/tyyala.utu.fi\/germanica\/wp-content\/uploads\/sites\/37\/2013\/10\/Germanica-hallitus-2017-624x371.jpg 624w\" sizes=\"auto, (max-width: 625px) 100vw, 625px\" \/><figcaption id=\"caption-attachment-721\" class=\"wp-caption-text\">19.11.2016<br \/>Germanican ry 55<br \/>\u00a9Mirjami Lappalainen<\/figcaption><\/figure>\n<h3><strong>Hallituksen j\u00e4senet<\/strong><\/h3>\n<p><em><strong>Oona Turkki<\/strong><\/em><br \/><em>Puheenjohtaja <\/em><em>Vorsitzende <\/em><em>Chair<\/em><\/p>\n<p><em><strong>Mikko Lammi<\/strong><\/em><br \/><em>Sihteeri Sekret\u00e4r Secretary<\/em><\/p>\n<p><em><strong>Aino Malmi<\/strong><\/em><br \/><em> Taloudenhoitaja Kassenwartin Treasurer<\/em><\/p>\n<p><em><span class=\"text_exposed_show\"><strong>Kaisa Kokko<\/strong><br \/>Tiedottaja ja kotisivuvastaava Info und Webseiten Info and Homepage<\/span><\/em><\/p>\n<p><em><span class=\"text_exposed_show\"><strong>Aino H\u00e4m\u00e4l\u00e4inen<br \/><\/strong>Varapuheenjohtaja Vizevorsitzende Vice Chair<br \/>Tapahtuma- ja kansainv\u00e4lisyysvastaava Veranstaltungen und internationale Angelegenheiten Events and International Affairs<\/span><\/em><\/p>\n<p><em><span class=\"text_exposed_show\"><strong>Jemina Laaksonen<\/strong><br \/>Tapahtumavastaava Veranstaltungen Events<\/span><\/em><\/p>\n<p><em><span class=\"text_exposed_show\"><strong>Anna Creutzburg<\/strong><br \/>Tapahtumavastaava Veranstaltungen Events<\/span><\/em><\/p>\n<p><em><span class=\"text_exposed_show\"><strong>Johanna Aamurusko<\/strong><br \/>Tapahtumavastaava Veranstaltungen Events<br \/>Ymp\u00e4rist\u00f6vastaava Umwelt Environment<br \/><\/span><\/em><\/p>\n<p><em><span class=\"text_exposed_show\"><strong>Desir\u00e9 Mattsson<\/strong><br \/>Liikuntavastaava Sport<\/span><\/em><\/p>\n<p><em><span class=\"text_exposed_show\"><strong>Oona Turkki<\/strong><br \/>Koulutuspolitiikka Bildungspolitik Educational Affairs<br \/><\/span><\/em><\/p>\n<p><em><span class=\"text_exposed_show\"><strong>Vili Iisalo<\/strong><br \/>Sosiaalipolitiikka Sozialpolitik Social Affairs<\/span><\/em><\/p>\n<p><em><span class=\"text_exposed_show\"><strong>Janne Airaksinen<\/strong><br \/>Varaj\u00e4sen Stellvertret<\/span><span class=\"text_exposed_show\">endes Mitglied Member<\/span><\/em><\/p>\n<p><span class=\"text_exposed_show\"><em><strong>Ama Aittoniemi<\/strong><\/em><br \/><em>Varaj\u00e4sen Stellvertretendes Mitglied Member<\/em><br \/><\/span><\/p>\n<\/div>","protected":false},"excerpt":{"rendered":"<p>Germanican hallitus kev\u00e4\u00e4lle 2026 \/ Fachschaftsvorstand f\u00fcr Fr\u00fchling 2026 Puheenjohtaja: Hilla Heino Taloudenhoitaja: Aada Hakam\u00e4ki Sihteeri: Henri Kupula Varapuheenjohtaja: Henri Kupula Tapahtumavastaavat: Lara Engels, Elli Rantanen ja Eemeli Sir\u00e9n Sosiaalipoliittinen vastaava: Romeo Ampuja Koulutuspoliittinen vastaava: Anna Huuhka Tiedottaja: Lara Engels Postivastaava: Lara Engels Ymp\u00e4rist\u00f6vastaava: Elli Rantanen Kansainv\u00e4lisyysvastaava: Romeo Ampuja Yhteistilavastaava: Romeo Ampuja Kirja-, merkki- ja [&hellip;]<\/p>\n","protected":false},"author":196,"featured_media":0,"parent":0,"menu_order":0,"comment_status":"closed","ping_status":"closed","template":"","meta":{"_kad_blocks_custom_css":"","_kad_blocks_head_custom_js":"","_kad_blocks_body_custom_js":"","_kad_blocks_footer_custom_js":"","footnotes":""},"class_list":["post-742","page","type-page","status-publish","czr-hentry"],"taxonomy_info":[],"featured_image_src_large":false,"author_info":{"display_name":"Germanica","author_link":"https:\/\/tyyala.utu.fi\/germanica\/author\/germanica\/"},"comment_info":0,"_links":{"self":[{"href":"https:\/\/tyyala.utu.fi\/germanica\/wp-json\/wp\/v2\/pages\/742","targetHints":{"allow":["GET"]}}],"collection":[{"href":"https:\/\/tyyala.utu.fi\/germanica\/wp-json\/wp\/v2\/pages"}],"about":[{"href":"https:\/\/tyyala.utu.fi\/germanica\/wp-json\/wp\/v2\/types\/page"}],"author":[{"embeddable":true,"href":"https:\/\/tyyala.utu.fi\/germanica\/wp-json\/wp\/v2\/users\/196"}],"replies":[{"embeddable":true,"href":"https:\/\/tyyala.utu.fi\/germanica\/wp-json\/wp\/v2\/comments?post=742"}],"version-history":[{"count":49,"href":"https:\/\/tyyala.utu.fi\/germanica\/wp-json\/wp\/v2\/pages\/742\/revisions"}],"predecessor-version":[{"id":1489,"href":"https:\/\/tyyala.utu.fi\/germanica\/wp-json\/wp\/v2\/pages\/742\/revisions\/1489"}],"wp:attachment":[{"href":"https:\/\/tyyala.utu.fi\/germanica\/wp-json\/wp\/v2\/media?parent=742"}],"curies":[{"name":"wp","href":"https:\/\/api.w.org\/{rel}","templated":true}]}}