{"id":574,"date":"2016-02-16T19:54:13","date_gmt":"2016-02-16T17:54:13","guid":{"rendered":"http:\/\/tyyala.utu.fi\/germanica\/?page_id=574"},"modified":"2026-02-16T00:04:39","modified_gmt":"2026-02-15T22:04:39","slug":"saannot","status":"publish","type":"page","link":"https:\/\/tyyala.utu.fi\/germanica\/saannot\/","title":{"rendered":"Yhdistyksen s\u00e4\u00e4nn\u00f6t \/ Vereinsregeln"},"content":{"rendered":"<p style=\"text-align: center\">Hyv\u00e4ksytty 30.10.2018<\/p>\n<p>&nbsp;<\/p>\n<p style=\"text-align: center\"><img loading=\"lazy\" decoding=\"async\" class=\"wp-image-1485 aligncenter\" src=\"https:\/\/tyyala.utu.fi\/germanica\/wp-content\/uploads\/sites\/37\/2026\/02\/Nayttokuva-2026-02-16-kello-0.01.13-300x285.png\" alt=\"\" width=\"320\" height=\"304\" srcset=\"https:\/\/tyyala.utu.fi\/germanica\/wp-content\/uploads\/sites\/37\/2026\/02\/Nayttokuva-2026-02-16-kello-0.01.13-300x285.png 300w, https:\/\/tyyala.utu.fi\/germanica\/wp-content\/uploads\/sites\/37\/2026\/02\/Nayttokuva-2026-02-16-kello-0.01.13-1024x972.png 1024w, https:\/\/tyyala.utu.fi\/germanica\/wp-content\/uploads\/sites\/37\/2026\/02\/Nayttokuva-2026-02-16-kello-0.01.13-768x729.png 768w, https:\/\/tyyala.utu.fi\/germanica\/wp-content\/uploads\/sites\/37\/2026\/02\/Nayttokuva-2026-02-16-kello-0.01.13.png 1428w\" sizes=\"auto, (max-width: 320px) 100vw, 320px\" \/><\/p>\n<h1 style=\"text-align: center\"><strong>Turun yliopiston saksan kielen opiskelijoiden ainej\u00e4rjest\u00f6<\/strong><\/h1>\n<h1 style=\"text-align: center\"><strong>GERMANICA RY:n S\u00c4\u00c4NN\u00d6T<\/strong><\/h1>\n<p>&nbsp;<\/p>\n<p><strong><em>1. Yhdistyksen nimi ja kotipaikka<\/em><br \/>\n<\/strong><br \/>\n<em>Yhdistyksen nimi on Germanica ry. Yhdistyksen kotipaikka on Turku.<\/em><\/p>\n<p><em>2. Tarkoitus ja toiminta<\/em><\/p>\n<p><em>Yhdistyksen tarkoituksena on koota saksan kielen opiskelijat sek\u00e4 valvoa heid\u00e4n yleisi\u00e4 ja yhteisi\u00e4 etujaan. Tarkoituksensa toteuttamiseksi yhdistys harjoittaa opintoneuvontaa, seuraa kielenopetuksen kehityst\u00e4, tarjoaa j\u00e4sentens\u00e4 k\u00e4ytt\u00f6\u00f6n oppimateriaalia, j\u00e4rjest\u00e4\u00e4 huvitilaisuuksia sek\u00e4 muuta vastaavaa vapaa-ajan ohjelmaa. Yhdistyksell\u00e4 on oikeus ottaa vastaan lahjoituksia, perustaa rahastoja ja jakaa stipendej\u00e4 j\u00e4senilleen vain poikkeustapauksissa.<\/em><\/p>\n<p><em>3. J\u00e4senet<\/em><\/p>\n<p><em>Yhdistyksen varsinaisena j\u00e4senen\u00e4 voi olla jokainen Turun yliopiston humanistisessa tiedekunnassa saksan kielt\u00e4 opiskeleva henkil\u00f6, jonka yhdistyksen hallitus on hyv\u00e4ksynyt j\u00e4seneksi. Erillisest\u00e4 kirjallisesta anomuksesta hallitus voi hyv\u00e4ksy\u00e4 my\u00f6s muita saksan kielest\u00e4 ja kulttuurista kiinnostuneita henkil\u00f6it\u00e4 varsinaiseksi j\u00e4seneksi. T\u00e4llaisissa tapauksissa uuden varsinaisen j\u00e4senen hyv\u00e4ksymist\u00e4 tulee kannattaa v\u00e4hint\u00e4\u00e4n puolet hallituksen \u00e4\u00e4nivaltaisista j\u00e4senist\u00e4. <\/em><\/p>\n<p><em>Germanica ry:n varsinainen j\u00e4senyys kest\u00e4\u00e4 seitsem\u00e4n kalenterivuotta siit\u00e4 hetkest\u00e4 alkaen kun henkil\u00f6 on hyv\u00e4ksytty yhdistyksen j\u00e4seneksi mink\u00e4 ajan kuluttua j\u00e4senen tulee erota tai hallitus erottaa j\u00e4senen. Ensimm\u00e4isen seitsem\u00e4n vuoden kauden j\u00e4lkeen varsinainen j\u00e4sen voi hakemuksesta jatkaa vuosij\u00e4senen\u00e4 tai varsinaisena j\u00e4senen\u00e4 maksamalla j\u00e4senyyteen liittyv\u00e4t maksut. Varsinainen j\u00e4sen maksaa syyskokouksessa <\/em><em>p\u00e4\u00e4tetyn liittymismaksun. Lis\u00e4ksi vuosij\u00e4senyytt\u00e4 on mahdollista hakea kalenterivuodeksi kerrallaan, jonka j\u00e4lkeen vuosij\u00e4senen tulee erota yhdistyksest\u00e4 tai hallitus erottaa j\u00e4senen. Mik\u00e4li vuosij\u00e4sen hyv\u00e4ksyt\u00e4\u00e4n varsinaiseksi j\u00e4seneksi on h\u00e4nen maksettava liittymismaksu. Vuosij\u00e4sen maksaa syyskokouksessa p\u00e4\u00e4tetyn vuosimaksun. Vuosij\u00e4sen voi liitty\u00e4 varsinaiseksi j\u00e4seneksi voimassaolevan vuosij\u00e4senyyden aikana maksamalla liittymismaksun.<\/em><\/p>\n<p><em>Kannatusj\u00e4senyytt\u00e4 on mahdollista hakea hakemuksen t\u00e4ytt\u00e4m\u00e4ll\u00e4 seitsem\u00e4ksi vuodeksi, mink\u00e4 ajan kuluttua j\u00e4senen on maksettava kannatusj\u00e4senyysmaksu uudelleen tai erottava tai hallitus erottaa j\u00e4senen. Kannatusj\u00e4senyys hyv\u00e4ksyt\u00e4\u00e4n hallituksen kokouksessa. Kannatusj\u00e4senyys maksaa syyskokouksessa p\u00e4\u00e4tetyn kannatusj\u00e4senmaksun.<\/em><\/p>\n<p><em>Kunniaj\u00e4sen hyv\u00e4ksyt\u00e4\u00e4n kunniaohjes\u00e4\u00e4nn\u00f6n mukaisesti.<\/em><\/p>\n<p><em>Yhdistyksen varsinaisella j\u00e4senell\u00e4 ja vuosij\u00e4senell\u00e4 on \u00e4\u00e4nioikeus yhdistyksen kokouksissa ja l\u00e4sn\u00e4olo- ja puheoikeus hallituksen kokouksissa. Kannatusj\u00e4senell\u00e4 ja kunniaj\u00e4senell\u00e4 on l\u00e4sn\u00e4olo- ja puheoikeus yhdistyksen ja hallituksen kokouksissa. <\/em><br \/>\n<strong><br \/>\n<em>4. J\u00e4senen eroaminen ja erottaminen<\/em><\/strong><\/p>\n<p><em>J\u00e4senell\u00e4 on oikeus erota yhdistyksest\u00e4 ilmoittamalla siit\u00e4 kirjallisesti hallitukselle tai sen puheenjohtajalle tai ilmoittamalla eroamisestaan yhdistyksen kokouksessa p\u00f6yt\u00e4kirjaan merkitt\u00e4v\u00e4ksi. Liittymismaksua ja vuosimaksua ei kuitenkaan palauteta. J\u00e4sen voidaan erottaa yhdistyksest\u00e4 yhdistyksen kokouksessa yhdistyslaissa mainituin perustein, mik\u00e4li erotusp\u00e4\u00e4t\u00f6st\u00e4 kannattaa kolme nelj\u00e4sosaa (3\/4) kokouksen \u00e4\u00e4nivaltaisista j\u00e4senist\u00e4. Hallitus voi katsoa j\u00e4senen eronneeksi yhdistyksest\u00e4, mik\u00e4li j\u00e4sen on j\u00e4tt\u00e4nyt er\u00e4\u00e4ntyneen j\u00e4senmaksunsa maksamatta yli kolmen kuukauden ajan.<\/em><\/p>\n<p><em>5. Liittymismaksu ja vuosimaksu<\/em><\/p>\n<p><em>Yhdistyksen varsinaisilta j\u00e4senilt\u00e4 peritt\u00e4v\u00e4st\u00e4 liittymismaksusta vuosij\u00e4senilt\u00e4 peritt\u00e4v\u00e4st\u00e4 vuosimaksusta ja kannatusj\u00e4senilt\u00e4 peritt\u00e4v\u00e4st\u00e4 kannatusmaksusta p\u00e4\u00e4tt\u00e4\u00e4 syyskokous. Varsinaisilta j\u00e4senilt\u00e4 ei perit\u00e4 liittymismaksun eik\u00e4 kannatusj\u00e4senilt\u00e4 kannatusmaksun lis\u00e4ksi vuosimaksua eik\u00e4 vuosij\u00e4senilt\u00e4 liittymismaksua.<\/em><\/p>\n<p><em>6. Hallitus<\/em><\/p>\n<p><em>Yhdistyksen asioita hoitaa hallitus, johon kuuluvat syyskokouksessa valitut puheenjohtaja sek\u00e4 v\u00e4hint\u00e4\u00e4n kaksi ja enint\u00e4\u00e4n viisitoista j\u00e4sent\u00e4 sek\u00e4 maksimissaan 3 varaj\u00e4sent\u00e4. Hallituksen j\u00e4senten toimikausi on kalenterivuosi. Hallitus valitsee keskuudestaan varapuheenjohtajan, sihteerin, taloudenhoitajan sek\u00e4 muut tarvittavat toimihenkil\u00f6t. Hallitus kokoontuu puheenjohtajan tai h\u00e4nen estyess\u00e4\u00e4n varapuheenjohtajan kutsusta kun katsotaan olevan aihetta, tai kun v\u00e4hint\u00e4\u00e4n puolet hallituksen j\u00e4senist\u00e4 sit\u00e4 vaatii. Hallituksen kokous on p\u00e4\u00e4t\u00f6svaltainen, kun v\u00e4hint\u00e4\u00e4n puolet sen j\u00e4senist\u00e4, puheenjohtaja tai varapuheenjohtaja mukaan luettuna, on l\u00e4sn\u00e4. Mik\u00e4li hallituksen kokouksen p\u00e4\u00e4t\u00f6svaltaisuus ei t\u00e4yty, voi(vat) varaj\u00e4sen(et) t\u00e4ytt\u00e4\u00e4 hallituksen p\u00e4\u00e4t\u00f6svaltaiseksi. Asiat ratkaistaan suhteellisella \u00e4\u00e4nienemmist\u00f6ll\u00e4. \u00c4\u00e4nten menness\u00e4 tasan ratkaisee puheenjohtajan \u00e4\u00e4ni, vaaleissa kuitenkin arpa. Yhdistyksen varsinaisella j\u00e4senell\u00e4, vuosij\u00e4senell\u00e4, kannatusj\u00e4senell\u00e4 ja kunniaj\u00e4senell\u00e4 sek\u00e4 muilla hallituksen kokoukseen kutsutuilla henkil\u00f6ill\u00e4 on kokouksessa l\u00e4sn\u00e4olo- ja puheoikeus.<\/em><\/p>\n<p><em>7. Yhdistyksen nimen kirjoittaminen<\/em><\/p>\n<p><em>Yhdistyksen nimenkirjoitusoikeus on hallituksen puheenjohtajalla, varapuheenjohtajalla, sihteerill\u00e4 ja taloudenhoitajalla, kullakin yksin.<\/em><\/p>\n<p><em>8. Tilikausi ja tilintarkastus<\/em><\/p>\n<p><em>Yhdistyksen tilikausi alkaa 1. tammikuuta ja loppuu 31. joulukuuta. Tilinp\u00e4\u00e4t\u00f6s asiakirjoineen on annettava toiminnantarkastajille tai tilintarkastajille v\u00e4hint\u00e4\u00e4n kuukautta ennen kev\u00e4tkokousta. Toiminnantarkastajien tai tilintarkastajien on annettava kirjallinen lausuntonsa hallitukselle viimeist\u00e4\u00e4n kaksi viikkoa ennen kev\u00e4tkokousta.<\/em><\/p>\n<p><em>9. Yhdistyksen kokoukset<\/em><\/p>\n<p><em>Yhdistys pit\u00e4\u00e4 vuosittain kaksi varsinaista kokousta.<\/em><\/p>\n<p><em>Yhdistyksen kev\u00e4tkokous pidet\u00e4\u00e4n hallituksen m\u00e4\u00e4r\u00e4\u00e4m\u00e4n\u00e4 p\u00e4iv\u00e4n\u00e4 maalis-huhtikuun aikana ja syyskokous pidet\u00e4\u00e4n hallituksen m\u00e4\u00e4r\u00e4\u00e4m\u00e4n\u00e4 p\u00e4iv\u00e4n\u00e4 loka-marraskuun aikana.<\/em><\/p>\n<p><em>Ylim\u00e4\u00e4r\u00e4inen kokous pidet\u00e4\u00e4n kun yhdistyksen kokous niin p\u00e4\u00e4tt\u00e4\u00e4 tai kun hallitus katsoo siihen olevan aihetta tai kun v\u00e4hint\u00e4\u00e4n kymmenesosa (1\/10) yhdistyksen \u00e4\u00e4nioikeutetuista j\u00e4senist\u00e4 sit\u00e4 hallitukselta erityisesti ilmoitettua asiaa varten kirjallisesti vaatii. Kokous on pidett\u00e4v\u00e4 kahdenkymmenen (20) vuorokauden kuluessa siit\u00e4, kun vaatimus sen pit\u00e4miseksi on esitetty hallitukselle.<\/em><\/p>\n<p><em>Yhdistyksen kokouksissa jokaisella j\u00e4senell\u00e4 on yksi \u00e4\u00e4ni, poikkeuksena kannatusj\u00e4senet, <\/em><em>kunniaj\u00e4senet ja yhdistyksen ulkopuoliset kokoukseen kutsutut henkil\u00f6t, joilla on l\u00e4sn\u00e4olo- ja puheoikeus, mutta ei \u00e4\u00e4nioikeutta.<\/em><\/p>\n<p><em>Yhdistyksen kokouksen p\u00e4\u00e4t\u00f6kseksi tulee, ellei s\u00e4\u00e4nn\u00f6iss\u00e4 ole toisin m\u00e4\u00e4r\u00e4tty, se mielipide, jota on kannattanut yli puolet annetuista \u00e4\u00e4nist\u00e4. \u00c4\u00e4nten menness\u00e4 tasan ratkaisee kokouksen puheenjohtajan \u00e4\u00e4ni, vaaleissa kuitenkin arpa.<\/em><br \/>\n<strong><br \/>\n<em>10. Kokousten koollekutsuminen<\/em><\/strong><\/p>\n<p><em>Yhdistyksen kokoukset kutsuu koolle hallitus. Kokouskutsu ilmoitetaan viimeist\u00e4\u00e4n seitsem\u00e4n p\u00e4iv\u00e4\u00e4 ennen kokousta Germanican s\u00e4hk\u00f6postilistalla tai Germanican tai kielten ilmoitustaululla sek\u00e4 lis\u00e4ksi mahdollisesti muissa hallituksen oleelliseksi katsomissa tiedotuskanavissa.<\/em><\/p>\n<p><em>11. Varsinaiset kokoukset<\/em><\/p>\n<p><em>Yhdistyksen kev\u00e4tkokouksessa k\u00e4sitell\u00e4\u00e4n seuraavat asiat:<\/em><\/p>\n<p><em>1. kokouksen avaus<\/em><br \/>\n<em>2. valitaan kokouksen puheenjohtaja, sihteeri, kaksi p\u00f6yt\u00e4kirjantarkastajaa ja tarvittaessa kaksi \u00e4\u00e4ntenlaskijaa<\/em><br \/>\n<em>3. todetaan kokous p\u00e4\u00e4t\u00f6svaltaiseksi<\/em><br \/>\n<em>4. hyv\u00e4ksyt\u00e4\u00e4n kokouksen ty\u00f6j\u00e4rjestys<\/em><br \/>\n<em>5. esitet\u00e4\u00e4n tilinp\u00e4\u00e4t\u00f6s, toimintakertomus ja toiminnan- tai tilintarkastuskertomus<\/em><br \/>\n<em>6. p\u00e4\u00e4tet\u00e4\u00e4n tilinp\u00e4\u00e4t\u00f6ksen vahvistamisesta ja vastuuvapauden my\u00f6nt\u00e4misest\u00e4 hallitukselle ja muille vastuuvelvollisille<\/em><br \/>\n<em>7. k\u00e4sitell\u00e4\u00e4n muut kokouskutsussa mainitut asiat<\/em><\/p>\n<p><em>Yhdistyksen syyskokouksessa k\u00e4sitell\u00e4\u00e4n seuraavat asiat:<\/em><br \/>\n<strong><br \/>\n<\/strong><em>1. kokouksen avaus<\/em><br \/>\n<em>2. valitaan kokouksen puheenjohtaja, sihteeri, kaksi p\u00f6yt\u00e4kirjantarkastajaa ja tarvittaessa kaksi \u00e4\u00e4ntenlaskijaa<\/em><br \/>\n<em>3. todetaan kokous p\u00e4\u00e4t\u00f6svaltaiseksi<\/em><br \/>\n<em>4. \u00a0 hyv\u00e4ksyt\u00e4\u00e4n kokouksen ty\u00f6j\u00e4rjestys<\/em><br \/>\n<em>5. hyv\u00e4ksyt\u00e4\u00e4n toimintasuunnitelma ja talousarvio seuraavalle kalenterivuodelle<\/em><br \/>\n<em>6. hyv\u00e4ksyt\u00e4\u00e4n liittymismaksun, vuosimaksun ja kannatusj\u00e4senyysmaksun suuruus seuraavalle kalenterivuodelle<\/em><br \/>\n<em>7. valitaan hallituksen puheenjohtaja ja kahdesta viiteentoista muuta hallituksen j\u00e4sent\u00e4 sek\u00e4 varaj\u00e4senet seuraavalle kalenterivuodelle<\/em><br \/>\n<em>8. valitaan kaksi toiminnantarkastajaa tai tilintarkastajaa ja heille varahenkil\u00f6t seuraavalle tilikaudelle<\/em><br \/>\n<em>9. k\u00e4sitell\u00e4\u00e4n muut kokouskutsussa mainitut asiat<\/em><strong><br \/>\n<\/strong><br \/>\n<em>Mik\u00e4li yhdistyksen j\u00e4sen haluaa saada jonkin asian yhdistyksen kev\u00e4t- tai syyskokouksen k\u00e4sitelt\u00e4v\u00e4ksi, on h\u00e4nen ilmoitettava siit\u00e4 kirjallisesti hallitukselle niin hyviss\u00e4 ajoin, ett\u00e4 asia voidaan sis\u00e4llytt\u00e4\u00e4 kokouskutsuun.<\/em><\/p>\n<p><em>12. S\u00e4\u00e4nt\u00f6jen muuttaminen ja yhdistyksen purkaminen<\/em><\/p>\n<p><em>P\u00e4\u00e4t\u00f6s s\u00e4\u00e4nt\u00f6jen muuttamisesta sek\u00e4 yhdistyksen purkamisesta on teht\u00e4v\u00e4 yhdistyksen kokouksessa v\u00e4hint\u00e4\u00e4n kolmen nelj\u00e4sosan (3\/4) enemmist\u00f6ll\u00e4 \u00e4\u00e4nestyksess\u00e4 annetuista \u00e4\u00e4nist\u00e4. Kokouskutsussa on mainittava s\u00e4\u00e4nt\u00f6jen muuttamisesta tai yhdistyksen purkamisesta. Yhdistyksen purkautuessa tai lakkautettaessa varat k\u00e4ytet\u00e4\u00e4n yhdistyksen tarkoituksen edist\u00e4miseen yhdistyksen purkamisesta p\u00e4\u00e4tt\u00e4v\u00e4n kokouksen m\u00e4\u00e4r\u00e4\u00e4m\u00e4ll\u00e4 tavalla.<\/em><strong><br \/>\n<\/strong><\/p>\n<p>&nbsp;<\/p>\n<p>&nbsp;<\/p>\n<p>&nbsp;<\/p>\n","protected":false},"excerpt":{"rendered":"<p>Hyv\u00e4ksytty 30.10.2018 &nbsp; Turun yliopiston saksan kielen opiskelijoiden ainej\u00e4rjest\u00f6 GERMANICA RY:n S\u00c4\u00c4NN\u00d6T &nbsp; 1. Yhdistyksen nimi ja kotipaikka Yhdistyksen nimi on Germanica ry. Yhdistyksen kotipaikka on Turku. 2. Tarkoitus ja toiminta Yhdistyksen tarkoituksena on koota saksan kielen opiskelijat sek\u00e4 valvoa heid\u00e4n yleisi\u00e4 ja yhteisi\u00e4 etujaan. Tarkoituksensa toteuttamiseksi yhdistys harjoittaa opintoneuvontaa, seuraa kielenopetuksen kehityst\u00e4, tarjoaa j\u00e4sentens\u00e4 [&hellip;]<\/p>\n","protected":false},"author":196,"featured_media":0,"parent":0,"menu_order":0,"comment_status":"closed","ping_status":"closed","template":"","meta":{"_kad_blocks_custom_css":"","_kad_blocks_head_custom_js":"","_kad_blocks_body_custom_js":"","_kad_blocks_footer_custom_js":"","footnotes":""},"class_list":["post-574","page","type-page","status-publish","czr-hentry"],"taxonomy_info":[],"featured_image_src_large":false,"author_info":{"display_name":"Germanica","author_link":"https:\/\/tyyala.utu.fi\/germanica\/author\/germanica\/"},"comment_info":0,"_links":{"self":[{"href":"https:\/\/tyyala.utu.fi\/germanica\/wp-json\/wp\/v2\/pages\/574","targetHints":{"allow":["GET"]}}],"collection":[{"href":"https:\/\/tyyala.utu.fi\/germanica\/wp-json\/wp\/v2\/pages"}],"about":[{"href":"https:\/\/tyyala.utu.fi\/germanica\/wp-json\/wp\/v2\/types\/page"}],"author":[{"embeddable":true,"href":"https:\/\/tyyala.utu.fi\/germanica\/wp-json\/wp\/v2\/users\/196"}],"replies":[{"embeddable":true,"href":"https:\/\/tyyala.utu.fi\/germanica\/wp-json\/wp\/v2\/comments?post=574"}],"version-history":[{"count":9,"href":"https:\/\/tyyala.utu.fi\/germanica\/wp-json\/wp\/v2\/pages\/574\/revisions"}],"predecessor-version":[{"id":1487,"href":"https:\/\/tyyala.utu.fi\/germanica\/wp-json\/wp\/v2\/pages\/574\/revisions\/1487"}],"wp:attachment":[{"href":"https:\/\/tyyala.utu.fi\/germanica\/wp-json\/wp\/v2\/media?parent=574"}],"curies":[{"name":"wp","href":"https:\/\/api.w.org\/{rel}","templated":true}]}}