{"id":1555,"date":"2026-05-09T00:59:28","date_gmt":"2026-05-08T22:59:28","guid":{"rendered":"https:\/\/tyyala.utu.fi\/germanica\/?page_id=1555"},"modified":"2026-05-12T12:29:58","modified_gmt":"2026-05-12T10:29:58","slug":"turku-tutuksi","status":"publish","type":"page","link":"https:\/\/tyyala.utu.fi\/germanica\/turku-tutuksi\/","title":{"rendered":"Turku tutuksi"},"content":{"rendered":"\n<p>Onko Turku sinulle uusi paikka? T\u00e4lle sivulle on koottu tulevalle Turkulaiselle opiskelijalle t\u00e4rke\u00e4t\/hy\u00f6dylliset tiedot ja my\u00f6s muuta kivaa tekemist\u00e4 Turussa ja l\u00e4hiseudulla.<\/p>\n\n\n\n<figure class=\"wp-block-gallery has-nested-images columns-default is-cropped wp-block-gallery-1 is-layout-flex wp-block-gallery-is-layout-flex\">\n<figure class=\"wp-block-image size-large\"><a href=\"https:\/\/tyyala.utu.fi\/germanica\/wp-content\/uploads\/sites\/37\/2026\/05\/IMG_7782-1.jpg\"><img loading=\"lazy\" decoding=\"async\" width=\"1024\" height=\"1024\" data-id=\"1592\" src=\"https:\/\/tyyala.utu.fi\/germanica\/wp-content\/uploads\/sites\/37\/2026\/05\/IMG_7782-1-1024x1024.jpg\" alt=\"\" class=\"wp-image-1592\" srcset=\"https:\/\/tyyala.utu.fi\/germanica\/wp-content\/uploads\/sites\/37\/2026\/05\/IMG_7782-1-1024x1024.jpg 1024w, https:\/\/tyyala.utu.fi\/germanica\/wp-content\/uploads\/sites\/37\/2026\/05\/IMG_7782-1-300x300.jpg 300w, https:\/\/tyyala.utu.fi\/germanica\/wp-content\/uploads\/sites\/37\/2026\/05\/IMG_7782-1-150x150.jpg 150w\" sizes=\"auto, (max-width: 1024px) 100vw, 1024px\" \/><\/a><\/figure>\n\n\n\n<figure class=\"wp-block-image size-large\"><a href=\"https:\/\/tyyala.utu.fi\/germanica\/wp-content\/uploads\/sites\/37\/2026\/05\/IMG_7781-1.jpg\"><img loading=\"lazy\" decoding=\"async\" width=\"1024\" height=\"1024\" data-id=\"1593\" src=\"https:\/\/tyyala.utu.fi\/germanica\/wp-content\/uploads\/sites\/37\/2026\/05\/IMG_7781-1-1024x1024.jpg\" alt=\"\" class=\"wp-image-1593\" srcset=\"https:\/\/tyyala.utu.fi\/germanica\/wp-content\/uploads\/sites\/37\/2026\/05\/IMG_7781-1-1024x1024.jpg 1024w, https:\/\/tyyala.utu.fi\/germanica\/wp-content\/uploads\/sites\/37\/2026\/05\/IMG_7781-1-300x300.jpg 300w, https:\/\/tyyala.utu.fi\/germanica\/wp-content\/uploads\/sites\/37\/2026\/05\/IMG_7781-1-150x150.jpg 150w, https:\/\/tyyala.utu.fi\/germanica\/wp-content\/uploads\/sites\/37\/2026\/05\/IMG_7781-1-768x768.jpg 768w, https:\/\/tyyala.utu.fi\/germanica\/wp-content\/uploads\/sites\/37\/2026\/05\/IMG_7781-1-1536x1536.jpg 1536w, https:\/\/tyyala.utu.fi\/germanica\/wp-content\/uploads\/sites\/37\/2026\/05\/IMG_7781-1-2048x2048.jpg 2048w, https:\/\/tyyala.utu.fi\/germanica\/wp-content\/uploads\/sites\/37\/2026\/05\/IMG_7781-1-510x510.jpg 510w\" sizes=\"auto, (max-width: 1024px) 100vw, 1024px\" \/><\/a><\/figure>\n\n\n\n<figure class=\"wp-block-image size-large\"><a href=\"https:\/\/tyyala.utu.fi\/germanica\/wp-content\/uploads\/sites\/37\/2026\/05\/IMG_7780-1.jpg\"><img loading=\"lazy\" decoding=\"async\" width=\"1024\" height=\"1024\" data-id=\"1591\" src=\"https:\/\/tyyala.utu.fi\/germanica\/wp-content\/uploads\/sites\/37\/2026\/05\/IMG_7780-1-1024x1024.jpg\" alt=\"\" class=\"wp-image-1591\" srcset=\"https:\/\/tyyala.utu.fi\/germanica\/wp-content\/uploads\/sites\/37\/2026\/05\/IMG_7780-1-1024x1024.jpg 1024w, https:\/\/tyyala.utu.fi\/germanica\/wp-content\/uploads\/sites\/37\/2026\/05\/IMG_7780-1-300x300.jpg 300w, https:\/\/tyyala.utu.fi\/germanica\/wp-content\/uploads\/sites\/37\/2026\/05\/IMG_7780-1-150x150.jpg 150w, https:\/\/tyyala.utu.fi\/germanica\/wp-content\/uploads\/sites\/37\/2026\/05\/IMG_7780-1-768x768.jpg 768w\" sizes=\"auto, (max-width: 1024px) 100vw, 1024px\" \/><\/a><\/figure>\n<\/figure>\n\n\n\n<p>Kuvat: Lara Engels<\/p>\n\n\n\n<h2 class=\"wp-block-heading\"><strong>T\u00e4rke\u00e4t asiat:<\/strong><\/h2>\n\n\n\n<p><strong>Joukkoliikenne:<\/strong> <\/p>\n\n\n\n<p>Turun ja l\u00e4hiseutujen joukkoliikenteest\u00e4 vastaa F\u00f6li. F\u00f6lin bussit viev\u00e4t sinut sujuvasti paikasta toiseen niin Turun sis\u00e4ll\u00e4, kuin my\u00f6s l\u00e4hikuntiin. Bussimatkat ovat kaikkialla saman hintaiset ja vaihtoaika on kaksi tuntia. Voit hankkia f\u00f6likortin f\u00f6lin palvelupisteelt\u00e4 tai ostaa lippuja f\u00f6lisovelluksella. Voit maksaa matkasi my\u00f6s pankkikortin l\u00e4himaksulla. Turussa on my\u00f6s f\u00f6lin kapunkipy\u00f6r\u00e4t eli f\u00f6ll\u00e4rit. <\/p>\n\n\n\n<p><a href=\"https:\/\/www.foli.fi\/fi\">Tutustu t\u00e4\u00e4ll\u00e4 f\u00f6liin<\/a><\/p>\n\n\n\n<p><strong>Junaliikenne:<\/strong><\/p>\n\n\n\n<p>Turusta on hyv\u00e4t junayhteydet muualle suomeen ja turusta l\u00f6yd\u00e4t kolme juna-asemaa. <a href=\"https:\/\/www.vr.fi\/rautatieasemat-ja-reitit\/turku-satama\">Satama<\/a>, <a href=\"https:\/\/www.vr.fi\/rautatieasemat-ja-reitit\/turku\">Turun p\u00e4\u00e4rautatieasema<\/a> (Logomon vieress\u00e4) ja <a href=\"https:\/\/www.vr.fi\/rautatieasemat-ja-reitit\/kupittaa\">Kupittaan asema.<\/a> Opiskelijakortilla saat junalipun <a href=\"https:\/\/www.vr.fi\/alennusta-junalipuista\/opiskelija-alennus\">opiskelijahintaan<\/a>. <\/p>\n\n\n\n<p><strong>Kunnalliset kirjastot:<\/strong><\/p>\n\n\n\n<p>Turussa ja Varsinais-suomessa toimii 18 kunnan kirjastoverkosto Vaski-kirjastot. Vaski-kirjastoilla on yhten\u00e4inen kirjastokortti ja verkkokirjasto. Asiakkaat voivat lainata kaikista kunnista kirjoja samalla kortilla sek\u00e4 varata ja palauttaa lainoja muiden kuntien kirjastoihin. <\/p>\n\n\n\n<p><a href=\"https:\/\/vaski.finna.fi\">Tutustu t\u00e4\u00e4ll\u00e4 Vaski-kirjastojen nettisivuihin<\/a><\/p>\n\n\n\n<h2 class=\"wp-block-heading\">Kiinnostaako ulkoilureitit? Niit\u00e4h\u00e4n t\u00e4\u00e4lt\u00e4 l\u00f6ytyy!<\/h2>\n\n\n\n<p><strong>Turusta ja l\u00e4hikunnista l\u00f6ytyy kattavasti uloikupaikkoja ja luontopolkuja. Alla listattu muutamia<\/strong><\/p>\n\n\n\n<p><a href=\"https:\/\/www.turku.fi\/ulkoilu-ja-retkeily\/luontopolut\">Pomponrahkan luontopolku<\/a>. Tarkista <a href=\"https:\/\/www.foli.fi\/fi\/blog\/l\u00e4hde-ihailemaan-turun-kaunista-luontoa-runkolinjoilla\">t\u00e4\u00e4lt\u00e4<\/a>, mitk\u00e4 f\u00f6lin linjan viev\u00e4t sinut sinne. <\/p>\n\n\n\n<p><a href=\"https:\/\/www.turku.fi\/ulkoilu-ja-retkeily\/luontopolut\">Katariinanlaakson luontopolku<\/a> l\u00e4hell\u00e4 keskustaa. Tarkista f\u00f6lin <a href=\"https:\/\/reittiopas.foli.fi\">reittioppaasta<\/a> helpoin tapa p\u00e4\u00e4st\u00e4 sinne.<\/p>\n\n\n\n<p><a href=\"https:\/\/www.turku.fi\/ulkoilu-ja-retkeily\/luontopolut\">Ruissalossa<\/a> monia ulkoilumahdollisuuksia:<\/p>\n\n\n\n<ul class=\"wp-block-list\">\n<li><a href=\"https:\/\/www.turku.fi\/toimipaikat\/saaronniemen-uimaranta\">Saaronniemen uimaranta<\/a><\/li>\n\n\n\n<li><a href=\"https:\/\/www.google.com\/url?sa=t&amp;source=web&amp;rct=j&amp;opi=89978449&amp;url=https:\/\/auragolf.fi\/&amp;ved=2ahUKEwiThMGcyqyUAxWjTlUIHZNUAEAQFnoECDoQAQ&amp;usg=AOvVaw3Me3n32bprJKa_mJX9K5GI\">Aura golf<\/a> golfista kiinnostuneille<\/li>\n\n\n\n<li><a href=\"https:\/\/ruissalonkansanpuisto.fi\">Ruissalon kansanpuisto<\/a><\/li>\n\n\n\n<li><a href=\"https:\/\/sites.utu.fi\/kasvitieteellinen-puutarha\/\">Turun yliopiston kasvitieteellinen puutarha<\/a>: ilmainen ulkopuutarha joka p\u00e4iv\u00e4 klo 8-20, kasvihuoneet ja kahvila. Kasvihuoneisiin p\u00e4\u00e4set opiskelijahintaan tai museokortilla. <\/li>\n<\/ul>\n\n\n\n<p><a href=\"https:\/\/raisio.fi\/sites\/default\/files\/media\/file\/Uikkupolku.pdf\">Uikkupolu<\/a> Raisiossa, t\u00e4nne p\u00e4\u00e4set k\u00e4tev\u00e4sti f\u00f6lin bussilla 206<\/p>\n\n\n\n<p><a href=\"https:\/\/raisio.fi\/fi\/alppiruusupuisto\">Alppiruusupuisto<\/a> Raisiossa, t\u00e4nne p\u00e4\u00e4set k\u00e4tev\u00e4sti f\u00f6lin linjoilla, 6, 6a, 3a tai 206<\/p>\n\n\n\n<h2 class=\"wp-block-heading\">Kuulttuurista kiinnostuneille:<\/h2>\n\n\n\n<p><strong>Turku on t\u00e4ynn\u00e4 kulttuuria ja taidetta. Alta l\u00f6yd\u00e4t muutamia vinkkej\u00e4:<\/strong><\/p>\n\n\n\n<ul class=\"wp-block-list\">\n<li>Turun museot l\u00f6yd\u00e4t <a href=\"https:\/\/www.turku.fi\/museopalvelut\">t\u00e4\u00e4lt\u00e4<\/a><\/li>\n\n\n\n<li>Turun filharmonisen orkesterin sivuille <a href=\"https:\/\/tfo.fi\">t\u00e4\u00e4lt\u00e4<\/a><\/li>\n\n\n\n<li>Turussa aukeaa syksyll\u00e4 2026 uusi musiikkitalo <a href=\"https:\/\/www.musiikkitalofuuga.fi\/info\/ajankohtaista\/festivaalikuukausi-avaa-fuugan\/\">Fuuga<\/a><\/li>\n\n\n\n<li>Turun kaupunginteatterin sivuille <a href=\"https:\/\/tkteatteri.fi\">t\u00e4\u00e4lt\u00e4<\/a><\/li>\n\n\n\n<li>Turun ruotsalainen teatteri <a href=\"https:\/\/abosvenskateater.fi\">\u00c5bo svenska teater<\/a><\/li>\n\n\n\n<li>Turun taidemuseon sivuille <a href=\"https:\/\/turuntaidemuseo.fi\">t\u00e4\u00e4lt\u00e4<\/a><\/li>\n\n\n\n<li>Suomen ainoa arkeologinen museo <a href=\"https:\/\/avan.fi\">Aboa Vetus Ars Nova<\/a>, jossa p\u00e4\u00e4set tutustumaan mm. vanhaan Turkuun<\/li>\n\n\n\n<li>Turun kes\u00e4teatterit: <a href=\"https:\/\/www.samppalinnanteatteri.fi\">Samppalinnan kes\u00e4teatteri<\/a> ja <a href=\"https:\/\/turunkesateatteri.fi\">Turun kes\u00e4teatteri Vartiovuorenm\u00e4ell\u00e4<\/a><\/li>\n\n\n\n<li>Suomen monipuolisin musiikkimuseo <a href=\"https:\/\/sibeliusmuseum.fi\/fi\/\">Sibelius-museo<\/a> Turun tuomiokirkon l\u00e4heisyydess\u00e4<\/li>\n\n\n\n<li>Merenkulun museo <a href=\"https:\/\/www.forum-marinum.fi\/fi\/\">Forum Marinum<\/a><\/li>\n<\/ul>\n\n\n\n<ul class=\"wp-block-list\">\n<li>Tarkista <a href=\"https:\/\/www.turku.fi\/kulttuuri\/vapaa-ajan-opiskelijaedut\">t\u00e4\u00e4lt\u00e4<\/a> mit\u00e4 opiskelijaetuja saat kulttuurikohteista!<\/li>\n<\/ul>\n\n\n\n<h2 class=\"wp-block-heading\">Muuta vapaa-ajan toimintaa\/tekemist\u00e4 Turussa ja l\u00e4hiseudulla:<\/h2>\n\n\n\n<ul class=\"wp-block-list\">\n<li>Turusta kauppatorin laidalta l\u00f6yd\u00e4t <a href=\"https:\/\/www.finnkino.fi\/teatterit\/finnkino-kinopalatsi-turku\/\">Finnkinon elokuvateatterin <\/a><\/li>\n\n\n\n<li>Turun <a href=\"https:\/\/www.turku.fi\/liikunta\">liikuntapalvelut, liikuntapaikat sek\u00e4 ohjattu liikunta<\/a><\/li>\n\n\n\n<li>Turun kauppakeskukset: <a href=\"https:\/\/hansakortteli.fi\">Hansakortteli<\/a>, <a href=\"https:\/\/www.skanssi.fi\">Skanss<\/a>i sek\u00e4 <a href=\"https:\/\/www.kauppakeskusmylly.fi\">Mylly<\/a> Raisiossa (Myllyyn hyv\u00e4t bussiyhteydet Turusta)<\/li>\n\n\n\n<li>Naantalin <a href=\"https:\/\/visitnaantali.com\/kohteet\/vanhakaupunki\/\">vanhakaupunki<\/a> ja <a href=\"https:\/\/www.naantali.fi\/fi\/kulttuuri-ja-liikunta\/museot-ja-nayttelyt\/naantalin-museo\">museo<\/a><\/li>\n\n\n\n<li><a href=\"https:\/\/www.rengastie.fi\">Saariston rengastie<\/a> kes\u00e4isiin py\u00f6r\u00e4retkiin tai kotimaan road tripille<\/li>\n\n\n\n<li>Historian havinaa <a href=\"https:\/\/www.visitseili.fi\/fi\/\">Seilin saaressa<\/a><\/li>\n\n\n\n<li>Turussa j\u00e4rjestet\u00e4\u00e4n vuosittain <a href=\"https:\/\/www.joulukaupunkiturku.fi\/fi\/valon-polku\/\">valon polku<\/a>, joka t\u00e4ytt\u00e4\u00e4 kaupungin valotaiteella joulukuun alussa<\/li>\n\n\n\n<li>Turku on suomen <a href=\"https:\/\/www.joulukaupunkiturku.fi\/fi\/\">joulukaupunki<\/a> ja joulun l\u00e4hestyess\u00e4 kaupunki t\u00e4yttyykin erilaisista joulun ajan aktiviteeteista ja tunnelmasta<\/li>\n\n\n\n<li>Kes\u00e4aikaan kirkkopuisto t\u00e4yttyy el\u00e4m\u00e4ll\u00e4, kun <a href=\"https:\/\/kirkkopuistonterassi.com\">kirkkopuiston terassi<\/a> aukeaa<\/li>\n\n\n\n<li>Kiinnostaako syksyinen maakuntamatka? Suuntaa Saloon <a href=\"https:\/\/www.kurpitsaviikot.fi\">kurpitsaviikoille<\/a><\/li>\n\n\n\n<li>Turussa j\u00e4rjestet\u00e4\u00e4n vuosittain lokakuussa <a href=\"https:\/\/app.eventos.fi\/turun-kirjamessut\/website\/etusivu\">kirjamessut<\/a><\/li>\n<\/ul>\n\n\n\n<p><\/p>\n","protected":false},"excerpt":{"rendered":"<p>Onko Turku sinulle uusi paikka? T\u00e4lle sivulle on koottu tulevalle Turkulaiselle opiskelijalle t\u00e4rke\u00e4t\/hy\u00f6dylliset tiedot ja my\u00f6s muuta kivaa tekemist\u00e4 Turussa ja l\u00e4hiseudulla. Kuvat: Lara Engels T\u00e4rke\u00e4t asiat: Joukkoliikenne: Turun ja l\u00e4hiseutujen joukkoliikenteest\u00e4 vastaa F\u00f6li. F\u00f6lin bussit viev\u00e4t sinut sujuvasti paikasta toiseen niin Turun sis\u00e4ll\u00e4, kuin my\u00f6s l\u00e4hikuntiin. Bussimatkat ovat kaikkialla saman hintaiset ja vaihtoaika on [&hellip;]<\/p>\n","protected":false},"author":196,"featured_media":0,"parent":0,"menu_order":0,"comment_status":"closed","ping_status":"closed","template":"","meta":{"_kad_blocks_custom_css":"","_kad_blocks_head_custom_js":"","_kad_blocks_body_custom_js":"","_kad_blocks_footer_custom_js":"","footnotes":""},"class_list":["post-1555","page","type-page","status-publish","czr-hentry"],"taxonomy_info":[],"featured_image_src_large":false,"author_info":{"display_name":"Germanica","author_link":"https:\/\/tyyala.utu.fi\/germanica\/author\/germanica\/"},"comment_info":0,"_links":{"self":[{"href":"https:\/\/tyyala.utu.fi\/germanica\/wp-json\/wp\/v2\/pages\/1555","targetHints":{"allow":["GET"]}}],"collection":[{"href":"https:\/\/tyyala.utu.fi\/germanica\/wp-json\/wp\/v2\/pages"}],"about":[{"href":"https:\/\/tyyala.utu.fi\/germanica\/wp-json\/wp\/v2\/types\/page"}],"author":[{"embeddable":true,"href":"https:\/\/tyyala.utu.fi\/germanica\/wp-json\/wp\/v2\/users\/196"}],"replies":[{"embeddable":true,"href":"https:\/\/tyyala.utu.fi\/germanica\/wp-json\/wp\/v2\/comments?post=1555"}],"version-history":[{"count":7,"href":"https:\/\/tyyala.utu.fi\/germanica\/wp-json\/wp\/v2\/pages\/1555\/revisions"}],"predecessor-version":[{"id":1609,"href":"https:\/\/tyyala.utu.fi\/germanica\/wp-json\/wp\/v2\/pages\/1555\/revisions\/1609"}],"wp:attachment":[{"href":"https:\/\/tyyala.utu.fi\/germanica\/wp-json\/wp\/v2\/media?parent=1555"}],"curies":[{"name":"wp","href":"https:\/\/api.w.org\/{rel}","templated":true}]}}