{"id":1552,"date":"2026-05-09T00:58:43","date_gmt":"2026-05-08T22:58:43","guid":{"rendered":"https:\/\/tyyala.utu.fi\/germanica\/?page_id=1552"},"modified":"2026-05-12T12:17:23","modified_gmt":"2026-05-12T10:17:23","slug":"piltin-muistilista","status":"publish","type":"page","link":"https:\/\/tyyala.utu.fi\/germanica\/piltin-muistilista\/","title":{"rendered":"Piltin muistilista"},"content":{"rendered":"\n<p>T\u00e4lle sivulle on koottu t\u00e4rkeit\u00e4 asioita, jotka tulisi muistaa tehd\u00e4 jo ennen orientaation alkua <\/p>\n\n\n\n<p><\/p>\n\n\n\n<ul class=\"wp-block-list\">\n<li>Ota opiskelupaikka vastaan ja ilmoittaudu yliopistoon<\/li>\n\n\n\n<li>Etsi itsellesi sopiva asunto, joka on hyvien yhteyksien p\u00e4\u00e4ss\u00e4 yliopistolta<\/li>\n\n\n\n<li>Hae opintotukea ja asumistukea kelalta<\/li>\n\n\n\n<li>Ota opiskelijakortti k\u00e4ytt\u00f6\u00f6n (<a href=\"https:\/\/d1zyzea0wl88vh.cloudfront.net\">Tuudo<\/a> ja\/tai <a href=\"https:\/\/www.frank.fi\">Frank<\/a>)<\/li>\n\n\n\n<li><a href=\"https:\/\/tyyala.utu.fi\/germanica\/jasenyys-mitgliedschaft\/\">Liity Germanican j\u00e4seneksi<\/a><\/li>\n<\/ul>\n\n\n\n<p>Tutustu my\u00f6s <a href=\"https:\/\/www.utu.fi\/fi\/opiskelijaksi\/uudelle-opiskelijalle\">Turun yliopiston<\/a> ja <a href=\"https:\/\/www.tyy.fi\/fi\/tervetuloa-uusi-opiskelija\">TYYn<\/a> uuden opiskelijan sivuihin!<\/p>\n\n\n\n<p><\/p>\n\n\n\n<p>Lista sosiaalisen median kanavista, joista voi olla hy\u00f6ty\u00e4:<\/p>\n\n\n\n<p>Instagram:<\/p>\n\n\n\n<ul class=\"wp-block-list\">\n<li>@uniturku<\/li>\n\n\n\n<li>@deutschesprache_uniturku<\/li>\n\n\n\n<li>@germanicary<\/li>\n\n\n\n<li>@humanitasry<\/li>\n\n\n\n<li>@studentuniontyy<\/li>\n\n\n\n<li>@utukievi<\/li>\n\n\n\n<li>@kieliaturussa<\/li>\n\n\n\n<li>@libuniturku<\/li>\n\n\n\n<li>@opiskelijatapahtumatturussa<\/li>\n<\/ul>\n","protected":false},"excerpt":{"rendered":"<p>T\u00e4lle sivulle on koottu t\u00e4rkeit\u00e4 asioita, jotka tulisi muistaa tehd\u00e4 jo ennen orientaation alkua Tutustu my\u00f6s Turun yliopiston ja TYYn uuden opiskelijan sivuihin! Lista sosiaalisen median kanavista, joista voi olla hy\u00f6ty\u00e4: Instagram:<\/p>\n","protected":false},"author":196,"featured_media":0,"parent":0,"menu_order":0,"comment_status":"closed","ping_status":"closed","template":"","meta":{"_kad_blocks_custom_css":"","_kad_blocks_head_custom_js":"","_kad_blocks_body_custom_js":"","_kad_blocks_footer_custom_js":"","footnotes":""},"class_list":["post-1552","page","type-page","status-publish","czr-hentry"],"taxonomy_info":[],"featured_image_src_large":false,"author_info":{"display_name":"Germanica","author_link":"https:\/\/tyyala.utu.fi\/germanica\/author\/germanica\/"},"comment_info":0,"_links":{"self":[{"href":"https:\/\/tyyala.utu.fi\/germanica\/wp-json\/wp\/v2\/pages\/1552","targetHints":{"allow":["GET"]}}],"collection":[{"href":"https:\/\/tyyala.utu.fi\/germanica\/wp-json\/wp\/v2\/pages"}],"about":[{"href":"https:\/\/tyyala.utu.fi\/germanica\/wp-json\/wp\/v2\/types\/page"}],"author":[{"embeddable":true,"href":"https:\/\/tyyala.utu.fi\/germanica\/wp-json\/wp\/v2\/users\/196"}],"replies":[{"embeddable":true,"href":"https:\/\/tyyala.utu.fi\/germanica\/wp-json\/wp\/v2\/comments?post=1552"}],"version-history":[{"count":3,"href":"https:\/\/tyyala.utu.fi\/germanica\/wp-json\/wp\/v2\/pages\/1552\/revisions"}],"predecessor-version":[{"id":1603,"href":"https:\/\/tyyala.utu.fi\/germanica\/wp-json\/wp\/v2\/pages\/1552\/revisions\/1603"}],"wp:attachment":[{"href":"https:\/\/tyyala.utu.fi\/germanica\/wp-json\/wp\/v2\/media?parent=1552"}],"curies":[{"name":"wp","href":"https:\/\/api.w.org\/{rel}","templated":true}]}}