{"id":1549,"date":"2026-05-09T00:56:30","date_gmt":"2026-05-08T22:56:30","guid":{"rendered":"https:\/\/tyyala.utu.fi\/germanica\/?page_id=1549"},"modified":"2026-05-12T13:04:29","modified_gmt":"2026-05-12T11:04:29","slug":"yliopisto-suomi-sanakirja-2","status":"publish","type":"page","link":"https:\/\/tyyala.utu.fi\/germanica\/yliopisto-suomi-sanakirja-2\/","title":{"rendered":"Yliopisto-suomi-sanakirja"},"content":{"rendered":"\n<p>Tuntuuko, ett\u00e4 kaikkialla vilisee vieraita termej\u00e4? Ei h\u00e4t\u00e4\u00e4, kokosimme yliopisto-suomi-sanakirjan, josta l\u00f6yd\u00e4t selityksen yleisimmille yliopisto- ja opiskelijael\u00e4m\u00e4\u00e4n liittyvist\u00e4 sanoista.<\/p>\n\n\n\n<p>Jos jokin termi ei l\u00f6yd\u00e4 t\u00e4\u00e4lt\u00e4, mutta palat silti halusta tiet\u00e4\u00e4, mit\u00e4 se tarkoittaa, kysy tuutorilta tai kenelt\u00e4 tahansa Germanicalaiselta!<\/p>\n\n\n\n<p><\/p>\n\n\n\n<p><strong>Yliopisto-suomi<\/strong><\/p>\n\n\n\n<p><strong><em>Akateeminen vartti:<\/em><\/strong> luennot alkavat aina varttia yli ja loppuvat varttia vaille. Jos luentosi on siis ilmoitettu alkavan esimerkiksi klo 10 ja loppuvan klo 12 alkaa se todellisuudessa klo 10.15 ja loppuu klo 11.45. T\u00e4m\u00e4 p\u00e4tee aina kaikissa p\u00e4iv\u00e4n luennoissa, eli sinulla on aina 30 min tauko\/siirtymisaika luentojesi v\u00e4liss\u00e4. HUOM! jos luentosi aika on ilmoitettu t\u00e4ss\u00e4 muodossa: 10.15-11.45, on akateeminen vartti laskettu automaattisesti mukaan. \u00c4l\u00e4 siis saavu t\u00e4ss\u00e4 muodossa ilmoitetulle luennolle varttia my\u00f6hemmin!<\/p>\n\n\n\n<p><strong><em>Fuksi:<\/em><\/strong> Yleinen nimitys 1. vuoden opiskelijoista. Saksan ja yleens\u00e4 my\u00f6s muide humanististen aineiden fuksit ovat <strong><em>pilttej\u00e4<\/em><\/strong>!<\/p>\n\n\n\n<p><strong><em>TYY:<\/em><\/strong> Turun yliopiston ylioppilaskunta, joka toimii opiskelijoide edunvalvojana ja palvelujen tarjoajana. Jokainen Turun yliopiston perustutkinto-opiskelija on osa TYYt\u00e4. TYY on perustettu vuonna 1922.<\/p>\n\n\n\n<p><strong><em>Humanitas ry:<\/em><\/strong> Turun yliopiston humanististen ainej\u00e4rjest\u00f6jen kattoj\u00e4rjest\u00f6 sek\u00e4 Turkulaisten humanistien edunvalvoja. Humanitas perustettiin vuonna 2006.<\/p>\n\n\n\n<p><strong><em>Germanica ry:<\/em><\/strong> saksan kielen opiskelijoiden ainej\u00e4rjest\u00f6 ja edunvalvonta. Germanica on perustettu vuonna 1961.<\/p>\n\n\n\n<p><strong><em>P\u00e4\u00e4aine:<\/em><\/strong> se oppiaine, josta teet kadidaatintutkielmasi sek\u00e4 gradun. Saksan opiskelijana p\u00e4\u00e4aineesi on saksan kieli.<\/p>\n\n\n\n<p><strong><em>Sivuaine<\/em><\/strong>: p\u00e4\u00e4aineen lis\u00e4ksi tarvitset sivuaineen tai sivuaineita. Saksan opiskelijoilla ei ole pakollisia sivuaineita, vaan voit vapaasti valita itse\u00e4si kiinnostavia sivuaineita. Muista silti mietti\u00e4 hieman, miten sivuaine hy\u00f6dytt\u00e4\u00e4 sinua tulevaisuudessa. Turun yliopistossa suuri osa sivuaineista on vapaita,  eli voit vain ilmoittautua kursseille. Jos haluat opiskella toista kielt\u00e4 sivuaineenasi tulee sinun osallistua kielten sivuainekokeeseen. HUOM! kievin kieliopintoja ei lasketa sivuaineeksi.<\/p>\n\n\n\n<p><strong><em>Kandi<\/em><\/strong>: noin 20 sivun mittainen tutkielma, joka kirjoitetaan yleisimmin kolmantena opiskeluvuonna. Saksan opiskelijat kirjoittavat kandidaatintutkielman saksaksi. T\u00e4m\u00e4 saattaa kuulostaa suurelta pelottavalta asialta tulevaisuudessa, mutta oikeasti sit\u00e4 ei tarvitse pel\u00e4t\u00e4 ja sen tekemiseen saat runsaasti tukea. Voit my\u00f6s kysy\u00e4 vanhemmilta opiskelijoilta kokemuksia ja vinkkej\u00e4 kandin kirjoittamisesta.<\/p>\n\n\n\n<p><strong><em>Kyps\u00e4ri:<\/em><\/strong> kypsyysn\u00e4yte eli suomen- tai ruotsinkielinen tiivistelm\u00e4 omasta kandidaatintutkielmastasi. Kirjoitetaan tenttitilassa ja tarkoituksena on varmistaa, ett\u00e4 olet itse kirjoittanut oman tutkielmasi. <\/p>\n\n\n\n<p><strong><em>Maisteri: <\/em><\/strong>kun olet valmistunut kandiksi, siirryt n. 2 vuotta kest\u00e4v\u00e4\u00e4n maisterivaiheeseen. Maisterivaiheen aikana suoritat syvent\u00e4vi\u00e4 kursseja omasta suuntautmisalastasi. Lopulta kirjoitetaan Pro Gradu -tutkielma, jonka j\u00e4lkeen valmistut humanististen tieteiden kandidaatiksi ja filosofian maisteriksi.<\/p>\n\n\n\n<p><strong><em>Pedat\/pedagogiset:<\/em><\/strong> opettajan pedagogiset opinnot. Opintokokonaisuus, joka on suoritettava, mik\u00e4li haluat valmistua opettajaksi. Suoritetaan yleens\u00e4 maisterivaiheessa, mutta voit my\u00f6s suorittaa sen aikaisemmin, mik\u00e4li se sopii muiden opintojen kanssa. Pedagogisiin tulee varata kokonainen vuosi, sill\u00e4 opinnot suoritetaan yhden vuoden aikana kasvatustieteen tiedekunnassa. Opintoihin sis\u00e4ltyy teroiakursseja, opetusta yliopistolla sek\u00e4 harjoitteluja <strong><em>norssilla<\/em><\/strong> eli Turun normaalikoulussa. HUOM! voit halutessasi suorittaa perusopintoja, jo ennen varsinaista pedagogista vuotta.<\/p>\n\n\n\n<p><strong>Periodi: <\/strong>lukuvuosi jakaantuu kahteen lukukauteen (syys- ja kev\u00e4tlukukausi) ja molemmissa lukuakusissa on kaksi periodia. Yksi lukuvuosi koostuu siis nelj\u00e4st\u00e4 periodista. Muistuttaa hieman lukion jaksoja. Periodien 1 ja 2 sek\u00e4 3 ja 4 v\u00e4liss\u00e4 on <strong><em>opetusvapaa<\/em><\/strong> viikko, jolloin sinulla on aikaa tehd\u00e4 tenttej\u00e4 tai muita opintoteht\u00e4vi\u00e4. <\/p>\n\n\n\n<p><strong><em>Noppa\/opintopiste:<\/em><\/strong> n\u00e4it\u00e4 saat kursseja suorittamalla. Suositus on, ett\u00e4 saisit 30 opintopistett\u00e4 per lukukausi eli koko lukuvuodesta yhteens\u00e4 60 opintopistett\u00e4. Jotta saat kelan tukia, tulee sinun suorittaa 20 opintopistett\u00e4 lukuvuodessa. Saksan kielen opinnoissa l\u00e4hes kaikki kurssit ovat 5 opintopistett\u00e4. <\/p>\n\n\n\n<p><strong><em>Peppi:<\/em><\/strong> peppi on opiskelijoiden opintorekisteri. Sielt\u00e4 l\u00f6yd\u00e4t omaan tutkintoosi kuuluvat opinnot, ilmoittaudut kursseille, n\u00e4et opinto-oppaan ja suoritetut kurssit sek\u00e4 niiden arvosanat.<\/p>\n\n\n\n<p><strong><em>Hops:<\/em><\/strong> lyhenne sanalle henkil\u00f6kohtainen opintosuunnitelma. Kaikki opiskelijat laativat ensimm\u00e4isen opiskeluvuoden aikana HOPSin oppiaineen HOPS-ohjaajan kanssa. HOPSin tarkoituksena on auttaa hahmottamaan opintojesi rakennetta sek\u00e4 auttaa tutkintosi suunnittelussa. <\/p>\n\n\n\n<p><strong><em>Tenttiakvaario: <\/em><\/strong>nimitys yliopiston tenttitiloista. Etenkin massakursseilla on usein tentti, johon ilmoittaudut Examissa itsellesi sopivana ajankohtana. Voit siis vapaasti valita min\u00e4 viikonp\u00e4iv\u00e4n\u00e4 ja kellonaikana haluat tehd\u00e4 tentin. Tenttitilojen ulkopuolella on lokerot johon j\u00e4t\u00e4t kaikki tavarasi ja mukaan tenttitilaan otat ainostaan lokerosi avaimen sek\u00e4 yliopiston kulkul\u00e4tk\u00e4n. Tenttitiloissa on kameravalvonta, joiden tallenteita k\u00e4ytet\u00e4\u00e4n vilppiep\u00e4ilytapauksissa. <\/p>\n\n\n\n<p><strong><em>YTHS:<\/em><\/strong> ylioppilaiden terveydenhuoltos\u00e4\u00e4ti\u00f6. Vastaa Suomen yliopisto-opiskelijoiden terveydenhuollosta. YTHS perii kaksi kertaa vuodessa maksun, joka jokaisen yliopisto-opiskelijan tulee maksaa suoraan kelan sivuilta. Maksu tulee kev\u00e4t- ja syyslukuakudella yleens\u00e4 15.3. sek\u00e4 15.11. \u00c4l\u00e4 huoli, j\u00e4rjest\u00f6si tiedotusvastaava muistuttaa t\u00e4st\u00e4 mm. Germanica Mailissa.<\/p>\n\n\n\n<p><strong><em>Germanica Mail:<\/em><\/strong> viikottainen Germanican j\u00e4senist\u00f6lle l\u00e4hetett\u00e4v\u00e4 tiedotekirje, johon kootaan Germanican omia tapahtumia ja tiedotusasioita, Humanitaan tapahtumia sek\u00e4 tiedotusasioita, TYYn tiedotusasiat sek\u00e4 muuta hy\u00f6dyllist\u00e4 tietoa. Germanica Mailin kokoaa Germanican hallituksen posti- ja tiedotusvastaava. Jos olet Germanican j\u00e4sen ja ilmoittanut j\u00e4senhakemuslomakkeessa haluavasi liitty\u00e4 Germanican s\u00e4hk\u00f6postilistalle ja ilmoittanut s\u00e4hk\u00f6postiosoitteesi, niin saat viikottaisen Germanica Mailin ilmoittamaasi s\u00e4hk\u00f6postiosoitteeseen. J\u00e4ik\u00f6 t\u00e4m\u00e4 huomaamatta tai kielt\u00e4ydyit tehdess\u00e4si j\u00e4senhakemusta? Ei h\u00e4t\u00e4\u00e4, kerro asiasta Germanican posti- ja tiedotusvastaavalle, niin p\u00e4\u00e4set s\u00e4hk\u00f6postilistalle.<\/p>\n\n\n\n<p><strong>Approt: <\/strong>opiskelijatapahtuma, jossa kierret\u00e4\u00e4n eri paikkoja ja ker\u00e4t\u00e4\u00e4n leimoja leimakarttaan. Yleisimpi\u00e4 kiertelypaikkoja ovat Turun baarit ja ravintolat\/pikaruokapaikat. Suuremmilla approilla on usein niin paljon eri vaihtoehtoja, ett\u00e4 ei ole edes mahdollista kiert\u00e4\u00e4 kaikkia paikkoja. Turun suurimpia approja ovat Aurasoutu approt syksyisin ja Pikkulaskiainen kev\u00e4\u00e4ll\u00e4. Kaikki approt ovat j\u00e4rjestetty niin, ett\u00e4 voit suorittaa ne t\u00e4ysin alkoholittomasti.<\/p>\n\n\n\n<p><strong><em>Sitsit: <\/em><\/strong>akateeminen p\u00f6yt\u00e4juhla, jossa istutaan ennalta m\u00e4\u00e4r\u00e4tyn istumaj\u00e4rjestyksen mukaan (yleens\u00e4 saa esitt\u00e4\u00e4 yhden kaveri\/p\u00f6yt\u00e4seuruetoiveen). Sitseill\u00e4 lauletaan, sy\u00f6d\u00e4\u00e4n jotain pient\u00e4 ja juodaan. Voit aina osallistua sitseille t\u00e4ysin alkoholittomasti. Sitseill\u00e4 tarjotaan yleens\u00e4 1-2 juomaa ja shottia, mutta monet ottavat mukkansa n\u00e4iden lis\u00e4ksi omia juomia. P\u00e4\u00e4piirteiss\u00e4\u00e4n sitseill\u00e4 siis lauletaan ja jokaisen laulun p\u00e4\u00e4tteeksi skoolataan. S\u00e4\u00e4nn\u00f6t vaihtelevat ainej\u00e4rjest\u00f6itt\u00e4in ja siksi ne kerrataan aina sitsien alussa. Mik\u00e4li joku j\u00e4i mietitytt\u00e4m\u00e4\u00e4n, voit aina kysy\u00e4 kokeneemmilta sitsaajilta tai hallituksen tapahtumavastaavilta.<\/p>\n\n\n\n<p><strong><em>Vujut:<\/em><\/strong> vuosijuhlat joiden tarkoituksena on juhlistaa ainej\u00e4rjest\u00f6n ik\u00e4\u00e4ntymist\u00e4. Germanican vuosijuhlia vietet\u00e4\u00e4n viiden vuoden v\u00e4lein, seuraavan kerran marraskuussa 2026. <\/p>\n\n\n\n<p><strong><em>Haalarit:<\/em><\/strong> jokaisen yliopisto-opiskelijan arvokkain asu. Haalarit tilataan syyslukukauden alussa, kun uudet piltit saapuvat. Piltit tekev\u00e4t haalaritilauksen itse ja ker\u00e4\u00e4v\u00e4t niihin sponsorit. T\u00e4m\u00e4 kannattaa aloittaa ajoissa! Jokaisella ainej\u00e4rjst\u00f6ll\u00e4 on omanlaisensa haalarit. Turun yliopiston saksan opiskelijoilla on mustat lahkeet, punainen keskiosa ja keltaiset hihat.<\/p>\n\n\n\n<p><strong><em>Assari:<\/em><\/strong> yksi Unican opiskelijaravintoloista. Kokonimelt\u00e4\u00e4n Assarin ullakko. Auki Ma-Pe klo 10.30-20 (viikonloppuisin eri ajat).<\/p>\n\n\n\n<p><strong><em>Maccis:<\/em><\/strong> yksi Unican opiskelijaravintoloista, joka sijaitsee Educariumilla. Kokonimelt\u00e4\u00e4n Macciavelli. <\/p>\n\n\n\n<p><strong><em>Akateeminen hese:<\/em><\/strong> yliopistonm\u00e4en juurella sijaitseva Hesburger. <\/p>\n\n\n\n<p><strong><em>Arcanum\/Arccis:<\/em><\/strong> humanistisen tiedekunnan rakennus, joka sijaitsee alakampuksella. T\u00e4\u00e4ll\u00e4 j\u00e4rjestet\u00e4\u00e4n valtaosa kieli- ja k\u00e4\u00e4nn\u00f6stieteen laitoksen opetuksesta. <\/p>\n\n\n\n<p><strong>Kievi:<\/strong> Kieli- ja viestint\u00e4opistojen keskus, joka vastaa kaikkien tiedekuntien tutkintoihin kuuluvista kieli- ja viestint\u00e4opinnoista. Kieviss\u00e4 j\u00e4rjestet\u00e4\u00e4n mm.  saksan opiskelijoiden tutkintoon pakolliset ruotsin kurssit ja asiantuntijan vuorovaikutusosaamisen kurssi. Kieviss\u00e4 vois opiskella my\u00f6s muita kieli\u00e4 alkeistasosta l\u00e4htien. Muista kuitenkin, ett\u00e4 kievin kieliopinnoista voit saada opintokokonaisuuden, mutta sit\u00e4 ei lasketa sivuaineeksi. Et my\u00f6sk\u00e4\u00e4n voi saada opiskella toista opetettavaa kielt\u00e4 kieviss\u00e4. Mik\u00e4li haluat esim. opettaa toista kielt\u00e4, on sinun k\u00e4yt\u00e4v\u00e4 sivuaineopinnot t\u00e4st\u00e4 kielest\u00e4 humanistisessa tiedekunnassa.<\/p>\n\n\n\n<p><strong><em>Lygas:<\/em><\/strong> lyhenne Turun vanhimmalle yksityiselle y\u00f6kerholle Night Club Marilynille ja Vegasille, jossa j\u00e4rjestet\u00e4\u00e4n valtaosa opiskelijatapahtumien jatkoista sek\u00e4 bileit\u00e4. Lygasissa on kaksi eri puolta Marilyn (lyni) ja Vegas, joissa molemmissa j\u00e4rjestet\u00e4\u00e4n jatkobileit\u00e4. Olet saattanut t\u00f6rm\u00e4t\u00e4 my\u00f6s sanaan <strong><em>lynihelmet<\/em><\/strong> tai n\u00e4hnyt opiskelijoiden haalareissa helisev\u00e4n v\u00e4rikk\u00e4it\u00e4 helmi\u00e4 ja miettinyt mist\u00e4 niit\u00e4 saa ja mit\u00e4 ne ovat. Lynihelmi\u00e4 saat tilaamalla tiettyj\u00e4 juomia lynist\u00e4 tai vegasista. Lygasin l\u00f6yd\u00e4t osoitteesta Eerikinkatu 19.<\/p>\n\n\n\n<p><strong><em>Sopo:<\/em><\/strong> lyhyempi nimitys sosiaalipoliittiselle vastaavalle ainej\u00e4rjest\u00f6n hallituksessa. Sopon teht\u00e4viin kuuluu j\u00e4rjest\u00e4\u00e4n erilaisia matalan kynnykset tapahtumia, kuten kahvitunnit tai lautapeli-illat  ja liikuntatapahtumia. <\/p>\n\n\n\n<p><strong><em>Kopo:<\/em><\/strong> lyhyempi nimitys koulutuspoliittiselle vastaavalle ainej\u00e4rjest\u00f6n hallituksessa. Kopon teht\u00e4viin kuuluu mm. yhteydenpito ainej\u00e4rjest\u00f6n ja oppiaineen v\u00e4lill\u00e4, osallistua oppiainekokouksiin sek\u00e4 ker\u00e4t\u00e4 palautetta kursseista. Jos kurssien opetuksesta, tenteist\u00e4 tai mist\u00e4 tahansa opetukseen liittyv\u00e4st\u00e4 j\u00e4\u00e4 jotain hampaankoloon, ole rohkeasti yhteydess\u00e4 oman ainej\u00e4rjest\u00f6si kopoon. Sivuaineeseen liittyviss\u00e4 ongelmissa kannattaa olla yhteydess\u00e4 heid\u00e4n ainej\u00e4rjest\u00f6n kopoon.<\/p>\n\n\n\n<p><strong><em>Tapsu:<\/em><\/strong> ainej\u00e4rjest\u00f6n tapahtumavastaava, jonka teht\u00e4v\u00e4n\u00e4 on j\u00e4rjest\u00e4\u00e4 j\u00e4senist\u00f6lle tapahtumia, kuten sitsej\u00e4 ja bileit\u00e4.<\/p>\n\n\n\n<p><strong><em>Talho:<\/em><\/strong> ainej\u00e4rjest\u00f6n taloudenhoitaja, joka hoitaa mm. ainej\u00e4rjest\u00f6n laskujen maksun ja on vastuussa pankkitilist\u00e4. <\/p>\n\n\n\n<p><\/p>\n","protected":false},"excerpt":{"rendered":"<p>Tuntuuko, ett\u00e4 kaikkialla vilisee vieraita termej\u00e4? Ei h\u00e4t\u00e4\u00e4, kokosimme yliopisto-suomi-sanakirjan, josta l\u00f6yd\u00e4t selityksen yleisimmille yliopisto- ja opiskelijael\u00e4m\u00e4\u00e4n liittyvist\u00e4 sanoista. Jos jokin termi ei l\u00f6yd\u00e4 t\u00e4\u00e4lt\u00e4, mutta palat silti halusta tiet\u00e4\u00e4, mit\u00e4 se tarkoittaa, kysy tuutorilta tai kenelt\u00e4 tahansa Germanicalaiselta! Yliopisto-suomi Akateeminen vartti: luennot alkavat aina varttia yli ja loppuvat varttia vaille. Jos luentosi on siis [&hellip;]<\/p>\n","protected":false},"author":196,"featured_media":0,"parent":0,"menu_order":0,"comment_status":"closed","ping_status":"closed","template":"","meta":{"_kad_blocks_custom_css":"","_kad_blocks_head_custom_js":"","_kad_blocks_body_custom_js":"","_kad_blocks_footer_custom_js":"","footnotes":""},"class_list":["post-1549","page","type-page","status-publish","czr-hentry"],"taxonomy_info":[],"featured_image_src_large":false,"author_info":{"display_name":"Germanica","author_link":"https:\/\/tyyala.utu.fi\/germanica\/author\/germanica\/"},"comment_info":0,"_links":{"self":[{"href":"https:\/\/tyyala.utu.fi\/germanica\/wp-json\/wp\/v2\/pages\/1549","targetHints":{"allow":["GET"]}}],"collection":[{"href":"https:\/\/tyyala.utu.fi\/germanica\/wp-json\/wp\/v2\/pages"}],"about":[{"href":"https:\/\/tyyala.utu.fi\/germanica\/wp-json\/wp\/v2\/types\/page"}],"author":[{"embeddable":true,"href":"https:\/\/tyyala.utu.fi\/germanica\/wp-json\/wp\/v2\/users\/196"}],"replies":[{"embeddable":true,"href":"https:\/\/tyyala.utu.fi\/germanica\/wp-json\/wp\/v2\/comments?post=1549"}],"version-history":[{"count":5,"href":"https:\/\/tyyala.utu.fi\/germanica\/wp-json\/wp\/v2\/pages\/1549\/revisions"}],"predecessor-version":[{"id":1611,"href":"https:\/\/tyyala.utu.fi\/germanica\/wp-json\/wp\/v2\/pages\/1549\/revisions\/1611"}],"wp:attachment":[{"href":"https:\/\/tyyala.utu.fi\/germanica\/wp-json\/wp\/v2\/media?parent=1549"}],"curies":[{"name":"wp","href":"https:\/\/api.w.org\/{rel}","templated":true}]}}