{"id":1536,"date":"2026-05-09T00:47:47","date_gmt":"2026-05-08T22:47:47","guid":{"rendered":"https:\/\/tyyala.utu.fi\/germanica\/?page_id=1536"},"modified":"2026-05-12T12:29:23","modified_gmt":"2026-05-12T10:29:23","slug":"uudet-opiskelijat","status":"publish","type":"page","link":"https:\/\/tyyala.utu.fi\/germanica\/uudet-opiskelijat\/","title":{"rendered":"Uudet opiskelijat"},"content":{"rendered":"\n<p>L\u00e4mpim\u00e4t onnittelut opiskelupaikasta!<\/p>\n\n\n\n<p>Olet l\u00e4mpim\u00e4sti tervetullut osaksi Turun yliopiston, humanistisen tiedekunnan sek\u00e4 tietenkin Germanican yhteis\u00f6\u00e4. Edess\u00e4si on uusi j\u00e4nnitt\u00e4v\u00e4 el\u00e4m\u00e4nvaihe, joka tulee sis\u00e4lt\u00e4m\u00e4\u00e4n varmasti ikimuistoisia hetki\u00e4 ja uusia kasvoja, mutta my\u00f6s ahkeraa opiskelua. Yliopisto on ihanaa, j\u00e4nnitt\u00e4v\u00e4\u00e4 ja hauskaa aikaa, joten muista ottaa siit\u00e4 kaikki ilo irti! Alussa informaation m\u00e4\u00e4r\u00e4 saattaa tuntua raskaalta ja etenkin ensimm\u00e4isin\u00e4 orientaatiop\u00e4ivin\u00e4 informaatiotulva voi tuntua uuvuttavalta. Ei kuitenkaan h\u00e4t\u00e4\u00e4! Kaikkea ei tarvitse eik\u00e4 kuulukaan heti muista. Tuutorit ovat apunasi ensimm\u00e4isin\u00e4 viikkoina ja heilt\u00e4 voi rohkeasti kysy\u00e4, jos jokin askarruttaa. Vaikka alku voi kaiken uuden keskell\u00e4 tuntua v\u00e4sytt\u00e4v\u00e4lt\u00e4, niin huomaat miten syksyn my\u00f6t\u00e4 asiat alkavat selkiyty\u00e4 ja uudet kummalliset yliopistotermit ovatkin osa jokap\u00e4iv\u00e4ist\u00e4 sanastoasi.<\/p>\n\n\n\n<p><\/p>\n\n\n\n<p>Olemme koonneet hy\u00f6dyllisi\u00e4 informaatioita helpottamaan opintojen aloitusta, joten kurkkaathan ne!<\/p>\n\n\n\n<p><\/p>\n\n\n\n<p>Viel\u00e4 kerran onnea opiskelupaikasta ja tervetuloa Turun yliopistoon ja Turkuun!<\/p>\n\n\n\n<figure class=\"wp-block-gallery has-nested-images columns-default is-cropped wp-block-gallery-1 is-layout-flex wp-block-gallery-is-layout-flex\">\n<figure class=\"wp-block-image size-large\"><a href=\"https:\/\/tyyala.utu.fi\/germanica\/wp-content\/uploads\/sites\/37\/2026\/05\/IMG_7742.jpg\"><img loading=\"lazy\" decoding=\"async\" width=\"1024\" height=\"1024\" data-id=\"1542\" src=\"https:\/\/tyyala.utu.fi\/germanica\/wp-content\/uploads\/sites\/37\/2026\/05\/IMG_7742-1024x1024.jpg\" alt=\"\" class=\"wp-image-1542\" srcset=\"https:\/\/tyyala.utu.fi\/germanica\/wp-content\/uploads\/sites\/37\/2026\/05\/IMG_7742-1024x1024.jpg 1024w, https:\/\/tyyala.utu.fi\/germanica\/wp-content\/uploads\/sites\/37\/2026\/05\/IMG_7742-300x300.jpg 300w, https:\/\/tyyala.utu.fi\/germanica\/wp-content\/uploads\/sites\/37\/2026\/05\/IMG_7742-150x150.jpg 150w\" sizes=\"auto, (max-width: 1024px) 100vw, 1024px\" \/><\/a><\/figure>\n\n\n\n<figure class=\"wp-block-image size-large\"><a href=\"https:\/\/tyyala.utu.fi\/germanica\/wp-content\/uploads\/sites\/37\/2026\/05\/IMG_7744.jpg\"><img loading=\"lazy\" decoding=\"async\" width=\"1024\" height=\"1024\" data-id=\"1543\" src=\"https:\/\/tyyala.utu.fi\/germanica\/wp-content\/uploads\/sites\/37\/2026\/05\/IMG_7744-1024x1024.jpg\" alt=\"\" class=\"wp-image-1543\" srcset=\"https:\/\/tyyala.utu.fi\/germanica\/wp-content\/uploads\/sites\/37\/2026\/05\/IMG_7744-1024x1024.jpg 1024w, https:\/\/tyyala.utu.fi\/germanica\/wp-content\/uploads\/sites\/37\/2026\/05\/IMG_7744-300x300.jpg 300w, https:\/\/tyyala.utu.fi\/germanica\/wp-content\/uploads\/sites\/37\/2026\/05\/IMG_7744-150x150.jpg 150w\" sizes=\"auto, (max-width: 1024px) 100vw, 1024px\" \/><\/a><\/figure>\n\n\n\n<figure class=\"wp-block-image size-large\"><a href=\"https:\/\/tyyala.utu.fi\/germanica\/wp-content\/uploads\/sites\/37\/2026\/05\/IMG_7743.jpg\"><img loading=\"lazy\" decoding=\"async\" width=\"1024\" height=\"1024\" data-id=\"1544\" src=\"https:\/\/tyyala.utu.fi\/germanica\/wp-content\/uploads\/sites\/37\/2026\/05\/IMG_7743-1024x1024.jpg\" alt=\"\" class=\"wp-image-1544\" srcset=\"https:\/\/tyyala.utu.fi\/germanica\/wp-content\/uploads\/sites\/37\/2026\/05\/IMG_7743-1024x1024.jpg 1024w, https:\/\/tyyala.utu.fi\/germanica\/wp-content\/uploads\/sites\/37\/2026\/05\/IMG_7743-300x300.jpg 300w, https:\/\/tyyala.utu.fi\/germanica\/wp-content\/uploads\/sites\/37\/2026\/05\/IMG_7743-150x150.jpg 150w, https:\/\/tyyala.utu.fi\/germanica\/wp-content\/uploads\/sites\/37\/2026\/05\/IMG_7743-768x768.jpg 768w, https:\/\/tyyala.utu.fi\/germanica\/wp-content\/uploads\/sites\/37\/2026\/05\/IMG_7743-1536x1536.jpg 1536w, https:\/\/tyyala.utu.fi\/germanica\/wp-content\/uploads\/sites\/37\/2026\/05\/IMG_7743-2048x2048.jpg 2048w, https:\/\/tyyala.utu.fi\/germanica\/wp-content\/uploads\/sites\/37\/2026\/05\/IMG_7743-510x510.jpg 510w\" sizes=\"auto, (max-width: 1024px) 100vw, 1024px\" \/><\/a><\/figure>\n\n\n\n<figure class=\"wp-block-image size-large\"><a href=\"https:\/\/tyyala.utu.fi\/germanica\/wp-content\/uploads\/sites\/37\/2026\/05\/IMG_7741.jpg\"><img loading=\"lazy\" decoding=\"async\" width=\"1024\" height=\"1024\" data-id=\"1541\" src=\"https:\/\/tyyala.utu.fi\/germanica\/wp-content\/uploads\/sites\/37\/2026\/05\/IMG_7741-1024x1024.jpg\" alt=\"\" class=\"wp-image-1541\" srcset=\"https:\/\/tyyala.utu.fi\/germanica\/wp-content\/uploads\/sites\/37\/2026\/05\/IMG_7741-1024x1024.jpg 1024w, https:\/\/tyyala.utu.fi\/germanica\/wp-content\/uploads\/sites\/37\/2026\/05\/IMG_7741-300x300.jpg 300w, https:\/\/tyyala.utu.fi\/germanica\/wp-content\/uploads\/sites\/37\/2026\/05\/IMG_7741-150x150.jpg 150w\" sizes=\"auto, (max-width: 1024px) 100vw, 1024px\" \/><\/a><\/figure>\n\n\n\n<figure class=\"wp-block-image size-large\"><a href=\"https:\/\/tyyala.utu.fi\/germanica\/wp-content\/uploads\/sites\/37\/2026\/05\/IMG_7740-1.jpg\"><img loading=\"lazy\" decoding=\"async\" width=\"1024\" height=\"1024\" data-id=\"1540\" src=\"https:\/\/tyyala.utu.fi\/germanica\/wp-content\/uploads\/sites\/37\/2026\/05\/IMG_7740-1-1024x1024.jpg\" alt=\"\" class=\"wp-image-1540\" srcset=\"https:\/\/tyyala.utu.fi\/germanica\/wp-content\/uploads\/sites\/37\/2026\/05\/IMG_7740-1-1024x1024.jpg 1024w, https:\/\/tyyala.utu.fi\/germanica\/wp-content\/uploads\/sites\/37\/2026\/05\/IMG_7740-1-300x300.jpg 300w, https:\/\/tyyala.utu.fi\/germanica\/wp-content\/uploads\/sites\/37\/2026\/05\/IMG_7740-1-150x150.jpg 150w\" sizes=\"auto, (max-width: 1024px) 100vw, 1024px\" \/><\/a><\/figure>\n\n\n\n<figure class=\"wp-block-image size-large\"><a href=\"https:\/\/tyyala.utu.fi\/germanica\/wp-content\/uploads\/sites\/37\/2026\/05\/IMG_7745-1.jpg\"><img loading=\"lazy\" decoding=\"async\" width=\"1024\" height=\"1024\" data-id=\"1539\" src=\"https:\/\/tyyala.utu.fi\/germanica\/wp-content\/uploads\/sites\/37\/2026\/05\/IMG_7745-1-1024x1024.jpg\" alt=\"\" class=\"wp-image-1539\" srcset=\"https:\/\/tyyala.utu.fi\/germanica\/wp-content\/uploads\/sites\/37\/2026\/05\/IMG_7745-1-1024x1024.jpg 1024w, https:\/\/tyyala.utu.fi\/germanica\/wp-content\/uploads\/sites\/37\/2026\/05\/IMG_7745-1-300x300.jpg 300w, https:\/\/tyyala.utu.fi\/germanica\/wp-content\/uploads\/sites\/37\/2026\/05\/IMG_7745-1-150x150.jpg 150w\" sizes=\"auto, (max-width: 1024px) 100vw, 1024px\" \/><\/a><\/figure>\n<\/figure>\n\n\n\n<p>Kuvat: Lara Engels<\/p>\n","protected":false},"excerpt":{"rendered":"<p>L\u00e4mpim\u00e4t onnittelut opiskelupaikasta! Olet l\u00e4mpim\u00e4sti tervetullut osaksi Turun yliopiston, humanistisen tiedekunnan sek\u00e4 tietenkin Germanican yhteis\u00f6\u00e4. Edess\u00e4si on uusi j\u00e4nnitt\u00e4v\u00e4 el\u00e4m\u00e4nvaihe, joka tulee sis\u00e4lt\u00e4m\u00e4\u00e4n varmasti ikimuistoisia hetki\u00e4 ja uusia kasvoja, mutta my\u00f6s ahkeraa opiskelua. Yliopisto on ihanaa, j\u00e4nnitt\u00e4v\u00e4\u00e4 ja hauskaa aikaa, joten muista ottaa siit\u00e4 kaikki ilo irti! Alussa informaation m\u00e4\u00e4r\u00e4 saattaa tuntua raskaalta ja etenkin [&hellip;]<\/p>\n","protected":false},"author":196,"featured_media":0,"parent":0,"menu_order":0,"comment_status":"closed","ping_status":"closed","template":"","meta":{"_kad_blocks_custom_css":"","_kad_blocks_head_custom_js":"","_kad_blocks_body_custom_js":"","_kad_blocks_footer_custom_js":"","footnotes":""},"class_list":["post-1536","page","type-page","status-publish","czr-hentry"],"taxonomy_info":[],"featured_image_src_large":false,"author_info":{"display_name":"Germanica","author_link":"https:\/\/tyyala.utu.fi\/germanica\/author\/germanica\/"},"comment_info":0,"_links":{"self":[{"href":"https:\/\/tyyala.utu.fi\/germanica\/wp-json\/wp\/v2\/pages\/1536","targetHints":{"allow":["GET"]}}],"collection":[{"href":"https:\/\/tyyala.utu.fi\/germanica\/wp-json\/wp\/v2\/pages"}],"about":[{"href":"https:\/\/tyyala.utu.fi\/germanica\/wp-json\/wp\/v2\/types\/page"}],"author":[{"embeddable":true,"href":"https:\/\/tyyala.utu.fi\/germanica\/wp-json\/wp\/v2\/users\/196"}],"replies":[{"embeddable":true,"href":"https:\/\/tyyala.utu.fi\/germanica\/wp-json\/wp\/v2\/comments?post=1536"}],"version-history":[{"count":3,"href":"https:\/\/tyyala.utu.fi\/germanica\/wp-json\/wp\/v2\/pages\/1536\/revisions"}],"predecessor-version":[{"id":1608,"href":"https:\/\/tyyala.utu.fi\/germanica\/wp-json\/wp\/v2\/pages\/1536\/revisions\/1608"}],"wp:attachment":[{"href":"https:\/\/tyyala.utu.fi\/germanica\/wp-json\/wp\/v2\/media?parent=1536"}],"curies":[{"name":"wp","href":"https:\/\/api.w.org\/{rel}","templated":true}]}}