{"id":1490,"date":"2026-02-16T00:23:30","date_gmt":"2026-02-15T22:23:30","guid":{"rendered":"https:\/\/tyyala.utu.fi\/germanica\/?page_id=1490"},"modified":"2026-02-16T00:23:31","modified_gmt":"2026-02-15T22:23:31","slug":"ota-yhteytta-kontakt","status":"publish","type":"page","link":"https:\/\/tyyala.utu.fi\/germanica\/ota-yhteytta-kontakt\/","title":{"rendered":"Ota yhteytt\u00e4 \/ Kontakt"},"content":{"rendered":"\n<h2 class=\"wp-block-heading\">Fi<\/h2>\n\n\n\n<p>Hallitukseen saat parhaiten yhteyden s\u00e4hk\u00f6postilistamme kautta:<\/p>\n\n\n\n<p>germanica-hallitus@lists.utu.fi<\/p>\n\n\n\n<p>L\u00f6yd\u00e4t meid\u00e4t my\u00f6s <a href=\"http:\/\/instagram.com\/germanicary\">Instagramista<\/a> ja \u00a0<a href=\"https:\/\/www.facebook.com\/germanicaturku\">Facebookista<\/a>!<\/p>\n\n\n\n<p><\/p>\n\n\n\n<p>Y-tunnus: 2215902-0<\/p>\n\n\n\n<p>Tilinumero: FI93 4713 0010 0125 40<\/p>\n\n\n\n<p>Osoite: Arcanuminkuja 1, 20500 Turku<\/p>\n\n\n\n<h2 class=\"wp-block-heading\">De<\/h2>\n\n\n\n<p>Den Vorstand erreichen Sie am besten \u00fcber unsere E-Mail-Liste:<\/p>\n\n\n\n<p>germanica-hallitus@lists.utu.fi<\/p>\n\n\n\n<p>Wir sind auch auf <a href=\"http:\/\/instagram.com\/germanicary\">Instagram<\/a> und <a href=\"https:\/\/www.facebook.com\/germanicaturku\">Facebook<\/a>!<\/p>\n\n\n\n<p>FK-Nummer: 2215902-0<\/p>\n\n\n\n<p>Kontonummer: FI93 4713 0010 0125 40<\/p>\n\n\n\n<p>Adresse: Arcanuminkuja 1, 20500 Turku<\/p>\n","protected":false},"excerpt":{"rendered":"<p>Fi Hallitukseen saat parhaiten yhteyden s\u00e4hk\u00f6postilistamme kautta: germanica-hallitus@lists.utu.fi L\u00f6yd\u00e4t meid\u00e4t my\u00f6s Instagramista ja \u00a0Facebookista! Y-tunnus: 2215902-0 Tilinumero: FI93 4713 0010 0125 40 Osoite: Arcanuminkuja 1, 20500 Turku De Den Vorstand erreichen Sie am besten \u00fcber unsere E-Mail-Liste: germanica-hallitus@lists.utu.fi Wir sind auch auf Instagram und Facebook! FK-Nummer: 2215902-0 Kontonummer: FI93 4713 0010 0125 40 Adresse: Arcanuminkuja [&hellip;]<\/p>\n","protected":false},"author":196,"featured_media":0,"parent":0,"menu_order":0,"comment_status":"closed","ping_status":"closed","template":"","meta":{"_kad_blocks_custom_css":"","_kad_blocks_head_custom_js":"","_kad_blocks_body_custom_js":"","_kad_blocks_footer_custom_js":"","footnotes":""},"class_list":["post-1490","page","type-page","status-publish","czr-hentry"],"taxonomy_info":[],"featured_image_src_large":false,"author_info":{"display_name":"Germanica","author_link":"https:\/\/tyyala.utu.fi\/germanica\/author\/germanica\/"},"comment_info":0,"_links":{"self":[{"href":"https:\/\/tyyala.utu.fi\/germanica\/wp-json\/wp\/v2\/pages\/1490","targetHints":{"allow":["GET"]}}],"collection":[{"href":"https:\/\/tyyala.utu.fi\/germanica\/wp-json\/wp\/v2\/pages"}],"about":[{"href":"https:\/\/tyyala.utu.fi\/germanica\/wp-json\/wp\/v2\/types\/page"}],"author":[{"embeddable":true,"href":"https:\/\/tyyala.utu.fi\/germanica\/wp-json\/wp\/v2\/users\/196"}],"replies":[{"embeddable":true,"href":"https:\/\/tyyala.utu.fi\/germanica\/wp-json\/wp\/v2\/comments?post=1490"}],"version-history":[{"count":1,"href":"https:\/\/tyyala.utu.fi\/germanica\/wp-json\/wp\/v2\/pages\/1490\/revisions"}],"predecessor-version":[{"id":1492,"href":"https:\/\/tyyala.utu.fi\/germanica\/wp-json\/wp\/v2\/pages\/1490\/revisions\/1492"}],"wp:attachment":[{"href":"https:\/\/tyyala.utu.fi\/germanica\/wp-json\/wp\/v2\/media?parent=1490"}],"curies":[{"name":"wp","href":"https:\/\/api.w.org\/{rel}","templated":true}]}}