{"id":1481,"date":"2026-02-15T23:53:14","date_gmt":"2026-02-15T21:53:14","guid":{"rendered":"https:\/\/tyyala.utu.fi\/germanica\/?page_id=1481"},"modified":"2026-04-02T10:04:21","modified_gmt":"2026-04-02T08:04:21","slug":"jasenyys-mitgliedschaft","status":"publish","type":"page","link":"https:\/\/tyyala.utu.fi\/germanica\/jasenyys-mitgliedschaft\/","title":{"rendered":"J\u00e4senyys \/ Mitgliedschaft"},"content":{"rendered":"\n<h2 class=\"wp-block-heading\">Fi<\/h2>\n\n\n\n<p>Liity Germanican j\u00e4seneksi t\u00e4ytt\u00e4m\u00e4ll\u00e4 seuraava lomake ja maksamalla j\u00e4senmaksu Germanican tilille<\/p>\n\n\n\n<p>J\u00e4senhakemuksesi k\u00e4sitell\u00e4\u00e4n seuraavassa hallituksen kokouksessa!<\/p>\n\n\n\n<p>Seitsem\u00e4n vuoden j\u00e4senyys 15\u20ac ja yhden vuoden j\u00e4senyys 5\u20ac<\/p>\n\n\n\n<p><a href=\"https:\/\/forms.gle\/yURTH4FuovkorwXB6\">J\u00e4senhakemuslomake<\/a><\/p>\n\n\n\n<p>Germanica ry:n tilinumero: FI93 4713 0010 0125 40<\/p>\n\n\n\n<p><\/p>\n\n\n\n<p><\/p>\n\n\n\n<h2 class=\"wp-block-heading\">De<\/h2>\n\n\n\n<p>Um Mitglied zu werden, bitte das Formula einf\u00fcllen und die Zahlung an Germanicas Konto bezahlen<\/p>\n\n\n\n<p>Ihr Mitgliedantrag wird bei der N\u00e4chsten Vorstandssitzung bearbeitet!<\/p>\n\n\n\n<p>Eine siebenj\u00e4hrige Mitgliedschaft kostet 15\u20ac und eine einj\u00e4hrige Mitgliedschaft kostet 5\u20ac<\/p>\n\n\n\n<p><a href=\"https:\/\/forms.gle\/yURTH4FuovkorwXB6\">Antragsformula<\/a><\/p>\n\n\n\n<p>Die Kontonummer von Germanica ry:  FI93 4713 0010 0125 40<\/p>\n\n\n\n<p><\/p>\n","protected":false},"excerpt":{"rendered":"<p>Fi Liity Germanican j\u00e4seneksi t\u00e4ytt\u00e4m\u00e4ll\u00e4 seuraava lomake ja maksamalla j\u00e4senmaksu Germanican tilille J\u00e4senhakemuksesi k\u00e4sitell\u00e4\u00e4n seuraavassa hallituksen kokouksessa! Seitsem\u00e4n vuoden j\u00e4senyys 15\u20ac ja yhden vuoden j\u00e4senyys 5\u20ac J\u00e4senhakemuslomake Germanica ry:n tilinumero: FI93 4713 0010 0125 40 De Um Mitglied zu werden, bitte das Formula einf\u00fcllen und die Zahlung an Germanicas Konto bezahlen Ihr Mitgliedantrag wird bei [&hellip;]<\/p>\n","protected":false},"author":196,"featured_media":0,"parent":0,"menu_order":0,"comment_status":"closed","ping_status":"closed","template":"","meta":{"_kad_blocks_custom_css":"","_kad_blocks_head_custom_js":"","_kad_blocks_body_custom_js":"","_kad_blocks_footer_custom_js":"","footnotes":""},"class_list":["post-1481","page","type-page","status-publish","czr-hentry"],"taxonomy_info":[],"featured_image_src_large":false,"author_info":{"display_name":"Germanica","author_link":"https:\/\/tyyala.utu.fi\/germanica\/author\/germanica\/"},"comment_info":0,"_links":{"self":[{"href":"https:\/\/tyyala.utu.fi\/germanica\/wp-json\/wp\/v2\/pages\/1481","targetHints":{"allow":["GET"]}}],"collection":[{"href":"https:\/\/tyyala.utu.fi\/germanica\/wp-json\/wp\/v2\/pages"}],"about":[{"href":"https:\/\/tyyala.utu.fi\/germanica\/wp-json\/wp\/v2\/types\/page"}],"author":[{"embeddable":true,"href":"https:\/\/tyyala.utu.fi\/germanica\/wp-json\/wp\/v2\/users\/196"}],"replies":[{"embeddable":true,"href":"https:\/\/tyyala.utu.fi\/germanica\/wp-json\/wp\/v2\/comments?post=1481"}],"version-history":[{"count":2,"href":"https:\/\/tyyala.utu.fi\/germanica\/wp-json\/wp\/v2\/pages\/1481\/revisions"}],"predecessor-version":[{"id":1530,"href":"https:\/\/tyyala.utu.fi\/germanica\/wp-json\/wp\/v2\/pages\/1481\/revisions\/1530"}],"wp:attachment":[{"href":"https:\/\/tyyala.utu.fi\/germanica\/wp-json\/wp\/v2\/media?parent=1481"}],"curies":[{"name":"wp","href":"https:\/\/api.w.org\/{rel}","templated":true}]}}