{"id":132,"date":"2014-04-15T22:41:58","date_gmt":"2014-04-15T20:41:58","guid":{"rendered":"http:\/\/tyyala.utu.fi\/germanica\/?page_id=132"},"modified":"2026-02-16T00:06:15","modified_gmt":"2026-02-15T22:06:15","slug":"haalarimerkit-laulukirja","status":"publish","type":"page","link":"https:\/\/tyyala.utu.fi\/germanica\/haalarimerkit-laulukirja\/","title":{"rendered":"Tuotteemme \/ Produkte"},"content":{"rendered":"\n<p>Germanicalla on myynniss\u00e4 seuraavanlaisia haalarimerkkej\u00e4 ja muita tuotteita. N\u00e4it\u00e4 saa parhaiten ostettua myyj\u00e4isist\u00e4 ja tapahtumista sek\u00e4 kyselem\u00e4ll\u00e4 hallituksen j\u00e4senilt\u00e4.<\/p>\n\n\n\n<p>Haalarimerkit 3\u20ac kpl<\/p>\n\n\n\n<p>Laulukirja 10\u20ac kpl<\/p>\n\n\n\n<p>Kangaskassi 10 kpl<\/p>\n\n\n<div class=\"wp-block-image\">\n<figure class=\"aligncenter size-large is-resized\"><a href=\"https:\/\/tyyala.utu.fi\/germanica\/wp-content\/uploads\/sites\/37\/2026\/01\/Nimeton-malli.png\"><img loading=\"lazy\" decoding=\"async\" width=\"819\" height=\"1024\" src=\"https:\/\/tyyala.utu.fi\/germanica\/wp-content\/uploads\/sites\/37\/2026\/01\/Nimeton-malli-819x1024.png\" alt=\"\" class=\"wp-image-1469\" style=\"width:566px;height:auto\" srcset=\"https:\/\/tyyala.utu.fi\/germanica\/wp-content\/uploads\/sites\/37\/2026\/01\/Nimeton-malli-819x1024.png 819w, https:\/\/tyyala.utu.fi\/germanica\/wp-content\/uploads\/sites\/37\/2026\/01\/Nimeton-malli-240x300.png 240w, https:\/\/tyyala.utu.fi\/germanica\/wp-content\/uploads\/sites\/37\/2026\/01\/Nimeton-malli-768x960.png 768w, https:\/\/tyyala.utu.fi\/germanica\/wp-content\/uploads\/sites\/37\/2026\/01\/Nimeton-malli-676x845.png 676w, https:\/\/tyyala.utu.fi\/germanica\/wp-content\/uploads\/sites\/37\/2026\/01\/Nimeton-malli.png 1080w\" sizes=\"auto, (max-width: 819px) 100vw, 819px\" \/><\/a><figcaption class=\"wp-element-caption\">Germanican logo haalarimerkki<\/figcaption><\/figure><\/div>\n\n<div class=\"wp-block-image\">\n<figure class=\"aligncenter size-large is-resized\"><a href=\"https:\/\/tyyala.utu.fi\/germanica\/wp-content\/uploads\/sites\/37\/2024\/01\/Haalarimerkki7.png\"><img loading=\"lazy\" decoding=\"async\" width=\"1021\" height=\"1024\" src=\"https:\/\/tyyala.utu.fi\/germanica\/wp-content\/uploads\/sites\/37\/2024\/01\/Haalarimerkki7-1021x1024.png\" alt=\"\" class=\"wp-image-1383\" style=\"width:548px;height:auto\" srcset=\"https:\/\/tyyala.utu.fi\/germanica\/wp-content\/uploads\/sites\/37\/2024\/01\/Haalarimerkki7-1021x1024.png 1021w, https:\/\/tyyala.utu.fi\/germanica\/wp-content\/uploads\/sites\/37\/2024\/01\/Haalarimerkki7-300x300.png 300w, https:\/\/tyyala.utu.fi\/germanica\/wp-content\/uploads\/sites\/37\/2024\/01\/Haalarimerkki7-150x150.png 150w, https:\/\/tyyala.utu.fi\/germanica\/wp-content\/uploads\/sites\/37\/2024\/01\/Haalarimerkki7-768x770.png 768w, https:\/\/tyyala.utu.fi\/germanica\/wp-content\/uploads\/sites\/37\/2024\/01\/Haalarimerkki7-1531x1536.png 1531w, https:\/\/tyyala.utu.fi\/germanica\/wp-content\/uploads\/sites\/37\/2024\/01\/Haalarimerkki7-676x678.png 676w, https:\/\/tyyala.utu.fi\/germanica\/wp-content\/uploads\/sites\/37\/2024\/01\/Haalarimerkki7.png 1567w\" sizes=\"auto, (max-width: 1021px) 100vw, 1021px\" \/><\/a><figcaption class=\"wp-element-caption\">Germanican vanha logo haalarimerkki (myyd\u00e4\u00e4n niin kauan kuin j\u00e4ljell\u00e4)<\/figcaption><\/figure><\/div>\n\n<div class=\"wp-block-image\">\n<figure class=\"aligncenter size-large is-resized\"><a href=\"https:\/\/tyyala.utu.fi\/germanica\/wp-content\/uploads\/sites\/37\/2024\/01\/Haalarimerkki1.png\"><img loading=\"lazy\" decoding=\"async\" width=\"1024\" height=\"763\" src=\"https:\/\/tyyala.utu.fi\/germanica\/wp-content\/uploads\/sites\/37\/2024\/01\/Haalarimerkki1-1024x763.png\" alt=\"\" class=\"wp-image-1377\" style=\"width:530px;height:auto\" srcset=\"https:\/\/tyyala.utu.fi\/germanica\/wp-content\/uploads\/sites\/37\/2024\/01\/Haalarimerkki1-1024x763.png 1024w, https:\/\/tyyala.utu.fi\/germanica\/wp-content\/uploads\/sites\/37\/2024\/01\/Haalarimerkki1-300x224.png 300w, https:\/\/tyyala.utu.fi\/germanica\/wp-content\/uploads\/sites\/37\/2024\/01\/Haalarimerkki1-768x572.png 768w, https:\/\/tyyala.utu.fi\/germanica\/wp-content\/uploads\/sites\/37\/2024\/01\/Haalarimerkki1-676x504.png 676w, https:\/\/tyyala.utu.fi\/germanica\/wp-content\/uploads\/sites\/37\/2024\/01\/Haalarimerkki1.png 1386w\" sizes=\"auto, (max-width: 1024px) 100vw, 1024px\" \/><\/a><figcaption class=\"wp-element-caption\">Talk Deutsch to me haalarimerkki<\/figcaption><\/figure><\/div>\n\n<div class=\"wp-block-image\">\n<figure class=\"aligncenter size-large is-resized\"><a href=\"https:\/\/tyyala.utu.fi\/germanica\/wp-content\/uploads\/sites\/37\/2024\/01\/Haalarimerkki2.png\"><img loading=\"lazy\" decoding=\"async\" width=\"1024\" height=\"1017\" src=\"https:\/\/tyyala.utu.fi\/germanica\/wp-content\/uploads\/sites\/37\/2024\/01\/Haalarimerkki2-1024x1017.png\" alt=\"\" class=\"wp-image-1378\" style=\"width:532px;height:auto\" srcset=\"https:\/\/tyyala.utu.fi\/germanica\/wp-content\/uploads\/sites\/37\/2024\/01\/Haalarimerkki2-1024x1017.png 1024w, https:\/\/tyyala.utu.fi\/germanica\/wp-content\/uploads\/sites\/37\/2024\/01\/Haalarimerkki2-300x298.png 300w, https:\/\/tyyala.utu.fi\/germanica\/wp-content\/uploads\/sites\/37\/2024\/01\/Haalarimerkki2-150x150.png 150w, https:\/\/tyyala.utu.fi\/germanica\/wp-content\/uploads\/sites\/37\/2024\/01\/Haalarimerkki2-768x762.png 768w, https:\/\/tyyala.utu.fi\/germanica\/wp-content\/uploads\/sites\/37\/2024\/01\/Haalarimerkki2-676x671.png 676w, https:\/\/tyyala.utu.fi\/germanica\/wp-content\/uploads\/sites\/37\/2024\/01\/Haalarimerkki2.png 1392w\" sizes=\"auto, (max-width: 1024px) 100vw, 1024px\" \/><\/a><figcaption class=\"wp-element-caption\">Ich lidl dich haalarimerkki<\/figcaption><\/figure><\/div>\n\n<div class=\"wp-block-image\">\n<figure class=\"aligncenter size-large is-resized\"><a href=\"https:\/\/tyyala.utu.fi\/germanica\/wp-content\/uploads\/sites\/37\/2024\/01\/Haalarimerkki4.png\"><img loading=\"lazy\" decoding=\"async\" width=\"1024\" height=\"1020\" src=\"https:\/\/tyyala.utu.fi\/germanica\/wp-content\/uploads\/sites\/37\/2024\/01\/Haalarimerkki4-1024x1020.png\" alt=\"\" class=\"wp-image-1380\" style=\"width:524px;height:auto\" srcset=\"https:\/\/tyyala.utu.fi\/germanica\/wp-content\/uploads\/sites\/37\/2024\/01\/Haalarimerkki4-1024x1020.png 1024w, https:\/\/tyyala.utu.fi\/germanica\/wp-content\/uploads\/sites\/37\/2024\/01\/Haalarimerkki4-300x300.png 300w, https:\/\/tyyala.utu.fi\/germanica\/wp-content\/uploads\/sites\/37\/2024\/01\/Haalarimerkki4-150x150.png 150w, https:\/\/tyyala.utu.fi\/germanica\/wp-content\/uploads\/sites\/37\/2024\/01\/Haalarimerkki4-768x765.png 768w, https:\/\/tyyala.utu.fi\/germanica\/wp-content\/uploads\/sites\/37\/2024\/01\/Haalarimerkki4-676x674.png 676w, https:\/\/tyyala.utu.fi\/germanica\/wp-content\/uploads\/sites\/37\/2024\/01\/Haalarimerkki4.png 1451w\" sizes=\"auto, (max-width: 1024px) 100vw, 1024px\" \/><\/a><figcaption class=\"wp-element-caption\">Donaudampfschiff haalarimerkki<\/figcaption><\/figure><\/div>\n\n<div class=\"wp-block-image\">\n<figure class=\"aligncenter size-large is-resized\"><a href=\"https:\/\/tyyala.utu.fi\/germanica\/wp-content\/uploads\/sites\/37\/2025\/04\/IMG_7521.png\"><img loading=\"lazy\" decoding=\"async\" width=\"1008\" height=\"1024\" src=\"https:\/\/tyyala.utu.fi\/germanica\/wp-content\/uploads\/sites\/37\/2025\/04\/IMG_7521-1008x1024.png\" alt=\"\" class=\"wp-image-1425\" style=\"width:528px;height:auto\" srcset=\"https:\/\/tyyala.utu.fi\/germanica\/wp-content\/uploads\/sites\/37\/2025\/04\/IMG_7521-1008x1024.png 1008w, https:\/\/tyyala.utu.fi\/germanica\/wp-content\/uploads\/sites\/37\/2025\/04\/IMG_7521-295x300.png 295w, https:\/\/tyyala.utu.fi\/germanica\/wp-content\/uploads\/sites\/37\/2025\/04\/IMG_7521-768x780.png 768w, https:\/\/tyyala.utu.fi\/germanica\/wp-content\/uploads\/sites\/37\/2025\/04\/IMG_7521-1512x1536.png 1512w, https:\/\/tyyala.utu.fi\/germanica\/wp-content\/uploads\/sites\/37\/2025\/04\/IMG_7521-676x687.png 676w, https:\/\/tyyala.utu.fi\/germanica\/wp-content\/uploads\/sites\/37\/2025\/04\/IMG_7521.png 1814w\" sizes=\"auto, (max-width: 1008px) 100vw, 1008px\" \/><\/a><figcaption class=\"wp-element-caption\">Gummib\u00e4rchen haalarimerkki<\/figcaption><\/figure><\/div>\n\n<div class=\"wp-block-image\">\n<figure class=\"aligncenter size-large is-resized\"><a href=\"https:\/\/tyyala.utu.fi\/germanica\/wp-content\/uploads\/sites\/37\/2024\/01\/Haalarimerkki3.png\"><img loading=\"lazy\" decoding=\"async\" width=\"1021\" height=\"1024\" src=\"https:\/\/tyyala.utu.fi\/germanica\/wp-content\/uploads\/sites\/37\/2024\/01\/Haalarimerkki3-1021x1024.png\" alt=\"\" class=\"wp-image-1379\" style=\"width:560px;height:auto\" srcset=\"https:\/\/tyyala.utu.fi\/germanica\/wp-content\/uploads\/sites\/37\/2024\/01\/Haalarimerkki3-1021x1024.png 1021w, https:\/\/tyyala.utu.fi\/germanica\/wp-content\/uploads\/sites\/37\/2024\/01\/Haalarimerkki3-300x300.png 300w, https:\/\/tyyala.utu.fi\/germanica\/wp-content\/uploads\/sites\/37\/2024\/01\/Haalarimerkki3-150x150.png 150w, https:\/\/tyyala.utu.fi\/germanica\/wp-content\/uploads\/sites\/37\/2024\/01\/Haalarimerkki3-768x771.png 768w, https:\/\/tyyala.utu.fi\/germanica\/wp-content\/uploads\/sites\/37\/2024\/01\/Haalarimerkki3-676x678.png 676w, https:\/\/tyyala.utu.fi\/germanica\/wp-content\/uploads\/sites\/37\/2024\/01\/Haalarimerkki3.png 1464w\" sizes=\"auto, (max-width: 1021px) 100vw, 1021px\" \/><\/a><figcaption class=\"wp-element-caption\">Lederhosen haalarimerkki<\/figcaption><\/figure><\/div>\n\n<div class=\"wp-block-image\">\n<figure class=\"aligncenter size-large\"><a href=\"https:\/\/tyyala.utu.fi\/germanica\/wp-content\/uploads\/sites\/37\/2025\/04\/IMG_7524.png\"><img loading=\"lazy\" decoding=\"async\" width=\"1024\" height=\"145\" src=\"https:\/\/tyyala.utu.fi\/germanica\/wp-content\/uploads\/sites\/37\/2025\/04\/IMG_7524-1024x145.png\" alt=\"\" class=\"wp-image-1426\" srcset=\"https:\/\/tyyala.utu.fi\/germanica\/wp-content\/uploads\/sites\/37\/2025\/04\/IMG_7524-1024x145.png 1024w, https:\/\/tyyala.utu.fi\/germanica\/wp-content\/uploads\/sites\/37\/2025\/04\/IMG_7524-300x43.png 300w, https:\/\/tyyala.utu.fi\/germanica\/wp-content\/uploads\/sites\/37\/2025\/04\/IMG_7524-768x109.png 768w, https:\/\/tyyala.utu.fi\/germanica\/wp-content\/uploads\/sites\/37\/2025\/04\/IMG_7524-1536x218.png 1536w, https:\/\/tyyala.utu.fi\/germanica\/wp-content\/uploads\/sites\/37\/2025\/04\/IMG_7524-2048x290.png 2048w, https:\/\/tyyala.utu.fi\/germanica\/wp-content\/uploads\/sites\/37\/2025\/04\/IMG_7524-676x96.png 676w\" sizes=\"auto, (max-width: 1024px) 100vw, 1024px\" \/><\/a><figcaption class=\"wp-element-caption\">Leben, Lieben, Lachen haalarimerkki<\/figcaption><\/figure><\/div>\n\n<div class=\"wp-block-image\">\n<figure class=\"aligncenter size-large is-resized\"><a href=\"https:\/\/tyyala.utu.fi\/germanica\/wp-content\/uploads\/sites\/37\/2026\/01\/Nimeton-malli-2.png\"><img loading=\"lazy\" decoding=\"async\" width=\"819\" height=\"1024\" src=\"https:\/\/tyyala.utu.fi\/germanica\/wp-content\/uploads\/sites\/37\/2026\/01\/Nimeton-malli-2-819x1024.png\" alt=\"\" class=\"wp-image-1470\" style=\"width:646px;height:auto\" srcset=\"https:\/\/tyyala.utu.fi\/germanica\/wp-content\/uploads\/sites\/37\/2026\/01\/Nimeton-malli-2-819x1024.png 819w, https:\/\/tyyala.utu.fi\/germanica\/wp-content\/uploads\/sites\/37\/2026\/01\/Nimeton-malli-2-240x300.png 240w, https:\/\/tyyala.utu.fi\/germanica\/wp-content\/uploads\/sites\/37\/2026\/01\/Nimeton-malli-2-768x960.png 768w, https:\/\/tyyala.utu.fi\/germanica\/wp-content\/uploads\/sites\/37\/2026\/01\/Nimeton-malli-2-676x845.png 676w, https:\/\/tyyala.utu.fi\/germanica\/wp-content\/uploads\/sites\/37\/2026\/01\/Nimeton-malli-2.png 1080w\" sizes=\"auto, (max-width: 819px) 100vw, 819px\" \/><\/a><figcaption class=\"wp-element-caption\">Ich Komme haalarimerkki<\/figcaption><\/figure><\/div>\n\n\n<p><\/p>\n\n\n<div class=\"wp-block-image wp-duotone-unset-1\">\n<figure class=\"aligncenter size-large\"><a href=\"https:\/\/tyyala.utu.fi\/germanica\/wp-content\/uploads\/sites\/37\/2024\/01\/Laulukirja.png\"><img loading=\"lazy\" decoding=\"async\" width=\"809\" height=\"1024\" src=\"https:\/\/tyyala.utu.fi\/germanica\/wp-content\/uploads\/sites\/37\/2024\/01\/Laulukirja-809x1024.png\" alt=\"\" class=\"wp-image-1374\" srcset=\"https:\/\/tyyala.utu.fi\/germanica\/wp-content\/uploads\/sites\/37\/2024\/01\/Laulukirja-809x1024.png 809w, https:\/\/tyyala.utu.fi\/germanica\/wp-content\/uploads\/sites\/37\/2024\/01\/Laulukirja-237x300.png 237w, https:\/\/tyyala.utu.fi\/germanica\/wp-content\/uploads\/sites\/37\/2024\/01\/Laulukirja-768x972.png 768w, https:\/\/tyyala.utu.fi\/germanica\/wp-content\/uploads\/sites\/37\/2024\/01\/Laulukirja-1214x1536.png 1214w, https:\/\/tyyala.utu.fi\/germanica\/wp-content\/uploads\/sites\/37\/2024\/01\/Laulukirja-1618x2048.png 1618w, https:\/\/tyyala.utu.fi\/germanica\/wp-content\/uploads\/sites\/37\/2024\/01\/Laulukirja-676x856.png 676w, https:\/\/tyyala.utu.fi\/germanica\/wp-content\/uploads\/sites\/37\/2024\/01\/Laulukirja.png 1706w\" sizes=\"auto, (max-width: 809px) 100vw, 809px\" \/><\/a><figcaption class=\"wp-element-caption\">Laulukirja<\/figcaption><\/figure><\/div>\n\n<div class=\"wp-block-image\">\n<figure class=\"aligncenter size-full\"><a href=\"https:\/\/tyyala.utu.fi\/germanica\/wp-content\/uploads\/sites\/37\/2021\/01\/WhatsApp-Image-2020-09-18-at-13.57.00.jpeg\"><img loading=\"lazy\" decoding=\"async\" width=\"703\" height=\"576\" src=\"https:\/\/tyyala.utu.fi\/germanica\/wp-content\/uploads\/sites\/37\/2021\/01\/WhatsApp-Image-2020-09-18-at-13.57.00.jpeg\" alt=\"\" class=\"wp-image-1218\" srcset=\"https:\/\/tyyala.utu.fi\/germanica\/wp-content\/uploads\/sites\/37\/2021\/01\/WhatsApp-Image-2020-09-18-at-13.57.00.jpeg 703w, https:\/\/tyyala.utu.fi\/germanica\/wp-content\/uploads\/sites\/37\/2021\/01\/WhatsApp-Image-2020-09-18-at-13.57.00-300x246.jpeg 300w, https:\/\/tyyala.utu.fi\/germanica\/wp-content\/uploads\/sites\/37\/2021\/01\/WhatsApp-Image-2020-09-18-at-13.57.00-676x554.jpeg 676w\" sizes=\"auto, (max-width: 703px) 100vw, 703px\" \/><\/a><figcaption class=\"wp-element-caption\">Kangaskassi <\/figcaption><\/figure><\/div>\n\n\n<p><\/p>\n","protected":false},"excerpt":{"rendered":"<p>Germanicalla on myynniss\u00e4 seuraavanlaisia haalarimerkkej\u00e4 ja muita tuotteita. N\u00e4it\u00e4 saa parhaiten ostettua myyj\u00e4isist\u00e4 ja tapahtumista sek\u00e4 kyselem\u00e4ll\u00e4 hallituksen j\u00e4senilt\u00e4. Haalarimerkit 3\u20ac kpl Laulukirja 10\u20ac kpl Kangaskassi 10 kpl<\/p>\n","protected":false},"author":196,"featured_media":0,"parent":0,"menu_order":0,"comment_status":"closed","ping_status":"closed","template":"","meta":{"_kad_blocks_custom_css":"","_kad_blocks_head_custom_js":"","_kad_blocks_body_custom_js":"","_kad_blocks_footer_custom_js":"","footnotes":""},"class_list":["post-132","page","type-page","status-publish","czr-hentry"],"taxonomy_info":[],"featured_image_src_large":false,"author_info":{"display_name":"Germanica","author_link":"https:\/\/tyyala.utu.fi\/germanica\/author\/germanica\/"},"comment_info":0,"_links":{"self":[{"href":"https:\/\/tyyala.utu.fi\/germanica\/wp-json\/wp\/v2\/pages\/132","targetHints":{"allow":["GET"]}}],"collection":[{"href":"https:\/\/tyyala.utu.fi\/germanica\/wp-json\/wp\/v2\/pages"}],"about":[{"href":"https:\/\/tyyala.utu.fi\/germanica\/wp-json\/wp\/v2\/types\/page"}],"author":[{"embeddable":true,"href":"https:\/\/tyyala.utu.fi\/germanica\/wp-json\/wp\/v2\/users\/196"}],"replies":[{"embeddable":true,"href":"https:\/\/tyyala.utu.fi\/germanica\/wp-json\/wp\/v2\/comments?post=132"}],"version-history":[{"count":57,"href":"https:\/\/tyyala.utu.fi\/germanica\/wp-json\/wp\/v2\/pages\/132\/revisions"}],"predecessor-version":[{"id":1488,"href":"https:\/\/tyyala.utu.fi\/germanica\/wp-json\/wp\/v2\/pages\/132\/revisions\/1488"}],"wp:attachment":[{"href":"https:\/\/tyyala.utu.fi\/germanica\/wp-json\/wp\/v2\/media?parent=132"}],"curies":[{"name":"wp","href":"https:\/\/api.w.org\/{rel}","templated":true}]}}