{"id":1032,"date":"2020-08-28T15:20:09","date_gmt":"2020-08-28T13:20:09","guid":{"rendered":"https:\/\/tyyala.utu.fi\/germanica\/?page_id=1032"},"modified":"2024-01-16T01:59:49","modified_gmt":"2024-01-15T23:59:49","slug":"yliopisto-suomi-sanakirja","status":"publish","type":"page","link":"https:\/\/tyyala.utu.fi\/germanica\/yliopisto-suomi-sanakirja\/","title":{"rendered":"Yliopisto-suomi-sanakirja"},"content":{"rendered":"\n<p>Tuntuuko, ett\u00e4 puhe ymp\u00e4rill\u00e4si vilisee vieraita termej\u00e4? Ei h\u00e4t\u00e4\u00e4, kokosimme yliopisto-suomi-sanakirjaamme yleisempi\u00e4 yliopisto- ja opiskelijael\u00e4m\u00e4\u00e4n liittyvi\u00e4 sanoja.<\/p>\n\n\n\n<p>Et l\u00f6yt\u00e4nyt etsim\u00e4\u00e4si? Kys\u00e4ise kaverilta ja ota meihin yhtyett\u00e4, niin p\u00e4ivit\u00e4mme listaa.  \ud83d\ude42 <\/p>\n\n\n\n<p><strong>Akateeminen Hese<\/strong> = Yliopistonm\u00e4en juurella sijaitseva Hesburger.<\/p>\n\n\n\n<p><strong>Akateeminen vartti <\/strong>= Luennot alkavat (l\u00e4hes) aina varttia yli ja loppuvat varttia vaille. T\u00e4ten luentojen v\u00e4liin j\u00e4\u00e4 puolen tunnin tauko. Eli klo 10-12 kest\u00e4v\u00e4ksi merkitty luento kest\u00e4\u00e4 todellisuudessa klo 10.15-11.45. Mik\u00e4li aikataulu on merkitty minuutin tarkkuudella, esim. 8.30-10.00 ei akateeminen vartti p\u00e4de, vaan luento alkaa puolelta ja p\u00e4\u00e4ttyy tasalta.<\/p>\n\n\n\n<p><strong>Assari <\/strong>= Assarin ullakko, yksi Unican opiskelijaravintoloista Turussa. <a href=\"https:\/\/www.unica.fi\/ravintolat\/Yliopisto\/assarin-ullakko\/\">https:\/\/www.unica.fi\/fi\/ravintolat\/assarin-ullakko\/<\/a><\/p>\n\n\n\n<p><strong>Fuksi <\/strong>= Yleisnimitys 1. vuoden opiskelijoista. Saksan fuksit ovat <strong>pilttej\u00e4<em>.<\/em><\/strong><\/p>\n\n\n\n<p><strong>Germanica <\/strong>= Saksan opiskelijoiden ainej\u00e4rjest\u00f6. <\/p>\n\n\n\n<p><strong>Gradu <\/strong>= Pro gradu -tutkielma, joka kirjoitetaan maisterivaiheessa. My\u00f6s t\u00e4h\u00e4n kirjoitusprosessiin saa paljon tukea, eik\u00e4 sit\u00e4 kannata etuk\u00e4teen stressata. <\/p>\n\n\n\n<p><strong>Kandidaatin tutkielma <\/strong>= N. 20 sivun pituinen tutkielma, joka kirjoitetaan yleisimmin 3. opiskeluvuonna. Saksan opiskelijat kirjoittavat sen saksaksi. Kirjoittamisprosessiin saa runsaasti tukea, eik\u00e4 sit\u00e4 kannata j\u00e4nnitt\u00e4\u00e4 etuk\u00e4teen.<\/p>\n\n\n\n<p><strong>Kyps\u00e4ri<\/strong> = Kypsyysn\u00e4yte. Suomen- tai ruotsinkielinen tiivistelm\u00e4 omasta kandidaatintutkielmastasi. T\u00e4ll\u00e4 pyrit\u00e4\u00e4n varmistamaan, ett\u00e4 olet itse kirjoittanut oman tutkielmasi. <\/p>\n\n\n\n<p><strong>Maisteri <\/strong>= Kun olet valmistunut kandiksi, eli suorittanut kandidaatin tutkinnon, alkaa maisterivaihe. Siin\u00e4 suoritat syvent\u00e4vi\u00e4 kursseja. Lopulta kirjoitetaan Pro gradu -tutkielma. <\/p>\n\n\n\n<p><strong>Noppa <\/strong>= Opintopiste. Yksi opintopiste vastaa keskim\u00e4\u00e4rin 27 tunnin ty\u00f6panosta. Todellinen ty\u00f6panos kuitenkin vaihtelee kurssista riippuen. <\/p>\n\n\n\n<p><strong>Pedat <\/strong> = Opettajan pedagogiset. Opintokokonaisuus, joka on suoritettava, mik\u00e4li haluat valmistua opettajaksi. Suoritetaan yleens\u00e4 maisterivaiheessa. <\/p>\n\n\n\n<p><strong>Peppi <\/strong>= Pepist\u00e4 l\u00f6yd\u00e4t kaikkiin tutkinto-ohjelmiin kuuluvat kurssin sek\u00e4 koko yliopiston kurssitarjonnan. Sielt\u00e4 on helppo tarkistaa, mitk\u00e4 kurssit ovat sinulle pakollisia. <a href=\"https:\/\/opas.peppi.utu.fi\/\" target=\"_blank\" rel=\"noreferrer noopener\">https:\/\/opas.peppi.utu.fi\/<\/a><\/p>\n\n\n\n<p><strong>Periodi<\/strong> = Lukuvuosi jakaantuu kahteen lukukauteen, joissa molemmissa on kaksi periodia. Yksi lukuvuosi koostuu siis nelj\u00e4st\u00e4 periodista. <\/p>\n\n\n\n<p><strong>P\u00e4\u00e4aine<\/strong> = Se oppiaine, josta teet kandidaatintutkielmasi ja gradusi. Saksan opiskelijana saksan kieli on sinun p\u00e4\u00e4aineesi. <\/p>\n\n\n\n<p><strong>Sitsit<\/strong> = Akateeminen p\u00f6yt\u00e4juhla. Siell\u00e4 istutaan ennalta m\u00e4\u00e4r\u00e4tyn istumaj\u00e4rjestyksen (yleens\u00e4 saa esitt\u00e4\u00e4 toiveen vieruskaverista) mukaisesti. Sitseill\u00e4 lauletaan, sy\u00f6d\u00e4\u00e4n ja juodaan. Osallistua voi my\u00f6s alkoholittomana. S\u00e4\u00e4nn\u00f6t vaihtelevat ainej\u00e4rjest\u00f6itt\u00e4in ja siksi ne kerrataan aina sitsien alussa. Mik\u00e4li jokin j\u00e4\u00e4 mietitytt\u00e4m\u00e4\u00e4n, voi aina kys\u00e4ist\u00e4 kokeneemmilta sitsaajilta. <\/p>\n\n\n\n<p><strong>Sivuaine<\/strong> = P\u00e4\u00e4aineen lis\u00e4ksi tarvitset sivuaineen\/sivuaineita. Saksan opiskelijoilla ei ole pakollisia sivuaineita, vaan ne on vapaasti valittavissa. Osaan voit vain ilmoittautua s\u00e4hk\u00f6postitse ko. aineen opintosihteerille, osaan pit\u00e4\u00e4 pyrki\u00e4 sivuainekokeen kautta. <\/p>\n\n\n\n<p><strong>Tuutori<\/strong> = Tuutorit opastavat piltit opiskelijael\u00e4m\u00e4\u00e4n. Heid\u00e4n teht\u00e4v\u00e4n\u00e4\u00e4n on mm. esitell\u00e4 yliopistoa, auttaa kurssivalinnoissa sek\u00e4 tutustuttaa piltit toisiinsa. <\/p>\n\n\n\n<p><strong>YTHS <\/strong>= Ylioppilaiden terveydenhuoltos\u00e4\u00e4ti\u00f6. Vastaa siis Suomen yliopisto-opiskelijoiden terveydenhuollosta. <a href=\"https:\/\/www.yths.fi\/\" target=\"_blank\" rel=\"noreferrer noopener\">https:\/\/www.yths.fi\/<\/a><\/p>\n\n\n\n<p><\/p>\n","protected":false},"excerpt":{"rendered":"<p>Tuntuuko, ett\u00e4 puhe ymp\u00e4rill\u00e4si vilisee vieraita termej\u00e4? Ei h\u00e4t\u00e4\u00e4, kokosimme yliopisto-suomi-sanakirjaamme yleisempi\u00e4 yliopisto- ja opiskelijael\u00e4m\u00e4\u00e4n liittyvi\u00e4 sanoja. Et l\u00f6yt\u00e4nyt etsim\u00e4\u00e4si? Kys\u00e4ise kaverilta ja ota meihin yhtyett\u00e4, niin p\u00e4ivit\u00e4mme listaa. \ud83d\ude42 Akateeminen Hese = Yliopistonm\u00e4en juurella sijaitseva Hesburger. Akateeminen vartti = Luennot alkavat (l\u00e4hes) aina varttia yli ja loppuvat varttia vaille. T\u00e4ten luentojen v\u00e4liin j\u00e4\u00e4 puolen [&hellip;]<\/p>\n","protected":false},"author":196,"featured_media":0,"parent":0,"menu_order":0,"comment_status":"closed","ping_status":"closed","template":"","meta":{"_kad_blocks_custom_css":"","_kad_blocks_head_custom_js":"","_kad_blocks_body_custom_js":"","_kad_blocks_footer_custom_js":"","footnotes":""},"class_list":["post-1032","page","type-page","status-publish","czr-hentry"],"taxonomy_info":[],"featured_image_src_large":false,"author_info":{"display_name":"Germanica","author_link":"https:\/\/tyyala.utu.fi\/germanica\/author\/germanica\/"},"comment_info":0,"_links":{"self":[{"href":"https:\/\/tyyala.utu.fi\/germanica\/wp-json\/wp\/v2\/pages\/1032","targetHints":{"allow":["GET"]}}],"collection":[{"href":"https:\/\/tyyala.utu.fi\/germanica\/wp-json\/wp\/v2\/pages"}],"about":[{"href":"https:\/\/tyyala.utu.fi\/germanica\/wp-json\/wp\/v2\/types\/page"}],"author":[{"embeddable":true,"href":"https:\/\/tyyala.utu.fi\/germanica\/wp-json\/wp\/v2\/users\/196"}],"replies":[{"embeddable":true,"href":"https:\/\/tyyala.utu.fi\/germanica\/wp-json\/wp\/v2\/comments?post=1032"}],"version-history":[{"count":3,"href":"https:\/\/tyyala.utu.fi\/germanica\/wp-json\/wp\/v2\/pages\/1032\/revisions"}],"predecessor-version":[{"id":1393,"href":"https:\/\/tyyala.utu.fi\/germanica\/wp-json\/wp\/v2\/pages\/1032\/revisions\/1393"}],"wp:attachment":[{"href":"https:\/\/tyyala.utu.fi\/germanica\/wp-json\/wp\/v2\/media?parent=1032"}],"curies":[{"name":"wp","href":"https:\/\/api.w.org\/{rel}","templated":true}]}}