{"id":6,"date":"2015-08-06T05:48:42","date_gmt":"2015-08-06T05:48:42","guid":{"rendered":"http:\/\/tyyala.utu.fi\/forum\/?page_id=2"},"modified":"2025-02-03T18:34:51","modified_gmt":"2025-02-03T16:34:51","slug":"etusivu","status":"publish","type":"page","link":"https:\/\/tyyala.utu.fi\/forum\/","title":{"rendered":"Etusivu"},"content":{"rendered":"<p>Forum Romanum ry. on Turun yliopiston ylioppilaskunnan alaisuudessa toimiva ranskan kielen opiskelijoiden ainej\u00e4rjest\u00f6.<\/p>\n<p>Vuodesta 1989\u00a0toiminut pieni, mutta pippurinen ainej\u00e4rjest\u00f6 tarjoaa ainutlaatuisia mahdollisuuksia opiskelijoille viett\u00e4\u00e4 vapaa-aikaa ja vaikuttaa omaan opiskeluymp\u00e4rist\u00f6\u00f6n!<\/p>\n<p>Amusez-vous bien avec les \u00e9tudiant(e)s de fran\u00e7ais !<\/p>\n<p>***<\/p>\n<p>Forum Romanum ry est l&#8217;association des \u00e9tudiants des langues fran\u00e7aise de l&#8217;Universit\u00e9 de Turku, Finlande. L&#8217;association propose des activit\u00e9s int\u00e9ressantes et donne la possibilit\u00e9 d&#8217;influer sur vos \u00e9tudes ! Pour se joindre notre association, voir J\u00e4seneksi-page.<\/p>\n","protected":false},"excerpt":{"rendered":"<p>Forum Romanum ry. on Turun yliopiston ylioppilaskunnan alaisuudessa toimiva ranskan kielen opiskelijoiden ainej\u00e4rjest\u00f6. Vuodesta 1989\u00a0toiminut pieni, mutta pippurinen ainej\u00e4rjest\u00f6 tarjoaa ainutlaatuisia mahdollisuuksia opiskelijoille viett\u00e4\u00e4 vapaa-aikaa ja vaikuttaa omaan opiskeluymp\u00e4rist\u00f6\u00f6n! Amusez-vous bien avec les \u00e9tudiant(e)s de fran\u00e7ais ! *** Forum Romanum &hellip; <a href=\"https:\/\/tyyala.utu.fi\/forum\/\">Lue loppuun <span class=\"meta-nav\">&rarr;<\/span><\/a><\/p>\n","protected":false},"author":11,"featured_media":0,"parent":0,"menu_order":0,"comment_status":"closed","ping_status":"closed","template":"","meta":{"footnotes":""},"class_list":["post-6","page","type-page","status-publish","hentry"],"_links":{"self":[{"href":"https:\/\/tyyala.utu.fi\/forum\/wp-json\/wp\/v2\/pages\/6","targetHints":{"allow":["GET"]}}],"collection":[{"href":"https:\/\/tyyala.utu.fi\/forum\/wp-json\/wp\/v2\/pages"}],"about":[{"href":"https:\/\/tyyala.utu.fi\/forum\/wp-json\/wp\/v2\/types\/page"}],"author":[{"embeddable":true,"href":"https:\/\/tyyala.utu.fi\/forum\/wp-json\/wp\/v2\/users\/11"}],"replies":[{"embeddable":true,"href":"https:\/\/tyyala.utu.fi\/forum\/wp-json\/wp\/v2\/comments?post=6"}],"version-history":[{"count":11,"href":"https:\/\/tyyala.utu.fi\/forum\/wp-json\/wp\/v2\/pages\/6\/revisions"}],"predecessor-version":[{"id":462,"href":"https:\/\/tyyala.utu.fi\/forum\/wp-json\/wp\/v2\/pages\/6\/revisions\/462"}],"wp:attachment":[{"href":"https:\/\/tyyala.utu.fi\/forum\/wp-json\/wp\/v2\/media?parent=6"}],"curies":[{"name":"wp","href":"https:\/\/api.w.org\/{rel}","templated":true}]}}