{"id":43,"date":"2015-08-06T08:01:46","date_gmt":"2015-08-06T06:01:46","guid":{"rendered":"http:\/\/tyyala.utu.fi\/forum\/?page_id=43"},"modified":"2025-02-03T18:23:21","modified_gmt":"2025-02-03T16:23:21","slug":"opiskelu","status":"publish","type":"page","link":"https:\/\/tyyala.utu.fi\/forum\/opiskelu\/","title":{"rendered":"Opiskelu"},"content":{"rendered":"<p>Ranskan kielen opiskelussa painottuvat ranskan kielen taidot, teoreettiset taidot ja kriittisen ajattelun kehitt\u00e4minen sek\u00e4 em. soveltaminen erilaisissa kieli- ja k\u00e4\u00e4nn\u00f6sviestinn\u00e4n teht\u00e4viss\u00e4. Lis\u00e4ksi tavoitteena on ranskalaisen ja globaalin ranskankielisen yhteiskunnan ja kulttuurin erityispiirteiden tuntemus ja ymm\u00e4rrys.<\/p>\n<p>Turussa ranskan kielen tutkimuskohteena ovat erityisesti nykyranska ja sen k\u00e4ytt\u00f6 eri konteksteissa. Tutkimuksen painopistealoja ovat mm. uutta mediaa koskeva tutkimus, kansainv\u00e4lisen viestinn\u00e4n, erityisesti k\u00e4\u00e4nt\u00e4misen ja tulkkauksen tutkimus sek\u00e4 kielen ja kognition v\u00e4listen suhteiden tutkimus.<\/p>\n<p>Maisterivaiheessa opiskelija valitsee itselleen sopivimman tutkinto-ohjelman seuraavista:<\/p>\n<ul>\n<li><a href=\"https:\/\/opas.peppi.utu.fi\/fi\/tutkinto-ohjelma\/1106\" target=\"_blank\" rel=\"noopener\">Kielen oppimisen ja opettamisen tutkinto-ohjelma<\/a><\/li>\n<li><a href=\"https:\/\/opas.peppi.utu.fi\/fi\/tutkinto-ohjelma\/3222\" target=\"_blank\" rel=\"noopener\">Kieliasiantuntijuuden tutkinto-ohjelma<\/a><\/li>\n<li><a href=\"https:\/\/opas.peppi.utu.fi\/fi\/tutkinto-ohjelma\/3220\" target=\"_blank\" rel=\"noopener\">Monikielisen k\u00e4\u00e4nn\u00f6sviestinn\u00e4n tutkinto-ohjelma<\/a><\/li>\n<\/ul>\n<p>Tutkinto-ohjelmasta ja aineyhdistelmist\u00e4 riippuen opiskelijat sijoittuvat opettajiksi, kansainv\u00e4lisiin asiantuntijateht\u00e4viin ja monenlaisiin k\u00e4\u00e4nn\u00f6s-, tulkkaus- ja kielipalveluteht\u00e4viin.<\/p>\n<p>Lis\u00e4\u00e4 tietoa esim. kursseista ja kokonaisuuksista l\u00f6ytyy Turun yliopiston <a href=\"https:\/\/opas.peppi.utu.fi\/fi\/humanistinen-tiedekunta\/kieli-ja-kaannostieteiden-laitos\/14002\/13363\" target=\"_blank\" rel=\"noopener\">opinto-oppaasta<\/a>.<\/p>\n","protected":false},"excerpt":{"rendered":"<p>Ranskan kielen opiskelussa painottuvat ranskan kielen taidot, teoreettiset taidot ja kriittisen ajattelun kehitt\u00e4minen sek\u00e4 em. soveltaminen erilaisissa kieli- ja k\u00e4\u00e4nn\u00f6sviestinn\u00e4n teht\u00e4viss\u00e4. Lis\u00e4ksi tavoitteena on ranskalaisen ja globaalin ranskankielisen yhteiskunnan ja kulttuurin erityispiirteiden tuntemus ja ymm\u00e4rrys. Turussa ranskan kielen tutkimuskohteena ovat &hellip; <a href=\"https:\/\/tyyala.utu.fi\/forum\/opiskelu\/\">Lue loppuun <span class=\"meta-nav\">&rarr;<\/span><\/a><\/p>\n","protected":false},"author":2,"featured_media":0,"parent":0,"menu_order":2,"comment_status":"closed","ping_status":"closed","template":"","meta":{"footnotes":""},"class_list":["post-43","page","type-page","status-publish","hentry"],"_links":{"self":[{"href":"https:\/\/tyyala.utu.fi\/forum\/wp-json\/wp\/v2\/pages\/43","targetHints":{"allow":["GET"]}}],"collection":[{"href":"https:\/\/tyyala.utu.fi\/forum\/wp-json\/wp\/v2\/pages"}],"about":[{"href":"https:\/\/tyyala.utu.fi\/forum\/wp-json\/wp\/v2\/types\/page"}],"author":[{"embeddable":true,"href":"https:\/\/tyyala.utu.fi\/forum\/wp-json\/wp\/v2\/users\/2"}],"replies":[{"embeddable":true,"href":"https:\/\/tyyala.utu.fi\/forum\/wp-json\/wp\/v2\/comments?post=43"}],"version-history":[{"count":5,"href":"https:\/\/tyyala.utu.fi\/forum\/wp-json\/wp\/v2\/pages\/43\/revisions"}],"predecessor-version":[{"id":460,"href":"https:\/\/tyyala.utu.fi\/forum\/wp-json\/wp\/v2\/pages\/43\/revisions\/460"}],"wp:attachment":[{"href":"https:\/\/tyyala.utu.fi\/forum\/wp-json\/wp\/v2\/media?parent=43"}],"curies":[{"name":"wp","href":"https:\/\/api.w.org\/{rel}","templated":true}]}}