{"id":33,"date":"2015-08-06T08:00:17","date_gmt":"2015-08-06T06:00:17","guid":{"rendered":"http:\/\/tyyala.utu.fi\/forum\/?page_id=33"},"modified":"2025-02-03T18:20:47","modified_gmt":"2025-02-03T16:20:47","slug":"yhdistys","status":"publish","type":"page","link":"https:\/\/tyyala.utu.fi\/forum\/yhdistys\/","title":{"rendered":"Yhdistys"},"content":{"rendered":"<p>Forum Romanum ry on Turun yliopiston ylioppilaskunnan eli TYY:n alaisuudessa toimiva rekister\u00f6ity yhdistys sek\u00e4 Turun yliopiston ranskan kielen oma ainej\u00e4rjest\u00f6. Yhdistys on tarkoitettu p\u00e4\u00e4asiassa ranskan kielen p\u00e4\u00e4- ja sivuaineopiskelijoille, mutta kuka tahansa kiinnostunut voi liitty\u00e4 j\u00e4seneksi.<\/p>\n<p>Yhdistyksen (tuttavallisesti Forum) tavoitteena on olla linkkin\u00e4 opiskelijoiden, laitoksen henkil\u00f6kunnan ja muiden yliopiston yhdistysten sek\u00e4 hallinnon v\u00e4lill\u00e4. Forum kehitt\u00e4\u00e4 opiskeluolosuhteita, tuo esille opiskelijoita askarruttavia kysymyksi\u00e4 tai muutosehdotuksia sek\u00e4 j\u00e4rjest\u00e4\u00e4 monenlaisia vapaa-ajan tapahtumia, jotka yhdist\u00e4v\u00e4t opiskelijat ja henkil\u00f6kunnan.<\/p>\n<p>Forum j\u00e4rjest\u00e4\u00e4 joka syksy paljon ohjelmaa uusille opiskelijoille. Opiskelujen alettua kielten ainej\u00e4rjest\u00f6t j\u00e4rjest\u00e4v\u00e4t muun muassa yhdess\u00e4 Kieltenopiskelijoiden kastajaiset, joissa on mahdollista tutustua kaikkiin kieltenopiskelijoihin. Marraskuussa maistellaan viini\u00e4 yhdess\u00e4 ranskan laitoksen henkil\u00f6kunnan kanssa, kun ranskalainen Beaujolais Nouveau \u2013viini saapuu myyt\u00e4v\u00e4ksi ymp\u00e4ri maailman! Kev\u00e4tt\u00e4 koristaa my\u00f6s erilaiset tapahtumat, jotka kohentuvat aina jokaisen opiskelijan lempitapahtumaan, eli Vappuun!<\/p>\n<p>Eik\u00e4 t\u00e4ss\u00e4 viel\u00e4 kaikki! Forum j\u00e4rjest\u00e4\u00e4 aktiivisesti erilaisia peli- ja hengailuiltoja, joiden teemat vaihtelevat vuosittain. Akateemiseen perinteeseen kuuluvat my\u00f6s vuosijuhlat, jotka Forum j\u00e4rjest\u00e4\u00e4 joka viides vuosi.<\/p>\n<p>Posti- ja k\u00e4yntiosoite:<\/p>\n<p>Forum Romanum\/Arcanum,<br \/>\nArcanuminkuja 1<br \/>\nTurun yliopisto<br \/>\n20500 Turku<\/p>\n<p><a href=\"https:\/\/tyyala.utu.fi\/forum\/wp-content\/uploads\/sites\/9\/2018\/02\/Forum_Romanum_ry_s\u00e4\u00e4nn\u00f6t.pdf\">Forum Romanum ry:n s\u00e4\u00e4nn\u00f6t pdf-muodossa<\/a><\/p>\n","protected":false},"excerpt":{"rendered":"<p>Forum Romanum ry on Turun yliopiston ylioppilaskunnan eli TYY:n alaisuudessa toimiva rekister\u00f6ity yhdistys sek\u00e4 Turun yliopiston ranskan kielen oma ainej\u00e4rjest\u00f6. Yhdistys on tarkoitettu p\u00e4\u00e4asiassa ranskan kielen p\u00e4\u00e4- ja sivuaineopiskelijoille, mutta kuka tahansa kiinnostunut voi liitty\u00e4 j\u00e4seneksi. Yhdistyksen (tuttavallisesti Forum) tavoitteena &hellip; <a href=\"https:\/\/tyyala.utu.fi\/forum\/yhdistys\/\">Lue loppuun <span class=\"meta-nav\">&rarr;<\/span><\/a><\/p>\n","protected":false},"author":2,"featured_media":0,"parent":0,"menu_order":1,"comment_status":"closed","ping_status":"closed","template":"","meta":{"footnotes":""},"class_list":["post-33","page","type-page","status-publish","hentry"],"_links":{"self":[{"href":"https:\/\/tyyala.utu.fi\/forum\/wp-json\/wp\/v2\/pages\/33","targetHints":{"allow":["GET"]}}],"collection":[{"href":"https:\/\/tyyala.utu.fi\/forum\/wp-json\/wp\/v2\/pages"}],"about":[{"href":"https:\/\/tyyala.utu.fi\/forum\/wp-json\/wp\/v2\/types\/page"}],"author":[{"embeddable":true,"href":"https:\/\/tyyala.utu.fi\/forum\/wp-json\/wp\/v2\/users\/2"}],"replies":[{"embeddable":true,"href":"https:\/\/tyyala.utu.fi\/forum\/wp-json\/wp\/v2\/comments?post=33"}],"version-history":[{"count":13,"href":"https:\/\/tyyala.utu.fi\/forum\/wp-json\/wp\/v2\/pages\/33\/revisions"}],"predecessor-version":[{"id":458,"href":"https:\/\/tyyala.utu.fi\/forum\/wp-json\/wp\/v2\/pages\/33\/revisions\/458"}],"wp:attachment":[{"href":"https:\/\/tyyala.utu.fi\/forum\/wp-json\/wp\/v2\/media?parent=33"}],"curies":[{"name":"wp","href":"https:\/\/api.w.org\/{rel}","templated":true}]}}