{"id":308,"date":"2019-10-17T14:26:03","date_gmt":"2019-10-17T12:26:03","guid":{"rendered":"http:\/\/tyyala.utu.fi\/forum\/?page_id=308"},"modified":"2025-02-03T18:14:53","modified_gmt":"2025-02-03T16:14:53","slug":"tulevat-tapahtumat","status":"publish","type":"page","link":"https:\/\/tyyala.utu.fi\/forum\/tulevat-tapahtumat\/","title":{"rendered":"Tulevat tapahtumat"},"content":{"rendered":"\n<p><\/p>\n\n\n\n<p><strong>Lis\u00e4tietoa tapahtumista l\u00f6yd\u00e4t Forumin Instagramista <a href=\"https:\/\/www.instagram.com\/forum_utu\/?hl=fi\">@forum_utu<\/a> ja ajoittain my\u00f6s <a href=\"https:\/\/www.facebook.com\/utuforum\/?ref=bookmarks\">FB-sivuilta<\/a>.<\/strong><\/p>\n","protected":false},"excerpt":{"rendered":"<p>Lis\u00e4tietoa tapahtumista l\u00f6yd\u00e4t Forumin Instagramista @forum_utu ja ajoittain my\u00f6s FB-sivuilta.<\/p>\n","protected":false},"author":74,"featured_media":0,"parent":0,"menu_order":0,"comment_status":"closed","ping_status":"closed","template":"","meta":{"footnotes":""},"class_list":["post-308","page","type-page","status-publish","hentry"],"_links":{"self":[{"href":"https:\/\/tyyala.utu.fi\/forum\/wp-json\/wp\/v2\/pages\/308","targetHints":{"allow":["GET"]}}],"collection":[{"href":"https:\/\/tyyala.utu.fi\/forum\/wp-json\/wp\/v2\/pages"}],"about":[{"href":"https:\/\/tyyala.utu.fi\/forum\/wp-json\/wp\/v2\/types\/page"}],"author":[{"embeddable":true,"href":"https:\/\/tyyala.utu.fi\/forum\/wp-json\/wp\/v2\/users\/74"}],"replies":[{"embeddable":true,"href":"https:\/\/tyyala.utu.fi\/forum\/wp-json\/wp\/v2\/comments?post=308"}],"version-history":[{"count":10,"href":"https:\/\/tyyala.utu.fi\/forum\/wp-json\/wp\/v2\/pages\/308\/revisions"}],"predecessor-version":[{"id":456,"href":"https:\/\/tyyala.utu.fi\/forum\/wp-json\/wp\/v2\/pages\/308\/revisions\/456"}],"wp:attachment":[{"href":"https:\/\/tyyala.utu.fi\/forum\/wp-json\/wp\/v2\/media?parent=308"}],"curies":[{"name":"wp","href":"https:\/\/api.w.org\/{rel}","templated":true}]}}