{"id":210,"date":"2018-02-28T21:42:14","date_gmt":"2018-02-28T19:42:14","guid":{"rendered":"http:\/\/tyyala.utu.fi\/forum\/?page_id=210"},"modified":"2025-10-20T16:40:10","modified_gmt":"2025-10-20T14:40:10","slug":"jaseneksi","status":"publish","type":"page","link":"https:\/\/tyyala.utu.fi\/forum\/jaseneksi\/","title":{"rendered":"J\u00e4seneksi"},"content":{"rendered":"<p>Voit liitty\u00e4 j\u00e4seneksi maksamalla 15 \u20ac Forum Romanum ry:n tilille:<\/p>\n<p>FI49 8200 4710 5370 62<\/p>\n<p>Kirjoita viestikentt\u00e4\u00e4n oma nimesi ja kotipaikkakuntasi.<\/p>\n<p>J\u00e4seneksi liittymisen j\u00e4lkeen, voit liitty\u00e4 yhdistyksen s\u00e4hk\u00f6postilistalle saadaksesi ajankohtaista tietoa tapahtumista ja yhdistyksen muusta toiminnasta. Liitty\u00e4ksesi listalle, l\u00e4het\u00e4 s\u00e4hk\u00f6postia osoitteeseen forum-hallitus (a) utu.fi\u00a0<\/p>\n<p>Liittym\u00e4ll\u00e4 Forum Romanum ry:n j\u00e4seneksi henkil\u00f6 antaa suostumuksensa henkil\u00f6tietojensa ker\u00e4\u00e4miseen ja k\u00e4sittelyyn. Henkil\u00f6tiedoista ker\u00e4t\u00e4\u00e4n t\u00e4ydellinen nimi, kotipaikkakunta, opiskelijastatus ja j\u00e4senyystyyppi. Tietoja ei luovuteta eteenp\u00e4in. Tietoja s\u00e4ilytet\u00e4\u00e4n rekisteriss\u00e4 j\u00e4senyyden keston ajan. Lis\u00e4\u00e4 voit lukea oheisesta tietosuojaselosteesta.<\/p>\n<p><a href=\"https:\/\/tyyala.utu.fi\/forum\/wp-content\/uploads\/sites\/9\/2018\/02\/Tietosuojaseloste_Forum_Romanum_ry.pdf\">Tietosuojaseloste_Forum_Romanum_ry<\/a><\/p>\n<p>&nbsp;<\/p>\n<p>To become a member as an international or exchange student, pay a membership fee of 3\u20ac to the Forum Romanum\u2019s account. This membership is valid for 1 year. Upon joining, Forum Romanum ry obtains permission to process your given personal data.<br \/>Amount: 3\u20ac <br \/>To: Forum Romanum ry <br \/>FI49 8200 4710 5370 62 <br \/>BIC: DABAFIHH<br \/>Message: your full name and city of residence<\/p>\n<p>&nbsp;<\/p>\n\n","protected":false},"excerpt":{"rendered":"<p>Voit liitty\u00e4 j\u00e4seneksi maksamalla 15 \u20ac Forum Romanum ry:n tilille: FI49 8200 4710 5370 62 Kirjoita viestikentt\u00e4\u00e4n oma nimesi ja kotipaikkakuntasi. J\u00e4seneksi liittymisen j\u00e4lkeen, voit liitty\u00e4 yhdistyksen s\u00e4hk\u00f6postilistalle saadaksesi ajankohtaista tietoa tapahtumista ja yhdistyksen muusta toiminnasta. Liitty\u00e4ksesi listalle, l\u00e4het\u00e4 s\u00e4hk\u00f6postia &hellip; <a href=\"https:\/\/tyyala.utu.fi\/forum\/jaseneksi\/\">Lue loppuun <span class=\"meta-nav\">&rarr;<\/span><\/a><\/p>\n","protected":false},"author":74,"featured_media":0,"parent":0,"menu_order":0,"comment_status":"closed","ping_status":"closed","template":"","meta":{"footnotes":""},"class_list":["post-210","page","type-page","status-publish","hentry"],"_links":{"self":[{"href":"https:\/\/tyyala.utu.fi\/forum\/wp-json\/wp\/v2\/pages\/210","targetHints":{"allow":["GET"]}}],"collection":[{"href":"https:\/\/tyyala.utu.fi\/forum\/wp-json\/wp\/v2\/pages"}],"about":[{"href":"https:\/\/tyyala.utu.fi\/forum\/wp-json\/wp\/v2\/types\/page"}],"author":[{"embeddable":true,"href":"https:\/\/tyyala.utu.fi\/forum\/wp-json\/wp\/v2\/users\/74"}],"replies":[{"embeddable":true,"href":"https:\/\/tyyala.utu.fi\/forum\/wp-json\/wp\/v2\/comments?post=210"}],"version-history":[{"count":8,"href":"https:\/\/tyyala.utu.fi\/forum\/wp-json\/wp\/v2\/pages\/210\/revisions"}],"predecessor-version":[{"id":467,"href":"https:\/\/tyyala.utu.fi\/forum\/wp-json\/wp\/v2\/pages\/210\/revisions\/467"}],"wp:attachment":[{"href":"https:\/\/tyyala.utu.fi\/forum\/wp-json\/wp\/v2\/media?parent=210"}],"curies":[{"name":"wp","href":"https:\/\/api.w.org\/{rel}","templated":true}]}}