{"id":77,"date":"2016-09-01T14:16:16","date_gmt":"2016-09-01T14:16:16","guid":{"rendered":"http:\/\/tyyala.utu.fi\/f-piste\/?page_id=77"},"modified":"2025-11-24T16:14:19","modified_gmt":"2025-11-24T14:14:19","slug":"yhteystiedot","status":"publish","type":"page","link":"https:\/\/tyyala.utu.fi\/f-piste\/yhteystiedot\/","title":{"rendered":"Yhteystiedot"},"content":{"rendered":"<table width=\"800px\">\n<tbody>\n<tr>\n<td>Postiosoite:<br \/>\nF-piste ry<br \/>\nc\/o Arcanum, Historian, kulttuurin ja taideiden tutkimuslaitos<br \/>\n20014 Turun yliopisto<\/p>\n<p>&nbsp;<\/p>\n<p>Hallitukselle voit l\u00e4hett\u00e4\u00e4 s\u00e4hk\u00f6postia osoitteeseen f-hallitus(\u00e4t)lists.utu.fi. Erilliset osoitteet hallituksen j\u00e4senille l\u00f6yd\u00e4t <a href=\"https:\/\/tyyala.utu.fi\/f-piste\/hallitus\/\">Hallitus-v\u00e4lilehdest\u00e4<\/a>.<\/p>\n<p>S\u00e4hk\u00f6postit t\u00e4m\u00e4n sivuston yll\u00e4pit\u00e4j\u00e4lle: eehmik(\u00e4t)utu.fi<\/p>\n<p><a href=\"https:\/\/www.instagram.com\/fpistery?utm_source=ig_web_button_share_sheet&amp;igsh=ZDNlZDc0MzIxNw==\">F-pisteen Instagram<\/a><\/p>\n<p><a href=\"http:\/\/www.facebook.com\/fpiste1234\">F-pisteen Facebook<\/a><\/p>\n<p>F-blogin email-osoite: fpisteblog(\u00e4t)gmail.com<\/td>\n<\/tr>\n<\/tbody>\n<\/table>\n","protected":false},"excerpt":{"rendered":"<p>Postiosoite: F-piste ry c\/o Arcanum, Historian, kulttuurin ja taideiden tutkimuslaitos 20014 Turun yliopisto &nbsp; Hallitukselle voit l\u00e4hett\u00e4\u00e4 s\u00e4hk\u00f6postia osoitteeseen f-hallitus(\u00e4t)lists.utu.fi. Erilliset osoitteet hallituksen j\u00e4senille l\u00f6yd\u00e4t Hallitus-v\u00e4lilehdest\u00e4. S\u00e4hk\u00f6postit t\u00e4m\u00e4n sivuston yll\u00e4pit\u00e4j\u00e4lle: eehmik(\u00e4t)utu.fi F-pisteen Instagram F-pisteen Facebook F-blogin email-osoite: fpisteblog(\u00e4t)gmail.com<\/p>\n","protected":false},"author":6,"featured_media":0,"parent":0,"menu_order":0,"comment_status":"closed","ping_status":"closed","template":"","meta":{"footnotes":""},"class_list":["post-77","page","type-page","status-publish","hentry","post-preview"],"_links":{"self":[{"href":"https:\/\/tyyala.utu.fi\/f-piste\/wp-json\/wp\/v2\/pages\/77","targetHints":{"allow":["GET"]}}],"collection":[{"href":"https:\/\/tyyala.utu.fi\/f-piste\/wp-json\/wp\/v2\/pages"}],"about":[{"href":"https:\/\/tyyala.utu.fi\/f-piste\/wp-json\/wp\/v2\/types\/page"}],"author":[{"embeddable":true,"href":"https:\/\/tyyala.utu.fi\/f-piste\/wp-json\/wp\/v2\/users\/6"}],"replies":[{"embeddable":true,"href":"https:\/\/tyyala.utu.fi\/f-piste\/wp-json\/wp\/v2\/comments?post=77"}],"version-history":[{"count":10,"href":"https:\/\/tyyala.utu.fi\/f-piste\/wp-json\/wp\/v2\/pages\/77\/revisions"}],"predecessor-version":[{"id":392,"href":"https:\/\/tyyala.utu.fi\/f-piste\/wp-json\/wp\/v2\/pages\/77\/revisions\/392"}],"wp:attachment":[{"href":"https:\/\/tyyala.utu.fi\/f-piste\/wp-json\/wp\/v2\/media?parent=77"}],"curies":[{"name":"wp","href":"https:\/\/api.w.org\/{rel}","templated":true}]}}