{"id":72,"date":"2016-09-01T14:14:57","date_gmt":"2016-09-01T14:14:57","guid":{"rendered":"http:\/\/tyyala.utu.fi\/f-piste\/?page_id=72"},"modified":"2016-09-01T14:14:57","modified_gmt":"2016-09-01T14:14:57","slug":"linkit","status":"publish","type":"page","link":"https:\/\/tyyala.utu.fi\/f-piste\/linkit\/","title":{"rendered":"Linkit"},"content":{"rendered":"<h3>Hy\u00f6dyllisi\u00e4 linkkej\u00e4<\/h3>\n<p><a href=\"http:\/\/fpisteblogi.blogspot.fi\/\">F-blogi<\/a><\/p>\n<p><a href=\"http:\/\/www.utu.fi\/fi\/yksikot\/hum\/yksikot\/sukupuolentutkimus\/Sivut\/home.aspx\/\">Sukupuolentukimuksen oppiaineen nettisivut<\/a><\/p>\n<p><a href=\"http:\/\/www.hilmaverkosto.fi\/\">Sukupuolentutkimuksen verkosto Hilma<\/a><\/p>\n<p><a href=\"http:\/\/ishaturku.wordpress.com\/\">ISHA Turku<\/a><\/p>\n","protected":false},"excerpt":{"rendered":"<p>Hy\u00f6dyllisi\u00e4 linkkej\u00e4 F-blogi Sukupuolentukimuksen oppiaineen nettisivut Sukupuolentutkimuksen verkosto Hilma ISHA Turku<\/p>\n","protected":false},"author":6,"featured_media":0,"parent":0,"menu_order":0,"comment_status":"closed","ping_status":"closed","template":"","meta":{"footnotes":""},"class_list":["post-72","page","type-page","status-publish","hentry","post-preview"],"_links":{"self":[{"href":"https:\/\/tyyala.utu.fi\/f-piste\/wp-json\/wp\/v2\/pages\/72","targetHints":{"allow":["GET"]}}],"collection":[{"href":"https:\/\/tyyala.utu.fi\/f-piste\/wp-json\/wp\/v2\/pages"}],"about":[{"href":"https:\/\/tyyala.utu.fi\/f-piste\/wp-json\/wp\/v2\/types\/page"}],"author":[{"embeddable":true,"href":"https:\/\/tyyala.utu.fi\/f-piste\/wp-json\/wp\/v2\/users\/6"}],"replies":[{"embeddable":true,"href":"https:\/\/tyyala.utu.fi\/f-piste\/wp-json\/wp\/v2\/comments?post=72"}],"version-history":[{"count":1,"href":"https:\/\/tyyala.utu.fi\/f-piste\/wp-json\/wp\/v2\/pages\/72\/revisions"}],"predecessor-version":[{"id":74,"href":"https:\/\/tyyala.utu.fi\/f-piste\/wp-json\/wp\/v2\/pages\/72\/revisions\/74"}],"wp:attachment":[{"href":"https:\/\/tyyala.utu.fi\/f-piste\/wp-json\/wp\/v2\/media?parent=72"}],"curies":[{"name":"wp","href":"https:\/\/api.w.org\/{rel}","templated":true}]}}