{"id":64,"date":"2016-09-01T14:12:39","date_gmt":"2016-09-01T14:12:39","guid":{"rendered":"http:\/\/tyyala.utu.fi\/f-piste\/?page_id=64"},"modified":"2018-05-28T17:28:54","modified_gmt":"2018-05-28T17:28:54","slug":"tule-mukaan","status":"publish","type":"page","link":"https:\/\/tyyala.utu.fi\/f-piste\/tule-mukaan\/","title":{"rendered":"Tule mukaan"},"content":{"rendered":"<h3>J\u00e4seneksi<\/h3>\n<p>F-pisteen j\u00e4seniksi ovat tervetulleita kaikki sukupuolen kysymyksist\u00e4 kiinnostuneet. Tapahtumista saat tietoa liittym\u00e4ll\u00e4 yhdistyksen\u00a0<a href=\"https:\/\/lists.utu.fi\/mailman\/listinfo\/f-piste\">postituslistalle<\/a>. J\u00e4seneksi voit liitty\u00e4 joko F-pisteen tapahtumissa, tai toimittamalla hallitukselle (esim. s\u00e4hk\u00f6postilla) nimesi, kotipaikkakuntasi ja tiedon siit\u00e4, oletko TYYn j\u00e4sen. J\u00e4senmaksu on huimat <b>nolla euroa<\/b>, ja Viralliset-osiosta p\u00e4\u00e4set tutustumaan F-pisteen rekisteriselosteeseen ja tietosuojaselosteeseen.<\/p>\n<p><span style=\"color: #444444;font-size: 1.5em;font-weight: bold\">Toimintaan<\/span><\/p>\n<p>F-pisteen toimintaan voit osallistua lukemattomilla eri tavoilla: kirjoita <a href=\"http:\/\/fpisteblogi.blogspot.fi\/\">blogiin<\/a>, osallistu kulttuuritapahtumiin, k\u00e4y bileiss\u00e4 ja myyj\u00e4isiss\u00e4 tai tule mukaan j\u00e4rjest\u00e4m\u00e4\u00e4n niit\u00e4, <a href=\"http:\/\/www.facebook.com\/fpiste1234\">tykk\u00e4\u00e4 Facebook-sivustamme<\/a>, levit\u00e4 sanaa yhdistyksest\u00e4 ja sen toiminnasta tuttavapiiriss\u00e4si&#8230;<\/p>\n<p>Kannattaa ehdottomasti my\u00f6s tulla kokouksiin ideoimaan tulevaa toimintaa ja vaikuttamaan sen suuntaan. Kokouksia pidet\u00e4\u00e4n s\u00e4\u00e4nn\u00f6llisesti, ja ne ovat luonteeltaan leppoisia tilaisuuksia, joihin uskaltaa taatusti tulla mukaan. Tarkat ajat ja paikat ilmoitetaan yhdistyksen postituslistalla.<\/p>\n<p>Palautetta ja toivomuksia voi my\u00f6s l\u00e4hett\u00e4\u00e4 s\u00e4hk\u00f6postilla osoitteeseen f-hallitus@lists.utu.fi.\u00a0Olemme kiinnostuneita kuulemaan mielipiteesi, kerro ne siis rohkeasti!<\/p>\n<p><strong>Tervetuloa luomaan feministist\u00e4 toimintaa yliopistolle ja yhteiskuntaan!<\/strong><\/p>\n","protected":false},"excerpt":{"rendered":"<p>J\u00e4seneksi F-pisteen j\u00e4seniksi ovat tervetulleita kaikki sukupuolen kysymyksist\u00e4 kiinnostuneet. Tapahtumista saat tietoa liittym\u00e4ll\u00e4 yhdistyksen\u00a0postituslistalle. J\u00e4seneksi voit liitty\u00e4 joko F-pisteen tapahtumissa, tai toimittamalla hallitukselle (esim. s\u00e4hk\u00f6postilla) nimesi, kotipaikkakuntasi ja tiedon siit\u00e4, oletko TYYn j\u00e4sen. J\u00e4senmaksu on huimat nolla euroa, ja Viralliset-osiosta p\u00e4\u00e4set tutustumaan F-pisteen rekisteriselosteeseen ja tietosuojaselosteeseen. Toimintaan F-pisteen toimintaan voit osallistua lukemattomilla eri tavoilla: kirjoita [&hellip;]<\/p>\n","protected":false},"author":6,"featured_media":0,"parent":0,"menu_order":0,"comment_status":"closed","ping_status":"closed","template":"","meta":{"footnotes":""},"class_list":["post-64","page","type-page","status-publish","hentry","post-preview"],"_links":{"self":[{"href":"https:\/\/tyyala.utu.fi\/f-piste\/wp-json\/wp\/v2\/pages\/64","targetHints":{"allow":["GET"]}}],"collection":[{"href":"https:\/\/tyyala.utu.fi\/f-piste\/wp-json\/wp\/v2\/pages"}],"about":[{"href":"https:\/\/tyyala.utu.fi\/f-piste\/wp-json\/wp\/v2\/types\/page"}],"author":[{"embeddable":true,"href":"https:\/\/tyyala.utu.fi\/f-piste\/wp-json\/wp\/v2\/users\/6"}],"replies":[{"embeddable":true,"href":"https:\/\/tyyala.utu.fi\/f-piste\/wp-json\/wp\/v2\/comments?post=64"}],"version-history":[{"count":4,"href":"https:\/\/tyyala.utu.fi\/f-piste\/wp-json\/wp\/v2\/pages\/64\/revisions"}],"predecessor-version":[{"id":233,"href":"https:\/\/tyyala.utu.fi\/f-piste\/wp-json\/wp\/v2\/pages\/64\/revisions\/233"}],"wp:attachment":[{"href":"https:\/\/tyyala.utu.fi\/f-piste\/wp-json\/wp\/v2\/media?parent=64"}],"curies":[{"name":"wp","href":"https:\/\/api.w.org\/{rel}","templated":true}]}}