{"id":5,"date":"2015-05-19T04:12:16","date_gmt":"2015-05-19T04:12:16","guid":{"rendered":"http:\/\/tyyala.utu.fi\/f-piste\/?page_id=2"},"modified":"2016-09-01T16:19:06","modified_gmt":"2016-09-01T16:19:06","slug":"info","status":"publish","type":"page","link":"https:\/\/tyyala.utu.fi\/f-piste\/info\/","title":{"rendered":"What the F?"},"content":{"rendered":"<p><strong>Mik\u00e4 F-piste on?<\/strong><\/p>\n<p>F-piste on sukupuolentutkimuksen ainej\u00e4rjest\u00f6 Turun yliopistossa. Toimintaan ovat tervetulleita niin sukupuolentutkimuksen opiskelijat kuin kaikki muutkin feminism(e)ist\u00e4 sek\u00e4 sukupuolen ja seksuaalisuuden problematiikasta kiinnostuneet.<\/p>\n","protected":false},"excerpt":{"rendered":"<p>Mik\u00e4 F-piste on? F-piste on sukupuolentutkimuksen ainej\u00e4rjest\u00f6 Turun yliopistossa. Toimintaan ovat tervetulleita niin sukupuolentutkimuksen opiskelijat kuin kaikki muutkin feminism(e)ist\u00e4 sek\u00e4 sukupuolen ja seksuaalisuuden problematiikasta kiinnostuneet.<\/p>\n","protected":false},"author":6,"featured_media":0,"parent":0,"menu_order":0,"comment_status":"open","ping_status":"closed","template":"","meta":{"footnotes":""},"class_list":["post-5","page","type-page","status-publish","hentry","post-preview"],"_links":{"self":[{"href":"https:\/\/tyyala.utu.fi\/f-piste\/wp-json\/wp\/v2\/pages\/5","targetHints":{"allow":["GET"]}}],"collection":[{"href":"https:\/\/tyyala.utu.fi\/f-piste\/wp-json\/wp\/v2\/pages"}],"about":[{"href":"https:\/\/tyyala.utu.fi\/f-piste\/wp-json\/wp\/v2\/types\/page"}],"author":[{"embeddable":true,"href":"https:\/\/tyyala.utu.fi\/f-piste\/wp-json\/wp\/v2\/users\/6"}],"replies":[{"embeddable":true,"href":"https:\/\/tyyala.utu.fi\/f-piste\/wp-json\/wp\/v2\/comments?post=5"}],"version-history":[{"count":3,"href":"https:\/\/tyyala.utu.fi\/f-piste\/wp-json\/wp\/v2\/pages\/5\/revisions"}],"predecessor-version":[{"id":127,"href":"https:\/\/tyyala.utu.fi\/f-piste\/wp-json\/wp\/v2\/pages\/5\/revisions\/127"}],"wp:attachment":[{"href":"https:\/\/tyyala.utu.fi\/f-piste\/wp-json\/wp\/v2\/media?parent=5"}],"curies":[{"name":"wp","href":"https:\/\/api.w.org\/{rel}","templated":true}]}}