{"id":105,"date":"2016-09-01T14:34:25","date_gmt":"2016-09-01T14:34:25","guid":{"rendered":"http:\/\/tyyala.utu.fi\/f-piste\/?page_id=105"},"modified":"2016-09-01T15:19:18","modified_gmt":"2016-09-01T15:19:18","slug":"saannot","status":"publish","type":"page","link":"https:\/\/tyyala.utu.fi\/f-piste\/saannot\/","title":{"rendered":"S\u00e4\u00e4nn\u00f6t"},"content":{"rendered":"<h3>F-piste ry:n s\u00e4\u00e4nn\u00f6t<\/h3>\n<p><strong>1.Yhdistyksen nimi ja kotipaikka<\/strong><\/p>\n<p>Yhdistyksen nimi on sukupuolentutkimuksen ainej\u00e4rjest\u00f6 F-piste ja kotipaikka on Turku.<\/p>\n<p>&nbsp;<\/p>\n<p><b>2.Yhdistyksen tarkoitus<\/b><\/p>\n<p>Yhdistyksen tarkoituksena on toimia Turun yliopiston sukupuolentutkimuksen opiskelijoiden ja muiden feminism(e)ist\u00e4 ja \/ tai sukupuolij\u00e4rjestelm\u00e4st\u00e4 kiinnostuneiden opiskelijoiden kohtauspaikkana ja pyrki\u00e4 her\u00e4tt\u00e4m\u00e4\u00e4n keskustelua yliopisto- ja opiskelijayhteis\u00f6iss\u00e4 sek\u00e4 tekem\u00e4\u00e4n yhteisty\u00f6t\u00e4 muiden vallitsevan sukupuolij\u00e4rjestelm\u00e4n kyseenalaistajien kanssa. Tarkoituksensa toteuttamiseksi yhdistys j\u00e4rjest\u00e4\u00e4 seminaareja ja keskustelutilaisuuksia.<\/p>\n<p>Toimintansa tukemiseksi yhdistys voi harjoittaa julkaisutoimintaa, ottaa vastaan lahjoituksia, omistaa toimintaansa varten kiinte\u00e4\u00e4 omaisuutta, toimeenpanna rahanker\u00e4yksi\u00e4 ja arpajaisia sek\u00e4 myyj\u00e4isi\u00e4 hankittuaan asianmukaisen luvan.<\/p>\n<p>&nbsp;<\/p>\n<p><b>3.J\u00e4senet<\/b><\/p>\n<p>Yhdistyksen j\u00e4seneksi voi liitty\u00e4 yhdistyksen tavoitteista ja toimintatavoista kiinnostunut opiskelija tai tutkija tai yhdistyksen toimintatarkoituksista kiinnostunut yksityishenkil\u00f6.<\/p>\n<p>&nbsp;<\/p>\n<p><b>4.J\u00e4senen eroaminen ja erottaminen<\/b><\/p>\n<p>J\u00e4senell\u00e4 on oikeus erota yhdistyksest\u00e4 ilmoittamalla siit\u00e4 kirjallisesti hallitukselle tai sen puheenjohtajalle tai ilmoittamalla erosta yhdistyksen kokouksessa merkitt\u00e4v\u00e4ksi p\u00f6yt\u00e4kirjaan.<\/p>\n<p>Hallitus voi erottaa j\u00e4senen yhdistyksest\u00e4, jos j\u00e4sen on j\u00e4tt\u00e4nyt er\u00e4\u00e4ntyneen j\u00e4senmaksun maksamatta tai muuten j\u00e4tt\u00e4nyt t\u00e4ytt\u00e4m\u00e4tt\u00e4 ne velvoitukset, joihin h\u00e4n on yhdistykseen liittyess\u00e4\u00e4n sitoutunut tai on menettelyll\u00e4\u00e4n yhdistyksess\u00e4 tai sen ulkopuolella huomattavasti vahingoittanut yhdistyst\u00e4 tai ei en\u00e4\u00e4 t\u00e4yt\u00e4 laissa taikka yhdistyksen s\u00e4\u00e4nn\u00f6iss\u00e4 mainittuja j\u00e4senyyden ehtoja.<\/p>\n<p>&nbsp;<\/p>\n<p><b>5.J\u00e4senmaksu<\/b><\/p>\n<p>J\u00e4senilt\u00e4 peritt\u00e4v\u00e4n vuotuisen j\u00e4senmaksun suuruudesta p\u00e4\u00e4tt\u00e4\u00e4 syyskokous.<\/p>\n<p>&nbsp;<\/p>\n<p><b>6.Hallitus<\/b><\/p>\n<p>Yhdistyksen asioita hoitaa hallitus, johon kuuluu syyskokouksessa valitut puheenjohtaja sek\u00e4 2-8 j\u00e4sent\u00e4.<\/p>\n<p>Hallituksen toimikausi on syyskokousten v\u00e4linen aika.<\/p>\n<p>Hallitus valitsee keskuudestaan varapuheenjohtajan sek\u00e4 sihteerin, rahastonhoitajan ja muut tarvittavat toimihenkil\u00f6t.<\/p>\n<p>Hallitus kokoontuu puheenjohtajan tai h\u00e4nen estyneen\u00e4 ollessaan varapuheenjohtajan kutsusta, kun he katsovat siihen olevan aihetta tai kun v\u00e4hint\u00e4\u00e4n puolet hallituksen j\u00e4senist\u00e4 sit\u00e4 vaatii.<\/p>\n<p>Hallitus on p\u00e4\u00e4t\u00f6svaltainen, kun v\u00e4hint\u00e4\u00e4n puolet sen j\u00e4senist\u00e4, puheenjohtaja tai varapuheenjohtaja mukaan luettuna ovat l\u00e4sn\u00e4. \u00c4\u00e4nestykset ratkaistaan yksinkertaisella \u00e4\u00e4nten enemmist\u00f6ll\u00e4. \u00c4\u00e4nten menness\u00e4 tasan ratkaisee puheenjohtajan \u00e4\u00e4ni.<\/p>\n<p>&nbsp;<\/p>\n<p><b>7.Yhdistyksen nimen kirjoittaminen<\/b><\/p>\n<p>Yhdistyksen nimen kirjoittavat kaksi (2) hallituksen j\u00e4sent\u00e4 yhdess\u00e4, joista toisen on oltava puheenjohtaja tai varapuheenjohtaja.<\/p>\n<p>&nbsp;<\/p>\n<p><b>8.Tilikausi ja tilintarkastus<\/b><\/p>\n<p>Yhdistyksen tilikausi on kalenterivuosi.<\/p>\n<p>Tilinp\u00e4\u00e4t\u00f6s tarvittavine asiakirjoineen ja hallituksen vuosikertomus on annettava tilintarkastajalle viimeist\u00e4\u00e4n kolmekymment\u00e4 (30) p\u00e4iv\u00e4\u00e4 ennen kev\u00e4tkokousta. Tilintarkastajien tulee antaa kirjallinen lausuntonsa viimeist\u00e4\u00e4n nelj\u00e4toista (14) p\u00e4iv\u00e4\u00e4 ennen kev\u00e4tkokousta hallitukselle. Tilintarkastajien toimikausi on syyskokousten v\u00e4linen aika.<\/p>\n<p>&nbsp;<\/p>\n<p><b>9.Yhdistyksen kokoukset<\/b><\/p>\n<p>Yhdistys pit\u00e4\u00e4 vuosittain kaksi varsinaista kokousta.<\/p>\n<p>Yhdistyksen kev\u00e4tkokous pidet\u00e4\u00e4n tammi-toukokuussa ja syyskokous syys-joulukuussa hallituksen m\u00e4\u00e4r\u00e4\u00e4m\u00e4n\u00e4 p\u00e4iv\u00e4n\u00e4. Yhdistyksen asioissa p\u00e4\u00e4t\u00f6svaltaa k\u00e4ytt\u00e4v\u00e4t yhdistyksen j\u00e4senet yhdistyksen kokouksissa, joissa jokaisella yhdistyksen j\u00e4senell\u00e4 on yksi (1) \u00e4\u00e4ni.<\/p>\n<p>Ylim\u00e4\u00e4r\u00e4inen kokous pidet\u00e4\u00e4n, kun yhdistyksen kokous niin p\u00e4\u00e4tt\u00e4\u00e4 tai kun hallitus katsoo siihen olevan aihetta tai kun v\u00e4hint\u00e4\u00e4n kymmenesosa (1\/10) yhdistyksen \u00e4\u00e4nioikeutetuista j\u00e4senist\u00e4 sit\u00e4 hallitukselta erityisesti ilmoitettua asiaa varten kirjallisesti vaatii. Kokous on pidett\u00e4v\u00e4 kolmenkymmenen (30) vuorokauden kuluessa siit\u00e4, kun vaatimus sen pit\u00e4misest\u00e4 on esitetty hallitukselle.<\/p>\n<p>Yhdistyksen kokouksen p\u00e4\u00e4t\u00f6kseksi tulee, ellei s\u00e4\u00e4nn\u00f6iss\u00e4 toisin mainita, se mielipide, jota on kannattanut yli puolet annetuista \u00e4\u00e4nist\u00e4. \u00c4\u00e4nten menness\u00e4 tasan ratkaisee kokouksen puheenjohtajan \u00e4\u00e4ni, vaaleissa kuitenkin arpa.<\/p>\n<p>&nbsp;<\/p>\n<p><b>10.Yhdistyksen kokouksen koollekutsuminen<\/b><\/p>\n<p>Hallituksen on kutsuttava yhdistyksen kokoukset koolle v\u00e4hint\u00e4\u00e4n seitsem\u00e4n (7) vuorokautta ennen kokousta j\u00e4senille postitettavilla kirjeill\u00e4 tai julkaisemalla kutsu Turun ylioppilaslehdess\u00e4.<\/p>\n<p>&nbsp;<\/p>\n<p><b>11.Varsinaiset kokoukset<\/b><\/p>\n<p>Yhdistyksen kev\u00e4tkokouksessa k\u00e4sitell\u00e4\u00e4n seuraavat asiat:<\/p>\n<p>1.kokouksen avaus<\/p>\n<p>2.valitaan puheenjohtaja, sihteeri, kaksi p\u00f6yt\u00e4kirjan tarkastajaa ja tarvittaessa kaksi \u00e4\u00e4ntenlaskijaa<\/p>\n<p>3.todetaan kokouksen laillisuus ja p\u00e4\u00e4t\u00f6svaltaisuus<\/p>\n<p>4.hyv\u00e4ksyt\u00e4\u00e4n kokouksen ty\u00f6j\u00e4rjestys<\/p>\n<p>5.esitet\u00e4\u00e4n tilinp\u00e4\u00e4t\u00f6s, vuosikertomus ja tilintarkastajien lausunto<\/p>\n<p>6.p\u00e4\u00e4tet\u00e4\u00e4n tilinp\u00e4\u00e4t\u00f6ksen vahvistamisesta ja vastuuvapauden my\u00f6nt\u00e4misest\u00e4 hallitukselle ja muille vastuuvelvollisille<\/p>\n<p>7.k\u00e4sitell\u00e4\u00e4n muut kokouskutsussa mainitut asiat<\/p>\n<p>&nbsp;<\/p>\n<p>Yhdistyksen syyskokouksessa k\u00e4sitell\u00e4\u00e4n seuraavat asiat:<\/p>\n<p>1.kokouksen avaus<\/p>\n<p>2.valitaan puheenjohtaja, sihteeri, kaksi p\u00f6yt\u00e4kirjan tarkastajaa ja tarvittaessa kaksi \u00e4\u00e4ntenlaskijaa<\/p>\n<p>3.todetaan kokouksen laillisuus ja p\u00e4\u00e4t\u00f6svaltaisuus<\/p>\n<p>4.hyv\u00e4ksyt\u00e4\u00e4n kokouksen ty\u00f6j\u00e4rjestys<\/p>\n<p>5.vahvistetaan toimintasuunnitelma, tulo- ja menoarvio sek\u00e4 j\u00e4senmaksun suuruus seuraavalle kalenterivuodelle<\/p>\n<p>6.valitaan hallituksen puheenjohtaja ja muut j\u00e4senet<\/p>\n<p>7.valitaan yksi tai kaksi tilintarkastajaa ja heille varatilintarkastajat<\/p>\n<p>8.k\u00e4sitell\u00e4\u00e4n muut kokouskutsussa mainitut asiat<\/p>\n<p>Mik\u00e4li yhdistyksen j\u00e4sen haluaa saada asiansa yhdistyksen kev\u00e4t- tai syyskokouksessa k\u00e4sitelt\u00e4v\u00e4ksi, on h\u00e4nen ilmoitettava siit\u00e4 kirjallisesti hallitukselle niin hyviss\u00e4 ajoin, ett\u00e4 asia voidaan sis\u00e4llytt\u00e4\u00e4 kokouskutsuun.<\/p>\n<p>&nbsp;<\/p>\n<p><b>12.S\u00e4\u00e4nt\u00f6jen muuttaminen ja yhdistyksen purkaminen<\/b><\/p>\n<p>P\u00e4\u00e4t\u00f6s s\u00e4\u00e4nt\u00f6jen muuttamisesta ja yhdistyksen purkamisesta on teht\u00e4v\u00e4 yhdistyksen kokouksessa v\u00e4hint\u00e4\u00e4n kolmen nelj\u00e4sosan (3\/4) enemmist\u00f6ll\u00e4 annetuista \u00e4\u00e4nist\u00e4. Kokouskutsussa on mainittava s\u00e4\u00e4nt\u00f6jen muuttamisesta tai yhdistyksen purkamisesta.<\/p>\n<p>Yhdistyksen purkautuessa k\u00e4ytet\u00e4\u00e4n yhdistyksen varat yhdistyksen tarkoituksen edist\u00e4miseen purkamisesta p\u00e4\u00e4tt\u00e4v\u00e4n kokouksen m\u00e4\u00e4r\u00e4\u00e4m\u00e4ll\u00e4 tavalla. Yhdistyksen tullessa lakkautetuksi k\u00e4ytet\u00e4\u00e4n sen varat samaan tarkoitukseen.<\/p>\n","protected":false},"excerpt":{"rendered":"<p>F-piste ry:n s\u00e4\u00e4nn\u00f6t 1.Yhdistyksen nimi ja kotipaikka Yhdistyksen nimi on sukupuolentutkimuksen ainej\u00e4rjest\u00f6 F-piste ja kotipaikka on Turku. &nbsp; 2.Yhdistyksen tarkoitus Yhdistyksen tarkoituksena on toimia Turun yliopiston sukupuolentutkimuksen opiskelijoiden ja muiden feminism(e)ist\u00e4 ja \/ tai sukupuolij\u00e4rjestelm\u00e4st\u00e4 kiinnostuneiden opiskelijoiden kohtauspaikkana ja pyrki\u00e4 her\u00e4tt\u00e4m\u00e4\u00e4n keskustelua yliopisto- ja opiskelijayhteis\u00f6iss\u00e4 sek\u00e4 tekem\u00e4\u00e4n yhteisty\u00f6t\u00e4 muiden vallitsevan sukupuolij\u00e4rjestelm\u00e4n kyseenalaistajien kanssa. Tarkoituksensa toteuttamiseksi [&hellip;]<\/p>\n","protected":false},"author":6,"featured_media":0,"parent":0,"menu_order":0,"comment_status":"closed","ping_status":"closed","template":"","meta":{"footnotes":""},"class_list":["post-105","page","type-page","status-publish","hentry","post-preview"],"_links":{"self":[{"href":"https:\/\/tyyala.utu.fi\/f-piste\/wp-json\/wp\/v2\/pages\/105","targetHints":{"allow":["GET"]}}],"collection":[{"href":"https:\/\/tyyala.utu.fi\/f-piste\/wp-json\/wp\/v2\/pages"}],"about":[{"href":"https:\/\/tyyala.utu.fi\/f-piste\/wp-json\/wp\/v2\/types\/page"}],"author":[{"embeddable":true,"href":"https:\/\/tyyala.utu.fi\/f-piste\/wp-json\/wp\/v2\/users\/6"}],"replies":[{"embeddable":true,"href":"https:\/\/tyyala.utu.fi\/f-piste\/wp-json\/wp\/v2\/comments?post=105"}],"version-history":[{"count":3,"href":"https:\/\/tyyala.utu.fi\/f-piste\/wp-json\/wp\/v2\/pages\/105\/revisions"}],"predecessor-version":[{"id":123,"href":"https:\/\/tyyala.utu.fi\/f-piste\/wp-json\/wp\/v2\/pages\/105\/revisions\/123"}],"wp:attachment":[{"href":"https:\/\/tyyala.utu.fi\/f-piste\/wp-json\/wp\/v2\/media?parent=105"}],"curies":[{"name":"wp","href":"https:\/\/api.w.org\/{rel}","templated":true}]}}