{"id":853,"date":"2025-10-28T21:02:44","date_gmt":"2025-10-28T19:02:44","guid":{"rendered":"https:\/\/tyyala.utu.fi\/dialectica\/?page_id=853"},"modified":"2025-10-28T21:04:50","modified_gmt":"2025-10-28T19:04:50","slug":"saannot","status":"publish","type":"page","link":"https:\/\/tyyala.utu.fi\/dialectica\/hallitus\/esittely\/saannot\/","title":{"rendered":"S\u00e4\u00e4nn\u00f6t"},"content":{"rendered":"\n<p>T\u00e4m\u00e4 sivu sis\u00e4lt\u00e4\u00e4 yhdistyksen s\u00e4\u00e4nn\u00f6t, jotka on hyv\u00e4ksytty viimeksi yhdistyksen kev\u00e4tkokouksessa 2025 ja vahvistettu PRH:ssa lokakuussa 2025.<\/p>\n\n\n\n<h3 class=\"wp-block-heading\">1. YLEIST\u00c4<\/h3>\n\n\n\n<p>1\u00a7<br>Yhdistyksen nimi on Turun filosofian opiskelijoiden yhdistys Dialectica ry ja kotipaikka on Turku ja kieli on suomen kieli.<\/p>\n\n\n\n<p>2\u00a7<br>Yhdistyksen tarkoituksena on toimia Turun yliopistossa filosofiaa opiskelevien, opettavien ja tutkivien henkil\u00f6iden yhdyssiteen\u00e4, edist\u00e4\u00e4 ja tukea heid\u00e4n opintojaan sek\u00e4 ammatillista ett\u00e4 tieteellist\u00e4 tietoisuuttaan sek\u00e4 toimia j\u00e4senist\u00f6ns\u00e4 etujen ajajana suhteessa Turun yliopiston ylioppilaskuntaan, Turun yliopiston filosofian oppiaineeseen sek\u00e4 siihen hallintoyksikk\u00f6\u00f6n, jonka alaisena oppiaine kulloinkin toimii. Yhdistys voi liitty\u00e4 j\u00e4senen\u00e4 muihin yhdistyksiin ja yhteenliittymiin.<\/p>\n\n\n\n<p>3\u00a7<br>Tarkoituksensa toteuttamiseksi yhdistys j\u00e4rjest\u00e4\u00e4 kokouksia sek\u00e4 esitelm\u00e4-, keskustelu- ja kurssitilaisuuksia tai muuta vastaavaa toimintaa j\u00e4senilleen, opastaa j\u00e4seni\u00e4\u00e4n opinnoissa ja yll\u00e4pit\u00e4\u00e4 suhteita muihin opiskelijaj\u00e4rjest\u00f6ihin sek\u00e4 Turun yliopiston filosofian laitokseen.<br>Yhdistyksen teht\u00e4v\u00e4n\u00e4 on my\u00f6s suosittaa p\u00e4teviksi katsomiaan opiskelijoita<br>laitosneuvostonj\u00e4seniksi sek\u00e4 varaj\u00e4seniksi. T\u00e4m\u00e4n lis\u00e4ksi yhdistys voi suosittaa p\u00e4teviksi katsomiaan opiskelijoita Turun yliopiston yhteiskuntatieteellisen tiedekunnan tiedekuntaneuvoston j\u00e4seniksi tai varaj\u00e4seniksi. Edell\u00e4 mainitun kaltaisessa t\u00e4ytt\u00e4mistilanteessa asiasta p\u00e4\u00e4tt\u00e4\u00e4 yhdistyksen hallitus kokouksessaan.<\/p>\n\n\n\n<h3 class=\"wp-block-heading\">2. J\u00c4SENYYS<\/h3>\n\n\n\n<p>4\u00a7<br>Yhdistyksen opiskelijaj\u00e4seneksi voi liitty\u00e4 jokainen henkil\u00f6, joka opiskelee perustutkintoa Turun yliopistossa filosofia p\u00e4\u00e4- tai sivuaineenaan. Yhdistyksen j\u00e4seneksi voi liitty\u00e4 my\u00f6s henkil\u00f6, joka harjoittaa opetus- tai tutkimustoimintaa Turun yliopiston filosofian laitoksella, taikka joku muu yhdistyksen hallituksen hyv\u00e4ksym\u00e4 henkil\u00f6.<br><br>Yhdistyksen syyskokous voi hallituksen esityksest\u00e4 kutsua j\u00e4rjest\u00f6n kannalta ansioituneen henkil\u00f6n kunniaj\u00e4seneksi. Teht\u00e4ess\u00e4 esityst\u00e4 kunniaj\u00e4senyydest\u00e4, tulee kahden kolmasosan (2\/3) hallituksen j\u00e4senist\u00e4 olla kunniaj\u00e4senyyden puolella. Kunniaj\u00e4senell\u00e4 ei ole \u00e4\u00e4nioikeutta yhdistyksen kokouksissa.<\/p>\n\n\n\n<p>5\u00a7<br>Opiskelijaj\u00e4sen maksaa syyskokouksen m\u00e4\u00e4r\u00e4\u00e4m\u00e4n j\u00e4senmaksun liittyess\u00e4\u00e4n yhdistykseen, t\u00e4m\u00e4n j\u00e4lkeen h\u00e4nell\u00e4 ei ole j\u00e4senmaksuvelvollisuutta. Muilla kuin opiskelijaj\u00e4senill\u00e4 ei ole j\u00e4senmaksuvelvollisuutta.<\/p>\n\n\n\n<p>6\u00a7<br>Suoritettuaan tutkinnon Turun yliopistossa on opiskelijaj\u00e4senen erottava yhdistyksest\u00e4, ellei h\u00e4n ilmoita hallitukselle halustaan jatkaa j\u00e4senyytt\u00e4\u00e4n kolmen (3) kuukauden kuluessa valmistumisestaan. Eronnut opiskelijaj\u00e4sen voi uudelleen liitty\u00e4 j\u00e4seneksi, mik\u00e4li t\u00e4ytt\u00e4\u00e4 muut pyk\u00e4l\u00e4ss\u00e4 nelj\u00e4 (4 \u00a7) mainitut edellytykset. Hallitus voi p\u00e4\u00e4tt\u00e4\u00e4 j\u00e4senen erottamisesta kolmen nelj\u00e4sosan (3\/4) enemmist\u00f6ll\u00e4, mik\u00e4li t\u00e4m\u00e4 ei en\u00e4\u00e4 t\u00e4yt\u00e4 pyk\u00e4l\u00e4ss\u00e4 nelj\u00e4 (4 \u00a7) mainittuja edellytyksi\u00e4 tai on menettelyll\u00e4\u00e4n yhdistyksess\u00e4 tai sen ulkopuolella huomattavasti vahingoittanut yhdistyst\u00e4.<\/p>\n\n\n\n<p>7\u00a7<br>Hallitus voi p\u00e4\u00e4tt\u00e4\u00e4 yhdistyksen j\u00e4senen j\u00e4senetujen m\u00e4\u00e4r\u00e4aikaisesta ep\u00e4\u00e4misest\u00e4 tai yhdistyksest\u00e4 erottamisesta kolmen nelj\u00e4sosan (3\/4) enemmist\u00f6ll\u00e4, mik\u00e4li t\u00e4m\u00e4 on lainvastaisella tai hyv\u00e4n tavan vastaisella menettelyll\u00e4\u00e4n osoittanut, ettei ole en\u00e4\u00e4 oikeutettu yhdistyksen j\u00e4senyyteen.<\/p>\n\n\n\n<p>8\u00a7<br>J\u00e4senell\u00e4 on oikeus valittaa hallituksen erottamisp\u00e4\u00e4t\u00f6ksest\u00e4 kirjallisesti kolmen (3) viikon kuluessa saatuaan tiedon p\u00e4\u00e4t\u00f6ksest\u00e4. Valitus on toimitettava hallitukselle tai sen edustajalle. Hallituksen on kutsuttava koolle ylim\u00e4\u00e4r\u00e4inen yhdistyksen kokous k\u00e4sittelem\u00e4\u00e4n valitusta kuukauden kuluessa valituksen vastaanottamisesta.<\/p>\n\n\n\n<p>9\u00a7<br>Yhdistyksen j\u00e4senrekisterist\u00e4 vastaa taloudenhoitaja. J\u00e4senrekisteriin merkit\u00e4\u00e4n kunkin j\u00e4senen t\u00e4ydellinen nimi, kotipaikka ja joko puhelinnumero tai<br>s-postiosoite. J\u00e4sen on velvollinen ilmoittamaan omia tietojaan koskevista muutoksista j\u00e4senrekisterin yll\u00e4pit\u00e4j\u00e4lle.<\/p>\n\n\n\n<h3 class=\"wp-block-heading\">3. KOKOUKSET<\/h3>\n\n\n\n<p>10\u00a7<br>Kokousten koollekutsuminen<br>Yhdistyksen kokoukset on kutsuttava koolle v\u00e4hint\u00e4\u00e4n viisi (5) arkip\u00e4iv\u00e4\u00e4 ennen kokousta ilmoittamalla niist\u00e4 Turun yliopiston filosofian laitoksen ilmoitustaululla sek\u00e4 yhdistyksen s\u00e4hk\u00f6postilistalla.<br>Kokouskutsussa tulee mainita asiat, joiden k\u00e4sittely\u00e4 varten kokous on koolle kutsuttu. Kokous voi kuitenkin p\u00e4\u00e4tt\u00e4\u00e4 ty\u00f6j\u00e4rjestyksest\u00e4\u00e4n n\u00e4iden s\u00e4\u00e4nt\u00f6jen viidennentoista (15\u00a7) pyk\u00e4l\u00e4n rajojen puitteissa. Kokous on p\u00e4\u00e4t\u00f6svaltainen, jos se on laillisesti koolle kutsuttu.<\/p>\n\n\n\n<p>11\u00a7<br><strong>S\u00e4\u00e4nt\u00f6m\u00e4\u00e4r\u00e4iset kokoukset<\/strong><br>Yhdistyksell\u00e4 on kaksi (2) s\u00e4\u00e4nt\u00f6m\u00e4\u00e4r\u00e4ist\u00e4 kokousta: syys- ja kev\u00e4tkokous. Syyskokous tulee pit\u00e4\u00e4 marraskuun aikana ja kev\u00e4tkokous helmi- tai maaliskuun aikana.<br><br>Syyskokouksessa tulee k\u00e4sitell\u00e4 seuraavat tulevaa toimintaa koskevat asiat:<br>(1) Hallituksen j\u00e4senten lukum\u00e4\u00e4r\u00e4st\u00e4 p\u00e4\u00e4tt\u00e4minen s\u00e4\u00e4nt\u00f6jen nelj\u00e4nnentoista pyk\u00e4l\u00e4n (14\u00a7) m\u00e4\u00e4r\u00e4\u00e4miss\u00e4 rajoissa.<br>(2) Hallituksen puheenjohtajan ja varapuheenjohtajan valinta<br>(3) Hallituksen sihteerin valinta<br>(4) Hallituksen taloudenhoitajan valinta<br>(5) Hallituksen muiden j\u00e4senten valinta<br>(6) Talousarvion hyv\u00e4ksyminen<br>(7) Kahden tilintarkastajan ja heid\u00e4n henkil\u00f6kohtaisten varamiestens\u00e4 valinta<br>(8) Toimintasuunnitelman hyv\u00e4ksyminen<br>(9) J\u00e4senmaksun suuruuden hyv\u00e4ksyminen<br><br>Kev\u00e4tkokouksessa tulee k\u00e4sitell\u00e4:<br>(1) Tilintarkastajien lausunto edellisist\u00e4 tileist\u00e4<br>(2) Tilinp\u00e4\u00e4t\u00f6ksen vahvistaminen<br>(3) Tili- ja vastuuvapauden my\u00f6nt\u00e4minen edellisen toimikauden hallitukselle.<\/p>\n\n\n\n<p>12\u00a7<br>Yhdistyksen ylim\u00e4\u00e4r\u00e4inen kokous voidaan kutsua koolle hallituksen p\u00e4\u00e4t\u00f6ksell\u00e4 tai jos v\u00e4hint\u00e4\u00e4n yksi kymmenesosa (1\/10) tai viisi (5) yhdistyksen \u00e4\u00e4nioikeutetuista j\u00e4senist\u00e4 hallitukselta kirjallisesti vaatii esitt\u00e4m\u00e4\u00e4ns\u00e4 asiaa k\u00e4sittelem\u00e4\u00e4n. Hallitus on velvollinen kutsumaan kokouksen koolle siten, ett\u00e4 kokous tulee pidett\u00e4v\u00e4ksi viimeist\u00e4\u00e4n nelj\u00e4ntoista (14) vuorokauden kuluessa siit\u00e4, kun hallitus on saanut tiedon vaatimuksesta.<\/p>\n\n\n\n<p>13\u00a7<br>Henkil\u00f6vaalitilanteessa, mik\u00e4li kukaan ehdokkaista ei saa yli puolta annetuista \u00e4\u00e4nist\u00e4, j\u00e4rjestet\u00e4\u00e4n toinen kierros kahden ensimm\u00e4isell\u00e4 kierroksella eniten \u00e4\u00e4ni\u00e4 saaneiden ehdokkaiden kesken.<\/p>\n\n\n\n<h3 class=\"wp-block-heading\">4. HALLITUS<\/h3>\n\n\n\n<p>14\u00a7<br>Yhdistyksen hallitukseen kuuluu syyskokouksessa kalenterivuodeksi kerrallaan valittuna<br>puheenjohtaja, varapuheenjohtaja, sihteeri, taloudenhoitaja sek\u00e4 enint\u00e4\u00e4n kuusi (6) muuta j\u00e4sent\u00e4 ja kaksi (2) varaj\u00e4sent\u00e4 eli yhteens\u00e4 nelj\u00e4st\u00e4 kymmeneen (4-10) j\u00e4sent\u00e4 ja nollasta kahteen (0-2) varaj\u00e4sent\u00e4. Hallituksen j\u00e4senten tulee olla yhdistyksen j\u00e4seni\u00e4.<br>Hallituksen j\u00e4sen voi erota hallituksesta kesken kauden toimittamalla hallitukselle kirjallisen eroanomuksen. Hallituksen j\u00e4senen erotessa kesken kauden on hallituksen uuden j\u00e4senen valitsemiseksi kutsuttava koolle yhdistyksen s\u00e4\u00e4nt\u00f6jen kahdennentoista pyk\u00e4l\u00e4n (12 \u00a7)<br>mukainen kokous nelj\u00e4ntoista (14) vuorokauden kuluessa siit\u00e4, kun eroanomus on tuotu esille hallituksen kokouksessa.<\/p>\n\n\n\n<p>15\u00a7<br>Hallituksen kokous on p\u00e4\u00e4t\u00f6svaltainen, kun paikalla on v\u00e4hint\u00e4\u00e4n puolet (1\/2) hallituksen j\u00e4senist\u00e4 mukaan lukien puheenjohtaja tai varapuheenjohtaja. Hallituksen kutsuu koolle puheenjohtaja tai h\u00e4nen ollessa estyneen\u00e4 varapuheenjohtaja.<\/p>\n\n\n\n<p>16\u00a7<br>Yhdistyksen nimen kirjoittaa puheenjohtaja yhdess\u00e4 sihteerin tai varapuheenjohtajan tai taloudenhoitajan kanssa.<\/p>\n\n\n\n<h3 class=\"wp-block-heading\">5. MUITA S\u00c4\u00c4NN\u00d6KSI\u00c4<\/h3>\n\n\n\n<p>17\u00a7<br>Toimintansa tukemiseksi yhdistys voi ottaa vastaan avustuksia ja lahjoituksia.<\/p>\n\n\n\n<p>18\u00a7<br>Yhdistyksen tili- ja toimikausi on kalenterivuosi.<\/p>\n\n\n\n<p>19\u00a7<br>Yhdistyksen tilit on j\u00e4tett\u00e4v\u00e4 tilintarkastajille viimeist\u00e4\u00e4n kuukausi ennen kev\u00e4tkokousta.<\/p>\n\n\n\n<p>20\u00a7<br>Yhdistyksen kokous voi tehd\u00e4 p\u00e4\u00e4t\u00f6ksen s\u00e4\u00e4nt\u00f6jen muuttamisesta kolmen nelj\u00e4sosan (3\/4) enemmist\u00f6ll\u00e4 annetuista \u00e4\u00e4nist\u00e4. S\u00e4\u00e4nt\u00f6jen muuttamisesta on kokouskutsussa mainittava erikseen.<\/p>\n\n\n\n<p>21\u00a7<br>Yhdistyksen purkamisesta voidaan p\u00e4\u00e4tt\u00e4\u00e4 v\u00e4hint\u00e4\u00e4n kahdessa (2) per\u00e4kk\u00e4isess\u00e4 v\u00e4hint\u00e4\u00e4n kahden (2) viikon v\u00e4lein pidett\u00e4v\u00e4ss\u00e4 kokouksessa, jos ensimm\u00e4isess\u00e4 kokouksessa yksinkertainen enemmist\u00f6 \u00e4\u00e4nist\u00e4 ja toisessa kokouksessa kolmen nelj\u00e4sosan (3\/4) enemmist\u00f6 annetuista \u00e4\u00e4nist\u00e4 sit\u00e4 kannattaa.<\/p>\n\n\n\n<p>22\u00a7<br>Yhdistyksen purkautuessa sen varat on k\u00e4ytett\u00e4v\u00e4 Turun yliopiston filosofian seminaarikirjaston hyv\u00e4ksi.<\/p>\n\n\n\n<hr class=\"wp-block-separator has-alpha-channel-opacity\" \/>\n\n\n\n<div data-wp-interactive=\"core\/file\" class=\"wp-block-file\"><object data-wp-bind--hidden=\"!state.hasPdfPreview\" hidden class=\"wp-block-file__embed\" data=\"https:\/\/tyyala.utu.fi\/dialectica\/wp-content\/uploads\/sites\/6\/2025\/10\/Dialectica-ry-saannot.pdf\" type=\"application\/pdf\" style=\"width:100%;height:600px\" aria-label=\"Embed of Dialectica ry s\u00e4\u00e4nn\u00f6t.\"><\/object><a id=\"wp-block-file--media-0603dc56-0316-4e71-929e-ab3cad801ee9\" href=\"https:\/\/tyyala.utu.fi\/dialectica\/wp-content\/uploads\/sites\/6\/2025\/10\/Dialectica-ry-saannot.pdf\">Dialectica ry s\u00e4\u00e4nn\u00f6t<\/a><a href=\"https:\/\/tyyala.utu.fi\/dialectica\/wp-content\/uploads\/sites\/6\/2025\/10\/Dialectica-ry-saannot.pdf\" class=\"wp-block-file__button wp-element-button\" download aria-describedby=\"wp-block-file--media-0603dc56-0316-4e71-929e-ab3cad801ee9\">Download<\/a><\/div>\n","protected":false},"excerpt":{"rendered":"<p>T\u00e4m\u00e4 sivu sis\u00e4lt\u00e4\u00e4 yhdistyksen s\u00e4\u00e4nn\u00f6t, jotka on hyv\u00e4ksytty viimeksi yhdistyksen kev\u00e4tkokouksessa 2025 ja vahvistettu PRH:ssa lokakuussa 2025. 1. YLEIST\u00c4 1\u00a7Yhdistyksen nimi on Turun filosofian opiskelijoiden yhdistys Dialectica ry ja kotipaikka on Turku ja kieli on suomen kieli. 2\u00a7Yhdistyksen tarkoituksena on toimia Turun yliopistossa filosofiaa opiskelevien, opettavien ja tutkivien henkil\u00f6iden yhdyssiteen\u00e4, edist\u00e4\u00e4 ja tukea heid\u00e4n opintojaan [&hellip;]<\/p>\n","protected":false},"author":3479,"featured_media":0,"parent":38,"menu_order":0,"comment_status":"closed","ping_status":"closed","template":"","meta":{"footnotes":""},"class_list":["post-853","page","type-page","status-publish","hentry","post-preview"],"_links":{"self":[{"href":"https:\/\/tyyala.utu.fi\/dialectica\/wp-json\/wp\/v2\/pages\/853","targetHints":{"allow":["GET"]}}],"collection":[{"href":"https:\/\/tyyala.utu.fi\/dialectica\/wp-json\/wp\/v2\/pages"}],"about":[{"href":"https:\/\/tyyala.utu.fi\/dialectica\/wp-json\/wp\/v2\/types\/page"}],"author":[{"embeddable":true,"href":"https:\/\/tyyala.utu.fi\/dialectica\/wp-json\/wp\/v2\/users\/3479"}],"replies":[{"embeddable":true,"href":"https:\/\/tyyala.utu.fi\/dialectica\/wp-json\/wp\/v2\/comments?post=853"}],"version-history":[{"count":3,"href":"https:\/\/tyyala.utu.fi\/dialectica\/wp-json\/wp\/v2\/pages\/853\/revisions"}],"predecessor-version":[{"id":859,"href":"https:\/\/tyyala.utu.fi\/dialectica\/wp-json\/wp\/v2\/pages\/853\/revisions\/859"}],"up":[{"embeddable":true,"href":"https:\/\/tyyala.utu.fi\/dialectica\/wp-json\/wp\/v2\/pages\/38"}],"wp:attachment":[{"href":"https:\/\/tyyala.utu.fi\/dialectica\/wp-json\/wp\/v2\/media?parent=853"}],"curies":[{"name":"wp","href":"https:\/\/api.w.org\/{rel}","templated":true}]}}