{"id":789,"date":"2025-02-18T11:00:41","date_gmt":"2025-02-18T09:00:41","guid":{"rendered":"https:\/\/tyyala.utu.fi\/dialectica\/?page_id=789"},"modified":"2025-04-08T13:02:11","modified_gmt":"2025-04-08T11:02:11","slug":"opiskeluun","status":"publish","type":"page","link":"https:\/\/tyyala.utu.fi\/dialectica\/opiskeluun\/","title":{"rendered":"Opiskeluun"},"content":{"rendered":"\n<p>T\u00e4lle sivulle ker\u00e4\u00e4mme resursseja ja linkkej\u00e4, joista on hy\u00f6ty\u00e4 filosofian opiskelussa. Jos sinulla on ehdotuksia t\u00e4lle sivulle, voit l\u00e4hett\u00e4\u00e4 ne hallitukselle tai nettivastaavalle (vilja.a.heikkila@utu.fi).<\/p>\n\n\n\n<p>Katso my\u00f6s <a href=\"https:\/\/tyyala.utu.fi\/dialectica\/tenttiarkisto\/\">Tenttiarkisto<\/a>.<\/p>\n\n\n\n<p><a href=\"https:\/\/intranet.utu.fi\/fi\/yksikot\/soc\/yksikot\/filosofia\/opiskelu\/opiskeluohjeita\/Documents\/SemOpas240126.pdf\">Oppiaineen seminaarityyliopas<\/a><\/p>\n\n\n\n<p><a href=\"https:\/\/filosofia.fi\/fi\/ensyklopedia\">Filosofia.fi &#8211; Ensyklopedia Logos<\/a><\/p>\n\n\n\n<p><a href=\"https:\/\/plato.stanford.edu\/\">Standford Encyclopedia of Philosophy<\/a><\/p>\n\n\n\n<p><a href=\"https:\/\/tieteentermipankki.fi\/wiki\/Termipankki:Etusivu\">Tieteen termipankki<\/a><\/p>\n\n\n\n<p><a href=\"https:\/\/iep.utm.edu\/\">Internet Encyclopedia of Philosophy<\/a><\/p>\n\n\n\n<p><\/p>\n","protected":false},"excerpt":{"rendered":"<p>T\u00e4lle sivulle ker\u00e4\u00e4mme resursseja ja linkkej\u00e4, joista on hy\u00f6ty\u00e4 filosofian opiskelussa. Jos sinulla on ehdotuksia t\u00e4lle sivulle, voit l\u00e4hett\u00e4\u00e4 ne hallitukselle tai nettivastaavalle (vilja.a.heikkila@utu.fi). Katso my\u00f6s Tenttiarkisto. Oppiaineen seminaarityyliopas Filosofia.fi &#8211; Ensyklopedia Logos Standford Encyclopedia of Philosophy Tieteen termipankki Internet Encyclopedia of Philosophy<\/p>\n","protected":false},"author":3479,"featured_media":0,"parent":0,"menu_order":0,"comment_status":"closed","ping_status":"closed","template":"","meta":{"footnotes":""},"class_list":["post-789","page","type-page","status-publish","hentry","post-preview"],"_links":{"self":[{"href":"https:\/\/tyyala.utu.fi\/dialectica\/wp-json\/wp\/v2\/pages\/789","targetHints":{"allow":["GET"]}}],"collection":[{"href":"https:\/\/tyyala.utu.fi\/dialectica\/wp-json\/wp\/v2\/pages"}],"about":[{"href":"https:\/\/tyyala.utu.fi\/dialectica\/wp-json\/wp\/v2\/types\/page"}],"author":[{"embeddable":true,"href":"https:\/\/tyyala.utu.fi\/dialectica\/wp-json\/wp\/v2\/users\/3479"}],"replies":[{"embeddable":true,"href":"https:\/\/tyyala.utu.fi\/dialectica\/wp-json\/wp\/v2\/comments?post=789"}],"version-history":[{"count":3,"href":"https:\/\/tyyala.utu.fi\/dialectica\/wp-json\/wp\/v2\/pages\/789\/revisions"}],"predecessor-version":[{"id":808,"href":"https:\/\/tyyala.utu.fi\/dialectica\/wp-json\/wp\/v2\/pages\/789\/revisions\/808"}],"wp:attachment":[{"href":"https:\/\/tyyala.utu.fi\/dialectica\/wp-json\/wp\/v2\/media?parent=789"}],"curies":[{"name":"wp","href":"https:\/\/api.w.org\/{rel}","templated":true}]}}