{"id":678,"date":"2021-10-23T09:31:34","date_gmt":"2021-10-23T07:31:34","guid":{"rendered":"https:\/\/tyyala.utu.fi\/dialectica\/?page_id=678"},"modified":"2025-10-27T18:27:02","modified_gmt":"2025-10-27T16:27:02","slug":"turvallisen-tilan-periaatteet","status":"publish","type":"page","link":"https:\/\/tyyala.utu.fi\/dialectica\/turvallisen-tilan-periaatteet\/","title":{"rendered":"Turvallinen tila &amp; H\u00e4irint\u00e4ilmoitus"},"content":{"rendered":"\n<p>T\u00e4lt\u00e4 sivulta l\u00f6yd\u00e4t turvallisen tilan periaatteet sek\u00e4 ohjeet h\u00e4irint\u00e4ilmoituksen tekemiseen.<\/p>\n\n\n\n<p><strong>Turvallisen tilan periaatteet<\/strong><\/p>\n\n\n\n<ul class=\"wp-block-list\">\n<li>Ket\u00e4\u00e4n ei kiusata. Kiusaaminen on esimerkiksi porukan ulkopuolelle j\u00e4tt\u00e4mist\u00e4, juorujen levitt\u00e4mist\u00e4, maalittamista.<\/li>\n\n\n\n<li>Ei syrjit\u00e4 ket\u00e4\u00e4n esimerkiksi ihonv\u00e4rin, sukupuolen tai seksuaalisuuden takia. Ollaan my\u00f6s sensitiivisi\u00e4 (esim. vitsien suhteen).<\/li>\n\n\n\n<li>Ket\u00e4\u00e4n ei ahdistella. Kunnioitetaan toisten rajoja, niin fyysisi\u00e4 kuin henkisi\u00e4kin. Ei siis painosteta, kosketella ilman lupaa, puhuta asiattomia jne.<\/li>\n\n\n\n<li>Muistetaan pit\u00e4\u00e4 keskustelu sellaisena, ett\u00e4 kaikkien on siihen helppo osallistua. Kuullaan kaikkia ja annetaan muille puheenvuoro. Esimerkiksi D-huoneella ei ole t\u00e4rkeint\u00e4 se, kuka on oikeassa vaan se, ettei kukaan j\u00e4t\u00e4 tulematta D-huoneelle siell\u00e4 k\u00e4yt\u00e4vien keskustelujen takia.<\/li>\n<\/ul>\n\n\n\n<p><strong>Jos koet, ett\u00e4 joku on rikkonut turvallisen tilan periaatteita, voit tehd\u00e4 siit\u00e4 ilmoituksen h\u00e4irint\u00e4yhdyshenkil\u00f6lle.<\/strong> Ensimm\u00e4inen ilmoitus johtaa keskusteluun ja varoitukseen, ja toisesta ilmoituksesta seuraa 3kk mittainen porttikielto tapahtumiin.<\/p>\n\n\n\n<p><strong>H\u00e4irint\u00e4ilmoituksen tekeminen<\/strong><\/p>\n\n\n\n<p>Dialecticassa toimii kaksi yhdenvertaisuusvastaavaa, joihin voi matalalla kynnyksell\u00e4 olla yhteydess\u00e4 h\u00e4irint\u00e4\u00e4n liittyviss\u00e4 asioissa. Yhteytett\u00e4 heihin voi ottaa joko suoraan s\u00e4hk\u00f6postitse (Siiri Harju siiri.a.harju(at)utu.fi tai Reino Pihlajam\u00e4ki reino.e.pihlajamaki(at)utu.fi) tai alta l\u00f6ytyv\u00e4ll\u00e4 lomakkeella. Ilmoitukset k\u00e4sitell\u00e4\u00e4n luottamuksellisesti ja ne ohjautuvat h\u00e4irint\u00e4yhdyshenkil\u00f6iden s\u00e4hk\u00f6postitilille.<\/p>\n\n\n\n<div class=\"wp-block-contact-form-7-contact-form-selector\">\n<div class=\"wpcf7 no-js\" id=\"wpcf7-f701-o1\" lang=\"en-US\" dir=\"ltr\" data-wpcf7-id=\"701\">\n<div class=\"screen-reader-response\"><p role=\"status\" aria-live=\"polite\" aria-atomic=\"true\"><\/p> <ul><\/ul><\/div>\n<form action=\"\/dialectica\/wp-json\/wp\/v2\/pages\/678#wpcf7-f701-o1\" method=\"post\" class=\"wpcf7-form init\" aria-label=\"Contact form\" novalidate=\"novalidate\" data-status=\"init\">\n<fieldset class=\"hidden-fields-container\"><input type=\"hidden\" name=\"_wpcf7\" value=\"701\" \/><input type=\"hidden\" name=\"_wpcf7_version\" value=\"6.1.4\" \/><input type=\"hidden\" name=\"_wpcf7_locale\" value=\"en_US\" \/><input type=\"hidden\" name=\"_wpcf7_unit_tag\" value=\"wpcf7-f701-o1\" \/><input type=\"hidden\" name=\"_wpcf7_container_post\" value=\"0\" \/><input type=\"hidden\" name=\"_wpcf7_posted_data_hash\" value=\"\" \/>\n<\/fieldset>\n<p><label> Millaista h\u00e4irint\u00e4\u00e4 olet kokenut? Kenen taholta? Miss\u00e4 ja milloin? Lomake on anonyymi. J\u00e4t\u00e4 halutessasi yhteystietosi viestin loppuun, niin h\u00e4irint\u00e4yhdyshenkil\u00f6t ovat sinuun yhteydess\u00e4.<br \/>\n<span class=\"wpcf7-form-control-wrap\" data-name=\"your-message\"><textarea cols=\"40\" rows=\"10\" maxlength=\"2000\" class=\"wpcf7-form-control wpcf7-textarea\" aria-invalid=\"false\" name=\"your-message\"><\/textarea><\/span> <\/label>\n<\/p>\n<p><input class=\"wpcf7-form-control wpcf7-submit has-spinner\" type=\"submit\" value=\"Submit\" \/>\n<\/p><div class=\"wpcf7-response-output\" aria-hidden=\"true\"><\/div>\n<\/form>\n<\/div>\n<\/div>\n\n\n\n<p><\/p>\n","protected":false},"excerpt":{"rendered":"<p>T\u00e4lt\u00e4 sivulta l\u00f6yd\u00e4t turvallisen tilan periaatteet sek\u00e4 ohjeet h\u00e4irint\u00e4ilmoituksen tekemiseen. Turvallisen tilan periaatteet Jos koet, ett\u00e4 joku on rikkonut turvallisen tilan periaatteita, voit tehd\u00e4 siit\u00e4 ilmoituksen h\u00e4irint\u00e4yhdyshenkil\u00f6lle. Ensimm\u00e4inen ilmoitus johtaa keskusteluun ja varoitukseen, ja toisesta ilmoituksesta seuraa 3kk mittainen porttikielto tapahtumiin. H\u00e4irint\u00e4ilmoituksen tekeminen Dialecticassa toimii kaksi yhdenvertaisuusvastaavaa, joihin voi matalalla kynnyksell\u00e4 olla yhteydess\u00e4 h\u00e4irint\u00e4\u00e4n liittyviss\u00e4 [&hellip;]<\/p>\n","protected":false},"author":1544,"featured_media":0,"parent":0,"menu_order":0,"comment_status":"closed","ping_status":"closed","template":"","meta":{"footnotes":""},"class_list":["post-678","page","type-page","status-publish","hentry","post-preview"],"_links":{"self":[{"href":"https:\/\/tyyala.utu.fi\/dialectica\/wp-json\/wp\/v2\/pages\/678","targetHints":{"allow":["GET"]}}],"collection":[{"href":"https:\/\/tyyala.utu.fi\/dialectica\/wp-json\/wp\/v2\/pages"}],"about":[{"href":"https:\/\/tyyala.utu.fi\/dialectica\/wp-json\/wp\/v2\/types\/page"}],"author":[{"embeddable":true,"href":"https:\/\/tyyala.utu.fi\/dialectica\/wp-json\/wp\/v2\/users\/1544"}],"replies":[{"embeddable":true,"href":"https:\/\/tyyala.utu.fi\/dialectica\/wp-json\/wp\/v2\/comments?post=678"}],"version-history":[{"count":8,"href":"https:\/\/tyyala.utu.fi\/dialectica\/wp-json\/wp\/v2\/pages\/678\/revisions"}],"predecessor-version":[{"id":852,"href":"https:\/\/tyyala.utu.fi\/dialectica\/wp-json\/wp\/v2\/pages\/678\/revisions\/852"}],"wp:attachment":[{"href":"https:\/\/tyyala.utu.fi\/dialectica\/wp-json\/wp\/v2\/media?parent=678"}],"curies":[{"name":"wp","href":"https:\/\/api.w.org\/{rel}","templated":true}]}}