{"id":627,"date":"2021-09-07T13:49:55","date_gmt":"2021-09-07T11:49:55","guid":{"rendered":"https:\/\/tyyala.utu.fi\/dialectica\/?page_id=627"},"modified":"2026-01-15T17:23:31","modified_gmt":"2026-01-15T15:23:31","slug":"vanhat-hallitukset","status":"publish","type":"page","link":"https:\/\/tyyala.utu.fi\/dialectica\/hallitus\/esittely\/vanhat-hallitukset\/","title":{"rendered":"Vanhat hallitukset"},"content":{"rendered":"\n<p><strong>2025<\/strong><\/p>\n\n\n\n<p>Julia Vuorinen<br>Puheenjohtaja, ymp\u00e4rist\u00f6vastaava\u00a0\u00a0<\/p>\n\n\n\n<p>Siiri Harju<br>Varapuheenjohtaja, yhdenvertaisuusvastaava, TikTok-vastaava&nbsp;&nbsp;<\/p>\n\n\n\n<p>Okko Hirvonen<br>Taloudenhoitaja, spatiotemporaalinen vastaava<\/p>\n\n\n\n<p>Vertti Pajunen<br>Sihteeri, ekskursiovastaava<\/p>\n\n\n\n<p>Arttu Ojala<br>Index-vastaava, alumni- ja ty\u00f6el\u00e4m\u00e4vastaava, koulutus- ja sosiaalipoliittinen vastaava<\/p>\n\n\n\n<p>Tiihon Haukanm\u00e4ki<br>SYY-vastaava, tapahtumavastaava, kansainv\u00e4lisyysvastaava<\/p>\n\n\n\n<p>Nova Fiilin<br>Tapahtumavastaava, k\u00e4pyrauhasvastaava<\/p>\n\n\n\n<p>Pyry Aaltonen<br>Tapahtumavastaava, kulttuurivastaava, liikunta- ja hyvinvointivastaava<\/p>\n\n\n\n<p>Reino Pihlajam\u00e4ki<br>Tiedottaja, tuutorivastaava, yhdenvertaisuusvastaava<\/p>\n\n\n\n<p>Vilja Heikkil\u00e4<br>Nettivastaava, lippu-upseeri<\/p>\n\n\n\n<p>Varaj\u00e4senet:<br>Tuomas Ansio<br>Sakari Siukola<\/p>\n\n\n\n<p><strong>2024<\/strong><\/p>\n\n\n\n<p>Emmi Vahtera<br>Puheenjohtaja<\/p>\n\n\n\n<p>Julia Vuorinen<br>Varapuheenjotaja, yhdenvertaisuusvastaava<\/p>\n\n\n\n<p>Inna Hirvonen<br>Taloudenhoitaja<\/p>\n\n\n\n<p>Tuukka Franck<br>Sihteeri, alumni- ja ty\u00f6el\u00e4m\u00e4vastaava<\/p>\n\n\n\n<p>Miikka Keskikievari<br>Index-vastaava, tuutorivastaava, lippu-upseeri<\/p>\n\n\n\n<p>Annukka Hyry<br>Koulutus- ja sosiaalipoliittinen vastaava, yhdenvertaisuusvastaava, kansainv\u00e4lisyysvastaava<\/p>\n\n\n\n<p>Oliver Lakanen<br>Tapahtumavastaava, k\u00e4pyrauhasvastaava<\/p>\n\n\n\n<p>Tuomas Ansio<br>Tapahtumavastaava, kulttuurivastaava<\/p>\n\n\n\n<p>Aksel Tigerstedt<br>Tapahtumavastaava, tiedottaja<\/p>\n\n\n\n<p>Lauri Kytt\u00e4l\u00e4<br>Varaj\u00e4sen, spatiotemporaalinen vastaava<\/p>\n\n\n\n<p>Emilia Salo<br>Varaj\u00e4sen, nettivastaava, ekskursiovastaava<\/p>\n\n\n\n<p><strong>2023<\/strong><\/p>\n\n\n\n<p>Aksel Tigerstedt<br>Puheenjohtaja, kansainv\u00e4lisyys- ja ekskursiovastaava, puujalkavastaava<\/p>\n\n\n\n<p>Emilia Salo<br>Varapuheenjohtaja, vuosijuhlavastaava, nettivastaava<\/p>\n\n\n\n<p>Julia Vuorinen<br>Taloudenhoitaja, lippu-upseeri<\/p>\n\n\n\n<p>Tuukka Franck<br>Sihteeri, tapahtumavastaava<\/p>\n\n\n\n<p>Siiri Harju<br>Index-vastaava, tuutorivastaava<br><br>Inna Hirvonen<br>SYY-vastaava, koulutus- ja sosiaalipoliittinen vastaava, yhdenvertaisuusvastaava<\/p>\n\n\n\n<p>Ida Skog<br>Vuosijuhlavastaava, ymp\u00e4rist\u00f6vastaava<\/p>\n\n\n\n<p>Lasse Kupila<br>Tiedottaja, alumni- ja ty\u00f6el\u00e4m\u00e4vastaava, yhdenvertaisuusvastaava<br><br>Tuomas Ansio<br>Tapahtumavastaava, liikunta- ja hyvinvointivastaava, kulttuurivastaava, spatiotemporaalinen vastaava<\/p>\n\n\n\n<p>Emmi Vahtera<br>Sitsimestari, k\u00e4pyrauhasvastaava<\/p>\n\n\n\n<p>Anniina Aaltonen<br>Varaj\u00e4sen<br><\/p>\n\n\n\n<p><strong>2022<\/strong><\/p>\n\n\n\n<p>Joosu Soosalu<br>Puheenjohtaja, tapahtumavastaava<\/p>\n\n\n\n<p>Emilia Salo<br>Varapuheenjohtaja, tapahtumavastaava, nettivastaava<\/p>\n\n\n\n<p>Julia Vuorinen<br>Taloudenhoitaja<\/p>\n\n\n\n<p>Ida Skog<br>Sihteeri<\/p>\n\n\n\n<p>Aksel Tigerstedt<br>Koulutus- ja sosiaalipoliittinen vastaava, h\u00e4irint\u00e4yhdyshenkil\u00f6, ty\u00f6el\u00e4m\u00e4- ja alumnivastaava, SYY-vastaava, puujalkavastaava<\/p>\n\n\n\n<p>Emmi Vahtera<br>Index-vastaava, tuutorivastaava, ymp\u00e4rist\u00f6vastaava<\/p>\n\n\n\n<p>Anniina Aaltonen<br>Kulttuurivastaava, h\u00e4irint\u00e4yhdyshenkil\u00f6, lippu-upseeri<br><br>Aleksi Sibelius<br>Kansainv\u00e4lisyys-, ekskursio- ja k\u00e4pyrauhasvastaava<\/p>\n\n\n\n<p>Lauri Kytt\u00e4l\u00e4<br>Hyvinvointi-, liikunta- ja spatiotemporaalinen vastaava<\/p>\n\n\n\n<p>Eveliina Piha<br>Tiedottaja<br><\/p>\n\n\n\n<p><strong>2021<\/strong><\/p>\n\n\n\n<p>Aleksi Sibelius<br>Puheenjohtaja, kansainv\u00e4lisyysvastaava<br><br>Joosu Soosalu<br>Varapuheenjohtaja, tapahtuma- ja ekskursiovastaava, spatiotemporaalinen vast.<br><br>Ida Skog<br>Taloudenhoitaja, ymp\u00e4rist\u00f6vastaava<br><br>Anniina Aaltonen<br>Sihteeri<br><br>Stella Simonen<br>Koulutus- ja sosiaalipoliittinen vastaava, h\u00e4irint\u00e4yhdyshenkil\u00f6<br><br>Lauri Kytt\u00e4l\u00e4<br>Kulttuuri-, liikunta- ja hyvinvointivastaava, lippu-upseeri<br><br>Matilda Heikkil\u00e4<br>Index-vastaava, tuutorivastaava<br><br>Aksel Tigerstedt<br>SYY-vastaava, tapahtuma-, ekskursio-, k\u00e4pyrauhas-, alumni- ja ty\u00f6el\u00e4m\u00e4vastaava<br><br>Sanni Ojala<br>Tiedottaja<br><br>Emilia Salo<br>Tapahtuma- ja ekskursiovastaava, nettivastaava<br><br>Tomas Lehtikangas<br>Varaj\u00e4sen, akateemisuusvastaava<br><\/p>\n\n\n\n<p><strong>2020<\/strong><\/p>\n\n\n\n<p>Emilia Salo<br>Puheenjohtaja, nettivastaava<\/p>\n\n\n\n<p>Tilda Nerg<br>Varapuheenjohtaja, ymp\u00e4rist\u00f6vastaava<\/p>\n\n\n\n<p>Lauri Kytt\u00e4l\u00e4<br>Sihteeri, tapahtuma- ja ekskursiovastaava<\/p>\n\n\n\n<p>Ida Skog<br>Taloudenhoitaja<\/p>\n\n\n\n<p>Iiro Konttinen<br>Kulttuuri-, urheilu- ja hyvinvointivastaava<\/p>\n\n\n\n<p>Joosu Soosalu<br>Index-, tapahtuma- ja ekskursiovastaava<\/p>\n\n\n\n<p>Aleksi Sibelius<br>KoPoSoPo, SYY- ja kansainv\u00e4lisyysvastaava<\/p>\n\n\n\n<p>Stella Simonen<br>Tiedottaja, lippu-upseeri<\/p>\n\n\n\n<p>Tomas Lehtikangas<br>Alumni-, ty\u00f6el\u00e4m\u00e4-, tuutori- ja spatiotemporaalinen vastaava<\/p>\n\n\n\n<p>Charlotta Palmroos<br>K\u00e4pyrauhasvastaava<\/p>\n\n\n\n<p><\/p>\n\n\n\n<p><\/p>\n\n\n\n<p><strong>2019<\/strong><\/p>\n\n\n\n<p>Janna Ruuskanen<br>Puheenjohtaja<\/p>\n\n\n\n<p>Emilia Salo<br>Varapuheenjohtaja, tiedottaja, tila- ja aikavastaava<\/p>\n\n\n\n<p>Tiia Topinoja<br>Sihteeri<\/p>\n\n\n\n<p>Ida Skog<br>Taloudenhoitaja<\/p>\n\n\n\n<p>Tilda Nerg<br>KoPoSoPo, h\u00e4irint\u00e4yhdyshenkil\u00f6<\/p>\n\n\n\n<p>Jere Lahtivirta<br>Urheilu-, hyvinvointi-, kansainv\u00e4lisyys- ja ekskursiovastaava &amp; lippu-upseeri<\/p>\n\n\n\n<p>Regina Suikki<br>Index-, netti- ja ymp\u00e4rist\u00f6vastaava<\/p>\n\n\n\n<p>Iiro Konttinen<br>Kulttuuri- ja tuutorivastaava<\/p>\n\n\n\n<p>Matias Tuomi<br>Tapahtuma-, alumni- ja ty\u00f6el\u00e4m\u00e4vastaava<\/p>\n\n\n\n<p>Kalle Hellgren<br>K\u00e4pyrauhasvastaava<\/p>\n\n\n\n<p>Venla Nurminen<br>SYY-vastaava, varaj\u00e4sen<\/p>\n\n\n\n<p><strong>2018<\/strong><\/p>\n\n\n\n<p>Olivia M\u00f6rck<br>Puheenjohtaja<\/p>\n\n\n\n<p>Henri Timonen<br>Varapuheenjohtaja, vuosijuhlavastaava<\/p>\n\n\n\n<p>Roosa Paavola<br>Sihteeri, KoPoSoPo<\/p>\n\n\n\n<p>Laura Fors\u00e9n<br>Taloudenhoitaja<\/p>\n\n\n\n<p>Venla Nurminen<br>KoPoSoPo, ymp\u00e4rist\u00f6vastaava<\/p>\n\n\n\n<p>Tilda Nerg<br>Tapahtuma-, k\u00e4pyrauhas- ja SYY-Turku-vastaava<\/p>\n\n\n\n<p>Jere Lahtivirta<br>Tiedottaja, tila ja aika -vastaava ja lippu-upseeri<\/p>\n\n\n\n<p>Emilia Salo<br>Kulttuuri- ja nettivastaava<\/p>\n\n\n\n<p>Kalle Hellgren<br>Alumni-, ty\u00f6el\u00e4m\u00e4- ja tuutorivastaava<\/p>\n\n\n\n<p>Janna Ruuskanen<br>Index-vastaava<\/p>\n\n\n\n<p>Anniina Aaltonen<br>Ekskursio-, kansainv\u00e4lisyys-, hyvinvointi- ja urheiluvastaava<\/p>\n\n\n\n<p><strong>2017<\/strong><\/p>\n\n\n\n<p>Henri Huttunen<br>Puheenjohtaja<\/p>\n\n\n\n<p>Aulis Lehto<br>Varapuheenjohtaja, urheilu- ja hyvinvointivastaava<\/p>\n\n\n\n<p>Olivia M\u00f6rck<br>Sihteeri, ekskursio- ja kansainv\u00e4lisyysvastaava<\/p>\n\n\n\n<p>Venla Nurminen<br>Taloudenhoitaja<\/p>\n\n\n\n<p>Mireille Musangamfura<br>KoPoSoPo<\/p>\n\n\n\n<p>Sari Niemi<br>Tiedottaja, nettivastaava<\/p>\n\n\n\n<p>Laura Fors\u00e9n<br>Tapahtuma ja -ymp\u00e4rist\u00f6vastaava<\/p>\n\n\n\n<p>Henri Timonen<br>Index- ja tuutorivastaava<\/p>\n\n\n\n<p>Kalle Hellgren<br>Kulttuurivastaava<\/p>\n\n\n\n<p>Emmi Peltola<br>Alumni- ja ty\u00f6el\u00e4m\u00e4vastaava, lippu-upseeri<\/p>\n\n\n\n<p>Minna Laukkanen<br>SYY-Turku-vastaava<\/p>\n\n\n\n<p><\/p>\n","protected":false},"excerpt":{"rendered":"<p>2025 Julia VuorinenPuheenjohtaja, ymp\u00e4rist\u00f6vastaava\u00a0\u00a0 Siiri HarjuVarapuheenjohtaja, yhdenvertaisuusvastaava, TikTok-vastaava&nbsp;&nbsp; Okko HirvonenTaloudenhoitaja, spatiotemporaalinen vastaava Vertti PajunenSihteeri, ekskursiovastaava Arttu OjalaIndex-vastaava, alumni- ja ty\u00f6el\u00e4m\u00e4vastaava, koulutus- ja sosiaalipoliittinen vastaava Tiihon Haukanm\u00e4kiSYY-vastaava, tapahtumavastaava, kansainv\u00e4lisyysvastaava Nova FiilinTapahtumavastaava, k\u00e4pyrauhasvastaava Pyry AaltonenTapahtumavastaava, kulttuurivastaava, liikunta- ja hyvinvointivastaava Reino Pihlajam\u00e4kiTiedottaja, tuutorivastaava, yhdenvertaisuusvastaava Vilja Heikkil\u00e4Nettivastaava, lippu-upseeri Varaj\u00e4senet:Tuomas AnsioSakari Siukola 2024 Emmi VahteraPuheenjohtaja Julia VuorinenVarapuheenjotaja, yhdenvertaisuusvastaava Inna HirvonenTaloudenhoitaja [&hellip;]<\/p>\n","protected":false},"author":1544,"featured_media":0,"parent":38,"menu_order":0,"comment_status":"closed","ping_status":"closed","template":"","meta":{"footnotes":""},"class_list":["post-627","page","type-page","status-publish","hentry","post-preview"],"_links":{"self":[{"href":"https:\/\/tyyala.utu.fi\/dialectica\/wp-json\/wp\/v2\/pages\/627","targetHints":{"allow":["GET"]}}],"collection":[{"href":"https:\/\/tyyala.utu.fi\/dialectica\/wp-json\/wp\/v2\/pages"}],"about":[{"href":"https:\/\/tyyala.utu.fi\/dialectica\/wp-json\/wp\/v2\/types\/page"}],"author":[{"embeddable":true,"href":"https:\/\/tyyala.utu.fi\/dialectica\/wp-json\/wp\/v2\/users\/1544"}],"replies":[{"embeddable":true,"href":"https:\/\/tyyala.utu.fi\/dialectica\/wp-json\/wp\/v2\/comments?post=627"}],"version-history":[{"count":10,"href":"https:\/\/tyyala.utu.fi\/dialectica\/wp-json\/wp\/v2\/pages\/627\/revisions"}],"predecessor-version":[{"id":879,"href":"https:\/\/tyyala.utu.fi\/dialectica\/wp-json\/wp\/v2\/pages\/627\/revisions\/879"}],"up":[{"embeddable":true,"href":"https:\/\/tyyala.utu.fi\/dialectica\/wp-json\/wp\/v2\/pages\/38"}],"wp:attachment":[{"href":"https:\/\/tyyala.utu.fi\/dialectica\/wp-json\/wp\/v2\/media?parent=627"}],"curies":[{"name":"wp","href":"https:\/\/api.w.org\/{rel}","templated":true}]}}