{"id":58,"date":"2015-08-05T19:51:42","date_gmt":"2015-08-05T19:51:42","guid":{"rendered":"http:\/\/tyyala.utu.fi\/dialectica\/?page_id=58"},"modified":"2025-10-28T21:07:02","modified_gmt":"2025-10-28T19:07:02","slug":"jasenyys","status":"publish","type":"page","link":"https:\/\/tyyala.utu.fi\/dialectica\/hallitus\/esittely\/jasenyys\/","title":{"rendered":"J\u00e4senyys"},"content":{"rendered":"<p style=\"text-align: justify\">Haluatko liitty\u00e4 Dialectican j\u00e4seneksi?<\/p>\n<p style=\"text-align: justify\">J\u00e4senyydell\u00e4si tuet Dialectican toimintaa ja p\u00e4\u00e4set osaksi ainutlaatuista opiskelijayhteis\u00f6\u00e4. Tervetulleita ovat kaikki Turun yliopistossa p\u00e4\u00e4aineenaan tai sivuaineenaan filosofiaa opiskelevat, opiskelleet tai sit\u00e4 opettavat tai tutkivat.<\/p>\n<p style=\"text-align: justify\">J\u00e4seneksi voit liitty\u00e4 maksamalla viidentoista (15) euron kertaluontoisen j\u00e4senmaksun Dialectican tilille FI85 4713 0010 0012 38 (mainitse maksun ohessa nimesi ja kotipaikkasi sek\u00e4 s\u00e4hk\u00f6postiosoitteesi tai puhelinnumerosi).<\/p>\n","protected":false},"excerpt":{"rendered":"<p>Haluatko liitty\u00e4 Dialectican j\u00e4seneksi? J\u00e4senyydell\u00e4si tuet Dialectican toimintaa ja p\u00e4\u00e4set osaksi ainutlaatuista opiskelijayhteis\u00f6\u00e4. Tervetulleita ovat kaikki Turun yliopistossa p\u00e4\u00e4aineenaan tai sivuaineenaan filosofiaa opiskelevat, opiskelleet tai sit\u00e4 opettavat tai tutkivat. J\u00e4seneksi voit liitty\u00e4 maksamalla viidentoista (15) euron kertaluontoisen j\u00e4senmaksun Dialectican tilille FI85 4713 0010 0012 38 (mainitse maksun ohessa nimesi ja kotipaikkasi sek\u00e4 s\u00e4hk\u00f6postiosoitteesi tai puhelinnumerosi).<\/p>\n","protected":false},"author":8,"featured_media":0,"parent":38,"menu_order":98,"comment_status":"open","ping_status":"closed","template":"","meta":{"footnotes":""},"class_list":["post-58","page","type-page","status-publish","hentry","post-preview"],"_links":{"self":[{"href":"https:\/\/tyyala.utu.fi\/dialectica\/wp-json\/wp\/v2\/pages\/58","targetHints":{"allow":["GET"]}}],"collection":[{"href":"https:\/\/tyyala.utu.fi\/dialectica\/wp-json\/wp\/v2\/pages"}],"about":[{"href":"https:\/\/tyyala.utu.fi\/dialectica\/wp-json\/wp\/v2\/types\/page"}],"author":[{"embeddable":true,"href":"https:\/\/tyyala.utu.fi\/dialectica\/wp-json\/wp\/v2\/users\/8"}],"replies":[{"embeddable":true,"href":"https:\/\/tyyala.utu.fi\/dialectica\/wp-json\/wp\/v2\/comments?post=58"}],"version-history":[{"count":3,"href":"https:\/\/tyyala.utu.fi\/dialectica\/wp-json\/wp\/v2\/pages\/58\/revisions"}],"predecessor-version":[{"id":405,"href":"https:\/\/tyyala.utu.fi\/dialectica\/wp-json\/wp\/v2\/pages\/58\/revisions\/405"}],"up":[{"embeddable":true,"href":"https:\/\/tyyala.utu.fi\/dialectica\/wp-json\/wp\/v2\/pages\/38"}],"wp:attachment":[{"href":"https:\/\/tyyala.utu.fi\/dialectica\/wp-json\/wp\/v2\/media?parent=58"}],"curies":[{"name":"wp","href":"https:\/\/api.w.org\/{rel}","templated":true}]}}