{"id":38,"date":"2015-08-05T19:38:39","date_gmt":"2015-08-05T19:38:39","guid":{"rendered":"http:\/\/tyyala.utu.fi\/dialectica\/?page_id=38"},"modified":"2026-01-20T17:22:55","modified_gmt":"2026-01-20T15:22:55","slug":"esittely","status":"publish","type":"page","link":"https:\/\/tyyala.utu.fi\/dialectica\/","title":{"rendered":"Dialectica"},"content":{"rendered":"<div style=\"text-align: left\">\n<p style=\"text-align: justify\">Dialectica ry on Turun yliopiston filosofian opiskelijoiden ainej\u00e4rjest\u00f6. Dialectica yhdist\u00e4\u00e4 filosofian opiskelijat j\u00e4rjest\u00e4m\u00e4ll\u00e4 yleishy\u00f6dyllisi\u00e4 opiskeluun liittyvi\u00e4 palveluita ja tapahtumia sek\u00e4 vapaa-ajan toimintaa. Ainej\u00e4rjest\u00f6n\u00e4 Dialectican teht\u00e4v\u00e4n\u00e4 on my\u00f6s opiskelijoiden etujen valvonta sek\u00e4 tiedon v\u00e4litt\u00e4minen opiskelijoiden, yliopiston henkil\u00f6kunnan sek\u00e4 yliopiston muiden aine- ja harrastej\u00e4rjest\u00f6jen v\u00e4lill\u00e4. Dialectica tarjoaa my\u00f6s helpon ensikosketuksen j\u00e4rjest\u00f6toimintaan siit\u00e4 kiinnostuneille.<\/p>\n<p style=\"text-align: justify\">Dialectica j\u00e4rjest\u00e4\u00e4 vuoden aikana useampia juhlia ja illanistujaisia opiskelun vastapainoksi sek\u00e4 yll\u00e4pit\u00e4\u00e4 filosofian opiskelijoiden liikuntakerhoa. Dialectica pyrkii my\u00f6s helpottamaan j\u00e4sentens\u00e4 opiskelujen suunnittelua j\u00e4rjest\u00e4m\u00e4ll\u00e4 ty\u00f6el\u00e4m\u00e4aiheisia tilaisuuksia ja v\u00e4litt\u00e4m\u00e4ll\u00e4 tietoa ja neuvoja jo valmistuneilta opiskelijoilta eli alumneilta viel\u00e4 opiskeleville.<\/p>\n<p style=\"text-align: justify\">Dialectican toiminnasta vastaa vuosittain yhdistyksen syyskokouksessa valittava kymmenhenkinen hallitus, jonka toimintakausi k\u00e4sitt\u00e4\u00e4 yhden kalenterivuoden tammikuusta joulukuuhun. Hallituksen j\u00e4senist\u00e4, heid\u00e4n vastuualueistaan ja yhteystiedoistaan lis\u00e4\u00e4 kohdassa \u201dHallitus\u201d.<\/p>\n<p style=\"text-align: justify\">Dialectica on perustettu vuonna 1968 ja on siit\u00e4 asti yll\u00e4pit\u00e4nyt varsinaisen toimintansa lis\u00e4ksi filosofian opiskelijoiden mainetta ja n\u00e4kyvyytt\u00e4 yliopistopiireiss\u00e4. Dialectica k\u00e4sitt\u00e4\u00e4 noin 80 enemm\u00e4n tai v\u00e4hemm\u00e4n aktiivista filosofian opiskelijaa ja j\u00e4seneksi voi liitty\u00e4 kuka tahansa Turun yliopiston filosofian p\u00e4\u00e4- tai sivuaineopiskelija. Lis\u00e4\u00e4 j\u00e4seneksi liittymisest\u00e4 osiossa \u201dJ\u00e4senyys\u201d.<\/p>\n<\/div>\n","protected":false},"excerpt":{"rendered":"<p>Dialectica ry on Turun yliopiston filosofian opiskelijoiden ainej\u00e4rjest\u00f6. Dialectica yhdist\u00e4\u00e4 filosofian opiskelijat j\u00e4rjest\u00e4m\u00e4ll\u00e4 yleishy\u00f6dyllisi\u00e4 opiskeluun liittyvi\u00e4 palveluita ja tapahtumia sek\u00e4 vapaa-ajan toimintaa. Ainej\u00e4rjest\u00f6n\u00e4 Dialectican teht\u00e4v\u00e4n\u00e4 on my\u00f6s opiskelijoiden etujen valvonta sek\u00e4 tiedon v\u00e4litt\u00e4minen opiskelijoiden, yliopiston henkil\u00f6kunnan sek\u00e4 yliopiston muiden aine- ja harrastej\u00e4rjest\u00f6jen v\u00e4lill\u00e4. Dialectica tarjoaa my\u00f6s helpon ensikosketuksen j\u00e4rjest\u00f6toimintaan siit\u00e4 kiinnostuneille. Dialectica j\u00e4rjest\u00e4\u00e4 vuoden aikana [&hellip;]<\/p>\n","protected":false},"author":8,"featured_media":0,"parent":20,"menu_order":0,"comment_status":"open","ping_status":"closed","template":"","meta":{"footnotes":""},"class_list":["post-38","page","type-page","status-publish","hentry","post-preview"],"_links":{"self":[{"href":"https:\/\/tyyala.utu.fi\/dialectica\/wp-json\/wp\/v2\/pages\/38","targetHints":{"allow":["GET"]}}],"collection":[{"href":"https:\/\/tyyala.utu.fi\/dialectica\/wp-json\/wp\/v2\/pages"}],"about":[{"href":"https:\/\/tyyala.utu.fi\/dialectica\/wp-json\/wp\/v2\/types\/page"}],"author":[{"embeddable":true,"href":"https:\/\/tyyala.utu.fi\/dialectica\/wp-json\/wp\/v2\/users\/8"}],"replies":[{"embeddable":true,"href":"https:\/\/tyyala.utu.fi\/dialectica\/wp-json\/wp\/v2\/comments?post=38"}],"version-history":[{"count":8,"href":"https:\/\/tyyala.utu.fi\/dialectica\/wp-json\/wp\/v2\/pages\/38\/revisions"}],"predecessor-version":[{"id":887,"href":"https:\/\/tyyala.utu.fi\/dialectica\/wp-json\/wp\/v2\/pages\/38\/revisions\/887"}],"up":[{"embeddable":true,"href":"https:\/\/tyyala.utu.fi\/dialectica\/wp-json\/wp\/v2\/pages\/20"}],"wp:attachment":[{"href":"https:\/\/tyyala.utu.fi\/dialectica\/wp-json\/wp\/v2\/media?parent=38"}],"curies":[{"name":"wp","href":"https:\/\/api.w.org\/{rel}","templated":true}]}}