{"id":894,"date":"2018-07-12T14:50:42","date_gmt":"2018-07-12T11:50:42","guid":{"rendered":"http:\/\/tyyala.utu.fi\/akateeminenpurjehdusseura\/?page_id=894"},"modified":"2021-05-05T18:24:40","modified_gmt":"2021-05-05T15:24:40","slug":"materiaalipankki","status":"publish","type":"page","link":"https:\/\/tyyala.utu.fi\/akateeminenpurjehdusseura\/seura\/materiaalipankki\/","title":{"rendered":"Kulukorvauslomake"},"content":{"rendered":"<p>Akateemisella purjehdusseuralla on k\u00e4yt\u00f6ss\u00e4\u00e4n s\u00e4hk\u00f6inen kulukorvauslomake. Saapuneet kulukorvaukset hyv\u00e4ksyt\u00e4\u00e4n seuraavassa hallituksen kokouksessa eli noin kerran kuukaudessa.<\/p>\n\n\n<p><em><strong>Akateemisen purjehdusseuran ajankohtainen, s\u00e4hk\u00f6inen kulukorvauslomake l\u00f6ytyy <a href=\"https:\/\/docs.google.com\/forms\/d\/e\/1FAIpQLSduEd5flHylKjDGcanMqyvHhGAhFP5SPsFuV6Q6XY90TGFyFw\/viewform?usp=sf_link\">T\u00c4\u00c4LT\u00c4<\/a>.<\/strong><\/em><\/p>\n\n\n\n<p>Mik\u00e4li sinulla on kulukorvaushakemuksia odottamassa, l\u00e4het\u00e4 ne osoitteeseen <a href=\"mailto:talous@akateeminenpurjehdusseura.fi\">talous@akateeminenpurjehdusseura.fi<\/a>.<\/p>\n","protected":false},"excerpt":{"rendered":"<p>Akateemisella purjehdusseuralla on k\u00e4yt\u00f6ss\u00e4\u00e4n s\u00e4hk\u00f6inen kulukorvauslomake. Saapuneet kulukorvaukset hyv\u00e4ksyt\u00e4\u00e4n seuraavassa hallituksen kokouksessa eli noin kerran kuukaudessa. Akateemisen purjehdusseuran ajankohtainen, s\u00e4hk\u00f6inen kulukorvauslomake l\u00f6ytyy T\u00c4\u00c4LT\u00c4. Mik\u00e4li sinulla on kulukorvaushakemuksia odottamassa, l\u00e4het\u00e4 ne osoitteeseen talous@akateeminenpurjehdusseura.fi.<\/p>\n","protected":false},"author":181,"featured_media":0,"parent":101,"menu_order":0,"comment_status":"closed","ping_status":"closed","template":"","meta":{"_mc_calendar":[],"footnotes":""},"class_list":["post-894","page","type-page","status-publish","hentry"],"_links":{"self":[{"href":"https:\/\/tyyala.utu.fi\/akateeminenpurjehdusseura\/wp-json\/wp\/v2\/pages\/894","targetHints":{"allow":["GET"]}}],"collection":[{"href":"https:\/\/tyyala.utu.fi\/akateeminenpurjehdusseura\/wp-json\/wp\/v2\/pages"}],"about":[{"href":"https:\/\/tyyala.utu.fi\/akateeminenpurjehdusseura\/wp-json\/wp\/v2\/types\/page"}],"author":[{"embeddable":true,"href":"https:\/\/tyyala.utu.fi\/akateeminenpurjehdusseura\/wp-json\/wp\/v2\/users\/181"}],"replies":[{"embeddable":true,"href":"https:\/\/tyyala.utu.fi\/akateeminenpurjehdusseura\/wp-json\/wp\/v2\/comments?post=894"}],"version-history":[{"count":6,"href":"https:\/\/tyyala.utu.fi\/akateeminenpurjehdusseura\/wp-json\/wp\/v2\/pages\/894\/revisions"}],"predecessor-version":[{"id":2223,"href":"https:\/\/tyyala.utu.fi\/akateeminenpurjehdusseura\/wp-json\/wp\/v2\/pages\/894\/revisions\/2223"}],"up":[{"embeddable":true,"href":"https:\/\/tyyala.utu.fi\/akateeminenpurjehdusseura\/wp-json\/wp\/v2\/pages\/101"}],"wp:attachment":[{"href":"https:\/\/tyyala.utu.fi\/akateeminenpurjehdusseura\/wp-json\/wp\/v2\/media?parent=894"}],"curies":[{"name":"wp","href":"https:\/\/api.w.org\/{rel}","templated":true}]}}