{"id":557,"date":"2015-11-22T21:33:41","date_gmt":"2015-11-22T19:33:41","guid":{"rendered":"http:\/\/tyyala.utu.fi\/akateeminenpurjehdusseura\/?page_id=557"},"modified":"2021-02-26T14:43:14","modified_gmt":"2021-02-26T12:43:14","slug":"hampuusi","status":"publish","type":"page","link":"https:\/\/tyyala.utu.fi\/akateeminenpurjehdusseura\/hampuusi\/","title":{"rendered":"S\/y Hampuusi"},"content":{"rendered":"<p class=\"western\" lang=\"fi-FI\">Akateemisella purjehdusseuralla on omistuksessaan koulutusvene S\/y Hampuusi. J\u00e4senist\u00f6 voi vuokrata alusta omaan k\u00e4ytt\u00f6\u00f6ns\u00e4 hallituksen hyv\u00e4ksym\u00e4n osaavan kipparin k\u00e4siin. Aluksen varauskalenteri l\u00f6ytyy <a href=\"https:\/\/calendar.google.com\/calendar\/embed?src=p1lmck0vdrrj6fpi813rs0amlc%40group.calendar.google.com&amp;ctz=Europe\/Helsinki\">t\u00e4\u00e4lt\u00e4<\/a>.\u00a0Veneell\u00e4 j\u00e4rjestet\u00e4\u00e4n my\u00f6s seuran omia yhteispurjehduksia.<\/p>\n<p class=\"western\" lang=\"fi-FI\">Malli: H-vene<\/p>\n<p class=\"western\" lang=\"fi-FI\">Valmistaja: Elvstr\u00f6m<\/p>\n<p class=\"western\" lang=\"fi-FI\">Valmistusvuosi: 1976<\/p>\n<p class=\"western\" lang=\"fi-FI\">Purjeet: isopurje, genua &amp; spinaakkeri<\/p>\n<p class=\"western\" lang=\"fi-FI\">Kotisatama:\u00a0Pansion pienvenesatama, Turku. Tullessa t\u00e4ht\u00e4\u00e4 pys\u00e4kkiin <a href=\"https:\/\/reittiopas.foli.fi\/reitti\/Kauppatori%20T37%2C%20Kauppatori%20VI%2C%20Turku%3A%3A60.451017%2C22.26718\/Artukaisten%20tehtaat%20724%2C%20Pansio%20it\u00e4inen%2C%20Turku%3A%3A60.445881%2C22.188929?arriveBy=false&amp;modes=BUS%2CBICYCLE%2CFERRY&amp;walkReluctance=8\">724: Artukaisen tehtaat<\/a> ja l\u00e4htiess\u00e4 pys\u00e4kin <a href=\"http:\/\/omatpysakit.foli.fi\/?stops=680&amp;bundle=0&amp;pagerows=30\">680: Artukaisten tehtaat<\/a>\u00a0aikataulut on mit\u00e4 kannattaa seurata.<\/p>\n<figure id=\"attachment_540\" aria-describedby=\"caption-attachment-540\" style=\"width: 960px\" class=\"wp-caption aligncenter\"><a href=\"https:\/\/tyyala.utu.fi\/akateeminenpurjehdusseura\/wp-content\/uploads\/sites\/31\/2014\/06\/hampuusi.jpg\"><img decoding=\"async\" class=\"vene-hampuusi wp-image-540 size-full lazyload\" data-src=\"https:\/\/tyyala.utu.fi\/akateeminenpurjehdusseura\/wp-content\/uploads\/sites\/31\/2014\/06\/hampuusi.jpg\" alt=\"\" width=\"960\" height=\"540\" data-srcset=\"https:\/\/tyyala.utu.fi\/akateeminenpurjehdusseura\/wp-content\/uploads\/sites\/31\/2014\/06\/hampuusi.jpg 960w, https:\/\/tyyala.utu.fi\/akateeminenpurjehdusseura\/wp-content\/uploads\/sites\/31\/2014\/06\/hampuusi-300x169.jpg 300w\" data-sizes=\"(max-width: 960px) 100vw, 960px\" src=\"data:image\/svg+xml;base64,PHN2ZyB3aWR0aD0iMSIgaGVpZ2h0PSIxIiB4bWxucz0iaHR0cDovL3d3dy53My5vcmcvMjAwMC9zdmciPjwvc3ZnPg==\" style=\"--smush-placeholder-width: 960px; --smush-placeholder-aspect-ratio: 960\/540;\" \/><\/a><figcaption id=\"caption-attachment-540\" class=\"wp-caption-text\">s\/y Hampuusi<\/figcaption><\/figure>\n<p class=\"western\" lang=\"fi-FI\">\n","protected":false},"excerpt":{"rendered":"<p>Akateemisella purjehdusseuralla on omistuksessaan koulutusvene S\/y Hampuusi. J\u00e4senist\u00f6 voi vuokrata alusta omaan k\u00e4ytt\u00f6\u00f6ns\u00e4 hallituksen hyv\u00e4ksym\u00e4n osaavan kipparin k\u00e4siin. Aluksen varauskalenteri l\u00f6ytyy t\u00e4\u00e4lt\u00e4.\u00a0Veneell\u00e4 j\u00e4rjestet\u00e4\u00e4n my\u00f6s seuran omia yhteispurjehduksia. Malli: H-vene Valmistaja: Elvstr\u00f6m Valmistusvuosi: 1976 Purjeet: isopurje, genua &amp; spinaakkeri Kotisatama:\u00a0Pansion pienvenesatama, &hellip;<\/p>\n<p class=\"read-more\"> <a class=\"more-link\" href=\"https:\/\/tyyala.utu.fi\/akateeminenpurjehdusseura\/hampuusi\/\"> <span class=\"screen-reader-text\">S\/y Hampuusi<\/span> Lue lis\u00e4\u00e4 &raquo;<\/a><\/p>\n","protected":false},"author":163,"featured_media":0,"parent":0,"menu_order":0,"comment_status":"closed","ping_status":"closed","template":"full-width-page.php","meta":{"_mc_calendar":[],"footnotes":""},"class_list":["post-557","page","type-page","status-publish","hentry"],"_links":{"self":[{"href":"https:\/\/tyyala.utu.fi\/akateeminenpurjehdusseura\/wp-json\/wp\/v2\/pages\/557","targetHints":{"allow":["GET"]}}],"collection":[{"href":"https:\/\/tyyala.utu.fi\/akateeminenpurjehdusseura\/wp-json\/wp\/v2\/pages"}],"about":[{"href":"https:\/\/tyyala.utu.fi\/akateeminenpurjehdusseura\/wp-json\/wp\/v2\/types\/page"}],"author":[{"embeddable":true,"href":"https:\/\/tyyala.utu.fi\/akateeminenpurjehdusseura\/wp-json\/wp\/v2\/users\/163"}],"replies":[{"embeddable":true,"href":"https:\/\/tyyala.utu.fi\/akateeminenpurjehdusseura\/wp-json\/wp\/v2\/comments?post=557"}],"version-history":[{"count":14,"href":"https:\/\/tyyala.utu.fi\/akateeminenpurjehdusseura\/wp-json\/wp\/v2\/pages\/557\/revisions"}],"predecessor-version":[{"id":2154,"href":"https:\/\/tyyala.utu.fi\/akateeminenpurjehdusseura\/wp-json\/wp\/v2\/pages\/557\/revisions\/2154"}],"wp:attachment":[{"href":"https:\/\/tyyala.utu.fi\/akateeminenpurjehdusseura\/wp-json\/wp\/v2\/media?parent=557"}],"curies":[{"name":"wp","href":"https:\/\/api.w.org\/{rel}","templated":true}]}}