{"id":50,"date":"2014-06-07T21:21:23","date_gmt":"2014-06-07T21:21:23","guid":{"rendered":"http:\/\/dev.akateeminenpurjehdusseura.com\/?page_id=50"},"modified":"2021-02-26T15:32:33","modified_gmt":"2021-02-26T13:32:33","slug":"hallitus","status":"publish","type":"page","link":"https:\/\/tyyala.utu.fi\/akateeminenpurjehdusseura\/seura\/hallitus\/","title":{"rendered":"Hallitus"},"content":{"rendered":"\n<h2 class=\"wp-block-heading\">Akateemisen purjehdusseuran hallitus vuonna 2021:<\/h2>\n\n\n\n<ul class=\"wp-block-list\"><li>Kommodori, IT-vastaava: Elisa Eskola<\/li><li>Varakommodori, hyvinvointivastaava: Emmi Laine<\/li><li>Sihteeri, tiedottaja, IT-vastaava: Eveliina Nygr\u00e9n<\/li><li>Rahastonhoitaja, ymp\u00e4rist\u00f6vastaava:<strong> <\/strong>Idamaria Laine<\/li><li>J\u00e4senvastaava, somevastaava: Viivi Keinonen<\/li><li>Koulutusvastaava, h\u00e4irint\u00e4yhdyshenkil\u00f6: Sara Sepp\u00e4l\u00e4<\/li><\/ul>\n\n\n\n<p>Toimihenkil\u00f6:<\/p>\n\n\n\n<ul class=\"wp-block-list\"><li><span style=\"letter-spacing: -0.015em\">Kansainv\u00e4liset suhteet, sidosryhm\u00e4suhteet: Laura Str\u00f6m<\/span><\/li><\/ul>\n\n\n\n<hr class=\"wp-block-separator\" \/>\n\n\n\n<p>Hallituksen saavutat osoitteesta <a href=\"mailto:akateeminen.purjehdusseura@utu.fi\">hallitus@akateeminenpurjehdusseura.fi<\/a> ja yksitt\u00e4iset hallituksen j\u00e4senet osoitteesta etunimi.sukunimi@akateeminenpurjehdusseura.fi ilman \u00e4\u00e4kk\u00f6si\u00e4.<\/p>\n\n\n\n<hr class=\"wp-block-separator\" \/>\n\n\n\n<h2 class=\"wp-block-heading\">Hallituksen j\u00e4senten sek\u00e4 toimihenkil\u00f6iden rooleista<\/h2>\n\n\n\n<p>Alla kuvauksia rooleista, joista nelj\u00e4 ensimm\u00e4ist\u00e4 ovat seuran s\u00e4\u00e4nt\u00f6jen mukaisesti nimenkirjoittajia.<\/p>\n\n\n\n<ul class=\"wp-block-list\"><li><strong>Kommodori<\/strong> toimii hallituksen puheenjohtajan ja loppuk\u00e4dess\u00e4 edustaa hallitusta j\u00e4senille.<\/li><li><strong>Varakommodori<\/strong>\u00a0toimii hallituksen puheenjohtajan kun kommodori on estynyt.<\/li><li><strong>Sihteeri<\/strong> pit\u00e4\u00e4 kirjaa kokouksista sek\u00e4 seuran dokumenteista.<\/li><li><strong>Rahastonhoitajan<\/strong> teht\u00e4viin kuuluu mm. kirjanpidon, tilinp\u00e4\u00e4t\u00f6sten ja talosuarvioiden tekeminen.<\/li><\/ul>\n\n\n\n<p>Seuraavat roolit on jaettu hallituksen kesken taikka mahdollisesti hallituksen nimitt\u00e4m\u00e4lle toimihenkil\u00f6lle.<\/p>\n\n\n\n<ul class=\"wp-block-list\"><li><strong>J\u00e4senvastaava<\/strong> pit\u00e4\u00e4 yll\u00e4 j\u00e4senrekisteri\u00e4 ja huolehtii j\u00e4senhakemusten k\u00e4sittelyst\u00e4 ajallaan.<\/li><li><strong>Tiedottaja\/somevastaava<\/strong> huolehtii informaation kulkeutumisesta j\u00e4senille kaikissa seuran k\u00e4yt\u00f6ss\u00e4 olevissa medioissa.<\/li><li><strong>Koulutusvastaava<\/strong> organisoi purjehduskurssit, pysyy ajan hermoilla opetusmateriaaleista, kehitt\u00e4\u00e4 koulutusta ja toimii\u00a0<a href=\"https:\/\/www.tyy.fi\/fi\/toiminta\/edunvalvonta\">KoPo<\/a>na.<\/li><li><strong>Kalustovastaava<\/strong> huolehtii seuran omasta veneest\u00e4, muusta kalustosta sek\u00e4 on vahvasti mukana talkootoiminnassa.<\/li><li><strong>IT-vastaava<\/strong> pit\u00e4\u00e4 huolta verkkosivujen p\u00e4ivitt\u00e4misest\u00e4 sek\u00e4 hallituksen k\u00e4yt\u00f6ss\u00e4 olevista s\u00e4hk\u00f6isist\u00e4 ty\u00f6v\u00e4lineist\u00e4.<\/li><li><strong>Tapahtumavastaava<\/strong> organisoi ja vet\u00e4\u00e4 seuran eri tapahtumia.<\/li><li><strong>KV-vastaava<\/strong> toimii yhteyten\u00e4 kansainv\u00e4lisiin opiskelijoihin Turun alueella.<\/li><\/ul>\n\n\n\n<!--more-->\n\n\n\n<h2 class=\"wp-block-heading\">Aiempien vuosien hallituskokoonpanot<\/h2>\n\n\n\n<h2 class=\"wp-block-heading\">2020<\/h2>\n\n\n\n<p>Syyskokouksessa 5.11.2019 <a href=\"https:\/\/tyyala.utu.fi\/akateeminenpurjehdusseura\/2019\/syyskokous-22-11-2019-paatokset\/\" target=\"_blank\" rel=\"noreferrer noopener\">valittiin<\/a> vuoden 2020-2021 hallitus seuraavasti:<\/p>\n\n\n\n<ul class=\"wp-block-list\"><li>Kommodori: Elisa Eskola<\/li><li>Varakommodori &amp; hyvinvointivastaava: Emmi Laine<\/li><li>Sihteeri &amp; tiedottaja: Eveliina Nygr\u00e9n<\/li><li>Rahastonhoitaja &amp; ymp\u00e4rist\u00f6vastaava: Idamaria Laine<\/li><li>J\u00e4senvastaava &amp; IT-tukihenkil\u00f6: Erkki Sepp\u00e4 (toimi 23.11.2020 asti)<\/li><li>Koulutusvastaava ja h\u00e4irint\u00e4yhdyshenkil\u00f6: Sara Sepp\u00e4l\u00e4<\/li><li>Toiminnantarkastajaksi valittiin: Antti-Jussi Niemi ja varalle Andreas Andersson.<\/li><\/ul>\n\n\n\n<p>J\u00e4rjest\u00e4ytyess\u00e4\u00e4n 19.11.2019 hallitus nimitti seuraavat toimihenkil\u00f6t:<\/p>\n\n\n\n<ul class=\"wp-block-list\"><li>Kansainv\u00e4liset suhteet ja sidosryhm\u00e4suhteet eli LO: Laura Str\u00f6m<\/li><li>Kalustovastaava: Onni Kuisma (toimi 3.11.2020 asti)<\/li><\/ul>\n\n\n\n<h2 class=\"wp-block-heading\">2019<\/h2>\n\n\n\n<p>Yhdistyksen kokouksessa 22.11.2018 valittiin hallitusta t\u00e4ydent\u00e4m\u00e4\u00e4n:<\/p>\n\n\n\n<ul class=\"wp-block-list\"><li>Varapuheenjohtaja Elisa Eskola<\/li><li>Sihteeri Elli Kummala (toimi 29.9.2019 asti)<\/li><li>Laura Str\u00f6m<\/li><li>Eero Sallinen<\/li><\/ul>\n\n\n\n<p>Toimihenkil\u00f6t:<\/p>\n\n\n\n<ul class=\"wp-block-list\"><li>Purjehduskoulun rehtoriksi Antti-Jussi Niemi<\/li><\/ul>\n\n\n\n<h2 class=\"wp-block-heading\">2018<\/h2>\n\n\n\n<p>Yhdistyksen kokouksessa 27.11.2017 valittiin kaksivuotiselle hallituskaudelle:<\/p>\n\n\n\n<ul class=\"wp-block-list\"><li>Kommodori Ilari Graf<\/li><li>Varapuheenjohtaja Antti-Jussi Niemi<\/li><li>Sihteeri Annina Rottluff<\/li><li>Rahastonhoitaja sek\u00e4 IT-vastaava Erkki Sepp\u00e4<\/li><li>Tapahtumavastaava Leo Alho<\/li><li>Kalustovastaava Jami Kuusisto<\/li><li>Tiedottaja Kristiina Makkonen<\/li><li>Iiris Kuusisto<\/li><\/ul>\n\n\n\n<p>Toiminnantarkastajaksi Eveliina Nygren ja varatoiminnantarkastajaksi Erika N\u00e4si.<\/p>\n\n\n\n<h2 class=\"wp-block-heading\">2016-2017<\/h2>\n\n\n\n<p>Yhdistyksen kokouksessa 27.11.2015 valittiin kaksivuotiselle hallituskaudelle:<\/p>\n\n\n\n<ul class=\"wp-block-list\"><li>Kommodori Erkki Sepp\u00e4<\/li><li>Varakommodori Laura Laaksonen<\/li><li>Ilari Graf<\/li><li>Sofi Ylikoski<\/li><li>Assi Sipil\u00e4<\/li><li>Bence Balogh<\/li><li>Olli Vaarula<\/li><li>Erika N\u00e4si<\/li><\/ul>\n\n\n\n<p>Toiminnantarkastajaksi Heikki Hannula sek\u00e4 varatoiminnantarkastajaksi Tapani Rinne.<\/p>\n\n\n\n<h2 class=\"wp-block-heading\">2015<\/h2>\n\n\n\n<p>Yhdistyksen kokouksessa 27.11.2014 valittiin hallitusta t\u00e4ydent\u00e4m\u00e4\u00e4n Ilari Graf.<\/p>\n\n\n\n<h2 class=\"wp-block-heading\">2014-2015<\/h2>\n\n\n\n<p>Yhdistyksen kokouksessa 4.12.2013 valittiin kaksivuotiselle hallituskaudelle:<\/p>\n\n\n\n<ul class=\"wp-block-list\"><li>Kommondori Sofi Ylikoski<\/li><li>Varakommondoriksi Lauri Kaira<\/li><li>Niko Kangas<\/li><li>Antti Kosonen<\/li><li>Jan-Erik Bj\u00f6rkl\u00f6f<\/li><\/ul>\n\n\n\n<p>Toiminnantarkastajaksi Meri Malmari ja Marko Pihl.<\/p>\n","protected":false},"excerpt":{"rendered":"<p>Akateemisen purjehdusseuran hallitus vuonna 2021: Kommodori, IT-vastaava: Elisa Eskola Varakommodori, hyvinvointivastaava: Emmi Laine Sihteeri, tiedottaja, IT-vastaava: Eveliina Nygr\u00e9n Rahastonhoitaja, ymp\u00e4rist\u00f6vastaava: Idamaria Laine J\u00e4senvastaava, somevastaava: Viivi Keinonen Koulutusvastaava, h\u00e4irint\u00e4yhdyshenkil\u00f6: Sara Sepp\u00e4l\u00e4 Toimihenkil\u00f6: Kansainv\u00e4liset suhteet, sidosryhm\u00e4suhteet: Laura Str\u00f6m Hallituksen saavutat osoitteesta hallitus@akateeminenpurjehdusseura.fi &hellip;<\/p>\n<p class=\"read-more\"> <a class=\"more-link\" href=\"https:\/\/tyyala.utu.fi\/akateeminenpurjehdusseura\/seura\/hallitus\/\"> <span class=\"screen-reader-text\">Hallitus<\/span> Lue lis\u00e4\u00e4 &raquo;<\/a><\/p>\n","protected":false},"author":163,"featured_media":0,"parent":101,"menu_order":0,"comment_status":"closed","ping_status":"closed","template":"full-width-page.php","meta":{"_mc_calendar":[],"footnotes":""},"class_list":["post-50","page","type-page","status-publish","hentry"],"_links":{"self":[{"href":"https:\/\/tyyala.utu.fi\/akateeminenpurjehdusseura\/wp-json\/wp\/v2\/pages\/50","targetHints":{"allow":["GET"]}}],"collection":[{"href":"https:\/\/tyyala.utu.fi\/akateeminenpurjehdusseura\/wp-json\/wp\/v2\/pages"}],"about":[{"href":"https:\/\/tyyala.utu.fi\/akateeminenpurjehdusseura\/wp-json\/wp\/v2\/types\/page"}],"author":[{"embeddable":true,"href":"https:\/\/tyyala.utu.fi\/akateeminenpurjehdusseura\/wp-json\/wp\/v2\/users\/163"}],"replies":[{"embeddable":true,"href":"https:\/\/tyyala.utu.fi\/akateeminenpurjehdusseura\/wp-json\/wp\/v2\/comments?post=50"}],"version-history":[{"count":47,"href":"https:\/\/tyyala.utu.fi\/akateeminenpurjehdusseura\/wp-json\/wp\/v2\/pages\/50\/revisions"}],"predecessor-version":[{"id":2187,"href":"https:\/\/tyyala.utu.fi\/akateeminenpurjehdusseura\/wp-json\/wp\/v2\/pages\/50\/revisions\/2187"}],"up":[{"embeddable":true,"href":"https:\/\/tyyala.utu.fi\/akateeminenpurjehdusseura\/wp-json\/wp\/v2\/pages\/101"}],"wp:attachment":[{"href":"https:\/\/tyyala.utu.fi\/akateeminenpurjehdusseura\/wp-json\/wp\/v2\/media?parent=50"}],"curies":[{"name":"wp","href":"https:\/\/api.w.org\/{rel}","templated":true}]}}