{"id":482,"date":"2015-03-09T16:43:59","date_gmt":"2015-03-09T16:43:59","guid":{"rendered":"http:\/\/tyyala.utu.fi\/akateeminenpurjehdusseura\/?page_id=482"},"modified":"2021-08-11T14:24:24","modified_gmt":"2021-08-11T11:24:24","slug":"saannot","status":"publish","type":"page","link":"https:\/\/tyyala.utu.fi\/akateeminenpurjehdusseura\/seura\/saannot\/","title":{"rendered":"Yhdistyksen s\u00e4\u00e4nn\u00f6t"},"content":{"rendered":"\n<p>Perustettu 30.1.2008, nykyiset s\u00e4\u00e4nn\u00f6t tulleet voimaan 28.12.2020.<\/p>\n\n\n\n<h3 class=\"wp-block-heading\">1\u00a7 Yhdistyksen tiedot<\/h3>\n\n\n\n<pre class=\"wp-block-preformatted\">1\u00a71 Nimi\nYhdistyksen nimi on Akateeminen purjehdusseura ry. Yhdistyksest\u00e4\nk\u00e4ytet\u00e4\u00e4n lyhennett\u00e4 A.<\/pre>\n\n\n\n<pre class=\"wp-block-preformatted\">1\u00a72 Kotipaikka\nSeuran kotipaikka on Turku.<\/pre>\n\n\n\n<pre class=\"wp-block-preformatted\">1\u00a73 Kieli\nSeuran kielet ovat suomi sek\u00e4 tarvittaessa ruotsi.<\/pre>\n\n\n\n<pre class=\"wp-block-preformatted\">1\u00a74 Tarkoitus\nYhdistyksen tarkoituksena on kehitt\u00e4\u00e4 ja edist\u00e4\u00e4 purjehdusta sek\u00e4\npurjehdusharrastusta, j\u00e4sentens\u00e4 veneen tuntemusta sek\u00e4 vesill\u00e4\nliikkumisen tietoja ja taitoja.<\/pre>\n\n\n\n<pre class=\"wp-block-preformatted\">1\u00a75 Toimintamuodot\nTarkoituksensa toteuttamiseksi yhdistys voi j\u00e4rjest\u00e4\u00e4\nveneilytapahtumia ja -kursseja, teoriaopetusta, illanviettoja,\nomistaa toimintaansa liittyv\u00e4\u00e4 kiinte\u00e4\u00e4 ja irtainta omaisuutta.\nYhdistys voi tehd\u00e4 yhteisty\u00f6t\u00e4 muiden yhdistysten,\njulkisoikeudellisten yhteis\u00f6jen ja yritysten kanssa sek\u00e4\ntarvittaessa ryhty\u00e4 muihinkin yhdistyksen tarkoitusta edist\u00e4viin\ntoimiin.\n<\/pre>\n\n\n\n<h3 class=\"wp-block-heading\">2\u00a7 J\u00e4senyys<\/h3>\n\n\n\n<pre class=\"wp-block-preformatted\">Yhdistyksen j\u00e4seneksi voi yhdistyksen hallitus hyv\u00e4ksy\u00e4 henkil\u00f6n\nkirjallisen hakemuksen perusteella.<\/pre>\n\n\n\n<pre class=\"wp-block-preformatted\">2\u00a71 Opiskelijaj\u00e4sen\nHakijan tulee kuulua ylioppilaskuntaan tai olla suomalaisen\nkorkeakoulun opiskelija. Painavasta syyst\u00e4 hallitus voi kuitenkin\nhyv\u00e4ksy\u00e4 j\u00e4seneksi henkil\u00f6n, joka ei t\u00e4yt\u00e4 edell\u00e4 mainittuja ehtoja.<\/pre>\n\n\n\n<pre class=\"wp-block-preformatted\">2\u00a72 Alumnij\u00e4sen\nAlumnij\u00e4seneksi voidaan hyv\u00e4ksy\u00e4 seuran toiminnasta kiinnostunut\nhenkil\u00f6, jota ei voida hyv\u00e4ksy\u00e4 opiskelijaj\u00e4seneksi.<\/pre>\n\n\n\n<pre class=\"wp-block-preformatted\">2\u00a73 Kannatusj\u00e4sen\nKannatusj\u00e4seneksi voi yhdistyksen hallitus hyv\u00e4ksy\u00e4 henkil\u00f6it\u00e4 tai\noikeuskelpoisia yhteis\u00f6j\u00e4, jotka tukevat yhdistyksen toimintaa\nsuorittamalla vuotuisen kannatusj\u00e4senmaksun.<\/pre>\n\n\n\n<pre class=\"wp-block-preformatted\">2\u00a74 Kunniaj\u00e4sen\nKunniaj\u00e4seneksi voidaan hallituksen esityksest\u00e4 yhdistyksen\nkokouksen p\u00e4\u00e4t\u00f6ksell\u00e4 kutsua henkil\u00f6it\u00e4, jotka ovat eritt\u00e4in\nhuomattavalla tavalla edist\u00e4neet yhdistyksen toimintaa. Kunniaj\u00e4sen\nei ole oikeutettu j\u00e4senetuihin.<\/pre>\n\n\n\n<pre class=\"wp-block-preformatted\">2\u00a75 J\u00e4senmaksu\nJ\u00e4senilt\u00e4 kannettavien liittymis- ja j\u00e4senmaksujen sek\u00e4\nkannatusj\u00e4senmaksujen suuruudesta p\u00e4\u00e4tt\u00e4\u00e4 yhdistyksen syyskokous\nvuosittain. Kunniaj\u00e4senilt\u00e4 ei perit\u00e4 j\u00e4senmaksua.\nHallituksen kokouksen p\u00e4\u00e4t\u00f6ksell\u00e4 voidaan j\u00e4senmaksu katsoa\nsuoritetuksi seuraavalle kaudelle kyseiselt\u00e4 taholta seuralle\nsuotavan kaluston k\u00e4ytt\u00f6\u00e4 vastaan.<\/pre>\n\n\n\n<pre class=\"wp-block-preformatted\">2\u00a76 Eroaminen\nJ\u00e4sen, joka haluaa erota yhdistyksest\u00e4, tehk\u00f6\u00f6n siit\u00e4 kirjallisen\nilmoituksen yhdistyksen hallitukselle tai sen kommodorille tai\nilmoittakoon siit\u00e4 yhdistyksen kokoukselle p\u00f6yt\u00e4kirjaan\nmerkitsemist\u00e4 varten. Ero katsotaan tapahtuneeksi heti, kun ilmoitus\non tehty, mutta eroava j\u00e4sen on velvollinen suorittamaan maksunsa ja\nvelvoitteensa yhdistykselle toimintavuoden loppuun asti.<\/pre>\n\n\n\n<pre class=\"wp-block-preformatted\">2\u00a77 Erottaminen\nHallitus voi erottaa kokonaan tai m\u00e4\u00e4r\u00e4ajaksi j\u00e4senen, joka\nlaiminly\u00f6 j\u00e4senmaksun suorittamisen, toimii yhdistyksen s\u00e4\u00e4nt\u00f6jen\nvastaisesti tai esiintyy hyvien tapojen tai urheiluhengen\nvastaisesti.<\/pre>\n\n\n\n<h3 class=\"wp-block-heading\"><strong>3\u00a7 Hallitus<\/strong><\/h3>\n\n\n\n<pre class=\"wp-block-preformatted\">Yhdistyksen asioita, taloutta ja sen toimintaa hoitaa hallitus,\njohon kuuluu puheenjohtaja eli kommodori, varapuheenjohtaja eli\nvarakommodori sek\u00e4 v\u00e4hint\u00e4\u00e4n kaksi (2), enint\u00e4\u00e4n kahdeksan (8)\nj\u00e4sent\u00e4 sek\u00e4 valittaessa yksi (1) tai kaksi (2) varaj\u00e4sent\u00e4.\n<\/pre>\n\n\n\n<pre class=\"wp-block-preformatted\">3\u00a71 Valinta Hallituksen kommodori ja varakommodori sek\u00e4 muut j\u00e4senet\nja mahdolliset varaj\u00e4senet valitaan syyskokouksessa. Jos hallituksen\nj\u00e4sen eroaa tai kuolee, voi yhdistyksen kokous valita h\u00e4nen\ntilalleen uuden j\u00e4senen toimikauden lopuksi.\n<\/pre>\n\n\n\n<pre class=\"wp-block-preformatted\">3\u00a72 Sis\u00e4iset roolit\nHallitus valitsee yhdistykselle sihteerin, taloudenhoitajan sek\u00e4\nmuut tarpeelliset toimihenkil\u00f6t. Hallitus voi tarpeen mukaan\nperustaa yhdistykselle jaostoja ja toimikuntia hoitamaan eri\nteht\u00e4vi\u00e4. N\u00e4iden toimintaa varten on perustamisen yhteydess\u00e4\nlaadittava niille ohjes\u00e4\u00e4nn\u00f6t tai toimintaohjeet.\n<\/pre>\n\n\n\n<pre class=\"wp-block-preformatted\">3\u00a73 Toimikausi\nHallituksen j\u00e4senten toimikausi on kalenterivuosi, joka alkaa\nsyyskokousta seuraavan vuoden alusta.\n<\/pre>\n\n\n\n<pre class=\"wp-block-preformatted\">3\u00a74 Kokoukset\nHallituksen kokous on p\u00e4\u00e4t\u00f6svaltainen, jos kaikille hallituksen\nj\u00e4senille on kokouksesta ilmoitettu, ja jos l\u00e4sn\u00e4 on v\u00e4hint\u00e4\u00e4n\npuolet (1\/2) hallituksen j\u00e4senist\u00e4 siten, ett\u00e4 kommodori tai\nvarakommodori on paikalla.\n<\/pre>\n\n\n\n<pre class=\"wp-block-preformatted\">Hallitus kokoontuu kommodorin tai, h\u00e4nen ollessa estynyt,\nvarakommodorin kutsusta, kun he katsovat siihen olevan aihetta tai\nkun v\u00e4hint\u00e4\u00e4n puolet hallituksen j\u00e4senist\u00e4 sit\u00e4 vaatii.\n<\/pre>\n\n\n\n<pre class=\"wp-block-preformatted\"><strong>4\u00a7 Yhdistyksen toiminta\n<\/strong>\n4\u00a71 Toiminta- ja tilikausi\nYhdistyksen toiminta- ja tilikausi on kalenterivuosi.\n<\/pre>\n\n\n\n<pre class=\"wp-block-preformatted\">4\u00a72 Nimen kirjoittaminen\nYhdistyksen nimen kirjoittaa kommodori, varakommodori tai sihteeri\nyhdess\u00e4 jonkun hallituksen j\u00e4senen tai hallituksen siihen m\u00e4\u00e4r\u00e4\u00e4m\u00e4n\nvaltuuttaman toimihenkil\u00f6n kanssa.\n<\/pre>\n\n\n\n<pre class=\"wp-block-preformatted\">4\u00a73 Toimihenkil\u00f6t\nYhdistyksen toimihenkil\u00f6it\u00e4 ovat hallituksen j\u00e4senten lis\u00e4ksi\nyhdistyksen kokouksen tai hallituksen valitsemat toimihenkil\u00f6t.\nMik\u00e4li yhdistyksen kokous luottamuslause\u00e4\u00e4nestyksess\u00e4\nyksinkertaisella enemmist\u00f6ll\u00e4 toteaa, ettei yhdistyksen kokouksen\nvalitsema toimihenkil\u00f6 nauti yhdistyksen kokouksen luottamusta,\nkatsotaan toimihenkil\u00f6 erotetuksi. Erotetuksi todetun toimihenkil\u00f6n\ntilalle on valittava uusi henkil\u00f6 samassa yhdistyksen kokouksessa.\nHallituksen valitseman toimihenkil\u00f6n erottamisesta p\u00e4\u00e4tt\u00e4\u00e4 hallitus.\n<\/pre>\n\n\n\n<pre class=\"wp-block-preformatted\">4\u00a74 Toiminnantarkastus\nToiminnantarkastus on laadittava kolmen (3) kuukauden kuluessa\ntilikauden p\u00e4\u00e4ttymisest\u00e4. Tilinp\u00e4\u00e4t\u00f6s tarvittavine asiakirjoineen on\nannettava toiminnantarkastajalle v\u00e4hint\u00e4\u00e4n kuukautta ennen sit\u00e4\nkokousta, jossa tilinp\u00e4\u00e4t\u00f6s vahvistetaan. Toiminnantarkastajan on\nannettava kertomus toiminnantarkastuksesta hallitukselle viimeist\u00e4\u00e4n\nnelj\u00e4toista (14) vuorokautta ennen vuosikokousta.\n<\/pre>\n\n\n\n<pre class=\"wp-block-preformatted\">4\u00a75 S\u00e4\u00e4nt\u00f6jen muuttaminen\nS\u00e4\u00e4nt\u00f6jen muuttamisesta p\u00e4\u00e4tet\u00e4\u00e4n yleiskokouksessa. P\u00e4\u00e4t\u00f6kseen\nvaaditaan v\u00e4hint\u00e4\u00e4n kolmen nelj\u00e4sosan (3\/4) enemmist\u00f6 annetuista\n\u00e4\u00e4nist\u00e4.\nKokouskutsussa on mainittava s\u00e4\u00e4nt\u00f6jen muuttamisesta.\n<\/pre>\n\n\n\n<pre class=\"wp-block-preformatted\">4\u00a76 Purkaminen\nYhdistyksen purkamista koskeva p\u00e4\u00e4t\u00f6s on teht\u00e4v\u00e4 kahdessa (2),\nv\u00e4hint\u00e4\u00e4n kahden (2) kuukauden v\u00e4lein pidetyss\u00e4 yhdistyksen\nkokouksessa ja p\u00e4\u00e4t\u00f6ksen on saatava molemmissa kokouksissa v\u00e4hint\u00e4\u00e4n\nnelj\u00e4n viidesosan (4\/5) enemmist\u00f6 annetuista \u00e4\u00e4nist\u00e4. Jos yhdistys\non p\u00e4\u00e4tetty purkaa, on sen varat k\u00e4ytett\u00e4v\u00e4 niin kuin j\u00e4lkimm\u00e4inen\npurkautumisesta p\u00e4\u00e4tt\u00e4v\u00e4 kokous m\u00e4\u00e4r\u00e4\u00e4. Varat on kuitenkin\nk\u00e4ytett\u00e4v\u00e4 ylioppilasmielen ja -sivistyksen edist\u00e4miseksi.\n<\/pre>\n\n\n\n<pre class=\"wp-block-preformatted\"><strong>5\u00a7 Yhdistyksen kokoukset\n<\/strong>Yhdistyksen p\u00e4\u00e4t\u00e4nt\u00e4valtaa k\u00e4ytt\u00e4v\u00e4t opiskelijaj\u00e4senet ja\nalumnij\u00e4senet yhdistyksen kokouksessa.\nYhdistyksen varsinaisia kokouksia pidet\u00e4\u00e4n vuosittain kaksi.\nYlim\u00e4\u00e4r\u00e4isi\u00e4 kokouksia pidet\u00e4\u00e4n silloin, kun hallitus katsoo sen\ntarpeelliseksi tai silloin, kun v\u00e4hint\u00e4\u00e4n kymmenen (10) j\u00e4sent\u00e4 tai\n1\/10 \u00e4\u00e4nioikeutetuista j\u00e4senist\u00e4 sit\u00e4 kirjallisesti anoo jotain\nm\u00e4\u00e4r\u00e4tty\u00e4 asiaa varten. T\u00e4ll\u00f6in kokous tulee pit\u00e4\u00e4 nelj\u00e4ntoista (14)\nvuorokauden sis\u00e4ll\u00e4 pyynn\u00f6n esitt\u00e4misest\u00e4 t\u00e4h\u00e4n kuitenkaan\nlaskematta yliopiston lukukausien v\u00e4list\u00e4 aikaa. Kokouskutsussa on\nmainittava, mik\u00e4li kokouksessa k\u00e4sitell\u00e4\u00e4n yhdistyslain 23 \u00a7:ss\u00e4\nmainittuja tai niihin verrattavia asioita. Kokous on\np\u00e4\u00e4t\u00f6svaltainen, kun se on kutsuttu koolle yhdistyksen s\u00e4\u00e4nt\u00f6jen\nmukaisesti.\nYhdistyksen kokoukseen voi hallituksen tai yhdistyksen kokouksen\nniin p\u00e4\u00e4tt\u00e4ess\u00e4 osallistua tietoliikenneyhteyden tai muun teknisen apuv\u00e4lineen avulla kokouksen aikana tai ennen kokousta.\nYhdistyksen kokous voi my\u00f6nt\u00e4\u00e4 yhdistyksen kokouksessa l\u00e4sn\u00e4olo- ja\npuheoikeuden yhdistykseen kuulumattomalle henkil\u00f6lle.\n<\/pre>\n\n\n\n<pre class=\"wp-block-preformatted\">5\u00a71 Koolle kutsuminen\nKutsu kokouksiin annetaan j\u00e4senille tiedoksi v\u00e4hint\u00e4\u00e4n seitsem\u00e4n (7)\nvuorokautta ennen kokousta j\u00e4senen ilmoittamaan s\u00e4hk\u00f6postiin\njaettavassa tiedotteessa.\n<\/pre>\n\n\n\n<pre class=\"wp-block-preformatted\">5\u00a72 Esityslistan lis\u00e4ykset\nAsiat, jotka j\u00e4sen haluaa saada yhdistyksen kokouksessa\nk\u00e4sitelt\u00e4v\u00e4ksi, on esitett\u00e4v\u00e4 hallitukselle kirjallisesti niin\nhyviss\u00e4 ajoin, ett\u00e4 asiasta voidaan tarvittaessa sis\u00e4llytt\u00e4\u00e4\nkokouskutsuun, kuitenkin v\u00e4hint\u00e4\u00e4n kymmenen (10) p\u00e4iv\u00e4\u00e4 ennen\nkokousta.\n<\/pre>\n\n\n\n<pre class=\"wp-block-preformatted\">5\u00a73 Syyskokous\nSyyskokous pidet\u00e4\u00e4n loka- tai marraskuussa. Kokouksessa k\u00e4sitell\u00e4\u00e4n\nseuraavat asiat:\nEsitet\u00e4\u00e4n ja vahvistetaan tulevan vuoden toimintaohjelma sek\u00e4\ntoimintasuunnitelma.\nEsitet\u00e4\u00e4n ja vahvistetaan seuraavan vuoden talousarvio.\nM\u00e4\u00e4r\u00e4t\u00e4\u00e4n yhdistyksen j\u00e4senilt\u00e4 seuraavan vuonna kannettavan\nj\u00e4senmaksun suuruus ja sen suorittamisen ajankohta sek\u00e4 m\u00e4\u00e4r\u00e4t\u00e4\u00e4n\nliittymis- ja kannatusmaksun suuruus.\nValitaan seuraavan vuoden hallituksen kommodori ja varakommodori.\nP\u00e4\u00e4tet\u00e4\u00e4n hallituksen j\u00e4senten ja varaj\u00e4senten lukum\u00e4\u00e4r\u00e4.\nValitaan toiminnantarkastaja ja varatoiminnantarkastaja tarkastamaan\nseuraavan vuoden tilej\u00e4 ja hallintoa.\nK\u00e4sitell\u00e4\u00e4n muut kokouskutsussa mainitut ja kokoukselle esitetyt\nasiat.\n<\/pre>\n\n\n\n<pre class=\"wp-block-preformatted\">5\u00a74 Kev\u00e4tkokous\nYhdistyksen vuosikokous pidet\u00e4\u00e4n vuosittain hallituksen m\u00e4\u00e4r\u00e4\u00e4m\u00e4n\u00e4\np\u00e4iv\u00e4n\u00e4 huhtikuun loppuun menness\u00e4. Kokouksessa k\u00e4sitell\u00e4\u00e4n\nseuraavat asiat:\nEsitet\u00e4\u00e4n tilinp\u00e4\u00e4t\u00f6s, hallituksen toimintakertomus ja\ntilintarkastuskertomus.\nP\u00e4\u00e4tet\u00e4\u00e4n tilinp\u00e4\u00e4t\u00f6ksen vahvistamisesta.\nP\u00e4\u00e4tet\u00e4\u00e4n vastuuvapauden my\u00f6nt\u00e4misest\u00e4 hallitukselle ja muille\nvastuuvelvollisille.\nK\u00e4sitell\u00e4\u00e4n muut kokouskutsussa mainitut ja kokoukselle esitetyt\nasiat.\n<\/pre>\n\n\n\n<pre class=\"wp-block-preformatted\">5\u00a75 \u00c4\u00e4nestykset\nKokouksessa ratkaistaan asiat yksinkertaisella \u00e4\u00e4nten enemmist\u00f6ll\u00e4.\n\u00c4\u00e4nten menness\u00e4 tasan voittaa se mielipide, johon kokouksen\npuheenjohtaja yhtyy. Vaaleissa \u00e4\u00e4nten menty\u00e4 tasan ratkaisee arpa.<\/pre>\n","protected":false},"excerpt":{"rendered":"<p>Perustettu 30.1.2008, nykyiset s\u00e4\u00e4nn\u00f6t tulleet voimaan 28.12.2020. 1\u00a7 Yhdistyksen tiedot 1\u00a71 Nimi Yhdistyksen nimi on Akateeminen purjehdusseura ry. Yhdistyksest\u00e4 k\u00e4ytet\u00e4\u00e4n lyhennett\u00e4 A. 1\u00a72 Kotipaikka Seuran kotipaikka on Turku. 1\u00a73 Kieli Seuran kielet ovat suomi sek\u00e4 tarvittaessa ruotsi. 1\u00a74 Tarkoitus Yhdistyksen &hellip;<\/p>\n<p class=\"read-more\"> <a class=\"more-link\" href=\"https:\/\/tyyala.utu.fi\/akateeminenpurjehdusseura\/seura\/saannot\/\"> <span class=\"screen-reader-text\">Yhdistyksen s\u00e4\u00e4nn\u00f6t<\/span> Lue lis\u00e4\u00e4 &raquo;<\/a><\/p>\n","protected":false},"author":1601,"featured_media":0,"parent":101,"menu_order":0,"comment_status":"closed","ping_status":"closed","template":"full-width-page.php","meta":{"_mc_calendar":[],"footnotes":""},"class_list":["post-482","page","type-page","status-publish","hentry"],"_links":{"self":[{"href":"https:\/\/tyyala.utu.fi\/akateeminenpurjehdusseura\/wp-json\/wp\/v2\/pages\/482","targetHints":{"allow":["GET"]}}],"collection":[{"href":"https:\/\/tyyala.utu.fi\/akateeminenpurjehdusseura\/wp-json\/wp\/v2\/pages"}],"about":[{"href":"https:\/\/tyyala.utu.fi\/akateeminenpurjehdusseura\/wp-json\/wp\/v2\/types\/page"}],"author":[{"embeddable":true,"href":"https:\/\/tyyala.utu.fi\/akateeminenpurjehdusseura\/wp-json\/wp\/v2\/users\/1601"}],"replies":[{"embeddable":true,"href":"https:\/\/tyyala.utu.fi\/akateeminenpurjehdusseura\/wp-json\/wp\/v2\/comments?post=482"}],"version-history":[{"count":16,"href":"https:\/\/tyyala.utu.fi\/akateeminenpurjehdusseura\/wp-json\/wp\/v2\/pages\/482\/revisions"}],"predecessor-version":[{"id":2232,"href":"https:\/\/tyyala.utu.fi\/akateeminenpurjehdusseura\/wp-json\/wp\/v2\/pages\/482\/revisions\/2232"}],"up":[{"embeddable":true,"href":"https:\/\/tyyala.utu.fi\/akateeminenpurjehdusseura\/wp-json\/wp\/v2\/pages\/101"}],"wp:attachment":[{"href":"https:\/\/tyyala.utu.fi\/akateeminenpurjehdusseura\/wp-json\/wp\/v2\/media?parent=482"}],"curies":[{"name":"wp","href":"https:\/\/api.w.org\/{rel}","templated":true}]}}