{"id":47,"date":"2014-06-07T21:18:03","date_gmt":"2014-06-07T18:18:03","guid":{"rendered":"http:\/\/dev.akateeminenpurjehdusseura.com\/?page_id=47"},"modified":"2021-02-26T15:16:27","modified_gmt":"2021-02-26T13:16:27","slug":"liity-jaseneksi","status":"publish","type":"page","link":"https:\/\/tyyala.utu.fi\/akateeminenpurjehdusseura\/liity-jaseneksi\/","title":{"rendered":"Liity j\u00e4seneksi"},"content":{"rendered":"\n<p>Seuran j\u00e4seniksi ovat tervetulleita Turun korkeakoulujen opiskelijat, henkil\u00f6kunnan j\u00e4senet sek\u00e4 kaikki muut opiskelijanmielisest\u00e4 purjehduksesta kiinnostuneet. <\/p>\n\n\n\n<p>Kaikki j\u00e4senemme rekister\u00f6id\u00e4\u00e4n my\u00f6s\u00a0<a href=\"http:\/\/SPV.fi\">Suomen purjehdus ja veneily ry<\/a>:n j\u00e4seniksi ja ovat siten oikeutettuja SPV:n\u00a0<a rel=\"noopener noreferrer\" href=\"http:\/\/spv.fi\/teema\/jasenedut\/#tab-1482486840-2-62\" target=\"_blank\">etuihin<\/a>\u00a0sek\u00e4 <a href=\"http:\/\/spv.fi\/nautic\/\">Nautic<\/a>-j\u00e4senlehteen, joka kolahtaa <a href=\"http:\/\/suuli.spv.fi\">j\u00e4senrekisteriss\u00e4 eli Suulissa<\/a> olevaan osoitteeseesi.<\/p>\n\n\n\n<h2 class=\"wp-block-heading\">Liity j\u00e4seneksi<\/h2>\n\n\n\n<p>Liittyminen tapahtuu joko t\u00e4ytt\u00e4m\u00e4ll\u00e4 <strong>s\u00e4hk\u00f6inen <a href=\"https:\/\/docs.google.com\/forms\/d\/1FIKFhvxBm2OENE62-4x_KLCx9TJceyYONICvPp8w3Mw\">j\u00e4senlomake<\/a><\/strong> tai l\u00e4hett\u00e4m\u00e4ll\u00e4 hakemusta mukaileva s\u00e4hk\u00f6posti <a href=\"https:\/\/tyyala.utu.fi\/akateeminenpurjehdusseura\/yhteystiedot\/\">hallitukselle<\/a> <strong>sek\u00e4 suorittamalla kuluvan vuoden j\u00e4senmaksu. <\/strong><\/p>\n\n\n\n<p>Hallitus k\u00e4sittelee j\u00e4senlomakkeet hallituksen kokouksissa, joita j\u00e4rjestet\u00e4\u00e4n noin kerran kuussa. J\u00e4senmaksu tulee olla maksettuna ennen hyv\u00e4ksymist\u00e4.<\/p>\n\n\n\n<h2 class=\"wp-block-heading\"><strong>Akateemisen purjehdusseuran j\u00e4senmaksut vuonna 2021<\/strong>:<\/h2>\n\n\n\n<ul class=\"wp-block-list\"><li><strong>Opiskelija 20 \u20ac<\/strong><\/li><li><strong>Ei-opiskelija 40 \u20ac<\/strong><\/li><li>Maksun saaja: Akateeminen purjehdusseura ry<\/li><li>Tili: FI53 5711 0020 0606 03 (BIC: OKOYFIHH)<\/li><li>Viite: 2021016<\/li><\/ul>\n\n\n\n<p><\/p>\n","protected":false},"excerpt":{"rendered":"<p>Seuran j\u00e4seniksi ovat tervetulleita Turun korkeakoulujen opiskelijat, henkil\u00f6kunnan j\u00e4senet sek\u00e4 kaikki muut opiskelijanmielisest\u00e4 purjehduksesta kiinnostuneet. Kaikki j\u00e4senemme rekister\u00f6id\u00e4\u00e4n my\u00f6s\u00a0Suomen purjehdus ja veneily ry:n j\u00e4seniksi ja ovat siten oikeutettuja SPV:n\u00a0etuihin\u00a0sek\u00e4 Nautic-j\u00e4senlehteen, joka kolahtaa j\u00e4senrekisteriss\u00e4 eli Suulissa olevaan osoitteeseesi. Liity j\u00e4seneksi Liittyminen &hellip;<\/p>\n<p class=\"read-more\"> <a class=\"more-link\" href=\"https:\/\/tyyala.utu.fi\/akateeminenpurjehdusseura\/liity-jaseneksi\/\"> <span class=\"screen-reader-text\">Liity j\u00e4seneksi<\/span> Lue lis\u00e4\u00e4 &raquo;<\/a><\/p>\n","protected":false},"author":163,"featured_media":0,"parent":0,"menu_order":0,"comment_status":"closed","ping_status":"closed","template":"full-width-page.php","meta":{"_mc_calendar":[],"footnotes":""},"class_list":["post-47","page","type-page","status-publish","hentry"],"_links":{"self":[{"href":"https:\/\/tyyala.utu.fi\/akateeminenpurjehdusseura\/wp-json\/wp\/v2\/pages\/47","targetHints":{"allow":["GET"]}}],"collection":[{"href":"https:\/\/tyyala.utu.fi\/akateeminenpurjehdusseura\/wp-json\/wp\/v2\/pages"}],"about":[{"href":"https:\/\/tyyala.utu.fi\/akateeminenpurjehdusseura\/wp-json\/wp\/v2\/types\/page"}],"author":[{"embeddable":true,"href":"https:\/\/tyyala.utu.fi\/akateeminenpurjehdusseura\/wp-json\/wp\/v2\/users\/163"}],"replies":[{"embeddable":true,"href":"https:\/\/tyyala.utu.fi\/akateeminenpurjehdusseura\/wp-json\/wp\/v2\/comments?post=47"}],"version-history":[{"count":45,"href":"https:\/\/tyyala.utu.fi\/akateeminenpurjehdusseura\/wp-json\/wp\/v2\/pages\/47\/revisions"}],"predecessor-version":[{"id":2184,"href":"https:\/\/tyyala.utu.fi\/akateeminenpurjehdusseura\/wp-json\/wp\/v2\/pages\/47\/revisions\/2184"}],"wp:attachment":[{"href":"https:\/\/tyyala.utu.fi\/akateeminenpurjehdusseura\/wp-json\/wp\/v2\/media?parent=47"}],"curies":[{"name":"wp","href":"https:\/\/api.w.org\/{rel}","templated":true}]}}