{"id":2124,"date":"2021-02-24T17:11:13","date_gmt":"2021-02-24T15:11:13","guid":{"rendered":"https:\/\/tyyala.utu.fi\/akateeminenpurjehdusseura\/?page_id=2124"},"modified":"2021-02-26T15:35:49","modified_gmt":"2021-02-26T13:35:49","slug":"tietosuojaseloste","status":"publish","type":"page","link":"https:\/\/tyyala.utu.fi\/akateeminenpurjehdusseura\/seura\/tietosuojaseloste\/","title":{"rendered":"Tietosuojaseloste"},"content":{"rendered":"\n<p><strong>1. Rekisterinpit\u00e4j\u00e4&nbsp;<\/strong><\/p>\n\n\n\n<p>Nimi: Akateeminen purjehdusseura ry<br>Y-tunnus: 2757776-6<br>S\u00e4hk\u00f6postiosoite: <a href=\"mailto:hallitus@akateeminenpurjehdusseura.fi\">hallitus@akateeminenpurjehdusseura.fi<\/a><\/p>\n\n\n\n<p><strong>2. Rekisteriasioita hoitava henkil\u00f6 &amp; tietosuojavastaava<\/strong><\/p>\n\n\n\n<p>Akateeminen purjehdusseura ry:n hallituksen IT-vastaava<br>S\u00e4hk\u00f6posti: <a href=\"mailto:atk@akateeminenpurjehdusseura.fi\">atk@akateeminenpurjehdusseura.fi<\/a><\/p>\n\n\n\n<p><strong>3. Rekisterin k\u00e4ytt\u00f6tarkoitus&nbsp;<\/strong><\/p>\n\n\n\n<p>Ker\u00e4tt\u00e4vi\u00e4 henkil\u00f6tietoja k\u00e4ytet\u00e4\u00e4n:&nbsp;<\/p>\n\n\n\n<ul class=\"wp-block-list\"><li>J\u00e4senyyteen, tapahtumiin tai koulutuksiin liittyvien maksujen perint\u00e4\u00e4n sek\u00e4 osallistumisen vahvistamiseen<\/li><li>J\u00e4senmaksujen sek\u00e4 koulutusten ja tapahtumien osallistumismaksujen perint\u00e4\u00e4n<\/li><\/ul>\n\n\n\n<p><strong>4. Tietojen ker\u00e4\u00e4misen ja k\u00e4sittelyn peruste<\/strong><\/p>\n\n\n\n<p>Henkil\u00f6tietoja ker\u00e4t\u00e4\u00e4n ja k\u00e4sitell\u00e4\u00e4n henkil\u00f6n suostumuksella, tai henkil\u00f6n kanssa teht\u00e4v\u00e4n sopimuksen t\u00e4yt\u00e4nt\u00f6\u00f6n panemiseksi.<\/p>\n\n\n\n<p><strong>6. Tietojen s\u00e4ilytysaika<\/strong><\/p>\n\n\n\n<p>Henkil\u00f6tiedot s\u00e4ilytet\u00e4\u00e4n niin kauan, kun niit\u00e4 tarvitaan henkil\u00f6n kanssa teht\u00e4v\u00e4n sopimuksen t\u00e4yt\u00e4nt\u00f6\u00f6npanemiseksi.<\/p>\n\n\n\n<p><strong>7. Rekisteriin ker\u00e4t\u00e4\u00e4n tietoja:&nbsp;<\/strong><\/p>\n\n\n\n<p>Henkil\u00f6lt\u00e4 itselt\u00e4\u00e4n. Verkkosivujen anonymisoituja selailutietoja ker\u00e4t\u00e4\u00e4n my\u00f6s analytiikkaty\u00f6kalun avulla sivuston kehitt\u00e4mist\u00e4 varten.<\/p>\n\n\n\n<p><strong>8. S\u00e4\u00e4nn\u00f6nmukaiset tietojen luovutukset ja tietojen siirto EU:n tai Euroopan talousalueen ulkopuolelle&nbsp;<\/strong><\/p>\n\n\n\n<p>Tietoja ei s\u00e4\u00e4nn\u00f6nmukaisesti luovuteta yhdistyksen ulkopuolelle. Osa yhdistyksen k\u00e4ytt\u00e4mist\u00e4 ulkopuolisista palvelun- tai ohjelmistontarjoajista saattavat s\u00e4ilytt\u00e4\u00e4 tietoja EU:n tai Euroopan talousalueen ulkopuolella.<\/p>\n\n\n\n<p><strong>9. Ev\u00e4steiden (cookies) k\u00e4ytt\u00f6&nbsp;<\/strong><\/p>\n\n\n\n<p>K\u00e4yt\u00e4mme sivuillamme ns. cookie-toimintoa eli ev\u00e4steit\u00e4. Ev\u00e4ste on pieni, k\u00e4ytt\u00e4j\u00e4n tietokoneelle l\u00e4hetett\u00e4v\u00e4 ja siell\u00e4 s\u00e4ilytett\u00e4v\u00e4 tekstitiedosto, joka mahdollistaa internet-sivujen yll\u00e4pit\u00e4j\u00e4n tunnistamaan usein sivuilla vierailevat k\u00e4vij\u00e4t, helpottamaan k\u00e4vij\u00f6iden kirjautumista sivuille sek\u00e4 mahdollistamaan yhdistelm\u00e4tiedon laatimisen k\u00e4vij\u00f6ist\u00e4. T\u00e4m\u00e4n palautteen avulla pystymme jatkuvasti parantamaan sivujemme sis\u00e4lt\u00f6\u00e4.<\/p>\n\n\n\n<p><strong>10. Rekisterin suojaus&nbsp;<\/strong><\/p>\n\n\n\n<p>Henkil\u00f6tiedot siirret\u00e4\u00e4n lomakkeilta SSL-suojatun yhteyden ylitse.&nbsp;<\/p>\n\n\n\n<p>S\u00e4hk\u00f6iset tiedot on suojattu palomuurilla, k\u00e4ytt\u00e4j\u00e4tunnuksin ja salasanoin.&nbsp;<\/p>\n\n\n\n<p>Tietojen k\u00e4ytt\u00f6oikeus on vain niill\u00e4 rekisterinpit\u00e4j\u00e4n hallituksessa olevilla henkil\u00f6ill\u00e4, jotka tarvitsevat tietoja teht\u00e4viss\u00e4\u00e4n.<\/p>\n\n\n\n<p><strong>11. Automaattinen p\u00e4\u00e4t\u00f6ksenteko<\/strong><\/p>\n\n\n\n<p>Automatisoituja yksitt\u00e4isp\u00e4\u00e4t\u00f6ksi\u00e4 (EU:n tietosuoja-asetuksen artikla 22) ei tehd\u00e4.<\/p>\n\n\n\n<p><strong>12. Rekister\u00f6idyn oikeudet<\/strong>&nbsp;<\/p>\n\n\n\n<p>Rekister\u00f6idyll\u00e4 on oikeus tarkastaa, mit\u00e4 h\u00e4nt\u00e4 koskevia tietoja henkil\u00f6tietorekisteriin on talletettu. Kirjallinen tarkastuspyynt\u00f6 tulee l\u00e4hett\u00e4\u00e4 allekirjoitettuna rekisteriasioista vastaavalle henkil\u00f6lle.<\/p>\n\n\n\n<p>Rekister\u00f6idyll\u00e4 on oikeus vaatia virheellisten tai vanhentuneiden tietojen oikaisua tai poistamista tai tietojen siirtoa j\u00e4rjestelm\u00e4st\u00e4 toiseen. H\u00e4nell\u00e4 on my\u00f6s oikeus rajoittaa tai vastustaa tietojensa k\u00e4sittely\u00e4 EU:n tietosuoja-asetuksen artiklojen 18 ja 21 mukaisesti.<\/p>\n\n\n\n<p>Rekister\u00f6idyll\u00e4 on oikeus peruuttaa aiemmin antamansa suostumus tietojen k\u00e4sittelylle tai tehd\u00e4 henkil\u00f6tietojensa k\u00e4sittelyyn liittyvist\u00e4 seikoista valitus valvontaviranomaiselle.<\/p>\n","protected":false},"excerpt":{"rendered":"<p>1. Rekisterinpit\u00e4j\u00e4&nbsp; Nimi: Akateeminen purjehdusseura ryY-tunnus: 2757776-6S\u00e4hk\u00f6postiosoite: hallitus@akateeminenpurjehdusseura.fi 2. Rekisteriasioita hoitava henkil\u00f6 &amp; tietosuojavastaava Akateeminen purjehdusseura ry:n hallituksen IT-vastaavaS\u00e4hk\u00f6posti: atk@akateeminenpurjehdusseura.fi 3. Rekisterin k\u00e4ytt\u00f6tarkoitus&nbsp; Ker\u00e4tt\u00e4vi\u00e4 henkil\u00f6tietoja k\u00e4ytet\u00e4\u00e4n:&nbsp; J\u00e4senyyteen, tapahtumiin tai koulutuksiin liittyvien maksujen perint\u00e4\u00e4n sek\u00e4 osallistumisen vahvistamiseen J\u00e4senmaksujen sek\u00e4 koulutusten ja &hellip;<\/p>\n<p class=\"read-more\"> <a class=\"more-link\" href=\"https:\/\/tyyala.utu.fi\/akateeminenpurjehdusseura\/seura\/tietosuojaseloste\/\"> <span class=\"screen-reader-text\">Tietosuojaseloste<\/span> Lue lis\u00e4\u00e4 &raquo;<\/a><\/p>\n","protected":false},"author":1601,"featured_media":0,"parent":101,"menu_order":0,"comment_status":"closed","ping_status":"closed","template":"full-width-page.php","meta":{"_mc_calendar":[],"footnotes":""},"class_list":["post-2124","page","type-page","status-publish","hentry"],"_links":{"self":[{"href":"https:\/\/tyyala.utu.fi\/akateeminenpurjehdusseura\/wp-json\/wp\/v2\/pages\/2124","targetHints":{"allow":["GET"]}}],"collection":[{"href":"https:\/\/tyyala.utu.fi\/akateeminenpurjehdusseura\/wp-json\/wp\/v2\/pages"}],"about":[{"href":"https:\/\/tyyala.utu.fi\/akateeminenpurjehdusseura\/wp-json\/wp\/v2\/types\/page"}],"author":[{"embeddable":true,"href":"https:\/\/tyyala.utu.fi\/akateeminenpurjehdusseura\/wp-json\/wp\/v2\/users\/1601"}],"replies":[{"embeddable":true,"href":"https:\/\/tyyala.utu.fi\/akateeminenpurjehdusseura\/wp-json\/wp\/v2\/comments?post=2124"}],"version-history":[{"count":3,"href":"https:\/\/tyyala.utu.fi\/akateeminenpurjehdusseura\/wp-json\/wp\/v2\/pages\/2124\/revisions"}],"predecessor-version":[{"id":2193,"href":"https:\/\/tyyala.utu.fi\/akateeminenpurjehdusseura\/wp-json\/wp\/v2\/pages\/2124\/revisions\/2193"}],"up":[{"embeddable":true,"href":"https:\/\/tyyala.utu.fi\/akateeminenpurjehdusseura\/wp-json\/wp\/v2\/pages\/101"}],"wp:attachment":[{"href":"https:\/\/tyyala.utu.fi\/akateeminenpurjehdusseura\/wp-json\/wp\/v2\/media?parent=2124"}],"curies":[{"name":"wp","href":"https:\/\/api.w.org\/{rel}","templated":true}]}}