{"id":101,"date":"2014-06-08T11:53:14","date_gmt":"2014-06-08T11:53:14","guid":{"rendered":"http:\/\/dev.akateeminenpurjehdusseura.com\/?page_id=101"},"modified":"2021-02-23T15:25:29","modified_gmt":"2021-02-23T13:25:29","slug":"seura","status":"publish","type":"page","link":"https:\/\/tyyala.utu.fi\/akateeminenpurjehdusseura\/","title":{"rendered":"Seura"},"content":{"rendered":"\n<p>Akateemisen purjehdusseuran tarkoituksena on kehitt\u00e4\u00e4 ja edist\u00e4\u00e4 purjehdusta opiskelijoiden parissa. Luentokurssien ja purjehdusharjoitusten avulla seura lis\u00e4\u00e4 j\u00e4sentens\u00e4 venetuntemusta sek\u00e4 vesill\u00e4 liikkumisen tietoja ja taitoja. Aiheet ovat vaihdelleet j\u00e4senten tarpeen mukaan. Suosituimpia kursseja ovat olleet pelastautumiskurssit sek\u00e4 kuukausittaiset purjehdusiltamat talvikaudella.<\/p>\n\n\n\n<p>Kes\u00e4kaudella voi viikolla osallistua iltap\u00e4iv\u00e4purjehduksille ja viikonloppuisin on usein gastin paikkoja tarjolla veneiss\u00e4, jotka suuntaavat purjehduksensa yleens\u00e4 kohti Saaristomerta. Usein viikonloppupurjehdukset ovat muodostuneet ep\u00e4virallisiksi eskaadereiksi, joihin on kokoontunut useita seuralaisten purjeveneit\u00e4.<\/p>\n\n\n\n<p>Vuoden kohokohta purjehduskauden ulkopuolella on perinteinen vuosijuhla, jossa kohotellaan maljoja, sy\u00f6d\u00e4\u00e4n hyv\u00e4\u00e4 ruokaa sek\u00e4 muistellaan edellist\u00e4 purjehduskautta.<\/p>\n\n\n\n<p>Tervetulleita mukaan toimintaan ovat my\u00f6s jatko-opiskelijat, valmistuneet sek\u00e4 muuten vain akateemisesti valveutuneet!<\/p>\n","protected":false},"excerpt":{"rendered":"<p>Akateemisen purjehdusseuran tarkoituksena on kehitt\u00e4\u00e4 ja edist\u00e4\u00e4 purjehdusta opiskelijoiden parissa. Luentokurssien ja purjehdusharjoitusten avulla seura lis\u00e4\u00e4 j\u00e4sentens\u00e4 venetuntemusta sek\u00e4 vesill\u00e4 liikkumisen tietoja ja taitoja. Aiheet ovat vaihdelleet j\u00e4senten tarpeen mukaan. Suosituimpia kursseja ovat olleet pelastautumiskurssit sek\u00e4 kuukausittaiset purjehdusiltamat talvikaudella. Kes\u00e4kaudella &hellip;<\/p>\n<p class=\"read-more\"> <a class=\"more-link\" href=\"https:\/\/tyyala.utu.fi\/akateeminenpurjehdusseura\/\"> <span class=\"screen-reader-text\">Seura<\/span> Lue lis\u00e4\u00e4 &raquo;<\/a><\/p>\n","protected":false},"author":163,"featured_media":408,"parent":0,"menu_order":0,"comment_status":"closed","ping_status":"closed","template":"","meta":{"_mc_calendar":[],"footnotes":""},"class_list":["post-101","page","type-page","status-publish","has-post-thumbnail","hentry"],"_links":{"self":[{"href":"https:\/\/tyyala.utu.fi\/akateeminenpurjehdusseura\/wp-json\/wp\/v2\/pages\/101","targetHints":{"allow":["GET"]}}],"collection":[{"href":"https:\/\/tyyala.utu.fi\/akateeminenpurjehdusseura\/wp-json\/wp\/v2\/pages"}],"about":[{"href":"https:\/\/tyyala.utu.fi\/akateeminenpurjehdusseura\/wp-json\/wp\/v2\/types\/page"}],"author":[{"embeddable":true,"href":"https:\/\/tyyala.utu.fi\/akateeminenpurjehdusseura\/wp-json\/wp\/v2\/users\/163"}],"replies":[{"embeddable":true,"href":"https:\/\/tyyala.utu.fi\/akateeminenpurjehdusseura\/wp-json\/wp\/v2\/comments?post=101"}],"version-history":[{"count":8,"href":"https:\/\/tyyala.utu.fi\/akateeminenpurjehdusseura\/wp-json\/wp\/v2\/pages\/101\/revisions"}],"predecessor-version":[{"id":2088,"href":"https:\/\/tyyala.utu.fi\/akateeminenpurjehdusseura\/wp-json\/wp\/v2\/pages\/101\/revisions\/2088"}],"wp:featuredmedia":[{"embeddable":true,"href":"https:\/\/tyyala.utu.fi\/akateeminenpurjehdusseura\/wp-json\/wp\/v2\/media\/408"}],"wp:attachment":[{"href":"https:\/\/tyyala.utu.fi\/akateeminenpurjehdusseura\/wp-json\/wp\/v2\/media?parent=101"}],"curies":[{"name":"wp","href":"https:\/\/api.w.org\/{rel}","templated":true}]}}