{"id":998,"date":"2019-01-17T10:27:46","date_gmt":"2019-01-17T08:27:46","guid":{"rendered":"http:\/\/tyyala.utu.fi\/adaptus\/?page_id=998"},"modified":"2025-09-25T16:48:26","modified_gmt":"2025-09-25T13:48:26","slug":"tietosuojaseloste","status":"publish","type":"page","link":"https:\/\/tyyala.utu.fi\/adaptus\/tietosuojaseloste\/","title":{"rendered":"Tietosuojaseloste"},"content":{"rendered":"<p><span style=\"color: #000000\"><strong>Tietosuojaseloste:\u00a0<\/strong><\/span><\/p>\n<p><strong><span style=\"color: #000000\">1 Rekisterinpit\u00e4j\u00e4<\/span><\/strong><\/p>\n<p><span style=\"color: #000000\">Adaptus ry<\/span><\/p>\n<p><span style=\"color: #000000\">Y-tunnus: 26514819<\/span><\/p>\n<p><span style=\"color: #000000\">Osoite: Hoitotieteen laitos, L\u00e4\u00e4ketieteellinen tiedekunta, 20014 Turun yliopisto<\/span><\/p>\n<p><span style=\"color: #000000\">S\u00e4hk\u00f6posti: adaptus@utu.fi<\/span><\/p>\n<p><strong><span style=\"color: #000000\">2 Rekisteriasioita hoitava henkil\u00f6<\/span><\/strong><\/p>\n<p><span style=\"color: #000000\">Saara Bechqito-Arekallio<\/span><\/p>\n<p><span style=\"color: #000000\">S\u00e4hk\u00f6posti: saara.m.bechqito-arekallio@utu.fi<\/span><\/p>\n<p><strong><span style=\"color: #000000\">3 Rekisterin nimi<\/span><\/strong><\/p>\n<p><span style=\"color: #000000\">Adaptus ry:n j\u00e4sentietorekisteri<\/span><\/p>\n<p><strong><span style=\"color: #000000\">4 Henkil\u00f6tietojen k\u00e4ytt\u00f6tarkoitus<\/span><\/strong><\/p>\n<p><span style=\"color: #000000\">Henkil\u00f6tietoja k\u00e4sitell\u00e4\u00e4n j\u00e4senyyteen ja muuhun asialliseen yhteyteen liittyv\u00e4n suhteen hoitamiseen ja analysointiin, toiminnan kehitt\u00e4miseen ja suunnittelemiseen sek\u00e4 markkinointiin, mielipidekyselyihin ja j\u00e4senviestint\u00e4\u00e4n, joita voidaan toteuttaa my\u00f6s s\u00e4hk\u00f6isesti ja kohdennettuna.<\/span><\/p>\n<p><span style=\"color: #000000\">Henkil\u00f6tietoja voidaan k\u00e4sitell\u00e4 soveltuvan lains\u00e4\u00e4d\u00e4nn\u00f6n sallimin tavoin Adaptus ry:n hallitukseen kulloinkin kuuluvien henkil\u00f6iden toimesta. Tietojen luovuttaminen yhteisty\u00f6kumppaneille voi l\u00e4ht\u00f6kohtaisesti tapahtua vain sellaisiin tarkoituksiin, jotka tukevat rekisterin toiminta-ajatusta ja joissa tietojen k\u00e4ytt\u00f6tarkoitus ei ole yhteensopimaton Adaptus ry:n k\u00e4ytt\u00f6tarkoitusten kanssa.<\/span><\/p>\n<p><span style=\"color: #000000\">Henkil\u00f6tietojen k\u00e4sittelyn yleinen edellytys: henkil\u00f6tietolain 8 \u00a7 1 momentin 1, 2, 5, 6 ja 7 kohdat.<\/span><\/p>\n<p><strong><span style=\"color: #000000\">5 Rekisterin tietosis\u00e4lt\u00f6<\/span><\/strong><\/p>\n<p><span style=\"color: #000000\">Rekisteriss\u00e4 voidaan k\u00e4sitell\u00e4 kaikista rekister\u00f6idyist\u00e4 seuraavia tietoja:<\/span><\/p>\n<p><span style=\"color: #000000\">T\u00e4ydellinen nimi<\/span><\/p>\n<p><span style=\"color: #000000\">Kotipaikka<\/span><\/p>\n<p><span style=\"color: #000000\">TYYn j\u00e4senyys<\/span><\/p>\n<p><span style=\"color: #000000\">Yhteystiedot (s\u00e4hk\u00f6postiosoite)<\/span><\/p>\n<p><span style=\"color: #000000\">J\u00e4senyyden kesto<\/span><\/p>\n<p><span style=\"color: #000000\">Vuosikurssi<\/span><\/p>\n<p><strong><span style=\"color: #000000\">6 S\u00e4\u00e4nn\u00f6nmukaiset tietol\u00e4hteet<\/span><\/strong><\/p>\n<p><span style=\"color: #000000\">Rekister\u00f6ity\u00e4 koskevia henkil\u00f6tietoja ker\u00e4t\u00e4\u00e4n rekister\u00f6idylt\u00e4 itselt\u00e4\u00e4n.<\/span><\/p>\n<p><strong><span style=\"color: #000000\">7 Tietojen luovuttaminen ja siirt\u00e4minen<\/span><\/strong><\/p>\n<p><span style=\"color: #000000\">Tietoja voidaan rekisterinpit\u00e4j\u00e4n harkinnan perusteella luovuttaa kulloinkin voimassaolevan lains\u00e4\u00e4d\u00e4nn\u00f6n sallimissa ja velvoittamissa rajoissa esimerkiksi Adaptuksen yhteisty\u00f6kumppaneille, jollei rekister\u00f6ity ole kielt\u00e4nyt tietojen luovuttamista. Tietojen luovuttaminen voi l\u00e4ht\u00f6kohtaisesti tapahtua vain sellaisiin tarkoituksiin, jotka tukevat Adaptuksen asiakasrekisterin toiminta-ajatusta ja joissa tietojen k\u00e4ytt\u00f6tarkoitus ei ole yhteensopimaton Adaptuksen k\u00e4ytt\u00f6tarkoitusten kanssa.<\/span><\/p>\n<p><span style=\"color: #000000\">Tietoja voidaan luovuttaa my\u00f6s toimivaltaisten viranomaisten tai muiden tahojen esitt\u00e4mien vaatimusten edellytt\u00e4m\u00e4ll\u00e4, voimassaolevaan lains\u00e4\u00e4d\u00e4nt\u00f6\u00f6n perustuvalla, tavalla, sek\u00e4 historiallista tai tieteellist\u00e4 tutkimusta varten edellytt\u00e4en, ett\u00e4 tiedot on muutettu ei-tunnistettavissa olevaan muotoon.<\/span><\/p>\n<p><span style=\"color: #000000\">Tietoja voidaan siirt\u00e4\u00e4 rekisterinpit\u00e4j\u00e4n valikoimille yhteisty\u00f6kumppaneille, jotka k\u00e4sittelev\u00e4t tietoja rekisterinpit\u00e4j\u00e4n lukuun, osapuolten v\u00e4lisen yhteisty\u00f6sopimuksen perusteella. T\u00e4ll\u00f6in tietojen k\u00e4sittelij\u00e4ll\u00e4 ei ole oikeutta k\u00e4sitell\u00e4 siirrettyj\u00e4 tietoja omaan lukuunsa, omissa henkil\u00f6rekistereiss\u00e4\u00e4n.<\/span><\/p>\n<p><span style=\"color: #000000\">Tietoja ei p\u00e4\u00e4s\u00e4\u00e4nt\u00f6isesti siirret\u00e4 Euroopan unionin j\u00e4senvaltioiden alueen tai Euroopan talousalueen ulkopuolelle, ellei se ole edell\u00e4 henkil\u00f6tietojen k\u00e4sittelyn tarkoituksien tai tietojen k\u00e4sittelyn teknisen toteuttamisen kannalta tarpeellista, jolloin tietojen siirrossa noudatetaan henkil\u00f6tietolains\u00e4\u00e4d\u00e4nn\u00f6n vaatimuksia.<\/span><\/p>\n<p><span style=\"color: #000000\">Adaptus voi siirt\u00e4\u00e4 rekisterin sis\u00e4lt\u00e4mi\u00e4 tietoja omiin suoramarkkinointirekistereihins\u00e4 asiakkuuden ja asiallisen yhteyden p\u00e4\u00e4ttymisen j\u00e4lkeen.<\/span><\/p>\n<p><strong><span style=\"color: #000000\">8 Rekisterin suojaus<\/span><\/strong><\/p>\n<p><span style=\"color: #000000\">S\u00e4hk\u00f6isesti k\u00e4sitelt\u00e4v\u00e4t rekisterin sis\u00e4lt\u00e4m\u00e4t tiedot ovat palomuurein, salasanoin ja muin tieto-turvan toimialalla yleisesti hyv\u00e4ksytt\u00e4vin teknisin keinoin suojattuja. Manuaalisesti yll\u00e4pidett\u00e4v\u00e4t aineistot sijaitsevat tiloissa, joihin on asiattomilta p\u00e4\u00e4sy estetty.<\/span><\/p>\n<p><span style=\"color: #000000\">Ainoastaan yksil\u00f6idyill\u00e4 rekisterinpit\u00e4j\u00e4n ja sen toimeksiannosta ja lukuun toimivien yritysten ty\u00f6ntekij\u00f6ill\u00e4 on p\u00e4\u00e4sy rekisterin sis\u00e4lt\u00e4miin tietoihin rekisterinpit\u00e4j\u00e4n my\u00f6nt\u00e4m\u00e4ll\u00e4 k\u00e4ytt\u00f6oikeudella.<\/span><\/p>\n<p><strong><span style=\"color: #000000\">9 Tarkastus-, kielto- ja korjausoikeus<\/span><\/strong><\/p>\n<p><span style=\"color: #000000\">Rekister\u00f6idyll\u00e4 on henkil\u00f6tietolain mukainen oikeus tarkastaa, mit\u00e4 h\u00e4nt\u00e4 koskevia tietoja rekisteriin on talletettu. Rekister\u00f6idyn pyynn\u00f6st\u00e4 teemme henkil\u00f6tietoihin tarpeelliset oikaisut ja t\u00e4ydennykset tai poistamme k\u00e4sittelyn tarkoituksen kannalta virheelliset, tarpeettomat, puutteelliset tai vanhentuneet tiedot. Tietojen tarkastus ja p\u00e4ivitys tapahtuu ottamalla yhteys Adaptus ry:een. Pyynn\u00f6n tulee olla kirjallinen ja allekirjoitettu.<\/span><\/p>\n<p><span style=\"color: #000000\">Tietojen poistaminen poistaa henkil\u00f6n j\u00e4senyyden Adaptus ry:st\u00e4.<\/span><\/p>\n<p><strong><span style=\"color: #000000\">10 Tietosuojaselosteen muuttaminen<\/span><\/strong><\/p>\n<p><span style=\"color: #000000\">Adaptus ry kehitt\u00e4\u00e4 toimintaansa jatkuvasti ja pid\u00e4tt\u00e4\u00e4 siksi oikeuden muuttaa t\u00e4t\u00e4 tietosuojaselostetta ilmoittamalla siit\u00e4 palveluissa. Muutokset voivat perustua my\u00f6s lains\u00e4\u00e4d\u00e4nn\u00f6n muuttumiseen. Adaptus ry suosittelee rekister\u00f6ityj\u00e4 tutustumaan tietosuojaselosteen sis\u00e4lt\u00f6\u00f6n s\u00e4\u00e4nn\u00f6llisesti.<\/span><\/p>\n","protected":false},"excerpt":{"rendered":"<p>Tietosuojaseloste:\u00a0 1 Rekisterinpit\u00e4j\u00e4 Adaptus ry Y-tunnus: 26514819 Osoite: Hoitotieteen laitos, L\u00e4\u00e4ketieteellinen tiedekunta, 20014 Turun yliopisto S\u00e4hk\u00f6posti: adaptus@utu.fi 2 Rekisteriasioita hoitava henkil\u00f6 Saara Bechqito-Arekallio S\u00e4hk\u00f6posti: saara.m.bechqito-arekallio@utu.fi 3 Rekisterin nimi Adaptus ry:n j\u00e4sentietorekisteri 4 Henkil\u00f6tietojen k\u00e4ytt\u00f6tarkoitus Henkil\u00f6tietoja k\u00e4sitell\u00e4\u00e4n j\u00e4senyyteen ja muuhun asialliseen yhteyteen liittyv\u00e4n suhteen hoitamiseen ja analysointiin, toiminnan kehitt\u00e4miseen ja suunnittelemiseen sek\u00e4 markkinointiin, mielipidekyselyihin ja j\u00e4senviestint\u00e4\u00e4n, [&hellip;]<\/p>\n","protected":false},"author":139,"featured_media":0,"parent":0,"menu_order":0,"comment_status":"closed","ping_status":"closed","template":"","meta":{"footnotes":""},"class_list":["post-998","page","type-page","status-publish","hentry","post-preview"],"_links":{"self":[{"href":"https:\/\/tyyala.utu.fi\/adaptus\/wp-json\/wp\/v2\/pages\/998","targetHints":{"allow":["GET"]}}],"collection":[{"href":"https:\/\/tyyala.utu.fi\/adaptus\/wp-json\/wp\/v2\/pages"}],"about":[{"href":"https:\/\/tyyala.utu.fi\/adaptus\/wp-json\/wp\/v2\/types\/page"}],"author":[{"embeddable":true,"href":"https:\/\/tyyala.utu.fi\/adaptus\/wp-json\/wp\/v2\/users\/139"}],"replies":[{"embeddable":true,"href":"https:\/\/tyyala.utu.fi\/adaptus\/wp-json\/wp\/v2\/comments?post=998"}],"version-history":[{"count":6,"href":"https:\/\/tyyala.utu.fi\/adaptus\/wp-json\/wp\/v2\/pages\/998\/revisions"}],"predecessor-version":[{"id":2383,"href":"https:\/\/tyyala.utu.fi\/adaptus\/wp-json\/wp\/v2\/pages\/998\/revisions\/2383"}],"wp:attachment":[{"href":"https:\/\/tyyala.utu.fi\/adaptus\/wp-json\/wp\/v2\/media?parent=998"}],"curies":[{"name":"wp","href":"https:\/\/api.w.org\/{rel}","templated":true}]}}