{"id":2405,"date":"2025-10-02T18:27:22","date_gmt":"2025-10-02T15:27:22","guid":{"rendered":"https:\/\/tyyala.utu.fi\/adaptus\/?page_id=2405"},"modified":"2025-10-02T18:27:22","modified_gmt":"2025-10-02T15:27:22","slug":"sitsit","status":"publish","type":"page","link":"https:\/\/tyyala.utu.fi\/adaptus\/sitsit\/","title":{"rendered":"Sitsit"},"content":{"rendered":"\n<p class=\"has-text-color has-link-color wp-elements-e36572ac91746c889bb9a8057992cb08\" style=\"color:#000000\">Sitsit ovat perinteinen opiskelijatapahtuma, jossa yhdistyv\u00e4t ruokailu, sitsilaulut ja erilaiset ohjelmanumerot. Akateemiset p\u00f6yt\u00e4juhlat eli sitsit ovat hyv\u00e4n mielen tapahtuma, ja ne tarjoavat tilaisuuden sosiaaliseen kanssak\u00e4ymiseen sek\u00e4 opiskelijakulttuurin kokemiseen. Sitseill\u00e4 lauletaan erilaisia sitsilauluja, joiden tarkoitus on rikkoa normeja ja niihin kannattaa suhtautua huumorilla. Laulujen tarkoituksena ei ole loukata ket\u00e4\u00e4n. <\/p>\n\n\n\n<p class=\"has-text-color has-link-color wp-elements-a5bf233b8940a02fff536ce8cd4750d9\" style=\"color:#000000\">Sitseill\u00e4 on omat s\u00e4\u00e4nn\u00f6t, jotka ohjaavat k\u00e4ytt\u00e4ytymist\u00e4 ja osallistumista. N\u00e4ihin s\u00e4\u00e4nt\u00f6ihin voit tutustua alempana. Kaiken tulee kuitenkin aina tapahtua turvallisesti ja kaikkien osallistujien viihtyvyytt\u00e4 kunnioittaen. Adaptuksella on oma laulukirja, jonka voi ostaa Kammarilta. S\u00e4\u00e4nn\u00f6t k\u00e4yd\u00e4\u00e4n yleens\u00e4 viel\u00e4 l\u00e4pi ennen sitsien aloittamista.<\/p>\n\n\n\n<p class=\"has-text-color has-link-color wp-elements-77b453be8aed0d6364a38427feda250c\" style=\"color:#000000\"><strong>Rankut<\/strong> eli rangaistukset ovat sitsien perinteinen osa, mutta ne ovat aina vapaaehtoisia. Osallistuja voi ilmoittautumislomakkeessa kielt\u00e4yty\u00e4 rankuista, eik\u00e4 ilmoittautuminen sitoudu niiden hyv\u00e4ksymiseen. My\u00f6s itse sitsien aikana on mahdollista kielt\u00e4yty\u00e4 rankuista, vaikka osallistuja olisi alun perin suostunut niihin. T\u00e4m\u00e4 k\u00e4yt\u00e4nt\u00f6 korostaa osallistujien vapaaehtoisuutta ja turvallisuutta. Rankut toimivat hauskana ja hyv\u00e4nmielen ohjelmanumerona, eik\u00e4 niiden tarkoitus ole nolata ket\u00e4\u00e4n. <\/p>\n\n\n\n<p class=\"has-text-color has-link-color wp-elements-4b217fbcd606fff762d03ef3970ec96d\" style=\"color:#000000\">Sitseill\u00e4 on lis\u00e4ksi nimetty <strong>h\u00e4irint\u00e4yhdyshenkil\u00f6<\/strong>, jonka teht\u00e4v\u00e4n\u00e4 on puuttua ep\u00e4asialliseen k\u00e4yt\u00f6kseen ja varmistaa tapahtuman turvallisuus. H\u00e4irint\u00e4yhdyshenkil\u00f6\u00f6n voi ottaa yhteytt\u00e4, jos kokee kiusaamista, h\u00e4irint\u00e4\u00e4 tai muuta sopimatonta k\u00e4yt\u00f6st\u00e4. Adaptuksen h\u00e4irint\u00e4yhdyshenkil\u00f6n\u00e4 on Selina, joka toimii my\u00f6s sosiaalipoliittisena vastaavana, ja h\u00e4neen voi matalalla kynnyksell\u00e4 olla yhteydess\u00e4. Adaptuksen sitseill\u00e4 noudatetaan turvallisen tilan periaatteita.<\/p>\n\n\n\n<p class=\"has-text-color has-link-color wp-elements-0753c2e22090887ccd79c7c5a17f5865\" style=\"color:#000000\"><strong>Adaptuksen sitsien yleiset s\u00e4\u00e4nn\u00f6t:<\/strong><\/p>\n\n\n\n<ol class=\"wp-block-list\">\n<li class=\"has-text-color has-link-color wp-elements-360dfdd51e88c33c648e24468389c78e\" style=\"color:#000000\">Sitseill\u00e4 tulee pukeutua teeman mukaisella tavalla.<\/li>\n\n\n\n<li class=\"has-text-color has-link-color wp-elements-3dc6041e4efe4394f1037e87931dcde1\" style=\"color:#000000\">Sitseilt\u00e4 ei saa my\u00f6h\u00e4sty\u00e4. <\/li>\n\n\n\n<li class=\"has-text-color has-link-color wp-elements-5ea9fcc21a9a92dc1e2418ededdf5f4f\" style=\"color:#000000\">P\u00f6yt\u00e4\u00e4n istutaan vasta, kun sitsien johtajat antavat siihen luvan.<\/li>\n\n\n\n<li class=\"has-text-color has-link-color wp-elements-239324fdb4300103cff0c7ea97dc1707\" style=\"color:#000000\">Sitsip\u00f6yd\u00e4ss\u00e4 on kohteliasta esitt\u00e4yty\u00e4 vierustovereille.<\/li>\n\n\n\n<li class=\"has-text-color has-link-color wp-elements-519ac2bb0608ac20f94e21ab364cf353\" style=\"color:#000000\">Sitsijohtajien sana on laki. Sitsijohtajat m\u00e4\u00e4r\u00e4\u00e4v\u00e4t taukojen keston ja ajankohdan ja antavat luvan p\u00f6yd\u00e4st\u00e4 nousemiseen.<\/li>\n\n\n\n<li class=\"has-text-color has-link-color wp-elements-b91f0393c143cc2989465171581334e1\" style=\"color:#000000\">Sitsijohtajien vaatiessa huomiota kaikki hiljenev\u00e4t kuuntelemaan.<\/li>\n\n\n\n<li class=\"has-text-color has-link-color wp-elements-9a94e6cf73accc6d2bba2bbe5d4153bf\" style=\"color:#000000\">Sitseill\u00e4 k\u00e4ytt\u00e4ydymme kohteliaasti toisiamme ja varsinkin p\u00f6yt\u00e4aveciamme kohtaan.<\/li>\n\n\n\n<li class=\"has-text-color has-link-color wp-elements-9acf3030c6011b9770c7d0789dd144e1\" style=\"color:#000000\">Skoolaus tapahtuu ensin oikealle etuviistoon, sitten vasemmalle etuviistoon ja lopuksi eteen. Laseja ei kilistet\u00e4. Ensimm\u00e4inen snapsi juodaan loppuun asti.<\/li>\n\n\n\n<li class=\"has-text-color has-link-color wp-elements-2561e85aadc354a31c022691da8e209b\" style=\"color:#000000\">Sitseill\u00e4 suosionosoituksia ei anneta k\u00e4si\u00e4 yhteen taputtamalla. Suosionosoituksia voi antaa hakkaamalla k\u00e4mmeni\u00e4 p\u00f6yt\u00e4\u00e4n kohtuullisella voimakkuudella.<\/li>\n\n\n\n<li class=\"has-text-color has-link-color wp-elements-4ffd60d956a7d9d23bc254fdda974963\" style=\"color:#000000\">Mik\u00e4li sitsilaulanta ep\u00e4onnistuu surkeasti, voi sitseille osallistuja huutaa kesken laulun &#8221;omstart!&#8221;. T\u00e4ll\u00f6in kyseinen s\u00e4keist\u00f6 tai koko laulu aloitetaan alusta. Huudahdusta tulee k\u00e4ytt\u00e4\u00e4 varoen.<\/li>\n\n\n\n<li class=\"has-text-color has-link-color wp-elements-73b7253a0fc7de039b689434046453c4\" style=\"color:#000000\">Tyhj\u00e4\u00e4n mahaan ei saa sy\u00f6d\u00e4 ja juomatta ei lauleta, on my\u00f6s ep\u00e4sopivaa juoda laulamatta.<\/li>\n\n\n\n<li class=\"has-text-color has-link-color wp-elements-790ebff6792eb82b84ab96ca87805e7b\" style=\"color:#000000\">Kun lauletaan, ei saa sy\u00f6d\u00e4.<\/li>\n\n\n\n<li class=\"has-text-color has-link-color wp-elements-18f055b4660da5a43df1c57aed0c96d0\" style=\"color:#000000\">K\u00e4nnyk\u00e4t ovat sitsip\u00f6yd\u00e4ss\u00e4 kiellettyj\u00e4, ellei sitsijohtajat toisin m\u00e4\u00e4r\u00e4\u00e4.<\/li>\n\n\n\n<li class=\"has-text-color has-link-color wp-elements-25ab76e3dd1f3b7fe8b174d6e5f192d3\" style=\"color:#000000\">S\u00e4\u00e4nt\u00f6jen rikkomisesta seuraa rangaistuksia.<\/li>\n<\/ol>\n\n\n\n<p class=\"has-text-color has-link-color wp-elements-9102a9b093dedb432b67e8b066a24ab3\" style=\"color:#000000\"><strong>Sitsien sanastoa:<\/strong><\/p>\n\n\n\n<p class=\"has-text-color has-link-color wp-elements-5f356f8e90ae8525972c87ff06002b33\" style=\"color:#000000\"><strong>Mellansup:<\/strong> Otetaan v\u00e4lihuikka s\u00e4keist\u00f6jen v\u00e4liss\u00e4, huutaja jatkaa laulua.<\/p>\n\n\n\n<p class=\"has-text-color has-link-color wp-elements-f4df62d18f97cda530692f96decab7a3\" style=\"color:#000000\"><strong>Sk\u00e5\u00e5l:<\/strong> Huudahdus lopettaa laulun ja sen huutaa sitsijohtajat.<\/p>\n\n\n\n<p class=\"has-text-color has-link-color wp-elements-1a2c3c9486cd177383ea1895f7213197\" style=\"color:#000000\"><strong>Omstart:<\/strong> Huudetaan, kun laulaminen vaatii uutta aloitusta esimerkiksi laulamisen puuroutuessa tai ep\u00e4onnistuessa.<\/p>\n\n\n\n<p class=\"has-text-color has-link-color wp-elements-99c9e4e876e2c9cb9a71291406551709\" style=\"color:#000000\"><strong>Tempo yl\u00f6s\/alas\/normaali:<\/strong> Huudahduksia, joilla ohjaillaan laulamisen nopeutta tarpeen mukaan.<\/p>\n\n\n\n<p class=\"has-text-color has-link-color wp-elements-dbbcad12647cc4feb10bdafbffaeb30d\" style=\"color:#000000\"><strong>Pu-nish-ment!: <\/strong>Vaaditaan rangaistusta s\u00e4\u00e4nt\u00f6jen rikkojalle.<\/p>\n","protected":false},"excerpt":{"rendered":"<p>Sitsit ovat perinteinen opiskelijatapahtuma, jossa yhdistyv\u00e4t ruokailu, sitsilaulut ja erilaiset ohjelmanumerot. Akateemiset p\u00f6yt\u00e4juhlat eli sitsit ovat hyv\u00e4n mielen tapahtuma, ja ne tarjoavat tilaisuuden sosiaaliseen kanssak\u00e4ymiseen sek\u00e4 opiskelijakulttuurin kokemiseen. Sitseill\u00e4 lauletaan erilaisia sitsilauluja, joiden tarkoitus on rikkoa normeja ja niihin kannattaa suhtautua huumorilla. Laulujen tarkoituksena ei ole loukata ket\u00e4\u00e4n. Sitseill\u00e4 on omat s\u00e4\u00e4nn\u00f6t, jotka ohjaavat k\u00e4ytt\u00e4ytymist\u00e4 [&hellip;]<\/p>\n","protected":false},"author":139,"featured_media":0,"parent":0,"menu_order":0,"comment_status":"closed","ping_status":"closed","template":"","meta":{"footnotes":""},"class_list":["post-2405","page","type-page","status-publish","hentry","post-preview"],"_links":{"self":[{"href":"https:\/\/tyyala.utu.fi\/adaptus\/wp-json\/wp\/v2\/pages\/2405","targetHints":{"allow":["GET"]}}],"collection":[{"href":"https:\/\/tyyala.utu.fi\/adaptus\/wp-json\/wp\/v2\/pages"}],"about":[{"href":"https:\/\/tyyala.utu.fi\/adaptus\/wp-json\/wp\/v2\/types\/page"}],"author":[{"embeddable":true,"href":"https:\/\/tyyala.utu.fi\/adaptus\/wp-json\/wp\/v2\/users\/139"}],"replies":[{"embeddable":true,"href":"https:\/\/tyyala.utu.fi\/adaptus\/wp-json\/wp\/v2\/comments?post=2405"}],"version-history":[{"count":1,"href":"https:\/\/tyyala.utu.fi\/adaptus\/wp-json\/wp\/v2\/pages\/2405\/revisions"}],"predecessor-version":[{"id":2406,"href":"https:\/\/tyyala.utu.fi\/adaptus\/wp-json\/wp\/v2\/pages\/2405\/revisions\/2406"}],"wp:attachment":[{"href":"https:\/\/tyyala.utu.fi\/adaptus\/wp-json\/wp\/v2\/media?parent=2405"}],"curies":[{"name":"wp","href":"https:\/\/api.w.org\/{rel}","templated":true}]}}