{"id":2400,"date":"2025-10-02T18:08:41","date_gmt":"2025-10-02T15:08:41","guid":{"rendered":"https:\/\/tyyala.utu.fi\/adaptus\/?page_id=2400"},"modified":"2025-10-02T18:08:41","modified_gmt":"2025-10-02T15:08:41","slug":"vuosikurssit","status":"publish","type":"page","link":"https:\/\/tyyala.utu.fi\/adaptus\/vuosikurssit\/","title":{"rendered":"Vuosikurssit"},"content":{"rendered":"\n<p class=\"has-text-color has-link-color wp-elements-b5344ce3f4e5e7c4181ce8b8f83e622e\" style=\"color:#000000\">Vuonna 2025 hoitotieteen opiskelijat liittyiv\u00e4t l\u00e4\u00e4ketieteellisen tiedekunnan perinteeseen, jossa jokainen vuosikurssi valitsee itselleen latinankielisen kurssinimen. Alla lista eri vuosikursseista ja nimist\u00e4 aloitusvuoden mukaan:<\/p>\n\n\n\n<p class=\"has-text-color has-link-color wp-elements-7693b6898dcb4496210b9ed8a3fe5463\" style=\"color:#000000\">v. 2025 aloittaneet: Cursus Initium Novum<\/p>\n\n\n\n<p class=\"has-text-color has-link-color wp-elements-a40e06742d00f23aa9387c2c6efe18eb\" style=\"color:#000000\">v. 2024 aloittaneet: Cursus Turma Selecta<\/p>\n\n\n\n<p class=\"has-text-color has-link-color wp-elements-51fbb4b2e6b5de3dd17910c5a700a957\" style=\"color:#000000\">v. 2023 aloittaneet: Cursus Serenus<\/p>\n\n\n\n<p><\/p>\n","protected":false},"excerpt":{"rendered":"<p>Vuonna 2025 hoitotieteen opiskelijat liittyiv\u00e4t l\u00e4\u00e4ketieteellisen tiedekunnan perinteeseen, jossa jokainen vuosikurssi valitsee itselleen latinankielisen kurssinimen. Alla lista eri vuosikursseista ja nimist\u00e4 aloitusvuoden mukaan: v. 2025 aloittaneet: Cursus Initium Novum v. 2024 aloittaneet: Cursus Turma Selecta v. 2023 aloittaneet: Cursus Serenus<\/p>\n","protected":false},"author":139,"featured_media":0,"parent":0,"menu_order":0,"comment_status":"closed","ping_status":"closed","template":"","meta":{"footnotes":""},"class_list":["post-2400","page","type-page","status-publish","hentry","post-preview"],"_links":{"self":[{"href":"https:\/\/tyyala.utu.fi\/adaptus\/wp-json\/wp\/v2\/pages\/2400","targetHints":{"allow":["GET"]}}],"collection":[{"href":"https:\/\/tyyala.utu.fi\/adaptus\/wp-json\/wp\/v2\/pages"}],"about":[{"href":"https:\/\/tyyala.utu.fi\/adaptus\/wp-json\/wp\/v2\/types\/page"}],"author":[{"embeddable":true,"href":"https:\/\/tyyala.utu.fi\/adaptus\/wp-json\/wp\/v2\/users\/139"}],"replies":[{"embeddable":true,"href":"https:\/\/tyyala.utu.fi\/adaptus\/wp-json\/wp\/v2\/comments?post=2400"}],"version-history":[{"count":1,"href":"https:\/\/tyyala.utu.fi\/adaptus\/wp-json\/wp\/v2\/pages\/2400\/revisions"}],"predecessor-version":[{"id":2402,"href":"https:\/\/tyyala.utu.fi\/adaptus\/wp-json\/wp\/v2\/pages\/2400\/revisions\/2402"}],"wp:attachment":[{"href":"https:\/\/tyyala.utu.fi\/adaptus\/wp-json\/wp\/v2\/media?parent=2400"}],"curies":[{"name":"wp","href":"https:\/\/api.w.org\/{rel}","templated":true}]}}