{"id":2311,"date":"2025-09-23T11:34:18","date_gmt":"2025-09-23T08:34:18","guid":{"rendered":"https:\/\/tyyala.utu.fi\/adaptus\/?page_id=2311"},"modified":"2025-09-25T16:23:33","modified_gmt":"2025-09-25T13:23:33","slug":"sool-ry","status":"publish","type":"page","link":"https:\/\/tyyala.utu.fi\/adaptus\/sool-ry\/","title":{"rendered":"SOOL ry"},"content":{"rendered":"\n<p class=\"has-text-color has-link-color wp-elements-56765297076e8a101405b139174746a2\" style=\"color:#000000\">SOOL ry on Suomen Opettajaksi Opiskelevien Liitto, joka yhdist\u00e4\u00e4 Suomen opeopiskelijat opiskelupaikkaan ja koulutusohjelmaan katsomatta! J\u00e4senen\u00e4 saat rahanarvoisia henkil\u00f6kohtaisia etuja sek\u00e4 olet kehitt\u00e4m\u00e4ss\u00e4 opettajankoulutusta Suomessa. Lue lis\u00e4\u00e4 SOOLista ja liity:&nbsp;<a href=\"https:\/\/www.sool.fi\/\">www.sool.fi<\/a><\/p>\n\n\n\n<p><\/p>\n","protected":false},"excerpt":{"rendered":"<p>SOOL ry on Suomen Opettajaksi Opiskelevien Liitto, joka yhdist\u00e4\u00e4 Suomen opeopiskelijat opiskelupaikkaan ja koulutusohjelmaan katsomatta! J\u00e4senen\u00e4 saat rahanarvoisia henkil\u00f6kohtaisia etuja sek\u00e4 olet kehitt\u00e4m\u00e4ss\u00e4 opettajankoulutusta Suomessa. Lue lis\u00e4\u00e4 SOOLista ja liity:&nbsp;www.sool.fi<\/p>\n","protected":false},"author":139,"featured_media":0,"parent":0,"menu_order":0,"comment_status":"closed","ping_status":"closed","template":"","meta":{"footnotes":""},"class_list":["post-2311","page","type-page","status-publish","hentry","post-preview"],"_links":{"self":[{"href":"https:\/\/tyyala.utu.fi\/adaptus\/wp-json\/wp\/v2\/pages\/2311","targetHints":{"allow":["GET"]}}],"collection":[{"href":"https:\/\/tyyala.utu.fi\/adaptus\/wp-json\/wp\/v2\/pages"}],"about":[{"href":"https:\/\/tyyala.utu.fi\/adaptus\/wp-json\/wp\/v2\/types\/page"}],"author":[{"embeddable":true,"href":"https:\/\/tyyala.utu.fi\/adaptus\/wp-json\/wp\/v2\/users\/139"}],"replies":[{"embeddable":true,"href":"https:\/\/tyyala.utu.fi\/adaptus\/wp-json\/wp\/v2\/comments?post=2311"}],"version-history":[{"count":4,"href":"https:\/\/tyyala.utu.fi\/adaptus\/wp-json\/wp\/v2\/pages\/2311\/revisions"}],"predecessor-version":[{"id":2367,"href":"https:\/\/tyyala.utu.fi\/adaptus\/wp-json\/wp\/v2\/pages\/2311\/revisions\/2367"}],"wp:attachment":[{"href":"https:\/\/tyyala.utu.fi\/adaptus\/wp-json\/wp\/v2\/media?parent=2311"}],"curies":[{"name":"wp","href":"https:\/\/api.w.org\/{rel}","templated":true}]}}