{"id":2220,"date":"2024-11-04T21:39:55","date_gmt":"2024-11-04T19:39:55","guid":{"rendered":"https:\/\/tyyala.utu.fi\/adaptus\/?page_id=2220"},"modified":"2026-02-27T12:10:43","modified_gmt":"2026-02-27T10:10:43","slug":"hallitus-2025","status":"publish","type":"page","link":"https:\/\/tyyala.utu.fi\/adaptus\/hallitus-2025\/","title":{"rendered":"HALLITUS 2026"},"content":{"rendered":"\n<p><\/p>\n\n\n\n<p class=\"has-text-color has-link-color wp-elements-ea2c0d8c581d95a3a3c4bd1f88e2ba42\" style=\"color:#000000\">Ainej\u00e4rjest\u00f6n asioita hoitaa hallitus, johon kuuluu puheenjohtaja ja 4-12 j\u00e4sent\u00e4.<\/p>\n\n\n\n<p class=\"has-text-color has-link-color wp-elements-b0de7893a42a970ca283847a165a91ad\" style=\"color:#000000\">Hallitus j\u00e4rjest\u00e4\u00e4 ainej\u00e4rjest\u00f6n kokouksia noin kerran kuukaudessa joko liven\u00e4 Kammarilla ja\/tai et\u00e4n\u00e4 Zoomissa. Hallituksen kokoukset ovat avoimia ja niihin on jokainen Adaptuksen j\u00e4sen l\u00e4mpim\u00e4sti tervetullut kuulemaan ja vaikuttamaan!<\/p>\n\n\n\n<p class=\"has-text-color has-link-color wp-elements-bee1339d147a8edb01019ebdb49df443\" style=\"color:#000000\">Tietosuojasyist\u00e4 nettisivuillamme lukee vain hallituslaisten etunimet.<\/p>\n\n\n\n<p class=\"has-text-color has-link-color wp-elements-2f5463036a9761a8135fb3bc701920e1\" style=\"color:#000000\"><strong>Saat tarvittaessa yhteyden hallitukseen FB-sivujen tai s-postin kautta adaptus@utu.fi<\/strong>. Puheenjohtajan saa suoraan kiinni erillisest\u00e4 s\u00e4hk\u00f6postiosoitteesta, joka listattuna alle nimen per\u00e4\u00e4n.<\/p>\n\n\n\n<h2 class=\"wp-block-heading has-text-color has-link-color wp-elements-46918f4e39387e640f08973e35a00ba6\" style=\"color:#000000\">HALLITUKSEN J\u00c4SENET 2026<\/h2>\n\n\n\n<p class=\"has-text-color has-link-color wp-elements-da2ee247d0a94c469530dfffd0774e8d\" style=\"color:#000000\"><strong>Puheenjohtaj<\/strong>a &amp; <strong>j\u00e4rjest\u00f6- ja ty\u00f6el\u00e4m\u00e4 vastaava<\/strong>\u2013 Elsa (elhjok@utu.fi)<\/p>\n\n\n\n<p class=\"has-text-color has-link-color wp-elements-a93f601241975e87770d5c5b7e08f469\" style=\"color:#000000\"><strong>Varapuheenjohtaja<\/strong>&nbsp;\u2013 Senja<\/p>\n\n\n\n<p class=\"has-text-color has-link-color wp-elements-13ce6fad6548f9e97c9ff342cced93e4\" style=\"color:#000000\"><strong>Sihteeri<\/strong> &nbsp;\u2013 Anni<\/p>\n\n\n\n<p class=\"has-text-color has-link-color wp-elements-5fa4da664fd589fab9d3294f9877aefb\" style=\"color:#000000\"><strong>Talousvastaava<\/strong>&nbsp;\u2013 Ossi<\/p>\n\n\n\n<p class=\"has-text-color has-link-color wp-elements-f0851104ed41251e0e1642876be0a9a3\" style=\"color:#000000\"><strong>Koulutuspoliittinen vastaava<\/strong> &amp; <strong>Sosiaalipoliittinen vastaava<\/strong> &nbsp;\u2013 Heli<\/p>\n\n\n\n<p class=\"has-text-color has-link-color wp-elements-6f24fb4210c039b65951348481515b96\" style=\"color:#000000\"><strong>J\u00e4senyysvastaava<\/strong>&nbsp;\u2013 Saara<\/p>\n\n\n\n<p class=\"has-text-color has-link-color wp-elements-ad2987c71c55260c65686bd005ca2f60\" style=\"color:#000000\"><strong>Viestint\u00e4vastaavat \u2013 <\/strong>Suvi &amp; Pilvi<\/p>\n\n\n\n<p class=\"has-text-color has-link-color wp-elements-a640efed8a5511a11631f4ed2e920cd9\" style=\"color:#000000\"><strong>Tapahtumavastaava &#8211;<\/strong> Venla (tapahtumatiimiss\u00e4 Senja, Suvi &amp; Elsa)<br><\/p>\n\n\n\n<figure class=\"wp-block-image size-large is-resized\"><img loading=\"lazy\" decoding=\"async\" width=\"768\" height=\"1024\" src=\"https:\/\/tyyala.utu.fi\/adaptus\/wp-content\/uploads\/sites\/28\/2026\/02\/b6b3a24c-a9f9-418e-9fe6-a3b9b6fe20d5-768x1024.jpg\" alt=\"\" class=\"wp-image-2424\" style=\"width:365px;height:auto\" srcset=\"https:\/\/tyyala.utu.fi\/adaptus\/wp-content\/uploads\/sites\/28\/2026\/02\/b6b3a24c-a9f9-418e-9fe6-a3b9b6fe20d5-768x1024.jpg 768w, https:\/\/tyyala.utu.fi\/adaptus\/wp-content\/uploads\/sites\/28\/2026\/02\/b6b3a24c-a9f9-418e-9fe6-a3b9b6fe20d5-225x300.jpg 225w, https:\/\/tyyala.utu.fi\/adaptus\/wp-content\/uploads\/sites\/28\/2026\/02\/b6b3a24c-a9f9-418e-9fe6-a3b9b6fe20d5-1152x1536.jpg 1152w, https:\/\/tyyala.utu.fi\/adaptus\/wp-content\/uploads\/sites\/28\/2026\/02\/b6b3a24c-a9f9-418e-9fe6-a3b9b6fe20d5-676x902.jpg 676w, https:\/\/tyyala.utu.fi\/adaptus\/wp-content\/uploads\/sites\/28\/2026\/02\/b6b3a24c-a9f9-418e-9fe6-a3b9b6fe20d5.jpg 1468w\" sizes=\"auto, (max-width: 768px) 100vw, 768px\" \/><figcaption class=\"wp-element-caption\">Vuoden 2026 hallitus valittiin syyskokouksessa.<\/figcaption><\/figure>\n\n\n\n<p><\/p>\n\n\n\n<p><\/p>\n\n\n\n<p><\/p>\n\n\n\n<p><\/p>\n\n\n\n<p><\/p>\n\n\n\n<p><\/p>\n\n\n\n<p><\/p>\n\n\n\n<p><\/p>\n\n\n\n<p><\/p>\n\n\n\n<p><\/p>\n\n\n\n<p><\/p>\n\n\n\n<p><\/p>\n\n\n\n<p><\/p>\n\n\n\n<p><\/p>\n\n\n\n<h2 class=\"wp-block-heading has-text-color has-link-color wp-elements-ae5ab0ab155df5bc561f6719c35ae0be\" style=\"color:#000000\">YLEIST\u00c4<\/h2>\n\n\n\n<p class=\"has-text-color has-link-color wp-elements-db9184b8e02d278518276cceec8bc772\" style=\"color:#000000\">Hallitus vastaa yhdess\u00e4 Kammarista ja ymp\u00e4rist\u00f6asioista.<\/p>\n\n\n\n<p class=\"has-text-color has-link-color wp-elements-d4a78390aabac1170f43655ef9d1abff\" style=\"color:#000000\">H\u00e4irint\u00e4tapauksissa yhteytt\u00e4 voi ottaa Adaptuksen hallituksen j\u00e4seniin tai TYY:n&nbsp; h\u00e4irint\u00e4yhdyshenkil\u00f6ihin.&nbsp;<\/p>\n","protected":false},"excerpt":{"rendered":"<p>Ainej\u00e4rjest\u00f6n asioita hoitaa hallitus, johon kuuluu puheenjohtaja ja 4-12 j\u00e4sent\u00e4. Hallitus j\u00e4rjest\u00e4\u00e4 ainej\u00e4rjest\u00f6n kokouksia noin kerran kuukaudessa joko liven\u00e4 Kammarilla ja\/tai et\u00e4n\u00e4 Zoomissa. Hallituksen kokoukset ovat avoimia ja niihin on jokainen Adaptuksen j\u00e4sen l\u00e4mpim\u00e4sti tervetullut kuulemaan ja vaikuttamaan! Tietosuojasyist\u00e4 nettisivuillamme lukee vain hallituslaisten etunimet. Saat tarvittaessa yhteyden hallitukseen FB-sivujen tai s-postin kautta adaptus@utu.fi. Puheenjohtajan saa [&hellip;]<\/p>\n","protected":false},"author":139,"featured_media":0,"parent":0,"menu_order":0,"comment_status":"closed","ping_status":"closed","template":"","meta":{"footnotes":""},"class_list":["post-2220","page","type-page","status-publish","hentry","post-preview"],"_links":{"self":[{"href":"https:\/\/tyyala.utu.fi\/adaptus\/wp-json\/wp\/v2\/pages\/2220","targetHints":{"allow":["GET"]}}],"collection":[{"href":"https:\/\/tyyala.utu.fi\/adaptus\/wp-json\/wp\/v2\/pages"}],"about":[{"href":"https:\/\/tyyala.utu.fi\/adaptus\/wp-json\/wp\/v2\/types\/page"}],"author":[{"embeddable":true,"href":"https:\/\/tyyala.utu.fi\/adaptus\/wp-json\/wp\/v2\/users\/139"}],"replies":[{"embeddable":true,"href":"https:\/\/tyyala.utu.fi\/adaptus\/wp-json\/wp\/v2\/comments?post=2220"}],"version-history":[{"count":20,"href":"https:\/\/tyyala.utu.fi\/adaptus\/wp-json\/wp\/v2\/pages\/2220\/revisions"}],"predecessor-version":[{"id":2436,"href":"https:\/\/tyyala.utu.fi\/adaptus\/wp-json\/wp\/v2\/pages\/2220\/revisions\/2436"}],"wp:attachment":[{"href":"https:\/\/tyyala.utu.fi\/adaptus\/wp-json\/wp\/v2\/media?parent=2220"}],"curies":[{"name":"wp","href":"https:\/\/api.w.org\/{rel}","templated":true}]}}