{"id":2204,"date":"2024-11-04T21:21:14","date_gmt":"2024-11-04T19:21:14","guid":{"rendered":"https:\/\/tyyala.utu.fi\/adaptus\/?page_id=2204"},"modified":"2025-09-25T17:23:23","modified_gmt":"2025-09-25T14:23:23","slug":"hallitustehtavat","status":"publish","type":"page","link":"https:\/\/tyyala.utu.fi\/adaptus\/hallitustehtavat\/","title":{"rendered":"Hallitusteht\u00e4v\u00e4t"},"content":{"rendered":"\n<p><\/p>\n\n\n\n<p class=\"has-text-color has-link-color wp-elements-c15a5d85fd813fda3a1142874ac5bc11\" style=\"color:#000000\">Alla listattuna yleisesti tarjolla olevat hallitusteht\u00e4v\u00e4t. Teht\u00e4v\u00e4t voivat muuttua vuosittain riippuen siit\u00e4 miten suuri hallitus saadaan ja miten hallitus kokee j\u00e4rkev\u00e4ksi j\u00e4rjest\u00e4yty\u00e4. Teht\u00e4v\u00e4kuvaukset ovat pelkistettyj\u00e4. <\/p>\n\n\n\n<div class=\"wp-block-group\"><div class=\"wp-block-group__inner-container is-layout-constrained wp-block-group-is-layout-constrained\">\n<div class=\"wp-block-columns is-layout-flex wp-container-core-columns-is-layout-9d6595d7 wp-block-columns-is-layout-flex\">\n<div class=\"wp-block-column has-text-color has-link-color wp-elements-a3e9626747067ac257be01fdbaff7b9b is-layout-flow wp-block-column-is-layout-flow\" style=\"color:#000000;flex-basis:100%\">\n<figure class=\"wp-block-table\"><table class=\"has-text-color has-link-color has-fixed-layout\" style=\"color:#000000\"><tbody><tr><td><strong>Teht\u00e4v\u00e4<\/strong><\/td><td><strong>Teht\u00e4v\u00e4kuvaus<\/strong><\/td><\/tr><tr><td>Puheenjohtaja<\/td><td>Edustaa Adaptusta ja valvoo kokonaisvaltaisesti toimintaa. Kutsuu koolle kokoukset ja johtaa niit\u00e4. Auttaa muita hallituslaisia. <br><br><\/td><\/tr><tr><td>Varapuheenjohtaja<\/td><td>Puheenjohtajan oikea k\u00e4si. Tuuraa puheenjohtajaa t\u00e4m\u00e4n ollessa estynyt ja jakaa t\u00e4m\u00e4n kanssa teht\u00e4vi\u00e4. <\/td><\/tr><tr><td>Sihteeri <br><\/td><td>Kirjaa k\u00e4ydyt keskustelut ja tehdyt suunnitelmat. Kirjoittaa p\u00f6yt\u00e4kirjat puhtaaksi.<\/td><\/tr><tr><td>Talousvastaava<\/td><td>Vastaa budjetin seurannasta pitkin vuotta. <\/td><\/tr><\/tbody><\/table><figcaption class=\"wp-element-caption\"><br><\/figcaption><\/figure>\n\n\n\n<p><strong>Yll\u00e4 olevat teht\u00e4v\u00e4t tulee olla t\u00e4ytettyn\u00e4 jokaisena hallituskautena.<\/strong><\/p>\n<\/div>\n<\/div>\n<\/div><\/div>\n\n\n\n<figure class=\"wp-block-table\"><table class=\"has-text-color has-link-color has-fixed-layout\" style=\"color:#000000\"><tbody><tr><td><strong>Teht\u00e4v\u00e4<\/strong><\/td><td><strong>Teht\u00e4v\u00e4kuvaus<\/strong><\/td><\/tr><tr><td>Koulutuspoliittinen vastaava<\/td><td>Toimii linkkin\u00e4 opiskelijoiden, ainej\u00e4rjest\u00f6n sek\u00e4 hoitotieteen laitoksen v\u00e4lill\u00e4. Teht\u00e4v\u00e4\u00e4n kuuluu Turun opinto- ja koulutusasioiden edunvalvonta ja edist\u00e4minen. <\/td><\/tr><tr><td>Sosiaalipoliittinen vastaava<\/td><td>Vastaa opiskelijoiden hyvinvoinnista, seuraa keskustelua esimerkiksi mielenterveysasioista ja opintotukij\u00e4rjestelm\u00e4st\u00e4. Toimii h\u00e4rint\u00e4yhdyshenkil\u00f6n\u00e4.<\/td><\/tr><tr><td>Viestint\u00e4vastaava<\/td><td>Tiedottaa kaiken tarpeellisen sosiaalisen median ja s\u00e4hk\u00f6postin kautta.<\/td><\/tr><tr><td>J\u00e4senyysvastaava<\/td><td>Yll\u00e4pit\u00e4\u00e4 j\u00e4senrekisteri\u00e4.<\/td><\/tr><tr><td>J\u00e4rjest\u00f6- ja ty\u00f6el\u00e4m\u00e4vastaava<\/td><td>Vastaa yhteydenpidosta ja yhteisty\u00f6st\u00e4 Akavan sairaanhoitajien ja Taja ry:n, SOOLin ja Tehyn kanssa.<\/td><\/tr><tr><td>Tapahtumavastaavat<\/td><td>J\u00e4rjest\u00e4v\u00e4t koko hallituskauden ajan tapahtumia opiskelijoille muiden hallituslaisten avustuksella. <\/td><\/tr><\/tbody><\/table><\/figure>\n\n\n\n<h2 class=\"wp-block-heading has-text-color has-link-color wp-elements-aaa39d502151deb2f6994522251db6af\" style=\"color:#000000\">Miksi hakea hallitukseen? <\/h2>\n\n\n\n<ul class=\"wp-block-list\">\n<li class=\"has-text-color has-link-color wp-elements-7f95b48d3dcde63b129f51309cc6a2db\" style=\"color:#000000\">Saat hallitustoiminnasta opintopisteit\u00e4<\/li>\n\n\n\n<li class=\"has-text-color has-link-color wp-elements-23dde02fbe04a90732640ecda9664cb2\" style=\"color:#000000\">L\u00f6yd\u00e4t uusia kavereita<\/li>\n\n\n\n<li class=\"has-text-color has-link-color wp-elements-968c8f1b13b46ec69dff67f6e980f0dc\" style=\"color:#000000\">P\u00e4\u00e4set verkostoitumaan <\/li>\n\n\n\n<li class=\"has-text-color has-link-color wp-elements-1bc224f44c3be663b9367815b5a5d78e\" style=\"color:#000000\">P\u00e4\u00e4set vaikuttamaan opiskelijoita koskeviin asioihin<\/li>\n\n\n\n<li class=\"has-text-color has-link-color wp-elements-27d51effc5285e1c2945b7b932620d3c\" style=\"color:#000000\">Opit j\u00e4rjest\u00f6toiminnasta<\/li>\n\n\n\n<li class=\"has-text-color has-link-color wp-elements-0bf2881e50a57960b8bd8cbdb6bb0464\" style=\"color:#000000\">P\u00e4\u00e4set suunnittelemaan ja toteuttamaan tapahtumia<\/li>\n\n\n\n<li class=\"has-text-color has-link-color wp-elements-4268c6cc67f38d8f4c898221235ea9a5\" style=\"color:#000000\">Harjoittelet ja kehit\u00e4t t\u00e4rkeit\u00e4 ty\u00f6el\u00e4m\u00e4taitoja<\/li>\n\n\n\n<li class=\"has-text-color has-link-color wp-elements-2964a2ed1b340f41fbb72c0ff5b4a87b\" style=\"color:#000000\">Hallitustoiminta on arvostettava lis\u00e4 CV:ss\u00e4<\/li>\n<\/ul>\n\n\n\n<h2 class=\"wp-block-heading has-text-color has-link-color wp-elements-3f5b0ffc4546b560c1fb5c4c2b3e507d\" style=\"color:#000000\">Hallitukseen hakeminen<\/h2>\n\n\n\n<ul class=\"wp-block-list\">\n<li class=\"has-text-color has-link-color wp-elements-51909de1b88a125bbe7e983fdb0702e5\" style=\"color:#000000\">Uusi hallitus valitaan aina syyskokouksessa<\/li>\n\n\n\n<li class=\"has-text-color has-link-color wp-elements-111977fa6d10e37e03776a7ff9c4c3f6\" style=\"color:#000000\">Mieti etuk\u00e4teen mik\u00e4 tai mitk\u00e4 teht\u00e4v\u00e4t sinua kiinnostavat<\/li>\n\n\n\n<li class=\"has-text-color has-link-color wp-elements-26c3e2e7a911f86bb55e1c7f5d9802ef\" style=\"color:#000000\">Hallitukseen valitaan puheenjohtaja ja 4-12 varsinaista j\u00e4sent\u00e4. Vain puheenjohtaja p\u00e4\u00e4tet\u00e4\u00e4n syyskokouksessa, muista tulee yleisesti hallituksen j\u00e4seni\u00e4 ja j\u00e4rjest\u00e4ytyminen tapahtuu vuoden ensimm\u00e4isess\u00e4 kokouksessa. <\/li>\n\n\n\n<li class=\"has-text-color has-link-color wp-elements-cd70f18a906aaab3a0bbaea543adb42a\" style=\"color:#000000\">Mik\u00e4li hakijoita on enemm\u00e4n kuin 12, luodaan \u00e4\u00e4nestys. My\u00f6s varaj\u00e4senyys on mahdollinen ja varaj\u00e4seni\u00e4 voi enint\u00e4\u00e4n olla 6. <\/li>\n<\/ul>\n","protected":false},"excerpt":{"rendered":"<p>Alla listattuna yleisesti tarjolla olevat hallitusteht\u00e4v\u00e4t. Teht\u00e4v\u00e4t voivat muuttua vuosittain riippuen siit\u00e4 miten suuri hallitus saadaan ja miten hallitus kokee j\u00e4rkev\u00e4ksi j\u00e4rjest\u00e4yty\u00e4. Teht\u00e4v\u00e4kuvaukset ovat pelkistettyj\u00e4. Teht\u00e4v\u00e4 Teht\u00e4v\u00e4kuvaus Puheenjohtaja Edustaa Adaptusta ja valvoo kokonaisvaltaisesti toimintaa. Kutsuu koolle kokoukset ja johtaa niit\u00e4. Auttaa muita hallituslaisia. Varapuheenjohtaja Puheenjohtajan oikea k\u00e4si. Tuuraa puheenjohtajaa t\u00e4m\u00e4n ollessa estynyt ja jakaa t\u00e4m\u00e4n [&hellip;]<\/p>\n","protected":false},"author":139,"featured_media":0,"parent":0,"menu_order":0,"comment_status":"closed","ping_status":"closed","template":"","meta":{"footnotes":""},"class_list":["post-2204","page","type-page","status-publish","hentry","post-preview"],"_links":{"self":[{"href":"https:\/\/tyyala.utu.fi\/adaptus\/wp-json\/wp\/v2\/pages\/2204","targetHints":{"allow":["GET"]}}],"collection":[{"href":"https:\/\/tyyala.utu.fi\/adaptus\/wp-json\/wp\/v2\/pages"}],"about":[{"href":"https:\/\/tyyala.utu.fi\/adaptus\/wp-json\/wp\/v2\/types\/page"}],"author":[{"embeddable":true,"href":"https:\/\/tyyala.utu.fi\/adaptus\/wp-json\/wp\/v2\/users\/139"}],"replies":[{"embeddable":true,"href":"https:\/\/tyyala.utu.fi\/adaptus\/wp-json\/wp\/v2\/comments?post=2204"}],"version-history":[{"count":23,"href":"https:\/\/tyyala.utu.fi\/adaptus\/wp-json\/wp\/v2\/pages\/2204\/revisions"}],"predecessor-version":[{"id":2398,"href":"https:\/\/tyyala.utu.fi\/adaptus\/wp-json\/wp\/v2\/pages\/2204\/revisions\/2398"}],"wp:attachment":[{"href":"https:\/\/tyyala.utu.fi\/adaptus\/wp-json\/wp\/v2\/media?parent=2204"}],"curies":[{"name":"wp","href":"https:\/\/api.w.org\/{rel}","templated":true}]}}