{"id":2125,"date":"2024-03-09T19:39:18","date_gmt":"2024-03-09T17:39:18","guid":{"rendered":"https:\/\/tyyala.utu.fi\/adaptus\/?page_id=2125"},"modified":"2025-09-25T17:12:38","modified_gmt":"2025-09-25T14:12:38","slug":"haalarit","status":"publish","type":"page","link":"https:\/\/tyyala.utu.fi\/adaptus\/haalarit\/","title":{"rendered":"Haalarit"},"content":{"rendered":"\n<figure class=\"wp-block-image size-large is-resized\"><a href=\"https:\/\/tyyala.utu.fi\/adaptus\/wp-content\/uploads\/sites\/28\/2024\/03\/IMG20230430142308-scaled.jpg\"><img loading=\"lazy\" decoding=\"async\" width=\"1024\" height=\"958\" src=\"https:\/\/tyyala.utu.fi\/adaptus\/wp-content\/uploads\/sites\/28\/2024\/03\/IMG20230430142308-1024x958.jpg\" alt=\"\" class=\"wp-image-2126\" style=\"width:257px;height:auto\" srcset=\"https:\/\/tyyala.utu.fi\/adaptus\/wp-content\/uploads\/sites\/28\/2024\/03\/IMG20230430142308-1024x958.jpg 1024w, https:\/\/tyyala.utu.fi\/adaptus\/wp-content\/uploads\/sites\/28\/2024\/03\/IMG20230430142308-300x281.jpg 300w, https:\/\/tyyala.utu.fi\/adaptus\/wp-content\/uploads\/sites\/28\/2024\/03\/IMG20230430142308-768x719.jpg 768w, https:\/\/tyyala.utu.fi\/adaptus\/wp-content\/uploads\/sites\/28\/2024\/03\/IMG20230430142308-1536x1437.jpg 1536w, https:\/\/tyyala.utu.fi\/adaptus\/wp-content\/uploads\/sites\/28\/2024\/03\/IMG20230430142308-2048x1916.jpg 2048w, https:\/\/tyyala.utu.fi\/adaptus\/wp-content\/uploads\/sites\/28\/2024\/03\/IMG20230430142308-676x632.jpg 676w\" sizes=\"auto, (max-width: 1024px) 100vw, 1024px\" \/><\/a><\/figure>\n\n\n\n<h2 class=\"wp-block-heading has-text-color has-link-color wp-elements-a317aec770d8ed607fd5e478cc193729\" style=\"color:#000000\">Opiskelijan t\u00e4rkein varuste! <\/h2>\n\n\n\n<p class=\"has-text-color has-link-color wp-elements-661ce8de2085812a443a815f5e39a7c9\" style=\"color:#000000\">Adaptuksen haalarit ovat v\u00e4rilt\u00e4\u00e4n tummanvihre\u00e4t.<\/p>\n\n\n\n<h2 class=\"wp-block-heading has-text-color has-link-color wp-elements-45d0df8f464191746d70507e8d622fa4\" style=\"color:#000000\">Haalareiden hankinta<\/h2>\n\n\n\n<p class=\"has-text-color has-link-color wp-elements-b618f3bd8a5f3feddd9d864b9c8a1eb5\" style=\"color:#000000\">Haalareita voi ostaa Kammarilta! Niit\u00e4 on t\u00e4ll\u00e4 hetkell\u00e4 jonkin verran varastossa, jotka ostetaan &#8221;nopeat sy\u00f6v\u00e4t hitaat&#8221;-periaatteella. Ennen ostoa haalareita kannattaa kokeilla. Kokeillessa on hyv\u00e4 menn\u00e4 kyykkyyn, ja jos kyykyss\u00e4 haalarit eiv\u00e4t tunnu kireilt\u00e4, on koko tarpeeksi suuri.<\/p>\n\n\n\n<p class=\"has-text-color has-link-color wp-elements-a231b4baa259cd66cb65ebc9c45d19d5\" style=\"color:#000000\">Vuonna 2025 syksyll\u00e4 fetukset hoitavat haalaritilauksen ja sponsorien hankinnat. T\u00e4ll\u00e4 periaatteella on tarkoitus menn\u00e4 my\u00f6s t\u00e4st\u00e4 eteenp\u00e4in, kun vanhat haalarit on ostettu loppuun.<\/p>\n\n\n\n<p class=\"has-text-color has-link-color wp-elements-77bf642314fe217e39b1d66e4b75d5e7\" style=\"color:#000000\">Haalareiden hinta vaihtelee, hintaan vaikuttaa mm. sponsorointien m\u00e4\u00e4r\u00e4. Mit\u00e4 enemm\u00e4n sponsorointeja saadaan, sit\u00e4 v\u00e4hemm\u00e4n haalarit maksavat. My\u00f6s haalareiden muut ominaisuudet vaikuttavat hintaan, halutaanko esimerkiksi taskuja, vetoketjua, lenkkej\u00e4 tai rypytettyj\u00e4 lahkeensuita.<\/p>\n\n\n\n<p class=\"has-text-color has-link-color wp-elements-ca1453bf4def4fcada0d65ce269705c2\" style=\"color:#000000\">T\u00e4m\u00e4n hetkisen hinnaston voit tarkistaa <a href=\"https:\/\/tyyala.utu.fi\/adaptus\/tuotteet\/\" target=\"_blank\" rel=\"noreferrer noopener\">TUOTTEET<\/a>-sivulta. <\/p>\n\n\n\n<p class=\"has-text-color has-link-color wp-elements-c136b705e22a7f6ddd2a664d34b5ce9b\" style=\"color:#000000\">Haalareissa ei ole vaihto- eik\u00e4 palautusoikeutta!<\/p>\n\n\n\n<h2 class=\"wp-block-heading\">Haalarietiketti<\/h2>\n\n\n\n<p class=\"has-text-color has-link-color wp-elements-55ffd847d576437daba9a3977c3cd28e\" style=\"color:#000000\">Adaptuksella ei varsinaisesti ole omaa tietty\u00e4 perinne-etiketti\u00e4, mutta t\u00e4ss\u00e4 muutamia yleisi\u00e4 vinkkej\u00e4:<\/p>\n\n\n\n<ul class=\"wp-block-list\">\n<li class=\"has-text-color has-link-color wp-elements-1e1152657def03bfcecfc6a746a8e6aa\" style=\"color:#000000\">Haalareiden yl\u00e4osa tulee taitella niin, ett\u00e4 ainej\u00e4rjest\u00f6n logo n\u00e4kyy sel\u00e4ss\u00e4. Hihat solmitaan kiinni vy\u00f6t\u00e4r\u00f6lle. Haalareita voidaan pit\u00e4\u00e4 my\u00f6s kokonaan p\u00e4\u00e4lle puettuna.<\/li>\n\n\n\n<li class=\"has-text-color has-link-color wp-elements-6a83b097090df51660fb5adc24d8e0be\" style=\"color:#000000\">Haalarit pest\u00e4\u00e4n vain niin, ett\u00e4 on itse niiden sis\u00e4ll\u00e4. Ei siis pesukoneessa!<\/li>\n\n\n\n<li class=\"has-text-color has-link-color wp-elements-b39d5aa53f1c0b687f9088a02daf9282\" style=\"color:#000000\">Adaptuksella on myynniss\u00e4 haalarimerkkej\u00e4 ja kammarilta on satavilla my\u00f6s muutamia ilmaisia merkkej\u00e4. Muuten merkkej\u00e4 saa\/voi ostaa tapahtumista, bileist\u00e4, baareista sek\u00e4 ostamalla yrityksilt\u00e4 tai muilta opiskelijoilta.<\/li>\n\n\n\n<li class=\"has-text-color has-link-color wp-elements-6831a1517a742f19cd5e541f23cb5e5d\" style=\"color:#000000\">Merkit ommellaan haalareihin kiinni k\u00e4sin neulalla ja langalla. Liimaaminen on ankarasti kielletty\u00e4!<\/li>\n\n\n\n<li class=\"has-text-color has-link-color wp-elements-d4a36c06153e8188e517d5cefad62976\" style=\"color:#000000\">Haalareissa on mainoksia sponsoreilta. Perinteisesti merkit ommellaan ensin tyhjiin kohtiin ja vasta sitten kun haalarit ovat t\u00e4yttyneet, niin merkkej\u00e4 voidaan ommella my\u00f6s mainosten p\u00e4\u00e4lle. T\u00e4m\u00e4 siksi, ett\u00e4 sponsoreiden mainokset laskevat haalareiden hintaa, joten on kohteliasta j\u00e4tt\u00e4\u00e4 ne ensin n\u00e4kyviin.<\/li>\n\n\n\n<li class=\"has-text-color has-link-color wp-elements-7ba3845652e06550f235fb8c3cbdab85\" style=\"color:#000000\">Haalareihin voi kiinnitt\u00e4\u00e4 my\u00f6s esimerkiksi led-valonauhaa, tapahtumarannekkeita, mukin, shottilasin, avaimenperi\u00e4, pehmoleluja, pullonavaajan.. Turussa n\u00e4kee haalareissa usein my\u00f6s helminauhoja, joita saa Lynist\u00e4! Vain mielikuvitus on rajana.<\/li>\n\n\n\n<li class=\"has-text-color has-link-color wp-elements-7d2a216278e53c150c4b96d77947d4ae\" style=\"color:#000000\">Haalarin lahkeita voi vaihtaa esimerkiksi seurustelukumppanin tai yst\u00e4v\u00e4n kanssa.<\/li>\n\n\n\n<li class=\"has-text-color has-link-color wp-elements-a7af8ca3a0c1304c4fe35481024f88eb\" style=\"color:#000000\">Muista, ett\u00e4 haalareiden kanssa edustat omaa ainej\u00e4rjest\u00f6\u00e4si ja yliopistoasi. Muista siis k\u00e4ytt\u00e4yty\u00e4 sen mukaan!<\/li>\n\n\n\n<li class=\"has-text-color has-link-color wp-elements-2fb36d6f5952cf59938c62fdee248625\" style=\"color:#000000\">HUOM: kaikkiin kahviloihin, ravintoloihin, kuppiloihin ja baareihin <strong>EI <\/strong>p\u00e4\u00e4se haalareiden kanssa. Muista siis varmistaa asia etuk\u00e4teen.<\/li>\n<\/ul>\n\n\n\n<p><\/p>\n\n\n\n<figure class=\"wp-block-image size-large is-resized\"><a href=\"https:\/\/tyyala.utu.fi\/adaptus\/wp-content\/uploads\/sites\/28\/2024\/03\/IMG20240310210237-scaled.jpg\"><img loading=\"lazy\" decoding=\"async\" width=\"1024\" height=\"576\" src=\"https:\/\/tyyala.utu.fi\/adaptus\/wp-content\/uploads\/sites\/28\/2024\/03\/IMG20240310210237-1024x576.jpg\" alt=\"\" class=\"wp-image-2138\" style=\"width:446px;height:auto\" srcset=\"https:\/\/tyyala.utu.fi\/adaptus\/wp-content\/uploads\/sites\/28\/2024\/03\/IMG20240310210237-1024x576.jpg 1024w, https:\/\/tyyala.utu.fi\/adaptus\/wp-content\/uploads\/sites\/28\/2024\/03\/IMG20240310210237-300x169.jpg 300w, https:\/\/tyyala.utu.fi\/adaptus\/wp-content\/uploads\/sites\/28\/2024\/03\/IMG20240310210237-768x432.jpg 768w, https:\/\/tyyala.utu.fi\/adaptus\/wp-content\/uploads\/sites\/28\/2024\/03\/IMG20240310210237-1536x864.jpg 1536w, https:\/\/tyyala.utu.fi\/adaptus\/wp-content\/uploads\/sites\/28\/2024\/03\/IMG20240310210237-2048x1152.jpg 2048w, https:\/\/tyyala.utu.fi\/adaptus\/wp-content\/uploads\/sites\/28\/2024\/03\/IMG20240310210237-676x380.jpg 676w\" sizes=\"auto, (max-width: 1024px) 100vw, 1024px\" \/><\/a><\/figure>\n\n\n\n<h2 class=\"wp-block-heading\"><\/h2>\n\n\n\n<p><\/p>\n\n\n\n<p><\/p>\n","protected":false},"excerpt":{"rendered":"<p>Opiskelijan t\u00e4rkein varuste! Adaptuksen haalarit ovat v\u00e4rilt\u00e4\u00e4n tummanvihre\u00e4t. Haalareiden hankinta Haalareita voi ostaa Kammarilta! Niit\u00e4 on t\u00e4ll\u00e4 hetkell\u00e4 jonkin verran varastossa, jotka ostetaan &#8221;nopeat sy\u00f6v\u00e4t hitaat&#8221;-periaatteella. Ennen ostoa haalareita kannattaa kokeilla. Kokeillessa on hyv\u00e4 menn\u00e4 kyykkyyn, ja jos kyykyss\u00e4 haalarit eiv\u00e4t tunnu kireilt\u00e4, on koko tarpeeksi suuri. Vuonna 2025 syksyll\u00e4 fetukset hoitavat haalaritilauksen ja sponsorien [&hellip;]<\/p>\n","protected":false},"author":139,"featured_media":0,"parent":0,"menu_order":0,"comment_status":"closed","ping_status":"closed","template":"","meta":{"footnotes":""},"class_list":["post-2125","page","type-page","status-publish","hentry","post-preview"],"_links":{"self":[{"href":"https:\/\/tyyala.utu.fi\/adaptus\/wp-json\/wp\/v2\/pages\/2125","targetHints":{"allow":["GET"]}}],"collection":[{"href":"https:\/\/tyyala.utu.fi\/adaptus\/wp-json\/wp\/v2\/pages"}],"about":[{"href":"https:\/\/tyyala.utu.fi\/adaptus\/wp-json\/wp\/v2\/types\/page"}],"author":[{"embeddable":true,"href":"https:\/\/tyyala.utu.fi\/adaptus\/wp-json\/wp\/v2\/users\/139"}],"replies":[{"embeddable":true,"href":"https:\/\/tyyala.utu.fi\/adaptus\/wp-json\/wp\/v2\/comments?post=2125"}],"version-history":[{"count":14,"href":"https:\/\/tyyala.utu.fi\/adaptus\/wp-json\/wp\/v2\/pages\/2125\/revisions"}],"predecessor-version":[{"id":2386,"href":"https:\/\/tyyala.utu.fi\/adaptus\/wp-json\/wp\/v2\/pages\/2125\/revisions\/2386"}],"wp:attachment":[{"href":"https:\/\/tyyala.utu.fi\/adaptus\/wp-json\/wp\/v2\/media?parent=2125"}],"curies":[{"name":"wp","href":"https:\/\/api.w.org\/{rel}","templated":true}]}}