{"id":2,"date":"2013-06-18T11:10:23","date_gmt":"2013-06-18T11:10:23","guid":{"rendered":"http:\/\/tyyala.utu.fi\/adaptus\/?page_id=2"},"modified":"2025-09-25T15:45:26","modified_gmt":"2025-09-25T12:45:26","slug":"adaptusry","status":"publish","type":"page","link":"https:\/\/tyyala.utu.fi\/adaptus\/","title":{"rendered":""},"content":{"rendered":"<h1 style=\"text-align: center\"><span style=\"color: #000000\"><strong>Tervetuloa Turun yliopiston hoitotieteen opiskelijoiden ainej\u00e4rjest\u00f6 Adaptus ry:n virallisille kotisivuille!<\/strong>\u00a0<\/span><\/h1>\n<p>&nbsp;<\/p>\n<p style=\"text-align: center\"><span style=\"color: #000000\">Adaptus ry on vuonna 1987 perustettu Turun yliopiston hoitotieteen opiskelijoiden ainej\u00e4rjest\u00f6.<\/span><\/p>\n<p style=\"text-align: center\"><span style=\"color: #000000\"> Ainej\u00e4rjest\u00f6 valvoo hoitotieteen opiskelijoiden etuja, j\u00e4rjest\u00e4\u00e4 opiskelijoille tapahtumia ja toimintaa sek\u00e4 tiedottaa kattavasti hoitotieteen opiskelijoille t\u00e4rkeist\u00e4 asioista. Adaptuksen tavoitteena on lis\u00e4t\u00e4 hoitotieteen n\u00e4kyvyytt\u00e4 ja yleist\u00e4 tietoisuutta laitoksen toiminnasta sek\u00e4 pyrki\u00e4 kaikessa toiminnassaan yhteisty\u00f6h\u00f6n.<\/span><\/p>\n<p style=\"text-align: center\"><span style=\"color: #000000\">Yhdistyksen j\u00e4seneksi p\u00e4\u00e4see <a style=\"color: #000000\" href=\"https:\/\/tyyala.utu.fi\/adaptus\/liity-jaseneksi\/\">j\u00e4senmaksun<\/a> maksamalla, ja liitty\u00e4 voivat hoitotieteen perus- ja jatko-opiskelijat. Adaptuslaisia on jo yli 100 ja kehoitammekin kaikkia uusia ja vanhoja opiskelijoita liittym\u00e4\u00e4n j\u00e4seniksi ja tulemaan mukaan toimintaan! My\u00f6s jo valmistuneet voivat liitty\u00e4 alumnij\u00e4seniksi. <\/span><\/p>\n<p style=\"text-align: center\"><span style=\"color: #000000\">Adaptuksella on oma kammari osoitteessa Kiinamyllynkatu 10, Medisiina A. Tila on opiskelijoiden vapaassa k\u00e4yt\u00f6ss\u00e4 klo 7-17. Keitti\u00f6ss\u00e4 voi l\u00e4mmitt\u00e4\u00e4 itselleen ruokaa sek\u00e4 keitt\u00e4\u00e4 kahvia tai teet\u00e4 (Adaptuksen sponsoroimana!).<\/span><\/p>\n<p style=\"text-align: center\"><span style=\"color: #000000\"><!--more-->Adaptus ry:n toiminnassa t\u00e4rkeimpi\u00e4 asioita ovat yhteishengen ja kollegiaalisuuden luominen ja yll\u00e4pit\u00e4minen!<\/span><\/p>\n<p style=\"text-align: center\"><strong><span style=\"color: #000000\">Tule mukaan iloiseen joukkoomme &lt;3<\/span><\/strong><\/p>\n<p style=\"text-align: center\"><span style=\"color: #000000\">S\u00e4hk\u00f6posti: <a style=\"color: #000000\" rel=\"noopener\" data-start=\"1738\" data-end=\"1752\">adaptus@utu.fi<\/a><\/span><br data-start=\"1752\" data-end=\"1755\" \/><span style=\"color: #000000\">Facebook: <a style=\"color: #000000\" href=\"https:\/\/www.facebook.com\/adaptusry\/\" target=\"_new\" rel=\"noopener\" data-start=\"1781\" data-end=\"1830\">Adaptus ry<\/a><\/span><br data-start=\"1830\" data-end=\"1833\" \/><span style=\"color: #000000\">Instagram: @adaptusry<\/span><\/p>\n<p>&nbsp;<\/p>\n<p style=\"text-align: center\"><span style=\"color: #000000\"><strong>Voit j\u00e4tt\u00e4\u00e4 Adaptukselle palautetta alla olevan lomakkeen kautta\/You can give Adaptus feedback using this form:\u00a0<\/strong><\/span><\/p>\n\n\n<div class=\"wp-block-contact-form-7-contact-form-selector\">\n<div class=\"wpcf7 no-js\" id=\"wpcf7-f2080-o1\" lang=\"fi\" dir=\"ltr\" data-wpcf7-id=\"2080\">\n<div class=\"screen-reader-response\"><p role=\"status\" aria-live=\"polite\" aria-atomic=\"true\"><\/p> <ul><\/ul><\/div>\n<form action=\"\/adaptus\/wp-json\/wp\/v2\/pages\/2#wpcf7-f2080-o1\" method=\"post\" class=\"wpcf7-form init\" aria-label=\"Yhteydenottolomake\" novalidate=\"novalidate\" data-status=\"init\">\n<fieldset class=\"hidden-fields-container\"><input type=\"hidden\" name=\"_wpcf7\" value=\"2080\" \/><input type=\"hidden\" name=\"_wpcf7_version\" value=\"6.1.4\" \/><input type=\"hidden\" name=\"_wpcf7_locale\" value=\"fi\" \/><input type=\"hidden\" name=\"_wpcf7_unit_tag\" value=\"wpcf7-f2080-o1\" \/><input type=\"hidden\" name=\"_wpcf7_container_post\" value=\"0\" \/><input type=\"hidden\" name=\"_wpcf7_posted_data_hash\" value=\"\" \/>\n<\/fieldset>\n<p><label> Nimesi<br \/>\n<span class=\"wpcf7-form-control-wrap\" data-name=\"your-name\"><input size=\"40\" maxlength=\"400\" class=\"wpcf7-form-control wpcf7-text wpcf7-validates-as-required\" autocomplete=\"name\" aria-required=\"true\" aria-invalid=\"false\" value=\"\" type=\"text\" name=\"your-name\" \/><\/span> <\/label>\n<\/p>\n<p><label> S\u00e4hk\u00f6postiosoitteesi<br \/>\n<span class=\"wpcf7-form-control-wrap\" data-name=\"your-email\"><input size=\"40\" maxlength=\"400\" class=\"wpcf7-form-control wpcf7-email wpcf7-validates-as-required wpcf7-text wpcf7-validates-as-email\" autocomplete=\"email\" aria-required=\"true\" aria-invalid=\"false\" value=\"\" type=\"email\" name=\"your-email\" \/><\/span> <\/label>\n<\/p>\n<p><label> Aihe<br \/>\n<span class=\"wpcf7-form-control-wrap\" data-name=\"your-subject\"><input size=\"40\" maxlength=\"400\" class=\"wpcf7-form-control wpcf7-text wpcf7-validates-as-required\" aria-required=\"true\" aria-invalid=\"false\" value=\"\" type=\"text\" name=\"your-subject\" \/><\/span> <\/label>\n<\/p>\n<p><label> Viestisi (valinnainen)<br \/>\n<span class=\"wpcf7-form-control-wrap\" data-name=\"your-message\"><textarea cols=\"40\" rows=\"10\" maxlength=\"2000\" class=\"wpcf7-form-control wpcf7-textarea\" aria-invalid=\"false\" name=\"your-message\"><\/textarea><\/span> <\/label>\n<\/p>\n<p><input class=\"wpcf7-form-control wpcf7-submit has-spinner\" type=\"submit\" value=\"L\u00e4het\u00e4\" \/>\n<\/p><div class=\"wpcf7-response-output\" aria-hidden=\"true\"><\/div>\n<\/form>\n<\/div>\n<\/div>\n\n\n\n<p><\/p>\n","protected":false},"excerpt":{"rendered":"<p>Tervetuloa Turun yliopiston hoitotieteen opiskelijoiden ainej\u00e4rjest\u00f6 Adaptus ry:n virallisille kotisivuille!\u00a0 &nbsp; Adaptus ry on vuonna 1987 perustettu Turun yliopiston hoitotieteen opiskelijoiden ainej\u00e4rjest\u00f6. Ainej\u00e4rjest\u00f6 valvoo hoitotieteen opiskelijoiden etuja, j\u00e4rjest\u00e4\u00e4 opiskelijoille tapahtumia ja toimintaa sek\u00e4 tiedottaa kattavasti hoitotieteen opiskelijoille t\u00e4rkeist\u00e4 asioista. Adaptuksen tavoitteena on lis\u00e4t\u00e4 hoitotieteen n\u00e4kyvyytt\u00e4 ja yleist\u00e4 tietoisuutta laitoksen toiminnasta sek\u00e4 pyrki\u00e4 kaikessa toiminnassaan yhteisty\u00f6h\u00f6n. [&hellip;]<\/p>\n","protected":false},"author":139,"featured_media":0,"parent":0,"menu_order":0,"comment_status":"closed","ping_status":"closed","template":"template-fullwidth.php","meta":{"footnotes":""},"class_list":["post-2","page","type-page","status-publish","hentry","post-preview"],"_links":{"self":[{"href":"https:\/\/tyyala.utu.fi\/adaptus\/wp-json\/wp\/v2\/pages\/2","targetHints":{"allow":["GET"]}}],"collection":[{"href":"https:\/\/tyyala.utu.fi\/adaptus\/wp-json\/wp\/v2\/pages"}],"about":[{"href":"https:\/\/tyyala.utu.fi\/adaptus\/wp-json\/wp\/v2\/types\/page"}],"author":[{"embeddable":true,"href":"https:\/\/tyyala.utu.fi\/adaptus\/wp-json\/wp\/v2\/users\/139"}],"replies":[{"embeddable":true,"href":"https:\/\/tyyala.utu.fi\/adaptus\/wp-json\/wp\/v2\/comments?post=2"}],"version-history":[{"count":49,"href":"https:\/\/tyyala.utu.fi\/adaptus\/wp-json\/wp\/v2\/pages\/2\/revisions"}],"predecessor-version":[{"id":2338,"href":"https:\/\/tyyala.utu.fi\/adaptus\/wp-json\/wp\/v2\/pages\/2\/revisions\/2338"}],"wp:attachment":[{"href":"https:\/\/tyyala.utu.fi\/adaptus\/wp-json\/wp\/v2\/media?parent=2"}],"curies":[{"name":"wp","href":"https:\/\/api.w.org\/{rel}","templated":true}]}}