{"id":1997,"date":"2025-09-25T16:30:38","date_gmt":"2025-09-25T13:30:38","guid":{"rendered":"https:\/\/tyyala.utu.fi\/adaptus\/?page_id=1997"},"modified":"2025-09-25T16:30:38","modified_gmt":"2025-09-25T13:30:38","slug":"muuta-hyodyllista","status":"publish","type":"page","link":"https:\/\/tyyala.utu.fi\/adaptus\/muuta-hyodyllista\/","title":{"rendered":"Muuta hy\u00f6dyllist\u00e4"},"content":{"rendered":"\n<p class=\"has-text-color has-link-color wp-elements-76c98b8ae3e435f94d32e1ed611c6612\" style=\"color:#000000\">Ker\u00e4\u00e4mme t\u00e4m\u00e4n otsikon alle erillisille v\u00e4lilehdille aiheita, joista voi opiskelun kannalta olla hy\u00f6ty\u00e4. <\/p>\n\n\n\n<p><\/p>\n","protected":false},"excerpt":{"rendered":"<p>Ker\u00e4\u00e4mme t\u00e4m\u00e4n otsikon alle erillisille v\u00e4lilehdille aiheita, joista voi opiskelun kannalta olla hy\u00f6ty\u00e4.<\/p>\n","protected":false},"author":139,"featured_media":0,"parent":0,"menu_order":0,"comment_status":"closed","ping_status":"closed","template":"","meta":{"footnotes":""},"class_list":["post-1997","page","type-page","status-publish","hentry","post-preview"],"_links":{"self":[{"href":"https:\/\/tyyala.utu.fi\/adaptus\/wp-json\/wp\/v2\/pages\/1997","targetHints":{"allow":["GET"]}}],"collection":[{"href":"https:\/\/tyyala.utu.fi\/adaptus\/wp-json\/wp\/v2\/pages"}],"about":[{"href":"https:\/\/tyyala.utu.fi\/adaptus\/wp-json\/wp\/v2\/types\/page"}],"author":[{"embeddable":true,"href":"https:\/\/tyyala.utu.fi\/adaptus\/wp-json\/wp\/v2\/users\/139"}],"replies":[{"embeddable":true,"href":"https:\/\/tyyala.utu.fi\/adaptus\/wp-json\/wp\/v2\/comments?post=1997"}],"version-history":[{"count":12,"href":"https:\/\/tyyala.utu.fi\/adaptus\/wp-json\/wp\/v2\/pages\/1997\/revisions"}],"predecessor-version":[{"id":2369,"href":"https:\/\/tyyala.utu.fi\/adaptus\/wp-json\/wp\/v2\/pages\/1997\/revisions\/2369"}],"wp:attachment":[{"href":"https:\/\/tyyala.utu.fi\/adaptus\/wp-json\/wp\/v2\/media?parent=1997"}],"curies":[{"name":"wp","href":"https:\/\/api.w.org\/{rel}","templated":true}]}}