{"id":1961,"date":"2023-11-08T16:22:54","date_gmt":"2023-11-08T14:22:54","guid":{"rendered":"https:\/\/tyyala.utu.fi\/adaptus\/?page_id=1961"},"modified":"2025-09-25T17:15:04","modified_gmt":"2025-09-25T14:15:04","slug":"adaptuksen-nauhasaanto","status":"publish","type":"page","link":"https:\/\/tyyala.utu.fi\/adaptus\/tapahtumat\/adaptuksen-nauhasaanto\/","title":{"rendered":"Adaptus ry:n nauhaohjes\u00e4\u00e4nt\u00f6"},"content":{"rendered":"\n<h2 class=\"wp-block-heading has-text-color has-link-color wp-elements-1123b206e3d7a232deef9f80ebcda4c5\" style=\"color:#000000\">Nauhan my\u00f6nt\u00e4minen ja hankkiminen<\/h2>\n\n\n\n<p class=\"has-text-color has-link-color wp-elements-553d2ddff1276e933169462cabf274ea\" style=\"color:#000000\">Nauhan my\u00f6nt\u00e4\u00e4 Adaptus ry:n hallitus. Nauha my\u00f6nnet\u00e4\u00e4n hallitusty\u00f6skentelyst\u00e4 ainej\u00e4rjest\u00f6 Adaptus ry:n hallituksessa. Nauha voidaan my\u00f6nt\u00e4\u00e4 my\u00f6s Adaptus ry:n j\u00e4senelle ansiokkaasta toiminnasta ainej\u00e4rjest\u00f6n ja sen j\u00e4senten hyv\u00e4ksi. (esim. hallopedit, vuosijuhlatoimikunnan puheenjohtaja, muu huomionarvoinen toiminta ainej\u00e4rjest\u00f6n tapahtuman tai projektin hyv\u00e4ksi, pitk\u00e4aikainen toiminta ja j\u00e4senyys ainej\u00e4rjest\u00f6ss\u00e4).<\/p>\n\n\n\n<p class=\"has-text-color has-link-color wp-elements-efbf67e687883a3d4013bcc123e242d0\" style=\"color:#000000\">Adaptuksen j\u00e4sen voi my\u00f6s ostaa nauhaa hintaan 2,5\u20ac \/ 0,5m.<\/p>\n\n\n\n<p><\/p>\n\n\n\n<h2 class=\"wp-block-heading has-text-color has-link-color wp-elements-2bc5090da88c9bb1b3300f3fa57662f4\" style=\"color:#000000\">Nauhan kantaminen<\/h2>\n\n\n\n<p class=\"has-text-color has-link-color wp-elements-df4a8eb8492c6d50f138cf469c94627c\" style=\"color:#000000\">Nauhaa voidaan kantaa Adaptus ry:n tilaisuuksissa ja akateemisissa juhlatilaisuuksissa. (kts. TYYn kuntanauhan k\u00e4ytt\u00f6ohjeet). Nauhan k\u00e4ytt\u00f6oikeus on kaikilla nykyisill\u00e4 ja entisill\u00e4 j\u00e4senill\u00e4, joille nauha on erikseen my\u00f6nnetty tai jotka nauhan ovat Adaptukselta ostaneet.<\/p>\n\n\n\n<p class=\"has-text-color has-link-color wp-elements-9a7b9febe3fde7b7764a4da488281d31\" style=\"color:#000000\">Nauha ei kannettaessa saa koskettaa paljasta ihoa. Nauha kulkee frakin sek\u00e4 kolmiosaisen tumman puvun liivin alla, sek\u00e4 kravatin p\u00e4\u00e4ll\u00e4. Juhla- ja iltapuvun kanssa nauhaa kannetaan ruusukkeena vasemmassa rintapieless\u00e4 tai edell\u00e4 mainitulla tavalla. Adaptuksen nauhaa kannetaan siten, ett\u00e4 heraldisesti kevyempi v\u00e4ri (valkoinen raita) on yl\u00f6sp\u00e4in.<\/p>\n\n\n\n<p><\/p>\n\n\n\n<h2 class=\"wp-block-heading has-text-color has-link-color wp-elements-3d32789a3e8299ce07cae57ebe30736e\" style=\"color:#000000\">Ruusuke<\/h2>\n\n\n\n<p class=\"has-text-color has-link-color wp-elements-14f8833d4fec05631cc940d08f43c97e\" style=\"color:#000000\">Nauhasta voi ommella my\u00f6s ruusukkeen. Nauhasta tehty\u00e4 ruusuketta kannetaan vasemmassa miehustassa. Ruusukkeessa alimmainen v\u00e4ri (vihre\u00e4) on pystysuuntaisessa rusetin keskiosassa \u201dulosp\u00e4in\u201d eli vasemmalle p\u00e4in itsest\u00e4 katsottuna, edest\u00e4p\u00e4in katsottuna oikealla.<\/p>\n\n\n\n<figure class=\"wp-block-image size-full\"><a href=\"https:\/\/tyyala.utu.fi\/adaptus\/wp-content\/uploads\/sites\/28\/2023\/11\/image.png\"><img loading=\"lazy\" decoding=\"async\" width=\"587\" height=\"242\" src=\"https:\/\/tyyala.utu.fi\/adaptus\/wp-content\/uploads\/sites\/28\/2023\/11\/image.png\" alt=\"\" class=\"wp-image-1971\" srcset=\"https:\/\/tyyala.utu.fi\/adaptus\/wp-content\/uploads\/sites\/28\/2023\/11\/image.png 587w, https:\/\/tyyala.utu.fi\/adaptus\/wp-content\/uploads\/sites\/28\/2023\/11\/image-300x124.png 300w\" sizes=\"auto, (max-width: 587px) 100vw, 587px\" \/><\/a><\/figure>\n\n\n\n<p><\/p>\n\n\n\n<h2 class=\"wp-block-heading has-text-color has-link-color wp-elements-3b06335aa22eed8d487b5883b8897db8\" style=\"color:#000000\">Nauhojen j\u00e4rjestys<\/h2>\n\n\n\n<p class=\"has-text-color has-link-color wp-elements-57a3f6be9dc18f7be69f3351e0e08643\" style=\"color:#000000\">Mik\u00e4li kantajalla on useampi nauha, kannetaan korkeintaan kolmea nauhaa samanaikaisesti. Useamman nauhan omistajan olisi suotavaa olla perehtynyt kunkin kantamansa nauhan nauhaohjes\u00e4\u00e4nt\u00f6\u00f6n, jotta tiet\u00e4\u00e4 miten niit\u00e4 kuuluu my\u00f6nt\u00e4j\u00e4n mukaan kantaa. Useampaa nauhaa kannettaessa nauhat asetetaan j\u00e4rjestyksess\u00e4 ylh\u00e4\u00e4lt\u00e4 p\u00e4in: ylioppilaskuntien nauhat, osakuntien nauhat, ainej\u00e4rjest\u00f6jen nauhat. Tulee huomioida, ett\u00e4 usein katsotaan ansionauhan olevan arvokkaampi kuin j\u00e4sennauha.<\/p>\n\n\n\n<h2 class=\"wp-block-heading has-text-color has-link-color wp-elements-a823825368da93594c17928063b8cb4c\" style=\"color:#000000\">Ruusukkeen tekeminen<\/h2>\n\n\n\n<p class=\"has-text-color has-link-color wp-elements-cae90f2e89b757ae9a5024d804302c86\" style=\"color:#000000\">Ruusukkeen kokonaisleveyden tulee olla noin 8\u201310 cm. Ruusuke muodostuu kahdesta taitoksesta, joista p\u00e4\u00e4llimm\u00e4inen on noin 1 cm:n lyhyempi kuin alempi. Ruusukkeessa valkoinen raita on ylemp\u00e4n\u00e4. Taakse j\u00e4\u00e4nyt p\u00e4\u00e4 kannattaa polttaa purkautumisen est\u00e4miseksi ja sen j\u00e4lkeen ommella kiinni. Nitoja, neula ja lanka ovat hyvi\u00e4 apuv\u00e4lineit\u00e4 ruusukkeen tekemisess\u00e4. Ruusukkeen taakse voi ommella hakaneulan, jonka avulla ruusukkeen saa kiinni pukuun.<\/p>\n\n\n\n<p class=\"has-text-color has-link-color wp-elements-6d777d9722898cd415b69d85bc9bb075\" style=\"color:#000000\">T\u00e4ss\u00e4 yksi ohje: <\/p>\n\n\n\n<p class=\"has-text-color has-link-color wp-elements-befe9292d3bd237c00e7f3cefd4f1541\" style=\"color:#000000\">1. Taita nauha kaksin kerroin noin 10 cm pituudelta.<\/p>\n\n\n\n<figure class=\"wp-block-image size-full\"><a href=\"https:\/\/tyyala.utu.fi\/adaptus\/wp-content\/uploads\/sites\/28\/2023\/11\/image-1.png\"><img loading=\"lazy\" decoding=\"async\" width=\"730\" height=\"328\" src=\"https:\/\/tyyala.utu.fi\/adaptus\/wp-content\/uploads\/sites\/28\/2023\/11\/image-1.png\" alt=\"\" class=\"wp-image-1974\" srcset=\"https:\/\/tyyala.utu.fi\/adaptus\/wp-content\/uploads\/sites\/28\/2023\/11\/image-1.png 730w, https:\/\/tyyala.utu.fi\/adaptus\/wp-content\/uploads\/sites\/28\/2023\/11\/image-1-300x135.png 300w, https:\/\/tyyala.utu.fi\/adaptus\/wp-content\/uploads\/sites\/28\/2023\/11\/image-1-676x304.png 676w\" sizes=\"auto, (max-width: 730px) 100vw, 730px\" \/><\/a><\/figure>\n\n\n\n<p class=\"has-text-color has-link-color wp-elements-07326ac7dc70adaeb56e9e9b7c2d5bb1\" style=\"color:#000000\">2. Taita nauha uudelleen siten, ett\u00e4 se on kolmin kerroin.<\/p>\n\n\n\n<figure class=\"wp-block-image size-full\"><a href=\"https:\/\/tyyala.utu.fi\/adaptus\/wp-content\/uploads\/sites\/28\/2023\/11\/image-2.png\"><img loading=\"lazy\" decoding=\"async\" width=\"731\" height=\"393\" src=\"https:\/\/tyyala.utu.fi\/adaptus\/wp-content\/uploads\/sites\/28\/2023\/11\/image-2.png\" alt=\"\" class=\"wp-image-1975\" srcset=\"https:\/\/tyyala.utu.fi\/adaptus\/wp-content\/uploads\/sites\/28\/2023\/11\/image-2.png 731w, https:\/\/tyyala.utu.fi\/adaptus\/wp-content\/uploads\/sites\/28\/2023\/11\/image-2-300x161.png 300w, https:\/\/tyyala.utu.fi\/adaptus\/wp-content\/uploads\/sites\/28\/2023\/11\/image-2-676x363.png 676w\" sizes=\"auto, (max-width: 731px) 100vw, 731px\" \/><\/a><\/figure>\n\n\n\n<p class=\"has-text-color has-link-color wp-elements-1cdedf7b80aa90a37c35cbc1a7a92af8\" style=\"color:#000000\">3. Taita p\u00e4\u00e4llimm\u00e4ist\u00e4 nauhaa toisen p\u00e4\u00e4lle siten ett\u00e4 silmukan alta n\u00e4kyy alimmaista nauhaa noin 1 cm.<\/p>\n\n\n\n<figure class=\"wp-block-image size-full\"><a href=\"https:\/\/tyyala.utu.fi\/adaptus\/wp-content\/uploads\/sites\/28\/2023\/11\/image-3.png\"><img loading=\"lazy\" decoding=\"async\" width=\"683\" height=\"431\" src=\"https:\/\/tyyala.utu.fi\/adaptus\/wp-content\/uploads\/sites\/28\/2023\/11\/image-3.png\" alt=\"\" class=\"wp-image-1976\" srcset=\"https:\/\/tyyala.utu.fi\/adaptus\/wp-content\/uploads\/sites\/28\/2023\/11\/image-3.png 683w, https:\/\/tyyala.utu.fi\/adaptus\/wp-content\/uploads\/sites\/28\/2023\/11\/image-3-300x189.png 300w, https:\/\/tyyala.utu.fi\/adaptus\/wp-content\/uploads\/sites\/28\/2023\/11\/image-3-676x427.png 676w\" sizes=\"auto, (max-width: 683px) 100vw, 683px\" \/><\/a><\/figure>\n\n\n\n<p class=\"has-text-color has-link-color wp-elements-adc943d9fea63fee423686c5803cb6fd\" style=\"color:#000000\">4. Taita toiselta puolelta samoin kuin edellisess\u00e4 kohdassa ja taita loppu nauha keskelle.<\/p>\n\n\n\n<figure class=\"wp-block-image size-full\"><a href=\"https:\/\/tyyala.utu.fi\/adaptus\/wp-content\/uploads\/sites\/28\/2023\/11\/image-4.png\"><img loading=\"lazy\" decoding=\"async\" width=\"686\" height=\"488\" src=\"https:\/\/tyyala.utu.fi\/adaptus\/wp-content\/uploads\/sites\/28\/2023\/11\/image-4.png\" alt=\"\" class=\"wp-image-1977\" srcset=\"https:\/\/tyyala.utu.fi\/adaptus\/wp-content\/uploads\/sites\/28\/2023\/11\/image-4.png 686w, https:\/\/tyyala.utu.fi\/adaptus\/wp-content\/uploads\/sites\/28\/2023\/11\/image-4-300x213.png 300w, https:\/\/tyyala.utu.fi\/adaptus\/wp-content\/uploads\/sites\/28\/2023\/11\/image-4-676x481.png 676w\" sizes=\"auto, (max-width: 686px) 100vw, 686px\" \/><\/a><\/figure>\n\n\n\n<p class=\"has-text-color has-link-color wp-elements-d81a0379707b14d82dd40bd09fe665ff\" style=\"color:#000000\">5. Py\u00f6r\u00e4yt\u00e4 nauha ymp\u00e4ri.<\/p>\n\n\n\n<figure class=\"wp-block-image size-full\"><a href=\"https:\/\/tyyala.utu.fi\/adaptus\/wp-content\/uploads\/sites\/28\/2023\/11\/image-5.png\"><img loading=\"lazy\" decoding=\"async\" width=\"606\" height=\"350\" src=\"https:\/\/tyyala.utu.fi\/adaptus\/wp-content\/uploads\/sites\/28\/2023\/11\/image-5.png\" alt=\"\" class=\"wp-image-1978\" srcset=\"https:\/\/tyyala.utu.fi\/adaptus\/wp-content\/uploads\/sites\/28\/2023\/11\/image-5.png 606w, https:\/\/tyyala.utu.fi\/adaptus\/wp-content\/uploads\/sites\/28\/2023\/11\/image-5-300x173.png 300w\" sizes=\"auto, (max-width: 606px) 100vw, 606px\" \/><\/a><\/figure>\n\n\n\n<p class=\"has-text-color has-link-color wp-elements-1b18935a7826ee96ea1266ee65479f2e\" style=\"color:#000000\">6. Katkaise ylim\u00e4\u00e4r\u00e4inen nauha ja ompele p\u00e4\u00e4 kiinni ruusukkeen taakse.<\/p>\n","protected":false},"excerpt":{"rendered":"<p>Nauhan my\u00f6nt\u00e4minen ja hankkiminen Nauhan my\u00f6nt\u00e4\u00e4 Adaptus ry:n hallitus. Nauha my\u00f6nnet\u00e4\u00e4n hallitusty\u00f6skentelyst\u00e4 ainej\u00e4rjest\u00f6 Adaptus ry:n hallituksessa. Nauha voidaan my\u00f6nt\u00e4\u00e4 my\u00f6s Adaptus ry:n j\u00e4senelle ansiokkaasta toiminnasta ainej\u00e4rjest\u00f6n ja sen j\u00e4senten hyv\u00e4ksi. (esim. hallopedit, vuosijuhlatoimikunnan puheenjohtaja, muu huomionarvoinen toiminta ainej\u00e4rjest\u00f6n tapahtuman tai projektin hyv\u00e4ksi, pitk\u00e4aikainen toiminta ja j\u00e4senyys ainej\u00e4rjest\u00f6ss\u00e4). Adaptuksen j\u00e4sen voi my\u00f6s ostaa nauhaa hintaan 2,5\u20ac [&hellip;]<\/p>\n","protected":false},"author":139,"featured_media":0,"parent":15,"menu_order":0,"comment_status":"closed","ping_status":"closed","template":"","meta":{"footnotes":""},"class_list":["post-1961","page","type-page","status-publish","hentry","post-preview"],"_links":{"self":[{"href":"https:\/\/tyyala.utu.fi\/adaptus\/wp-json\/wp\/v2\/pages\/1961","targetHints":{"allow":["GET"]}}],"collection":[{"href":"https:\/\/tyyala.utu.fi\/adaptus\/wp-json\/wp\/v2\/pages"}],"about":[{"href":"https:\/\/tyyala.utu.fi\/adaptus\/wp-json\/wp\/v2\/types\/page"}],"author":[{"embeddable":true,"href":"https:\/\/tyyala.utu.fi\/adaptus\/wp-json\/wp\/v2\/users\/139"}],"replies":[{"embeddable":true,"href":"https:\/\/tyyala.utu.fi\/adaptus\/wp-json\/wp\/v2\/comments?post=1961"}],"version-history":[{"count":10,"href":"https:\/\/tyyala.utu.fi\/adaptus\/wp-json\/wp\/v2\/pages\/1961\/revisions"}],"predecessor-version":[{"id":2388,"href":"https:\/\/tyyala.utu.fi\/adaptus\/wp-json\/wp\/v2\/pages\/1961\/revisions\/2388"}],"up":[{"embeddable":true,"href":"https:\/\/tyyala.utu.fi\/adaptus\/wp-json\/wp\/v2\/pages\/15"}],"wp:attachment":[{"href":"https:\/\/tyyala.utu.fi\/adaptus\/wp-json\/wp\/v2\/media?parent=1961"}],"curies":[{"name":"wp","href":"https:\/\/api.w.org\/{rel}","templated":true}]}}