{"id":15,"date":"2013-06-18T14:41:24","date_gmt":"2013-06-18T11:41:24","guid":{"rendered":"http:\/\/tyyala.utu.fi\/adaptus\/?page_id=15"},"modified":"2026-03-10T20:04:20","modified_gmt":"2026-03-10T18:04:20","slug":"tapahtumat","status":"publish","type":"page","link":"https:\/\/tyyala.utu.fi\/adaptus\/tapahtumat\/","title":{"rendered":"Tapahtumat"},"content":{"rendered":"\n<p class=\"has-text-color has-link-color wp-elements-cc751562c1412fbed2534a0dd19d5bec\" style=\"color:#000000\">Listassa huomioitu my\u00f6s TYY:n omat tapahtumat, ne on merkitty laittamalla tapahtuman per\u00e4\u00e4n sulkuihin TYY. Listassa on mainittuna my\u00f6s Turussa j\u00e4rjestett\u00e4vi\u00e4 suurimpia opiskelijatapahtumia.<\/p>\n\n\n\n<p class=\"has-text-color has-link-color wp-elements-80f80328eb67e3c5fbc448944aa43cc2\" style=\"color:#000000\">TYY:n tapahtumat n\u00e4kee my\u00f6s t\u00e4\u00e4lt\u00e4: <a href=\"https:\/\/www.tyy.fi\/fi\/ajankohtaista\/tapahtumat\" target=\"_blank\" rel=\"noreferrer noopener\">https:\/\/www.tyy.fi\/fi\/ajankohtaista\/tapahtumat<\/a><\/p>\n\n\n\n<h2 class=\"wp-block-heading has-text-color has-link-color wp-elements-0f5ceb5ce99d81be7f6796280a48a458\" style=\"color:#070707\"><strong>Vuoden 2026 tapahtum<\/strong>at:<\/h2>\n\n\n\n<p class=\"has-text-color has-link-color wp-elements-80685da64235edbd207af8fb8b801a7d\" style=\"color:#060606\"><strong>Helmikuu<\/strong><\/p>\n\n\n\n<ul class=\"wp-block-list\">\n<li class=\"has-text-color has-link-color wp-elements-c13ff7d568c57713a4fb6580da7c0913\" style=\"color:#070707\"><s>12.2. Yst\u00e4v\u00e4np\u00e4iv\u00e4 munkit kammarilla<\/s><\/li>\n\n\n\n<li class=\"has-text-color has-link-color wp-elements-4de0ff7c30733474bfa5d5f5db6731f3\" style=\"color:#060606\"><s>26.2. Adaptus goes Pikkulaskiainen<\/s><\/li>\n<\/ul>\n\n\n\n<p class=\"has-text-color has-link-color wp-elements-8d98f4b2c69a08ab1271a2bfe771fa78\" style=\"color:#070707\"><strong>Maaliskuu<\/strong><\/p>\n\n\n\n<ul class=\"wp-block-list\">\n<li class=\"has-text-color has-link-color wp-elements-67f1d5f9b419c34fd1b95895d0eb0230\" style=\"color:#060606\">20.3. Kev\u00e4tkokous<\/li>\n\n\n\n<li class=\"has-text-color has-link-color wp-elements-4b2e7643ffdcf23fbd924c6ca3148f08\" style=\"color:#070707\">27.3. Adaptuksen syntt\u00e4risitsit<\/li>\n<\/ul>\n\n\n\n<p class=\"has-text-color has-link-color wp-elements-16b68aa514e367d789e079849785fb35\" style=\"color:#020202\"><strong>Huhtikuu<\/strong><\/p>\n\n\n\n<ul class=\"wp-block-list\">\n<li class=\"has-text-color has-link-color wp-elements-5962944fcf3679c0f2a70294adb98158\" style=\"color:#060606\">13.4. Simaa ja munkkei kammarilla <\/li>\n\n\n\n<li class=\"has-text-color has-link-color wp-elements-3f17280088063ca7703267eee9fdd575\" style=\"color:#060606\">23.4. Adaptus, Extempore &amp; IVA m\u00f6kkiolympialaiset-rastikierros<\/li>\n\n\n\n<li class=\"has-text-color has-link-color wp-elements-8c2d73e97b6396b04b8d8805fbb01498\" style=\"color:#0b0a0a\">28.4. Vappusitsit IVA:n kanssa<\/li>\n\n\n\n<li class=\"has-text-color has-link-color wp-elements-578d07bb3c79a84f4deb12cafe91aebf\" style=\"color:#0d0d0d\">30.4. TYY:n vappuboolitus <\/li>\n<\/ul>\n\n\n\n<p class=\"has-text-color has-link-color wp-elements-26290c3ff290a887220be9fe8f1669ea\" style=\"color:#050404\"><strong>Toukokuu<\/strong><\/p>\n\n\n\n<ul class=\"wp-block-list\">\n<li class=\"has-text-color has-link-color wp-elements-5f4434649a5c8c5a744aa863b10bb6b9\" style=\"color:#040303\">7.5. AATU <\/li>\n\n\n\n<li class=\"has-text-color has-link-color wp-elements-9abed14ceb56479a03b772354486fe54\" style=\"color:#040303\">27.5. Palautep\u00e4iv\u00e4 &amp; palautep\u00e4iv\u00e4n piknik<\/li>\n<\/ul>\n\n\n\n<h2 class=\"wp-block-heading has-text-color has-link-color wp-elements-e51381d6648750fe3cd0fbcfc7c8727e\" style=\"color:#000000\"><strong>Adaptuksen vuosittaisia tapahtumia ovat esimerkiksi:<\/strong><\/h2>\n\n\n\n<ul class=\"wp-block-list\">\n<li class=\"has-text-color has-link-color wp-elements-56a27ae5efaa2f4988b607f859cffbac\" style=\"color:#000000\">Pikkujoulut<\/li>\n\n\n\n<li class=\"has-text-color has-link-color wp-elements-30b34446f725b027a8d93c3d92509590\" style=\"color:#000000\">Skumppaa ja vaahtokarkkei<\/li>\n\n\n\n<li class=\"has-text-color has-link-color wp-elements-e5a1fce17469244d309372e4e2a7d1fd\" style=\"color:#000000\">Fetuskastajaiset<\/li>\n\n\n\n<li class=\"has-text-color has-link-color wp-elements-86c75af037f7c9e8fa68c7e5edff059d\" style=\"color:#000000\">Viini-ilta<\/li>\n\n\n\n<li class=\"has-text-color has-link-color wp-elements-8bdc2c6902d2443acf2930d5e0ed6fcb\" style=\"color:#000000\">Adaptuksen vapputapahtumat<\/li>\n\n\n\n<li class=\"has-text-color has-link-color wp-elements-7d202429a7a39c90078b6679f63a0a0f\" style=\"color:#000000\">Palautep\u00e4iv\u00e4n piknik<\/li>\n\n\n\n<li class=\"has-text-color has-link-color wp-elements-de5237522f415ff3a2a210d620d7e0e9\" style=\"color:#000000\">Gl\u00f6gii ja pipareita kammarilla<\/li>\n\n\n\n<li class=\"has-text-color has-link-color wp-elements-a09fda256beca20e7b9e15569ba3b5f3\" style=\"color:#000000\">Munkkei ja simaa kammarilla<\/li>\n\n\n\n<li class=\"has-text-color has-link-color wp-elements-e7304e91252972b4dcdd90e105c69745\" style=\"color:#000000\">Sitsit<\/li>\n\n\n\n<li class=\"has-text-color has-link-color wp-elements-9c7cf28937ccbb77797d559b72f613d2\" style=\"color:#000000\">Liikuntakokeilut<\/li>\n\n\n\n<li class=\"has-text-color has-link-color wp-elements-b0dbb5a6996de34d3b23fdc3fc6fd876\" style=\"color:#000000\">Luontoretket<\/li>\n\n\n\n<li class=\"has-text-color has-link-color wp-elements-b91e4cb515f8b73cb163b259a4b07a43\" style=\"color:#000000\">Ty\u00f6el\u00e4m\u00e4\u00e4n siirtymist\u00e4 tukevat tapahtumat<\/li>\n<\/ul>\n\n\n\n<h5 class=\"wp-block-heading has-text-color has-link-color wp-elements-081e0f8eba0cf91fad37892d727a5321\" style=\"color:#000000\">Tarkemmat tapahtumatiedot l\u00f6yd\u00e4t:<\/h5>\n\n\n\n<p class=\"has-text-color has-link-color wp-elements-563c31d7525861285c63f670bf1ce925\" style=\"color:#000000\">Facebookista:&nbsp;<a href=\"https:\/\/www.facebook.com\/adaptusry\/\">https:\/\/www.facebook.com\/adaptusry\/<\/a><\/p>\n\n\n\n<p class=\"has-text-color has-link-color wp-elements-4a2874c3aea75d18ae40c154569d2d97\" style=\"color:#000000\">Instagramista:&nbsp;<a href=\"https:\/\/www.instagram.com\/adaptusry\/\">@adaptusry<\/a><\/p>\n\n\n\n<p>&nbsp;<\/p>\n","protected":false},"excerpt":{"rendered":"<p>Listassa huomioitu my\u00f6s TYY:n omat tapahtumat, ne on merkitty laittamalla tapahtuman per\u00e4\u00e4n sulkuihin TYY. Listassa on mainittuna my\u00f6s Turussa j\u00e4rjestett\u00e4vi\u00e4 suurimpia opiskelijatapahtumia. TYY:n tapahtumat n\u00e4kee my\u00f6s t\u00e4\u00e4lt\u00e4: https:\/\/www.tyy.fi\/fi\/ajankohtaista\/tapahtumat Vuoden 2026 tapahtumat: Helmikuu Maaliskuu Huhtikuu Toukokuu Adaptuksen vuosittaisia tapahtumia ovat esimerkiksi: Tarkemmat tapahtumatiedot l\u00f6yd\u00e4t: Facebookista:&nbsp;https:\/\/www.facebook.com\/adaptusry\/ Instagramista:&nbsp;@adaptusry &nbsp;<\/p>\n","protected":false},"author":139,"featured_media":0,"parent":0,"menu_order":0,"comment_status":"closed","ping_status":"closed","template":"","meta":{"footnotes":""},"class_list":["post-15","page","type-page","status-publish","hentry","post-preview"],"_links":{"self":[{"href":"https:\/\/tyyala.utu.fi\/adaptus\/wp-json\/wp\/v2\/pages\/15","targetHints":{"allow":["GET"]}}],"collection":[{"href":"https:\/\/tyyala.utu.fi\/adaptus\/wp-json\/wp\/v2\/pages"}],"about":[{"href":"https:\/\/tyyala.utu.fi\/adaptus\/wp-json\/wp\/v2\/types\/page"}],"author":[{"embeddable":true,"href":"https:\/\/tyyala.utu.fi\/adaptus\/wp-json\/wp\/v2\/users\/139"}],"replies":[{"embeddable":true,"href":"https:\/\/tyyala.utu.fi\/adaptus\/wp-json\/wp\/v2\/comments?post=15"}],"version-history":[{"count":24,"href":"https:\/\/tyyala.utu.fi\/adaptus\/wp-json\/wp\/v2\/pages\/15\/revisions"}],"predecessor-version":[{"id":2440,"href":"https:\/\/tyyala.utu.fi\/adaptus\/wp-json\/wp\/v2\/pages\/15\/revisions\/2440"}],"wp:attachment":[{"href":"https:\/\/tyyala.utu.fi\/adaptus\/wp-json\/wp\/v2\/media?parent=15"}],"curies":[{"name":"wp","href":"https:\/\/api.w.org\/{rel}","templated":true}]}}