{"id":14,"date":"2013-06-18T14:40:46","date_gmt":"2013-06-18T11:40:46","guid":{"rendered":"http:\/\/tyyala.utu.fi\/adaptus\/?page_id=14"},"modified":"2025-09-25T16:16:59","modified_gmt":"2025-09-25T13:16:59","slug":"tuotteet","status":"publish","type":"page","link":"https:\/\/tyyala.utu.fi\/adaptus\/tuotteet\/","title":{"rendered":"Tuotteet"},"content":{"rendered":"\n<p class=\"has-text-align-left\"><span style=\"color: #000000\">Adaptus myy ainej\u00e4rjest\u00f6n logolla varustettuja t-paitoja, kangaskasseja ja haalarimerkkej\u00e4. Kammarilta ostettavissa my\u00f6s opiskelijahaalareita (ylij\u00e4\u00e4neit\u00e4, vain muutamaa kokoa).<\/span><\/p>\n\n\n\n<p class=\"has-text-align-left\"><span style=\"color: #000000\">Kysy tuotteista lis\u00e4\u00e4 <span style=\"text-decoration: underline\"><span>hallituksen j\u00e4senilt\u00e4<\/span>!<\/span><b><\/b><\/span><\/p>\n\n\n\n<p><span style=\"color: #000000\">Hinnat voimassa toistaiseksi alkaen 9.2.2024.&nbsp;<\/span><\/p>\n\n\n\n<figure class=\"wp-block-table\"><table class=\"has-text-color has-link-color has-fixed-layout\" style=\"color:#000000\"><tbody><tr><td><strong>TUOTE<\/strong><\/td><td><strong>HINTA (EI-J\u00c4SEN)<\/strong><\/td><td><strong>HINTA (J\u00c4SEN)<\/strong><\/td><\/tr><tr><td>Vanha t-paita<\/td><td>5\u20ac<\/td><td>5\u20ac<\/td><\/tr><tr><td>Uusi t-paita<\/td><td>25\u20ac<\/td><td>20\u20ac<\/td><\/tr><tr><td>Kangaskassi<\/td><td>20\u20ac<\/td><td>18\u20ac<\/td><\/tr><tr><td>Jumppakassi<\/td><td>22\u20ac<\/td><td>20\u20ac<\/td><\/tr><tr><td>Haalarit<\/td><td>45\u20ac<\/td><td>42\u20ac<\/td><\/tr><tr><td>Adaptuksen nauha<\/td><td>2,5\u20ac \/ 50cm<\/td><td>2,5\u20ac \/ 50cm<\/td><\/tr><tr><td>Adaptuksen haalarimerkki<\/td><td>2\u20ac<\/td><td>2\u20ac<\/td><\/tr><\/tbody><\/table><\/figure>\n\n\n\n<div class=\"wp-block-columns is-layout-flex wp-container-core-columns-is-layout-9d6595d7 wp-block-columns-is-layout-flex\">\n<div class=\"wp-block-column is-layout-flow wp-block-column-is-layout-flow\" style=\"flex-basis:100%\">\n<div class=\"wp-block-group alignfull\"><div class=\"wp-block-group__inner-container is-layout-constrained wp-block-group-is-layout-constrained\">\n<div class=\"wp-block-group\"><div class=\"wp-block-group__inner-container is-layout-constrained wp-block-group-is-layout-constrained\">\n<div class=\"wp-block-group has-text-color has-link-color wp-elements-58bbd80f67bc90f01956b0de6749e768\" style=\"color:#000000\"><div class=\"wp-block-group__inner-container is-layout-constrained wp-block-group-is-layout-constrained\">\n<div class=\"wp-block-group has-text-color has-link-color wp-elements-7a042759d7700b76ad6a155fdbcb346a\" style=\"color:#000000\"><div class=\"wp-block-group__inner-container is-layout-constrained wp-block-group-is-layout-constrained\"><\/div><\/div>\n<\/div><\/div>\n<\/div><\/div>\n<\/div><\/div>\n<\/div>\n<\/div>\n\n\n\n<figure class=\"wp-block-gallery has-nested-images columns-default is-cropped wp-block-gallery-1 is-layout-flex wp-block-gallery-is-layout-flex\">\n<figure class=\"wp-block-image size-large is-resized\"><a href=\"https:\/\/tyyala.utu.fi\/adaptus\/wp-content\/uploads\/sites\/28\/2023\/08\/IMG20230809142739-01-scaled.jpeg\"><img loading=\"lazy\" decoding=\"async\" width=\"981\" height=\"1024\" data-id=\"1929\" src=\"https:\/\/tyyala.utu.fi\/adaptus\/wp-content\/uploads\/sites\/28\/2023\/08\/IMG20230809142739-01-981x1024.jpeg\" alt=\"\" class=\"wp-image-1929\" style=\"width:313px;height:auto\" srcset=\"https:\/\/tyyala.utu.fi\/adaptus\/wp-content\/uploads\/sites\/28\/2023\/08\/IMG20230809142739-01-981x1024.jpeg 981w, https:\/\/tyyala.utu.fi\/adaptus\/wp-content\/uploads\/sites\/28\/2023\/08\/IMG20230809142739-01-287x300.jpeg 287w, https:\/\/tyyala.utu.fi\/adaptus\/wp-content\/uploads\/sites\/28\/2023\/08\/IMG20230809142739-01-768x802.jpeg 768w, https:\/\/tyyala.utu.fi\/adaptus\/wp-content\/uploads\/sites\/28\/2023\/08\/IMG20230809142739-01-1472x1536.jpeg 1472w, https:\/\/tyyala.utu.fi\/adaptus\/wp-content\/uploads\/sites\/28\/2023\/08\/IMG20230809142739-01-1962x2048.jpeg 1962w, https:\/\/tyyala.utu.fi\/adaptus\/wp-content\/uploads\/sites\/28\/2023\/08\/IMG20230809142739-01-676x705.jpeg 676w\" sizes=\"auto, (max-width: 981px) 100vw, 981px\" \/><\/a><\/figure>\n\n\n\n<figure class=\"wp-block-image size-large is-resized\"><a href=\"https:\/\/tyyala.utu.fi\/adaptus\/wp-content\/uploads\/sites\/28\/2025\/02\/IMG_20250225_105459-1.jpg\"><img loading=\"lazy\" decoding=\"async\" width=\"814\" height=\"811\" data-id=\"2281\" src=\"https:\/\/tyyala.utu.fi\/adaptus\/wp-content\/uploads\/sites\/28\/2025\/02\/IMG_20250225_105459-1.jpg\" alt=\"\" class=\"wp-image-2281\" style=\"width:341px;height:auto\" srcset=\"https:\/\/tyyala.utu.fi\/adaptus\/wp-content\/uploads\/sites\/28\/2025\/02\/IMG_20250225_105459-1.jpg 814w, https:\/\/tyyala.utu.fi\/adaptus\/wp-content\/uploads\/sites\/28\/2025\/02\/IMG_20250225_105459-1-300x300.jpg 300w, https:\/\/tyyala.utu.fi\/adaptus\/wp-content\/uploads\/sites\/28\/2025\/02\/IMG_20250225_105459-1-150x150.jpg 150w, https:\/\/tyyala.utu.fi\/adaptus\/wp-content\/uploads\/sites\/28\/2025\/02\/IMG_20250225_105459-1-768x765.jpg 768w, https:\/\/tyyala.utu.fi\/adaptus\/wp-content\/uploads\/sites\/28\/2025\/02\/IMG_20250225_105459-1-676x674.jpg 676w\" sizes=\"auto, (max-width: 814px) 100vw, 814px\" \/><\/a><\/figure>\n<\/figure>\n","protected":false},"excerpt":{"rendered":"<p>Adaptus myy ainej\u00e4rjest\u00f6n logolla varustettuja t-paitoja, kangaskasseja ja haalarimerkkej\u00e4. Kammarilta ostettavissa my\u00f6s opiskelijahaalareita (ylij\u00e4\u00e4neit\u00e4, vain muutamaa kokoa). Kysy tuotteista lis\u00e4\u00e4 hallituksen j\u00e4senilt\u00e4! Hinnat voimassa toistaiseksi alkaen 9.2.2024.&nbsp; TUOTE HINTA (EI-J\u00c4SEN) HINTA (J\u00c4SEN) Vanha t-paita 5\u20ac 5\u20ac Uusi t-paita 25\u20ac 20\u20ac Kangaskassi 20\u20ac 18\u20ac Jumppakassi 22\u20ac 20\u20ac Haalarit 45\u20ac 42\u20ac Adaptuksen nauha 2,5\u20ac \/ 50cm 2,5\u20ac [&hellip;]<\/p>\n","protected":false},"author":139,"featured_media":0,"parent":0,"menu_order":0,"comment_status":"closed","ping_status":"closed","template":"","meta":{"footnotes":""},"class_list":["post-14","page","type-page","status-publish","hentry","post-preview"],"_links":{"self":[{"href":"https:\/\/tyyala.utu.fi\/adaptus\/wp-json\/wp\/v2\/pages\/14","targetHints":{"allow":["GET"]}}],"collection":[{"href":"https:\/\/tyyala.utu.fi\/adaptus\/wp-json\/wp\/v2\/pages"}],"about":[{"href":"https:\/\/tyyala.utu.fi\/adaptus\/wp-json\/wp\/v2\/types\/page"}],"author":[{"embeddable":true,"href":"https:\/\/tyyala.utu.fi\/adaptus\/wp-json\/wp\/v2\/users\/139"}],"replies":[{"embeddable":true,"href":"https:\/\/tyyala.utu.fi\/adaptus\/wp-json\/wp\/v2\/comments?post=14"}],"version-history":[{"count":62,"href":"https:\/\/tyyala.utu.fi\/adaptus\/wp-json\/wp\/v2\/pages\/14\/revisions"}],"predecessor-version":[{"id":2362,"href":"https:\/\/tyyala.utu.fi\/adaptus\/wp-json\/wp\/v2\/pages\/14\/revisions\/2362"}],"wp:attachment":[{"href":"https:\/\/tyyala.utu.fi\/adaptus\/wp-json\/wp\/v2\/media?parent=14"}],"curies":[{"name":"wp","href":"https:\/\/api.w.org\/{rel}","templated":true}]}}