{"id":1340,"date":"2019-04-12T09:54:21","date_gmt":"2019-04-12T06:54:21","guid":{"rendered":"http:\/\/tyyala.utu.fi\/adaptus\/?page_id=1340"},"modified":"2025-09-25T17:24:19","modified_gmt":"2025-09-25T14:24:19","slug":"alumnit","status":"publish","type":"page","link":"https:\/\/tyyala.utu.fi\/adaptus\/alumnit\/","title":{"rendered":"Alumnit"},"content":{"rendered":"\n<p class=\"has-text-color has-link-color has-small-font-size wp-elements-963d62934188bda898e5e65a200c98e3\" style=\"color:#000000\"><em>Alumni merkitsee sanakirjassa oppilasta, kasvattia tai suojattia. Alumnit ovat loppututkinnon suorittaneita, jotka j\u00e4rjest\u00e4ytynein\u00e4 pit\u00e4v\u00e4t yhteytt\u00e4 yliopistoonsa ja muihin sielt\u00e4 valmistautuneisiin. (Kielitoimiston sanakirja 2019.) <\/em><\/p>\n\n\n\n<p class=\"has-text-color\" style=\"color:#000000\"><strong>Sin\u00e4 Turun yliopiston hoitotieteen laitokselta valmistunut tai valmistumisen kynnyksell\u00e4 oleva!<\/strong><\/p>\n\n\n\n<p class=\"has-text-color has-link-color wp-elements-63e75aacb387cea2f4b6474ad8674fb1\" style=\"color:#000000\">Adaptuksen alumnij\u00e4senen\u00e4 p\u00e4\u00e4set pit\u00e4m\u00e4\u00e4n yhteytt\u00e4 vanhojen\nopiskelukavereiden kanssa, verkostoitumaan uusien opiskelijoiden ja tulevien\nkollegojesi kanssa, jakamaan kullanarvoisia vinkkej\u00e4 ja kokemuksia kanssahoitotieteilij\u00f6ille\nja tietysti nauttimaan kaikista Adaptuksen j\u00e4seneduista. Alumnit ovat\nl\u00e4mpim\u00e4sti tervetulleita kaikkiin Adaptuksen tapahtumiin!<\/p>\n\n\n\n<p class=\"has-text-color has-link-color wp-elements-38fbfd7b87cc2a89efc8e4ea672f8f8e\" style=\"color:#000000\">Adaptuksen alumniksi liittyminen on helppoa! T\u00e4yt\u00e4t vain Adaptuksen <a href=\"https:\/\/tyyala.utu.fi\/adaptus\/liity-jaseneksi\/\">j\u00e4sentietolomakkeen<\/a>, ruksaat siit\u00e4 kohdan \u201dalumnij\u00e4sen\u201d ja maksat j\u00e4senhinnan, ja voil\u00e0 &#8211; olet alumni. \u00a0<\/p>\n\n\n\n<p class=\"has-text-color has-link-color wp-elements-7df13c4f972568a746a8fc18dabbc2ce\" style=\"color:#000000\">Alumnij\u00e4senyyden hinta on 10 \u20ac\/lukuvuosi.<\/p>\n","protected":false},"excerpt":{"rendered":"<p>Alumni merkitsee sanakirjassa oppilasta, kasvattia tai suojattia. Alumnit ovat loppututkinnon suorittaneita, jotka j\u00e4rjest\u00e4ytynein\u00e4 pit\u00e4v\u00e4t yhteytt\u00e4 yliopistoonsa ja muihin sielt\u00e4 valmistautuneisiin. (Kielitoimiston sanakirja 2019.) Sin\u00e4 Turun yliopiston hoitotieteen laitokselta valmistunut tai valmistumisen kynnyksell\u00e4 oleva! Adaptuksen alumnij\u00e4senen\u00e4 p\u00e4\u00e4set pit\u00e4m\u00e4\u00e4n yhteytt\u00e4 vanhojen opiskelukavereiden kanssa, verkostoitumaan uusien opiskelijoiden ja tulevien kollegojesi kanssa, jakamaan kullanarvoisia vinkkej\u00e4 ja kokemuksia kanssahoitotieteilij\u00f6ille ja [&hellip;]<\/p>\n","protected":false},"author":139,"featured_media":0,"parent":0,"menu_order":0,"comment_status":"closed","ping_status":"closed","template":"","meta":{"footnotes":""},"class_list":["post-1340","page","type-page","status-publish","hentry","post-preview"],"_links":{"self":[{"href":"https:\/\/tyyala.utu.fi\/adaptus\/wp-json\/wp\/v2\/pages\/1340","targetHints":{"allow":["GET"]}}],"collection":[{"href":"https:\/\/tyyala.utu.fi\/adaptus\/wp-json\/wp\/v2\/pages"}],"about":[{"href":"https:\/\/tyyala.utu.fi\/adaptus\/wp-json\/wp\/v2\/types\/page"}],"author":[{"embeddable":true,"href":"https:\/\/tyyala.utu.fi\/adaptus\/wp-json\/wp\/v2\/users\/139"}],"replies":[{"embeddable":true,"href":"https:\/\/tyyala.utu.fi\/adaptus\/wp-json\/wp\/v2\/comments?post=1340"}],"version-history":[{"count":7,"href":"https:\/\/tyyala.utu.fi\/adaptus\/wp-json\/wp\/v2\/pages\/1340\/revisions"}],"predecessor-version":[{"id":2399,"href":"https:\/\/tyyala.utu.fi\/adaptus\/wp-json\/wp\/v2\/pages\/1340\/revisions\/2399"}],"wp:attachment":[{"href":"https:\/\/tyyala.utu.fi\/adaptus\/wp-json\/wp\/v2\/media?parent=1340"}],"curies":[{"name":"wp","href":"https:\/\/api.w.org\/{rel}","templated":true}]}}