{"id":13,"date":"2013-06-18T14:40:16","date_gmt":"2013-06-18T11:40:16","guid":{"rendered":"http:\/\/tyyala.utu.fi\/adaptus\/?page_id=13"},"modified":"2025-09-25T15:19:09","modified_gmt":"2025-09-25T12:19:09","slug":"yhteystiedot","status":"publish","type":"page","link":"https:\/\/tyyala.utu.fi\/adaptus\/yhteystiedot\/","title":{"rendered":"HALLITUS"},"content":{"rendered":"<p>&nbsp;<\/p>\n<p><strong>OTA YHTEYTT\u00c4!<\/strong><\/p>\n<p>s\u00e4hk\u00f6posti: adaptus@utu.fi<\/p>\n<p>Facebook:\u00a0<a href=\"https:\/\/www.facebook.com\/adaptusry\/\">https:\/\/www.facebook.com\/adaptusry\/<\/a><\/p>\n<p>Instagram:\u00a0<a href=\"https:\/\/www.instagram.com\/adaptusry\/\">https:\/\/www.instagram.com\/adaptusry\/<\/a><\/p>\n<p>Tiktok: <a href=\"https:\/\/www.tiktok.com\/@adaptusry\">Adaptus (@adaptusry) | TikTok<\/a><\/p>\n<h4><strong>Osoite:<\/strong><\/h4>\n<h5>Adaptus Ry<\/h5>\n<h5>Hoitotieteen laitos<\/h5>\n<h5>L\u00e4\u00e4ketieteellinen tiedekunta<\/h5>\n<h5>20014 Turun yliopisto<\/h5>\n<p>&nbsp;<\/p>\n","protected":false},"excerpt":{"rendered":"<p>&nbsp; OTA YHTEYTT\u00c4! s\u00e4hk\u00f6posti: adaptus@utu.fi Facebook:\u00a0https:\/\/www.facebook.com\/adaptusry\/ Instagram:\u00a0https:\/\/www.instagram.com\/adaptusry\/ Tiktok: Adaptus (@adaptusry) | TikTok Osoite: Adaptus Ry Hoitotieteen laitos L\u00e4\u00e4ketieteellinen tiedekunta 20014 Turun yliopisto &nbsp;<\/p>\n","protected":false},"author":139,"featured_media":0,"parent":0,"menu_order":0,"comment_status":"closed","ping_status":"closed","template":"","meta":{"footnotes":""},"class_list":["post-13","page","type-page","status-publish","hentry","post-preview"],"_links":{"self":[{"href":"https:\/\/tyyala.utu.fi\/adaptus\/wp-json\/wp\/v2\/pages\/13","targetHints":{"allow":["GET"]}}],"collection":[{"href":"https:\/\/tyyala.utu.fi\/adaptus\/wp-json\/wp\/v2\/pages"}],"about":[{"href":"https:\/\/tyyala.utu.fi\/adaptus\/wp-json\/wp\/v2\/types\/page"}],"author":[{"embeddable":true,"href":"https:\/\/tyyala.utu.fi\/adaptus\/wp-json\/wp\/v2\/users\/139"}],"replies":[{"embeddable":true,"href":"https:\/\/tyyala.utu.fi\/adaptus\/wp-json\/wp\/v2\/comments?post=13"}],"version-history":[{"count":8,"href":"https:\/\/tyyala.utu.fi\/adaptus\/wp-json\/wp\/v2\/pages\/13\/revisions"}],"predecessor-version":[{"id":2325,"href":"https:\/\/tyyala.utu.fi\/adaptus\/wp-json\/wp\/v2\/pages\/13\/revisions\/2325"}],"wp:attachment":[{"href":"https:\/\/tyyala.utu.fi\/adaptus\/wp-json\/wp\/v2\/media?parent=13"}],"curies":[{"name":"wp","href":"https:\/\/api.w.org\/{rel}","templated":true}]}}