{"id":11,"date":"2013-06-18T14:38:55","date_gmt":"2013-06-18T11:38:55","guid":{"rendered":"http:\/\/tyyala.utu.fi\/adaptus\/?page_id=11"},"modified":"2025-09-25T16:48:55","modified_gmt":"2025-09-25T13:48:55","slug":"liity-jaseneksi","status":"publish","type":"page","link":"https:\/\/tyyala.utu.fi\/adaptus\/liity-jaseneksi\/","title":{"rendered":"J\u00e4seneksi liittyminen"},"content":{"rendered":"\n<p><\/p>\n\n\n\n<h3 class=\"wp-block-heading has-text-color has-link-color wp-elements-4ac564feb57b1928f9ffb4b9a6cfbdca\" style=\"color:#000000\">LIITY J\u00c4SENEKSI!<\/h3>\n\n\n\n<p class=\"has-text-color has-link-color wp-elements-229f5492fe93dea87c9d1a750f2583d1\" style=\"color:#000000\"><span style=\"color: #000000\">Adaptus ry on hoitotieteilij\u00f6iden ainej\u00e4rjest\u00f6 Turun yliopistossa. Adaptuksen j\u00e4seneksi voivat liitty\u00e4 hoitotieteen laitoksen perus- ja\/tai jatko-opiskelijat sek\u00e4 alumnit. <\/span><\/p>\n\n\n\n<p class=\"has-text-color has-link-color wp-elements-d225ed49beb50a8632933aae5b87028c\" style=\"color:#000000\"><span style=\"color: #000000\">Adaptuksen j\u00e4seneksi liittyminen on edullista, helppoa ja vaivatonta. Liittym\u00e4ll\u00e4 j\u00e4seneksi saat lukuisia j\u00e4senetuja, joista on sinulle hoitotieteen opiskelijana hy\u00f6ty\u00e4. <\/span><\/p>\n\n\n\n<p class=\"has-text-color has-link-color wp-elements-5251e821df50b2b6cb1635d9381f0078\" style=\"color:#000000\"><span style=\"color: #000000\">J\u00e4senen\u00e4 saat tuntuvia etuja, kuten: <\/span><\/p>\n\n\n\n<ul class=\"wp-block-list\">\n<li class=\"has-text-color has-link-color wp-elements-f619c4712fb1338767491519362ad82f\" style=\"color:#000000\"><span style=\"color: #000000\">S\u00e4\u00e4nn\u00f6lliset tiedotteet t\u00e4rkeist\u00e4 tapahtumista, <\/span><span style=\"color: #000000\">menovinkeist\u00e4, j\u00e4seneduista ym.<\/span><\/li>\n\n\n\n<li class=\"has-text-color has-link-color wp-elements-b5ccb876a7abdbafb70840af52309f68\" style=\"color:#000000\"><span style=\"color: #000000\">Adatuksen Moodle-sivuston k\u00e4ytt\u00f6oikeudet<\/span><\/li>\n\n\n\n<li class=\"has-text-color has-link-color wp-elements-583fa9d0b8631e4e5f583adce2027d77\" style=\"color:#000000\"><span style=\"color: #000000\">Ilmaisia j\u00e4sentapahtumia, alennuksia p\u00e4\u00e4symaksuista ym.<\/span><\/li>\n<\/ul>\n\n\n\n<h3 class=\"wp-block-heading has-text-color has-link-color wp-elements-93dc571c4ff7cafe9df74340b3a17e83\" style=\"color:#000000\">HINNAT<\/h3>\n\n\n\n<p class=\"has-text-color has-link-color wp-elements-16ddb95ec3067f8b4e565678d67d1b5a\" style=\"color:#000000\">Koko opiskeluajan j\u00e4senyys (2v.) on yhdell\u00e4 kerralla maksettuna 35 \u20ac.<\/p>\n\n\n\n<p class=\"has-text-color has-link-color wp-elements-a142ce6eeaf6c9fe60dbc1fc038b9773\" style=\"color:#000000\"><span style=\"color: #000000\">Muissa j\u00e4senmaksuissa uudet hinnat 1.1.2025 alkaen: <\/span><\/p>\n\n\n\n<ul class=\"wp-block-list\">\n<li class=\"has-text-color has-link-color wp-elements-0968097bfbd636842fc617eb9b368070\" style=\"color:#000000\"><span style=\"color: #000000\">Yksi lukuvuosi (syksy <strong>JA <\/strong>kev\u00e4t) on 20 \u20ac. <\/span><\/li>\n\n\n\n<li class=\"has-text-color has-link-color wp-elements-6f3e06cdbbb238be7bb8ee2ec679ffe5\" style=\"color:#000000\"><span style=\"color: #000000\">Yksi lukukausi (syksy <strong>TAI <\/strong>kev\u00e4t) on 12 \u20ac (<em><strong>HUOM!<\/strong><\/em> <em>tarkoitettu erityisesti vaihto-opiskelijoille ja lukukauden aikana valmistuville opiskelijoille<\/em>).<\/span><\/li>\n<\/ul>\n\n\n\n<p class=\"has-text-color has-link-color wp-elements-d9022b243c0fff62732f2bceeb149031\" style=\"color:#060000\"><span style=\"color: #000000\">Mik\u00e4li opiskelija valmistuu ennen j\u00e4senmaksun umpeutumista, j\u00e4senyys muuttuu automaattisesti alumnij\u00e4senyydeks<\/span>i<\/p>\n\n\n\n<p class=\"has-text-align-left has-text-color has-link-color wp-elements-7a403d6d8e369457795a463f22da8126\" style=\"color:#000000\">      Alumnij\u00e4senen j\u00e4senmaksu on 10 <span style=\"color: #000000\">\u20ac<\/span>\/lukuvuosi.<\/p>\n\n\n\n<p class=\"has-text-color has-link-color wp-elements-686954697c4fd74dab8e595259178a02\" style=\"color:#000000\">      J\u00e4senmaksun er\u00e4p\u00e4iv\u00e4 on aina 30.9.<\/p>\n\n\n\n<h3 class=\"wp-block-heading has-text-color has-link-color wp-elements-ecc808d16ffc78d946c2f926295368a1\" style=\"color:#000000\">LIITTYMINEN ON HELPPOA<\/h3>\n\n\n\n<ol style=\"color:#000000\" class=\"wp-block-list has-text-color has-link-color wp-elements-65ac775a4ca0ed30a7ad4e2aa05c96d3\">\n<li class=\"has-text-color has-link-color wp-elements-2163281c9c14556944a602ea05b3956e\" style=\"color:#000000\">T\u00e4ydenn\u00e4 tietosi Adaptuksen j\u00e4sentietolomakkeeseen linkist\u00e4:   <a href=\"https:\/\/link.webropolsurveys.com\/Participation\/Public\/811f111f-2d29-4d94-9df9-bf617d6033f1?displayId=Fin1546932\" target=\"_blank\" rel=\"noreferrer noopener\"><em>https:\/\/link.webropolsurveys.com\/Participation\/Public\/811f111f-2d29-4d94-9df9-bf617d6033f1?displayId=Fin1546932<\/em><\/a><span style=\"color: #000000\">.<\/span><\/li>\n\n\n\n<li class=\"has-text-color has-link-color wp-elements-770d4cf3447528cb1983bcfc65b92660\" style=\"color:#000000\"><span style=\"color: #000000\">Maksa j\u00e4senmaksu (ohjeet alla)&nbsp;<\/span><\/li>\n<\/ol>\n\n\n\n<p class=\"has-text-color has-link-color wp-elements-94d4ca0a5937230898e2c5ed4d47453a\" style=\"color:#000000\"><strong style=\"font-size: 1rem\">Suosittelemme j\u00e4senmaksun maksamista ja yhteystietojen ilmoittamista vasta sitten, kun olet saanut oman k\u00e4ytt\u00e4j\u00e4tunnuksesi utu-s\u00e4hk\u00f6postin k\u00e4ytt\u00f6\u00e4 varten.<\/strong><\/p>\n\n\n\n<p><\/p>\n\n\n\n<h3 class=\"wp-block-heading has-text-color has-link-color wp-elements-43a59e0acbfe5e51a575930b879cba09\" style=\"color:#000000\">ADAPTUS RY:N J\u00c4SENMAKSUN OHJEET<\/h3>\n\n\n\n<p class=\"has-text-color has-link-color wp-elements-4ecb5c64a327b4e4d707345d037ff9d1\" style=\"color:#000000\"><span style=\"color: #000000\">MAKSUTIEDOT:<\/span><\/p>\n\n\n\n<p><\/p>\n\n\n\n<p class=\"has-text-color has-link-color wp-elements-c0871bc18fef684d023e426c76939ffb\" style=\"color:#000000\"><span style=\"color: #000000\">Saaja: \u00a0\u00a0\u00a0\u00a0\u00a0\u00a0\u00a0\u00a0\u00a0\u00a0 Adaptus ry<\/span><\/p>\n\n\n\n<p class=\"has-text-color has-link-color wp-elements-03664bf680623dc6e21a3ab6d19dc170\" style=\"color:#000000\"><span style=\"color: #000000\">Summa:\u00a0 \u00a0 \u00a0 \u00a0 \u00a012\u20ac\/20\u20ac\/35\u20ac<\/span><\/p>\n\n\n\n<p class=\"has-text-color has-link-color wp-elements-c01c438048614f12e90c8ec56e92f53b\" style=\"color:#000000\"><span style=\"color: #000000\">Tilinumero: &nbsp; <b>IBAN<\/b> FI06 8200 4710 5619 89 <b>BIC<\/b> DABAFIHH<\/span><\/p>\n\n\n\n<p class=\"has-text-color has-link-color wp-elements-a2e27f53c6d3096ace9e101133476a14\" style=\"color:#000000\"><span style=\"color: #000000\">Er\u00e4p\u00e4iv\u00e4: &nbsp;&nbsp;&nbsp;&nbsp;&nbsp; 30.9.[kuluva vuosi]<\/span><\/p>\n\n\n\n<p class=\"has-text-color has-link-color wp-elements-dc02f6dd40e3d87b02bbc132dd07314c\" style=\"color:#000000\"><span style=\"color: #000000\">Viesti: Nimi, kotipaikkakunta, s\u00e4hk\u00f6posti ja onko TYY:n j\u00e4sen (esim. Heli Hoitaja, Turku, <a href=\"mailto:hhh@utu.fi\">hhh@utu.fi<\/a>, on TYY:n j\u00e4sen)<\/span><\/p>\n\n\n\n<p class=\"has-text-color has-link-color wp-elements-4ce6ff096643441f24edddaf1b8cf610\" style=\"color:#000000\">Tutustu my\u00f6s <a href=\"https:\/\/tyyala.utu.fi\/adaptus\/tietosuojaseloste\/\">tietosuojaselosteeseen<\/a>. <\/p>\n\n\n\n<p><\/p>\n","protected":false},"excerpt":{"rendered":"<p>LIITY J\u00c4SENEKSI! Adaptus ry on hoitotieteilij\u00f6iden ainej\u00e4rjest\u00f6 Turun yliopistossa. Adaptuksen j\u00e4seneksi voivat liitty\u00e4 hoitotieteen laitoksen perus- ja\/tai jatko-opiskelijat sek\u00e4 alumnit. Adaptuksen j\u00e4seneksi liittyminen on edullista, helppoa ja vaivatonta. Liittym\u00e4ll\u00e4 j\u00e4seneksi saat lukuisia j\u00e4senetuja, joista on sinulle hoitotieteen opiskelijana hy\u00f6ty\u00e4. J\u00e4senen\u00e4 saat tuntuvia etuja, kuten: HINNAT Koko opiskeluajan j\u00e4senyys (2v.) on yhdell\u00e4 kerralla maksettuna 35 \u20ac. [&hellip;]<\/p>\n","protected":false},"author":139,"featured_media":0,"parent":0,"menu_order":0,"comment_status":"closed","ping_status":"closed","template":"","meta":{"footnotes":""},"class_list":["post-11","page","type-page","status-publish","hentry","post-preview"],"_links":{"self":[{"href":"https:\/\/tyyala.utu.fi\/adaptus\/wp-json\/wp\/v2\/pages\/11","targetHints":{"allow":["GET"]}}],"collection":[{"href":"https:\/\/tyyala.utu.fi\/adaptus\/wp-json\/wp\/v2\/pages"}],"about":[{"href":"https:\/\/tyyala.utu.fi\/adaptus\/wp-json\/wp\/v2\/types\/page"}],"author":[{"embeddable":true,"href":"https:\/\/tyyala.utu.fi\/adaptus\/wp-json\/wp\/v2\/users\/139"}],"replies":[{"embeddable":true,"href":"https:\/\/tyyala.utu.fi\/adaptus\/wp-json\/wp\/v2\/comments?post=11"}],"version-history":[{"count":70,"href":"https:\/\/tyyala.utu.fi\/adaptus\/wp-json\/wp\/v2\/pages\/11\/revisions"}],"predecessor-version":[{"id":2384,"href":"https:\/\/tyyala.utu.fi\/adaptus\/wp-json\/wp\/v2\/pages\/11\/revisions\/2384"}],"wp:attachment":[{"href":"https:\/\/tyyala.utu.fi\/adaptus\/wp-json\/wp\/v2\/media?parent=11"}],"curies":[{"name":"wp","href":"https:\/\/api.w.org\/{rel}","templated":true}]}}